{"id":147389,"date":"2023-05-25T14:40:24","date_gmt":"2023-05-25T11:40:24","guid":{"rendered":"https:\/\/medclinics.com\/kas-ekimi\/"},"modified":"2024-12-29T00:48:07","modified_gmt":"2024-12-28T21:48:07","slug":"kas-ekimi","status":"publish","type":"page","link":"https:\/\/medclinics.com\/tr\/kas-ekimi\/","title":{"rendered":"Ka\u015f Ekimi"},"content":{"rendered":"\n<h2 class=\"wp-block-heading\">Daha dolgun ve belirgin ka\u015flara sahip olmak i\u00e7in bir yol ar\u0131yorsan\u0131z, Ka\u015f Ekimi ideal \u00e7\u00f6z\u00fcm olabilir.<\/h2>\n\n<p>Ka\u015f <a href=\"https:\/\/en.wikipedia.org\/wiki\/Eyebrow_restoration\" target=\"_blank\" rel=\"noreferrer noopener\">ekimi<\/a>, sa\u00e7 k\u00f6klerinin kafa derisinden ka\u015flara nakledilmesi yoluyla ince veya d\u00f6k\u00fclm\u00fc\u015f ka\u015flar\u0131 restore eden veya geli\u015ftiren cerrahi bir prosed\u00fcrd\u00fcr. Tek tek folik\u00fcl implantlar\u0131 kullanarak do\u011fal, estetik a\u00e7\u0131dan ho\u015f ka\u015flar olu\u015fturur.<\/p>\n\n<p>Sa\u00e7 k\u00f6klerinin bir don\u00f6r b\u00f6lgeden, tipik olarak kafa derisinin arkas\u0131ndan ka\u015flara nakledilmesini i\u00e7erir. Prosed\u00fcr lokal anestezi alt\u0131nda ger\u00e7ekle\u015ftirilir ve cerrah do\u011fal ve estetik a\u00e7\u0131dan ho\u015f bir ka\u015f \u015fekli ve yo\u011funlu\u011fu olu\u015fturmak i\u00e7in tek tek sa\u00e7 k\u00f6klerini ka\u015f b\u00f6lgesine titizlikle yerle\u015ftirir.<\/p>\n\n<p>Bu uzun \u00f6m\u00fcrl\u00fc \u00e7\u00f6z\u00fcm, bireylerin y\u00fcz hatlar\u0131n\u0131 tamamlayan daha dolgun, belirgin ka\u015flar elde etmelerine yard\u0131mc\u0131 olur. Hayalinizdeki ka\u015flar sadece bir ad\u0131m \u00f6tenizde, parlamaya ve sonsuz olas\u0131l\u0131klarla dolu bir d\u00fcnyaya ad\u0131m atmaya haz\u0131r olun.<\/p>\n\n<p>Fiyat ve daha fazlas\u0131 dahil olmak \u00fczere <a href=\"https:\/\/medclinics.com\/tr\/sac-ekimi\/\" target=\"_blank\" rel=\"noreferrer noopener\">sa\u00e7 ekimi<\/a> hakk\u0131nda bilmeniz gereken her \u015fey veya <a href=\"#requestform\">bizimle ileti\u015fime<\/a> ge\u00e7in!<\/p>\n\n<figure class=\"wp-block-image size-full\"><img fetchpriority=\"high\" decoding=\"async\" width=\"960\" height=\"540\" class=\"wp-image-98354\" src=\"https:\/\/medclinics.com\/wp-content\/uploads\/2023\/07\/eyebrow-transplant-near-me.jpg\" alt=\"Yak&#x131;n&#x131;mda Ka&#x15F; Ekimi\" srcset=\"https:\/\/medclinics.com\/wp-content\/uploads\/2023\/07\/eyebrow-transplant-near-me.jpg 960w, https:\/\/medclinics.com\/wp-content\/uploads\/2023\/07\/eyebrow-transplant-near-me-500x281.jpg 500w, https:\/\/medclinics.com\/wp-content\/uploads\/2023\/07\/eyebrow-transplant-near-me-768x432.jpg 768w, https:\/\/medclinics.com\/wp-content\/uploads\/2023\/07\/eyebrow-transplant-near-me-24x14.jpg 24w, https:\/\/medclinics.com\/wp-content\/uploads\/2023\/07\/eyebrow-transplant-near-me-36x20.jpg 36w, https:\/\/medclinics.com\/wp-content\/uploads\/2023\/07\/eyebrow-transplant-near-me-48x27.jpg 48w\" sizes=\"(max-width: 960px) 100vw, 960px\" \/><\/figure>\n\n<h2 class=\"wp-block-heading\">SSS<\/h2>\n<div id=\"rank-math-faq\" class=\"rank-math-block\">\n<div class=\"rank-math-list \">\n<div id=\"faq-question-1685025181085\" class=\"rank-math-list-item\">\n<h3 class=\"rank-math-question \">Ka\u015f ekimi yapt\u0131rmaya de\u011fer mi?<\/h3>\n<div class=\"rank-math-answer \">\n\n<p>Evet, bu nakil genellikle ka\u015flar\u0131n\u0131 geli\u015ftirmek isteyen ki\u015filer i\u00e7in buna de\u011fer olarak kabul edilir. Prosed\u00fcr, ince veya seyrek ka\u015flar\u0131n g\u00f6r\u00fcn\u00fcm\u00fcn\u00fc b\u00fcy\u00fck \u00f6l\u00e7\u00fcde iyile\u015ftirebilir, \u00f6zg\u00fcveni art\u0131rabilir ve minimum bak\u0131m gerektirerek uzun s\u00fcreli sonu\u00e7lar sa\u011flayabilir.<\/p>\n\n<\/div>\n<\/div>\n<div id=\"faq-question-1685025310528\" class=\"rank-math-list-item\">\n<h3 class=\"rank-math-question \">Ka\u015f ekimi ne kadar kal\u0131c\u0131d\u0131r?<\/h3>\n<div class=\"rank-math-answer \">\n\n<p>Ka\u015f ekimi tipik olarak uzun s\u00fcreli sonu\u00e7lar sa\u011flar. Nakledilen sa\u00e7 k\u00f6kleri, kafa derisinin arka k\u0131sm\u0131 gibi genetik olarak sa\u00e7 d\u00f6k\u00fclmesine diren\u00e7li bir don\u00f6r b\u00f6lgeden al\u0131n\u0131r. Bu folik\u00fcller, nakilden sonra bile \u00f6zelliklerini koruyarak ka\u015f b\u00f6lgesinde kal\u0131c\u0131 k\u0131l b\u00fcy\u00fcmesine neden olur. Ekilen sa\u00e7 k\u00f6kleri ba\u015far\u0131l\u0131 bir \u015fekilde k\u00f6k sald\u0131ktan sonra b\u00fcy\u00fcmeye devam edecek ve do\u011fal ka\u015flar gibi d\u00fczenli d\u00fczeltme ve bak\u0131m gerektirecektir.<\/p>\n\n<\/div>\n<\/div>\n<div id=\"faq-question-1685025312374\" class=\"rank-math-list-item\">\n<h3 class=\"rank-math-question \">Ka\u015f ekimi kal\u0131c\u0131 m\u0131d\u0131r?<\/h3>\n<div class=\"rank-math-answer \">\n\n<p>Evet, ka\u015f restorasyonu i\u00e7in kal\u0131c\u0131 bir \u00e7\u00f6z\u00fcm olarak kabul edilirler.<\/p>\n\n<\/div>\n<\/div>\n<div id=\"faq-question-1685025313463\" class=\"rank-math-list-item\">\n<h3 class=\"rank-math-question \">Ka\u015f ekimi g\u00fcvenli midir?<\/h3>\n<div class=\"rank-math-answer \">\n\n<p>Evet, nitelikli ve deneyimli cerrahlar taraf\u0131ndan yap\u0131ld\u0131\u011f\u0131nda genellikle g\u00fcvenli bir prosed\u00fcr olarak kabul edilir.<\/p>\n\n<\/div>\n<\/div>\n<\/div>\n<\/div>\n<p>\u00a0<\/p>\n\n<h3 class=\"wp-block-heading\">Herhangi bir sorunuz olmas\u0131 durumunda hemen bizimle ileti\u015fime ge\u00e7in!<\/h3>\n","protected":false},"excerpt":{"rendered":"<p>Daha dolgun ve belirgin ka\u015flara sahip olmak i\u00e7in bir yol ar\u0131yorsan\u0131z, Ka\u015f Ekimi ideal \u00e7\u00f6z\u00fcm olabilir. Ka\u015f ekimi, sa\u00e7 k\u00f6klerinin [&hellip;]<\/p>\n","protected":false},"author":4,"featured_media":92477,"parent":0,"menu_order":0,"comment_status":"closed","ping_status":"closed","template":"","meta":{"site-sidebar-layout":"default","site-content-layout":"","ast-site-content-layout":"default","site-content-style":"default","site-sidebar-style":"default","ast-global-header-display":"","ast-banner-title-visibility":"","ast-main-header-display":"","ast-hfb-above-header-display":"","ast-hfb-below-header-display":"","ast-hfb-mobile-header-display":"","site-post-title":"","ast-breadcrumbs-content":"","ast-featured-img":"","footer-sml-layout":"","ast-disable-related-posts":"","theme-transparent-header-meta":"","adv-header-id-meta":"","stick-header-meta":"","header-above-stick-meta":"","header-main-stick-meta":"","header-below-stick-meta":"","astra-migrate-meta-layouts":"default","ast-page-background-enabled":"default","ast-page-background-meta":{"desktop":{"background-color":"var(--ast-global-color-4)","background-image":"","background-repeat":"repeat","background-position":"center center","background-size":"auto","background-attachment":"scroll","background-type":"","background-media":"","overlay-type":"","overlay-color":"","overlay-opacity":"","overlay-gradient":""},"tablet":{"background-color":"","background-image":"","background-repeat":"repeat","background-position":"center center","background-size":"auto","background-attachment":"scroll","background-type":"","background-media":"","overlay-type":"","overlay-color":"","overlay-opacity":"","overlay-gradient":""},"mobile":{"background-color":"","background-image":"","background-repeat":"repeat","background-position":"center center","background-size":"auto","background-attachment":"scroll","background-type":"","background-media":"","overlay-type":"","overlay-color":"","overlay-opacity":"","overlay-gradient":""}},"ast-content-background-meta":{"desktop":{"background-color":"var(--ast-global-color-5)","background-image":"","background-repeat":"repeat","background-position":"center center","background-size":"auto","background-attachment":"scroll","background-type":"","background-media":"","overlay-type":"","overlay-color":"","overlay-opacity":"","overlay-gradient":""},"tablet":{"background-color":"var(--ast-global-color-5)","background-image":"","background-repeat":"repeat","background-position":"center center","background-size":"auto","background-attachment":"scroll","background-type":"","background-media":"","overlay-type":"","overlay-color":"","overlay-opacity":"","overlay-gradient":""},"mobile":{"background-color":"var(--ast-global-color-5)","background-image":"","background-repeat":"repeat","background-position":"center center","background-size":"auto","background-attachment":"scroll","background-type":"","background-media":"","overlay-type":"","overlay-color":"","overlay-opacity":"","overlay-gradient":""}},"footnotes":""},"class_list":["post-147389","page","type-page","status-publish","has-post-thumbnail","hentry"],"_links":{"self":[{"href":"https:\/\/medclinics.com\/tr\/wp-json\/wp\/v2\/pages\/147389","targetHints":{"allow":["GET"]}}],"collection":[{"href":"https:\/\/medclinics.com\/tr\/wp-json\/wp\/v2\/pages"}],"about":[{"href":"https:\/\/medclinics.com\/tr\/wp-json\/wp\/v2\/types\/page"}],"author":[{"embeddable":true,"href":"https:\/\/medclinics.com\/tr\/wp-json\/wp\/v2\/users\/4"}],"replies":[{"embeddable":true,"href":"https:\/\/medclinics.com\/tr\/wp-json\/wp\/v2\/comments?post=147389"}],"version-history":[{"count":0,"href":"https:\/\/medclinics.com\/tr\/wp-json\/wp\/v2\/pages\/147389\/revisions"}],"wp:featuredmedia":[{"embeddable":true,"href":"https:\/\/medclinics.com\/tr\/wp-json\/wp\/v2\/media\/92477"}],"wp:attachment":[{"href":"https:\/\/medclinics.com\/tr\/wp-json\/wp\/v2\/media?parent=147389"}],"curies":[{"name":"wp","href":"https:\/\/api.w.org\/{rel}","templated":true}]}}