{"id":147381,"date":"2023-06-02T12:39:26","date_gmt":"2023-06-02T09:39:26","guid":{"rendered":"https:\/\/medclinics.com\/elektrik-donanimi-kozmetoloji\/"},"modified":"2024-04-14T23:03:34","modified_gmt":"2024-04-14T20:03:34","slug":"elektrik-donanimi-kozmetoloji","status":"publish","type":"page","link":"https:\/\/medclinics.com\/tr\/elektrik-donanimi-kozmetoloji\/","title":{"rendered":"Elektrik Donan\u0131m\u0131 Kozmetoloji"},"content":{"rendered":"\n<h2 class=\"wp-block-heading\">G\u00fczellik uzman\u0131 sizin i\u00e7in uygun elektrikli donan\u0131m kozmetoloji tekni\u011fini se\u00e7ecektir.<\/h2>\n\n<figure class=\"wp-block-image size-full\"><img fetchpriority=\"high\" decoding=\"async\" width=\"780\" height=\"488\" src=\"https:\/\/medclinics.com\/wp-content\/uploads\/2024\/04\/Radio-Frequency-Hardware-Cosmetology-therapy-hardware.jpg\" alt=\"\" class=\"wp-image-161413\" srcset=\"https:\/\/medclinics.com\/wp-content\/uploads\/2024\/04\/Radio-Frequency-Hardware-Cosmetology-therapy-hardware.jpg 780w, https:\/\/medclinics.com\/wp-content\/uploads\/2024\/04\/Radio-Frequency-Hardware-Cosmetology-therapy-hardware-300x188.jpg 300w, https:\/\/medclinics.com\/wp-content\/uploads\/2024\/04\/Radio-Frequency-Hardware-Cosmetology-therapy-hardware-768x480.jpg 768w\" sizes=\"(max-width: 780px) 100vw, 780px\" \/><\/figure>\n\n<ul class=\"wp-block-list\">\n<li><strong>Y\u00fcz elektrokaplamas\u0131<\/strong><br\/>Zay\u0131f elektrik ak\u0131mlar\u0131n\u0131n terap\u00f6tik \u00f6zelliklerini kullanan modern bir y\u00fcz cildi restorasyonu ve <a href=\"https:\/\/en.wikipedia.org\/wiki\/Rejuvenation\" target=\"_blank\" rel=\"noreferrer noopener\">gen\u00e7le\u015ftirme<\/a> y\u00f6ntemidir. Metabolik s\u00fcre\u00e7leri harekete ge\u00e7irir, kan dola\u015f\u0131m\u0131n\u0131 normalle\u015ftirir ve cildi derinlemesine temizler. \u0130lk tedaviden sonra cilt iyile\u015fir ve daha taze ve s\u0131k\u0131 hale gelir.<\/li>\n\n\n\n<li><strong>Miyostim\u00fclasyon<\/strong><br\/>Kaslar\u0131 g\u00fc\u00e7lendirmek i\u00e7in d\u00fc\u015f\u00fck g\u00fc\u00e7l\u00fc bir elektrik ak\u0131m\u0131 ile tedavi etme prosed\u00fcr\u00fcd\u00fcr. Tedavi \u00f6zel ekipman kullan\u0131larak ger\u00e7ekle\u015ftirilir. Miyostim\u00fclasyon tedavisi: v\u00fccut \u015fekillendirme, kilo verme, kas tonusunun restorasyonu, ameliyat sonras\u0131 d\u00f6nem, y\u00fczdeki sarkma, k\u0131r\u0131\u015f\u0131kl\u0131k ve g\u00f6z alt\u0131 morluklar\u0131n\u0131n d\u00fczeltilmesinde kullan\u0131l\u0131r.<\/li>\n\n\n\n<li><strong>Elektroporasyon<\/strong><br\/>Mikro g\u00f6zenekleri a\u00e7mak ve tedavi edici kozmetiklerin epidermisin derinliklerine n\u00fcfuz etmesini sa\u011flamak i\u00e7in elektrik ak\u0131m\u0131 kullanan non-invaziv bir cilt bak\u0131m y\u00f6ntemidir. Elektroporasyondan sonra cilt daha a\u00e7\u0131k ve ten rengi daha p\u00fcr\u00fczs\u00fcz hale gelir, k\u0131r\u0131\u015f\u0131kl\u0131klar, yara izleri ve lekeler kaybolur. Elektroporasyon ayr\u0131ca lazer tedavileri ve peeling sonras\u0131 h\u0131zl\u0131 cilt iyile\u015fmesi i\u00e7in de kullan\u0131l\u0131r.<\/li>\n\n\n\n<li><strong>Mikro ak\u0131m tedavisi<\/strong><br\/>D\u00fc\u015f\u00fck frekansl\u0131, d\u00fc\u015f\u00fck darbeli ak\u0131mlar\u0131n kullan\u0131ld\u0131\u011f\u0131 bir cilt gen\u00e7le\u015ftirme prosed\u00fcr\u00fcd\u00fcr. Mikro ak\u0131mlar\u0131n cilt \u00fczerindeki nazik etkisi protein sentezini uyar\u0131r, h\u00fccre metabolizmas\u0131n\u0131 geli\u015ftirir ve y\u00fcz kaslar\u0131n\u0131 onar\u0131r. \u0130\u015flem cildin b\u00fct\u00fcnl\u00fc\u011f\u00fcn\u00fc etkilemedi\u011fi i\u00e7in rahat ve a\u011fr\u0131s\u0131zd\u0131r.<\/li>\n<\/ul>\n\n<p>Mikro ak\u0131m\u0131n cilt, kaslar, kan damarlar\u0131 ve lenfatik damarlar \u00fczerinde karma\u015f\u0131k bir etkisi vard\u0131r, bu da sadece ya\u015fa ba\u011fl\u0131 de\u011fi\u015fiklikleri &#8220;maskelemeyi&#8221; de\u011fil, ayn\u0131 zamanda cildi h\u00fccresel d\u00fczeyde gen\u00e7le\u015ftirmeyi de m\u00fcmk\u00fcn k\u0131lar. Mikro ak\u0131m tedavisi s\u0131ras\u0131nda h\u00fccreler oksijen ve besin al\u0131r ve metabolizma geli\u015fir. Ayr\u0131ca ciltte yo\u011fun bir \u015fekilde do\u011fal kolajen ve elastin \u00fcretilerek cildin s\u0131k\u0131l\u0131\u011f\u0131 art\u0131r\u0131l\u0131r ve k\u0131r\u0131\u015f\u0131kl\u0131klar azalt\u0131l\u0131r.<\/p>\n\n<figure class=\"wp-block-image size-full\"><img decoding=\"async\" width=\"780\" height=\"488\" src=\"https:\/\/medclinics.com\/wp-content\/uploads\/2024\/04\/Electrical-Hardware-Cosmetology-Example.jpg\" alt=\"Elektrik Donan&#x131;m&#x131; Kozmetoloji &#xD6;rne&#x11F;i\" class=\"wp-image-161428\" srcset=\"https:\/\/medclinics.com\/wp-content\/uploads\/2024\/04\/Electrical-Hardware-Cosmetology-Example.jpg 780w, https:\/\/medclinics.com\/wp-content\/uploads\/2024\/04\/Electrical-Hardware-Cosmetology-Example-300x188.jpg 300w, https:\/\/medclinics.com\/wp-content\/uploads\/2024\/04\/Electrical-Hardware-Cosmetology-Example-768x480.jpg 768w\" sizes=\"(max-width: 780px) 100vw, 780px\" \/><\/figure>\n\n<h3 class=\"wp-block-heading\"><a href=\"https:\/\/medclinics.com\/tr\/donanim-kozmetolojisi\/\" target=\"_blank\" rel=\"noreferrer noopener\">Donan\u0131m kozmetolojisi<\/a> hakk\u0131nda bilmeniz gereken her \u015fey veya \u015fimdi <a href=\"#requestform\">bizimle ileti\u015fime<\/a> ge\u00e7in!<\/h3>\n\n<h3 class=\"wp-block-heading\">SSS<\/h3>\n<div id=\"rank-math-faq\" class=\"rank-math-block\">\n<div class=\"rank-math-list \">\n<div id=\"faq-question-1685708971726\" class=\"rank-math-list-item\">\n<h3 class=\"rank-math-question \">Elektrik donan\u0131m\u0131 kozmetoloji tekni\u011fi nedir?<\/h3>\n<div class=\"rank-math-answer \">\n\n<p>Elektrikli donan\u0131m kozmetoloji teknikleri, belirli estetik hedeflere ula\u015fmak i\u00e7in \u00f6zel elektrikli cihazlar\u0131n ve ekipmanlar\u0131n kullan\u0131lmas\u0131n\u0131 i\u00e7erir.<\/p>\n\n<\/div>\n<\/div>\n<div id=\"faq-question-1685709057740\" class=\"rank-math-list-item\">\n<h3 class=\"rank-math-question \">Elektrik donan\u0131m\u0131 kozmetoloji teknikleri nelerdir?<\/h3>\n<div class=\"rank-math-answer \">\n\n<p>Y\u00fcz elektrokaplamas\u0131, Myostim\u00fclasyon, Elektroporasyon, Mikro ak\u0131m tedavisi donan\u0131m kozmetolojisi i\u00e7in elektriksel tekniklerdir.<\/p>\n\n<\/div>\n<\/div>\n<\/div>\n<\/div>\n<p><\/p>\n\n<h3 class=\"wp-block-heading\">Herhangi bir sorunuz olmas\u0131 durumunda hemen bizimle ileti\u015fime ge\u00e7in!<\/h3>\n","protected":false},"excerpt":{"rendered":"<p>G\u00fczellik uzman\u0131 sizin i\u00e7in uygun elektrikli donan\u0131m kozmetoloji tekni\u011fini se\u00e7ecektir. Mikro ak\u0131m\u0131n cilt, kaslar, kan damarlar\u0131 ve lenfatik damarlar \u00fczerinde [&hellip;]<\/p>\n","protected":false},"author":4,"featured_media":161442,"parent":0,"menu_order":0,"comment_status":"closed","ping_status":"closed","template":"","meta":{"site-sidebar-layout":"default","site-content-layout":"","ast-site-content-layout":"default","site-content-style":"default","site-sidebar-style":"default","ast-global-header-display":"","ast-banner-title-visibility":"","ast-main-header-display":"","ast-hfb-above-header-display":"","ast-hfb-below-header-display":"","ast-hfb-mobile-header-display":"","site-post-title":"","ast-breadcrumbs-content":"","ast-featured-img":"","footer-sml-layout":"","ast-disable-related-posts":"","theme-transparent-header-meta":"","adv-header-id-meta":"","stick-header-meta":"","header-above-stick-meta":"","header-main-stick-meta":"","header-below-stick-meta":"","astra-migrate-meta-layouts":"default","ast-page-background-enabled":"default","ast-page-background-meta":{"desktop":{"background-color":"var(--ast-global-color-4)","background-image":"","background-repeat":"repeat","background-position":"center center","background-size":"auto","background-attachment":"scroll","background-type":"","background-media":"","overlay-type":"","overlay-color":"","overlay-opacity":"","overlay-gradient":""},"tablet":{"background-color":"","background-image":"","background-repeat":"repeat","background-position":"center center","background-size":"auto","background-attachment":"scroll","background-type":"","background-media":"","overlay-type":"","overlay-color":"","overlay-opacity":"","overlay-gradient":""},"mobile":{"background-color":"","background-image":"","background-repeat":"repeat","background-position":"center center","background-size":"auto","background-attachment":"scroll","background-type":"","background-media":"","overlay-type":"","overlay-color":"","overlay-opacity":"","overlay-gradient":""}},"ast-content-background-meta":{"desktop":{"background-color":"var(--ast-global-color-5)","background-image":"","background-repeat":"repeat","background-position":"center center","background-size":"auto","background-attachment":"scroll","background-type":"","background-media":"","overlay-type":"","overlay-color":"","overlay-opacity":"","overlay-gradient":""},"tablet":{"background-color":"var(--ast-global-color-5)","background-image":"","background-repeat":"repeat","background-position":"center center","background-size":"auto","background-attachment":"scroll","background-type":"","background-media":"","overlay-type":"","overlay-color":"","overlay-opacity":"","overlay-gradient":""},"mobile":{"background-color":"var(--ast-global-color-5)","background-image":"","background-repeat":"repeat","background-position":"center center","background-size":"auto","background-attachment":"scroll","background-type":"","background-media":"","overlay-type":"","overlay-color":"","overlay-opacity":"","overlay-gradient":""}},"footnotes":""},"class_list":["post-147381","page","type-page","status-publish","has-post-thumbnail","hentry"],"_links":{"self":[{"href":"https:\/\/medclinics.com\/tr\/wp-json\/wp\/v2\/pages\/147381","targetHints":{"allow":["GET"]}}],"collection":[{"href":"https:\/\/medclinics.com\/tr\/wp-json\/wp\/v2\/pages"}],"about":[{"href":"https:\/\/medclinics.com\/tr\/wp-json\/wp\/v2\/types\/page"}],"author":[{"embeddable":true,"href":"https:\/\/medclinics.com\/tr\/wp-json\/wp\/v2\/users\/4"}],"replies":[{"embeddable":true,"href":"https:\/\/medclinics.com\/tr\/wp-json\/wp\/v2\/comments?post=147381"}],"version-history":[{"count":0,"href":"https:\/\/medclinics.com\/tr\/wp-json\/wp\/v2\/pages\/147381\/revisions"}],"wp:featuredmedia":[{"embeddable":true,"href":"https:\/\/medclinics.com\/tr\/wp-json\/wp\/v2\/media\/161442"}],"wp:attachment":[{"href":"https:\/\/medclinics.com\/tr\/wp-json\/wp\/v2\/media?parent=147381"}],"curies":[{"name":"wp","href":"https:\/\/api.w.org\/{rel}","templated":true}]}}