{"id":147367,"date":"2023-06-02T15:09:35","date_gmt":"2023-06-02T12:09:35","guid":{"rendered":"https:\/\/medclinics.com\/custom-vue-super-lasik-3\/"},"modified":"2025-01-02T14:39:37","modified_gmt":"2025-01-02T11:39:37","slug":"custom-vue-super-lasik-3","status":"publish","type":"page","link":"https:\/\/medclinics.com\/tr\/custom-vue-super-lasik-3\/","title":{"rendered":"Custom Vue &#8211; S\u00fcper LASIK"},"content":{"rendered":"\n<h2 class=\"wp-block-heading\">G\u00f6rme kalitenizi art\u0131rman\u0131n bir yolunu ar\u0131yorsan\u0131z, Custom Vue, Super LASIK en iyi \u00e7\u00f6z\u00fcm olabilir.<\/h2>\n\n<p>Bu y\u00f6ntemin bir \u00f6zelli\u011fi, insan optik sistemindeki t\u00fcm bozulmalar\u0131 kesinlikle dikkate alan \u00f6n aberrometrik analiz kullan\u0131larak elde edilen verilere dayanarak kornea \u015feklinin en do\u011fru \u015fekilde d\u00fczeltilmesidir. <\/p>\n\n<p>G\u00f6rme kalitesi \u00fczerindeki etkilerinin derecesi otomatik olarak belirlenir ve mevcut t\u00fcm &#8220;hatalar\u0131&#8221; maksimum d\u00fczeyde telafi eden b\u00f6yle bir kornea \u015fekli modellenir. Bu verilere dayanarak lazer d\u00fczeltme i\u015flemi ger\u00e7ekle\u015ftirilir. <\/p>\n\n<p><a href=\"https:\/\/tr.wikipedia.org\/wiki\/LASIK\" target=\"_blank\" rel=\"noreferrer noopener\">Y\u00f6ntemin avantajlar\u0131:<\/a> ki\u015fiselle\u015ftirilmi\u015f destek ile lazer d\u00fczeltme Custom Vue, g\u00f6rme fonksiyonlar\u0131n\u0131 geri kazanman\u0131n en do\u011fru modern y\u00f6ntemlerinden biridir ve y\u00fcksek derecedeki sapmalar\u0131 (g\u00f6rme sistemindeki bozulmalar) d\u00fczeltmenize ve ola\u011fan\u00fcst\u00fc g\u00f6rme keskinli\u011fi elde etmenize olanak tan\u0131r. Ki\u015fiselle\u015ftirilmi\u015f destek ile Custom Vue g\u00f6rme d\u00fczeltme tekni\u011fi, g\u00fcn\u00fcm\u00fczde oftalmik cerrahinin en y\u00fcksek standartlar\u0131n\u0131 kar\u015f\u0131lamaktad\u0131r.<\/p>\n\n<figure class=\"wp-block-image size-full\"><img fetchpriority=\"high\" decoding=\"async\" width=\"780\" height=\"488\" src=\"https:\/\/medclinics.com\/wp-content\/uploads\/2024\/04\/custom-vue-super-lasik-near-me.jpg\" alt=\"custom-vue-super-lasik-near-me\" class=\"wp-image-161239\" srcset=\"https:\/\/medclinics.com\/wp-content\/uploads\/2024\/04\/custom-vue-super-lasik-near-me.jpg 780w, https:\/\/medclinics.com\/wp-content\/uploads\/2024\/04\/custom-vue-super-lasik-near-me-300x188.jpg 300w, https:\/\/medclinics.com\/wp-content\/uploads\/2024\/04\/custom-vue-super-lasik-near-me-768x480.jpg 768w\" sizes=\"(max-width: 780px) 100vw, 780px\" \/><\/figure>\n\n<h2 class=\"wp-block-heading\">Bak\u0131m sonras\u0131 ve iyile\u015fme s\u00fcreci de dahil olmak \u00fczere <a href=\"https:\/\/medclinics.com\/tr\/lazer-goz-tedavisi\/\" target=\"_blank\" rel=\"noreferrer noopener\">g\u00f6z ameliyat\u0131<\/a> hakk\u0131nda bilmeniz gereken her \u015fey veya <a href=\"#requestform\">bizimle ileti\u015fime<\/a> ge\u00e7in!<\/h2>\n\n<h2 class=\"wp-block-heading\">SSS  <\/h2>\n<div id=\"rank-math-faq\" class=\"rank-math-block\">\n<div class=\"rank-math-list \">\n<div id=\"faq-question-1685717932436\" class=\"rank-math-list-item\">\n<h3 class=\"rank-math-question \">Custom Vue, S\u00fcper LASIK nedir?<\/h3>\n<div class=\"rank-math-answer \">\n\n<p>Custom Vue daha ki\u015fiselle\u015ftirilmi\u015f bir tedavi i\u00e7in wavefront teknolojisini i\u00e7eren LASIK ameliyat\u0131n\u0131 ifade eder<\/p>\n\n<\/div>\n<\/div>\n<div id=\"faq-question-1685717933664\" class=\"rank-math-list-item\">\n<h3 class=\"rank-math-question \">S\u00fcper LASIK a\u011fr\u0131l\u0131 m\u0131d\u0131r?<\/h3>\n<div class=\"rank-math-answer \">\n\n<p>S\u00fcper LASIK&#8217;in kendisi standart LASIK ameliyat\u0131ndan daha a\u011fr\u0131l\u0131 de\u011fildir. \u0130\u015flem s\u0131ras\u0131nda ya\u015fanan rahats\u0131zl\u0131k seviyesi genellikle her iki tip i\u00e7in de benzerdir.<\/p>\n\n<\/div>\n<\/div>\n<div id=\"faq-question-1685717934651\" class=\"rank-math-list-item\">\n<h3 class=\"rank-math-question \">S\u00fcper LASIK buna de\u011fer mi?<\/h3>\n<div class=\"rank-math-answer \">\n\n<p>Evet, Super LASIK iyice ara\u015ft\u0131rm\u0131\u015f ve deneyimli bir cerraha dan\u0131\u015fm\u0131\u015f hastalar i\u00e7in buna de\u011febilir.<\/p>\n\n<\/div>\n<\/div>\n<\/div>\n<\/div>\n<p><\/p>\n\n<h3 class=\"wp-block-heading\">Herhangi bir sorunuz olmas\u0131 durumunda hemen bizimle ileti\u015fime ge\u00e7in!<\/h3>\n","protected":false},"excerpt":{"rendered":"<p>G\u00f6rme kalitenizi art\u0131rman\u0131n bir yolunu ar\u0131yorsan\u0131z, Custom Vue, Super LASIK en iyi \u00e7\u00f6z\u00fcm olabilir. Bu y\u00f6ntemin bir \u00f6zelli\u011fi, insan optik [&hellip;]<\/p>\n","protected":false},"author":4,"featured_media":161245,"parent":0,"menu_order":0,"comment_status":"closed","ping_status":"closed","template":"","meta":{"site-sidebar-layout":"default","site-content-layout":"","ast-site-content-layout":"default","site-content-style":"default","site-sidebar-style":"default","ast-global-header-display":"","ast-banner-title-visibility":"","ast-main-header-display":"","ast-hfb-above-header-display":"","ast-hfb-below-header-display":"","ast-hfb-mobile-header-display":"","site-post-title":"","ast-breadcrumbs-content":"","ast-featured-img":"","footer-sml-layout":"","ast-disable-related-posts":"","theme-transparent-header-meta":"","adv-header-id-meta":"","stick-header-meta":"","header-above-stick-meta":"","header-main-stick-meta":"","header-below-stick-meta":"","astra-migrate-meta-layouts":"default","ast-page-background-enabled":"default","ast-page-background-meta":{"desktop":{"background-color":"var(--ast-global-color-4)","background-image":"","background-repeat":"repeat","background-position":"center center","background-size":"auto","background-attachment":"scroll","background-type":"","background-media":"","overlay-type":"","overlay-color":"","overlay-opacity":"","overlay-gradient":""},"tablet":{"background-color":"","background-image":"","background-repeat":"repeat","background-position":"center center","background-size":"auto","background-attachment":"scroll","background-type":"","background-media":"","overlay-type":"","overlay-color":"","overlay-opacity":"","overlay-gradient":""},"mobile":{"background-color":"","background-image":"","background-repeat":"repeat","background-position":"center center","background-size":"auto","background-attachment":"scroll","background-type":"","background-media":"","overlay-type":"","overlay-color":"","overlay-opacity":"","overlay-gradient":""}},"ast-content-background-meta":{"desktop":{"background-color":"var(--ast-global-color-5)","background-image":"","background-repeat":"repeat","background-position":"center center","background-size":"auto","background-attachment":"scroll","background-type":"","background-media":"","overlay-type":"","overlay-color":"","overlay-opacity":"","overlay-gradient":""},"tablet":{"background-color":"var(--ast-global-color-5)","background-image":"","background-repeat":"repeat","background-position":"center center","background-size":"auto","background-attachment":"scroll","background-type":"","background-media":"","overlay-type":"","overlay-color":"","overlay-opacity":"","overlay-gradient":""},"mobile":{"background-color":"var(--ast-global-color-5)","background-image":"","background-repeat":"repeat","background-position":"center center","background-size":"auto","background-attachment":"scroll","background-type":"","background-media":"","overlay-type":"","overlay-color":"","overlay-opacity":"","overlay-gradient":""}},"footnotes":""},"class_list":["post-147367","page","type-page","status-publish","has-post-thumbnail","hentry"],"_links":{"self":[{"href":"https:\/\/medclinics.com\/tr\/wp-json\/wp\/v2\/pages\/147367","targetHints":{"allow":["GET"]}}],"collection":[{"href":"https:\/\/medclinics.com\/tr\/wp-json\/wp\/v2\/pages"}],"about":[{"href":"https:\/\/medclinics.com\/tr\/wp-json\/wp\/v2\/types\/page"}],"author":[{"embeddable":true,"href":"https:\/\/medclinics.com\/tr\/wp-json\/wp\/v2\/users\/4"}],"replies":[{"embeddable":true,"href":"https:\/\/medclinics.com\/tr\/wp-json\/wp\/v2\/comments?post=147367"}],"version-history":[{"count":0,"href":"https:\/\/medclinics.com\/tr\/wp-json\/wp\/v2\/pages\/147367\/revisions"}],"wp:featuredmedia":[{"embeddable":true,"href":"https:\/\/medclinics.com\/tr\/wp-json\/wp\/v2\/media\/161245"}],"wp:attachment":[{"href":"https:\/\/medclinics.com\/tr\/wp-json\/wp\/v2\/media?parent=147367"}],"curies":[{"name":"wp","href":"https:\/\/api.w.org\/{rel}","templated":true}]}}