{"id":147363,"date":"2023-06-01T14:53:31","date_gmt":"2023-06-01T11:53:31","guid":{"rendered":"https:\/\/medclinics.com\/klasik-kozmetoloji\/"},"modified":"2024-04-14T23:04:59","modified_gmt":"2024-04-14T20:04:59","slug":"klasik-kozmetoloji","status":"publish","type":"page","link":"https:\/\/medclinics.com\/tr\/klasik-kozmetoloji\/","title":{"rendered":"Klasik Kozmetoloji"},"content":{"rendered":"\n<h2 class=\"wp-block-heading\" id=\"classic-cosmetology-is-a-method-of-face-and-body-skin-care\"><strong>Klasik kozmetoloji bir y\u00fcz ve v\u00fccut cilt bak\u0131m\u0131 y\u00f6ntemidir.<\/strong><\/h2>\n\n<p>G\u00fczelli\u011fi geri kazanman\u0131n ve uzatman\u0131n etkili ve g\u00fcvenilir bir yolu olarak uzun zamand\u0131r kendini kan\u0131tlam\u0131\u015ft\u0131r.<\/p>\n\n<div class=\"wp-block-rank-math-toc-block\" id=\"rank-math-toc\"><h2>\u0130\u00e7indekiler Tablosu<\/h2><nav><ul><li><a href=\"#classic-cosmetology-is-a-method-of-face-and-body-skin-care\">Klasik kozmetoloji bir y\u00fcz ve v\u00fccut cilt bak\u0131m\u0131 y\u00f6ntemidir.<\/a><\/li><li><a href=\"#before-after-classic-cosmetology\">Klasik Kozmetoloji \u00d6ncesi &amp; Sonras\u0131<\/a><\/li><li><a href=\"#so-what-is\">Peki Nedir<\/a><\/li><li><a href=\"#treatment-plan\">Tedavi Plan\u0131<\/a><\/li><li><a href=\"#aftercare\">Bak\u0131m Sonras\u0131<\/a><\/li><li><a href=\"#top-classic-cosmetology-costs-by-country\">\u00dclkelere g\u00f6re En Klasik Kozmetoloji maliyetleri<\/a><\/li><li><a href=\"#types-of-classic-cosmetology\">Klasik Kozmetoloji T\u00fcrleri<\/a><\/li><li><a href=\"#faq\">SSS<\/a><\/li><li><a href=\"#history\">Tarih<\/a><\/li><\/ul><\/nav><\/div>\n\n<h2 class=\"wp-block-heading\" id=\"before-after-classic-cosmetology\">Klasik Kozmetoloji \u00d6ncesi &amp; Sonras\u0131<\/h2>\n\n<h2 class=\"wp-block-heading\" id=\"so-what-is\">Peki Nedir<\/h2>\n\n<ul class=\"wp-block-list\">\n<li>Bu, cilt temizli\u011fi, sel\u00fclit ve \u00e7e\u015fitli estetik kusurlar, sa\u011fl\u0131kl\u0131 cilt renginin geri kazand\u0131r\u0131lmas\u0131 gibi prosed\u00fcrleri i\u00e7erir.<\/li>\n<\/ul>\n\n<h2 class=\"wp-block-heading\" id=\"treatment-plan\">Tedavi Plan\u0131<\/h2>\n\n<ul class=\"wp-block-list\">\n<li>Klasik Kozmetoloji i\u00e7in tedavi plan\u0131, hastan\u0131n ihtiya\u00e7lar\u0131n\u0131 anlamak i\u00e7in kapsaml\u0131 bir kons\u00fcltasyon i\u00e7erir. <a href=\"https:\/\/en.wikipedia.org\/wiki\/Skin_care\" target=\"_blank\" rel=\"noreferrer noopener\">Cilt bak\u0131m\u0131<\/a> tedavileri temizlik, peeling, nemlendirme ve y\u00fcz maskelerini i\u00e7erir.  <\/li>\n\n\n\n<li>Sa\u00e7 bak\u0131mlar\u0131 \u015fampuanlama, bak\u0131m, sa\u00e7 kesimi, \u015fekillendirme, renklendirme ve gerekti\u011finde ek bak\u0131mlar\u0131 kapsar.  <\/li>\n\n\n\n<li>Makyaj uygulamas\u0131 \u00f6n haz\u0131rl\u0131k, fond\u00f6ten, g\u00f6z makyaj\u0131, yanak rengi ve dudak rengini i\u00e7erir.  <\/li>\n\n\n\n<li>T\u0131rnak bak\u0131m\u0131, t\u0131rnak \u015fekillendirme ve cila se\u00e7enekleriyle manik\u00fcr ve pedik\u00fcr\u00fc i\u00e7erir.  <\/li>\n\n\n\n<li>Ki\u015fiselle\u015ftirilmi\u015f ev bak\u0131m\u0131 \u00f6nerileri sunulur ve de\u011ferlendirme ve ayarlamalar i\u00e7in bir takip randevusu planlan\u0131r.<\/li>\n<\/ul>\n\n<h3 class=\"wp-block-heading\" id=\"mammoplasty-for\"><br\/>Klasik Kozmetoloji i\u00e7in:<\/h3>\n\n<ul class=\"wp-block-list\">\n<li>G\u00f6r\u00fcn\u00fcm\u00fcn\u00fc g\u00fczelle\u015ftirmek ve genel bak\u0131m\u0131n\u0131 iyile\u015ftirmek isteyen herkes.<\/li>\n<\/ul>\n\n<h3 class=\"wp-block-heading\" id=\"mammoplasty-duration\">Klasik Kozmetoloji S\u00fcre:<\/h3>\n\n<ul class=\"wp-block-list\">\n<li>Cilt bak\u0131m\u0131 tedavileri i\u00e7in, temel bir y\u00fcz bak\u0131m\u0131 genellikle yakla\u015f\u0131k 60 dakika s\u00fcrerken, kimyasal peeling veya mikrodermabrazyon gibi daha kapsaml\u0131 tedaviler 60-90 dakika gerektirebilir.<\/li>\n\n\n\n<li>Sa\u00e7 tedavileri i\u00e7in, belirli hizmete ba\u011fl\u0131 olarak \u00f6nemli \u00f6l\u00e7\u00fcde de\u011fi\u015febilir. Basit bir sa\u00e7 kesimi ve \u015fekillendirme seans\u0131 30-60 dakika s\u00fcrebilirken, sa\u00e7 boyama veya keratin bak\u0131m\u0131 gibi daha karma\u015f\u0131k hizmetler 1 ila 3 saat veya daha fazla s\u00fcrebilir.<\/li>\n\n\n\n<li>Makyaj uygulamas\u0131 i\u00e7in, istenen g\u00f6r\u00fcn\u00fcme ve karma\u015f\u0131kl\u0131\u011fa ba\u011fl\u0131d\u0131r. Temel bir makyaj uygulamas\u0131 30-45 dakika s\u00fcrebilirken, daha ayr\u0131nt\u0131l\u0131 veya \u00f6zel makyaj stilleri bir saat veya daha uzun s\u00fcrebilir.<\/li>\n\n\n\n<li>T\u0131rnak bak\u0131m\u0131 i\u00e7in manik\u00fcr ve pedik\u00fcr genellikle 30 dakika ile bir saat aras\u0131nda de\u011fi\u015fir.<\/li>\n<\/ul>\n\n<h3 class=\"wp-block-heading\" id=\"mammoplasty-recovery-timeline\">Klasik Kozmetoloji \u0130yile\u015fme Zaman \u00c7izelgesi:<\/h3>\n\n<ul class=\"wp-block-list\">\n<li>Temel y\u00fcz bak\u0131mlar\u0131 genellikle iyile\u015fme s\u00fcresi gerektirmez.<\/li>\n\n\n\n<li>Kimyasal peeling veya mikrodermabrazyon gibi ileri d\u00fczey tedavilerde cildin iyile\u015fmesi i\u00e7in birka\u00e7 g\u00fcn ila bir haftal\u0131k bir kesinti s\u00fcresi olabilir.  <\/li>\n\n\n\n<li>Sa\u00e7 kesimi, \u015fekillendirme ve sa\u00e7 boyama genellikle iyile\u015fme s\u00fcresi gerektirmez.  <\/li>\n\n\n\n<li>Makyaj uygulamas\u0131n\u0131n iyile\u015fme s\u00fcresi yoktur ve m\u00fc\u015fteriler makyajlar\u0131n\u0131 istedikleri zaman \u00e7\u0131karabilirler.  <\/li>\n\n\n\n<li>Manik\u00fcr ve pedik\u00fcr\u00fcn iyile\u015fme s\u00fcresi yoktur, ancak yeni s\u00fcr\u00fclm\u00fc\u015f ojeye zarar vermemek i\u00e7in dikkatli olunmal\u0131d\u0131r.<\/li>\n<\/ul>\n\n<h3 class=\"wp-block-heading\" id=\"possible-risks-for-mammoplasty\">Klasik Kozmetoloji i\u00e7in Olas\u0131 Riskler:<\/h3>\n\n<ul class=\"wp-block-list\">\n<li>Alerjik Reaksiyonlar<\/li>\n\n\n\n<li>Cilt Hassasiyetleri<\/li>\n\n\n\n<li>Sa\u00e7 Hasar\u0131<\/li>\n\n\n\n<li>Cilt Enfeksiyonlar\u0131<\/li>\n\n\n\n<li>G\u00f6z Tahri\u015fi veya Enfeksiyonlar\u0131<\/li>\n\n\n\n<li>Cilt Yan\u0131klar\u0131<\/li>\n\n\n\n<li>T\u0131rnak Yaralanmalar\u0131<\/li>\n\n\n\n<li>Tatmin Edici Olmayan Sonu\u00e7lar<\/li>\n\n\n\n<li>Rahats\u0131zl\u0131k veya A\u011fr\u0131<\/li>\n\n\n\n<li>G\u00fcne\u015f Hassasiyeti<\/li>\n\n\n\n<li>Psikolojik Etki<\/li>\n<\/ul>\n\n<h2 class=\"wp-block-heading\" id=\"aftercare\">Bak\u0131m Sonras\u0131  <\/h2>\n\n<h3 class=\"wp-block-heading\" id=\"of-course-we-will-also-take-care-of-you-after-your-treatment\">Tabii ki tedavinizden sonra da sizinle ilgilenece\u011fiz!<\/h3>\n\n<p>Uygulanan tedaviye ili\u015fkin olarak g\u00fczellik uzman\u0131 veya estetisyen taraf\u0131ndan sa\u011flanan \u00f6zel talimatlara uyun. Cilt, sa\u00e7 ve t\u0131rnaklar\u0131n genel sa\u011fl\u0131\u011f\u0131n\u0131 desteklemek i\u00e7in susuz kalmay\u0131n ve sa\u011fl\u0131kl\u0131 bir ya\u015fam tarz\u0131 s\u00fcrd\u00fcr\u00fcn. \u00d6nerilen takip randevular\u0131n\u0131 planlay\u0131n ve bunlara kat\u0131l\u0131n.<\/p>\n\n<h3 class=\"wp-block-heading\" id=\"breast-aesthetic-surgery-healing-process\">Klasik Kozmetoloji \u0130yile\u015ftirme S\u00fcreci<\/h3>\n\n<h4 class=\"wp-block-heading\" id=\"the-healing-process-as-a-whole-takes-between-6-and-12-months\">Klasik Kozmetoloji tedavileri i\u00e7in iyile\u015fme s\u00fcreci, belirli prosed\u00fcrlere ba\u011fl\u0131 olarak de\u011fi\u015fir.<\/h4>\n\n<p>Temel y\u00fcz bak\u0131mlar\u0131nda genellikle \u00f6nemli bir iyile\u015fme s\u00fcreci yoktur. Kimyasal peeling gibi geli\u015fmi\u015f cilt bak\u0131m\u0131 tedavileri ge\u00e7ici k\u0131zar\u0131kl\u0131k veya soyulma i\u00e7erebilir. Sa\u00e7 kesimi, \u015fekillendirme, sa\u00e7 boyama, makyaj uygulamas\u0131 ve t\u0131rnak bak\u0131m\u0131n\u0131n genellikle belirli bir iyile\u015fme s\u00fcreci yoktur.<\/p>\n\n<figure class=\"wp-block-image size-full\"><img decoding=\"async\" src=\"https:\/\/medclinics.com\/wp-content\/uploads\/2023\/02\/salmon-dna-serum-skin-rejuvenation-istanbul-before-after-2.jpg\" alt=\"Klasik Kozmetoloji\" class=\"wp-image-20529\"\/><\/figure>\n\n<h2 class=\"wp-block-heading\" id=\"top-classic-cosmetology-costs-by-country\">\u00dclkelere g\u00f6re En Klasik Kozmetoloji maliyetleri<\/h2>\n\n<p>T\u00fcrkiye&#8217;de Klasik Kozmetoloji uygulamalar\u0131n\u0131n fiyatlar\u0131 di\u011fer baz\u0131 \u00fclkelere k\u0131yasla genellikle daha uygundur. \u00d6rne\u011fin, T\u00fcrkiye&#8217;de Talasoterapi seans ba\u015f\u0131na 50 ila 100 Avro aras\u0131nda de\u011fi\u015firken, ABD&#8217;de maliyetler 80 ila 150 Avro aras\u0131nda de\u011fi\u015febilmektedir. Ayn\u0131 terapi Almanya&#8217;da yakla\u015f\u0131k 70 &#8211; 120 Avroya mal olmaktad\u0131r.<\/p>\n\n<p>Yukar\u0131da listelenen fiyatlar size yakla\u015f\u0131k bir fikir vermeyi ama\u00e7lamaktad\u0131r ve nihai bir fiyat teklifi de\u011fildir. Bunlar belirli bir yere, tesise ve di\u011fer fakt\u00f6rlere ba\u011fl\u0131 olarak de\u011fi\u015febilir. <a href=\"https:\/\/medclinics.com\/tr\/\" target=\"_blank\" rel=\"noreferrer noopener\">MedClincs dan\u0131\u015fman\u0131n\u0131z<\/a> size ayr\u0131nt\u0131lar\u0131 vermekten mutluluk duyacakt\u0131r.<\/p>\n\n<figure class=\"wp-block-table\"><table><thead><tr><th>\u00dclke  <\/th><th>Fiyat  <\/th><th>De\u011ferlendirme<\/th><\/tr><\/thead><tbody><tr><td>T\u00fcrkiye (Turkey)<\/td><td>~ 20\u20ac &#8211; 100\u20ac<\/td><td>\u2605\u2605\u2605\u2605\u2605<\/td><\/tr><tr><td>Tayland<\/td><td>~ 20\u20ac &#8211; 80\u20ac<\/td><td>\u2605\u2605<\/td><\/tr><tr><td>Polonya<\/td><td>~ 20\u20ac &#8211; 80\u20ac<\/td><td>\u2605\u2605<\/td><\/tr><tr><td>ABD<\/td><td>~ 30\u20ac &#8211; 150\u20ac<\/td><td>\u2605\u2605\u2605<\/td><\/tr><tr><td>Almanya<\/td><td>~ 35\u20ac &#8211; 120\u20ac<\/td><td>\u2605\u2605\u2605<\/td><\/tr><\/tbody><\/table><\/figure>\n\n<h2 class=\"wp-block-heading\" id=\"types-of-classic-cosmetology\">Klasik Kozmetoloji T\u00fcrleri<\/h2>\n<div class=\"jet-listing-grid--blocks   jet-sm-gb-wrapper jet-sm-gb-92f39127-501e-4e66-9bbe-5391f7f3c3cc\"data-element-id=\"92f39127-501e-4e66-9bbe-5391f7f3c3cc\"data-listing-type=\"blocks\"data-is-block=\"jet-engine\/listing-grid\"><div class=\"jet-listing-notice\">Please select listing to show.<\/div><\/div>\n<h2 class=\"wp-block-heading\" id=\"faq\">SSS<\/h2>\n<div id=\"rank-math-faq\" class=\"rank-math-block\">\n<div class=\"rank-math-list \">\n<div id=\"faq-question-1685630312120\" class=\"rank-math-list-item\">\n<h3 class=\"rank-math-question \">Klasik kozmetoloji nedir?<\/h3>\n<div class=\"rank-math-answer \">\n\n<p>Klasik Kozmetoloji, cilt bak\u0131m\u0131, sa\u00e7 bak\u0131m\u0131, makyaj uygulamas\u0131 ve t\u0131rnak bak\u0131m\u0131 gibi teknikler arac\u0131l\u0131\u011f\u0131yla cilt, sa\u00e7 ve t\u0131rnak g\u00f6r\u00fcn\u00fcm\u00fcn\u00fc iyile\u015ftirmeye odaklanan bir dizi g\u00fczellik bak\u0131m\u0131 ve uygulamas\u0131n\u0131 ifade eder.<\/p>\n\n<\/div>\n<\/div>\n<div id=\"faq-question-1685630455020\" class=\"rank-math-list-item\">\n<h3 class=\"rank-math-question \">Cilt temizli\u011fi nedir?<\/h3>\n<div class=\"rank-math-answer \">\n\n<p>Cilt temizli\u011fi, cilt y\u00fczeyindeki kiri, ya\u011f\u0131, kirleri ve makyaj\u0131 temizleme i\u015flemini ifade eder. Cildi iyice temizlemek i\u00e7in su veya di\u011fer uygun sol\u00fcsyonlarla birlikte temizleyiciler veya y\u00fcz y\u0131kay\u0131c\u0131lar\u0131 gibi temizleme \u00fcr\u00fcnlerinin kullan\u0131lmas\u0131n\u0131 i\u00e7erir.<\/p>\n\n<\/div>\n<\/div>\n<div id=\"faq-question-1685630456142\" class=\"rank-math-list-item\">\n<h3 class=\"rank-math-question \">Kimyasal peeling nedir?<\/h3>\n<div class=\"rank-math-answer \">\n\n<p>Kimyasal peeling, cilde, tipik olarak y\u00fcze, boyuna veya ellere kimyasal bir sol\u00fcsyon uygulanmas\u0131n\u0131 i\u00e7eren kozmetik bir prosed\u00fcrd\u00fcr.<\/p>\n\n<\/div>\n<\/div>\n<div id=\"faq-question-1685630457891\" class=\"rank-math-list-item\">\n<h3 class=\"rank-math-question \">Cilt maskeleri nedir?<\/h3>\n<div class=\"rank-math-answer \">\n\n<p>Y\u00fcz maskeleri veya y\u00fcz maskeleri olarak da bilinen cilt maskeleri, cilde \u00e7e\u015fitli faydalar sa\u011flamak i\u00e7in y\u00fcze uygulanan topikal cilt bak\u0131m \u00fcr\u00fcnleridir.<\/p>\n\n<\/div>\n<\/div>\n<div id=\"faq-question-1685630458997\" class=\"rank-math-list-item\">\n<h3 class=\"rank-math-question \">Masaj nedir?<\/h3>\n<div class=\"rank-math-answer \">\n\n<p>Masaj terap\u00f6tik bir uygulamad\u0131r. Yo\u011furma, ovma ve bas\u0131n\u00e7 uygulama gibi \u00e7e\u015fitli teknikler kullanarak kaslar, tendonlar, ba\u011flar ve ba\u011f dokusu dahil olmak \u00fczere v\u00fccudun yumu\u015fak dokular\u0131n\u0131 manip\u00fcle etmeyi i\u00e7erir. Rahatlamay\u0131 te\u015fvik etmeyi, kas gerginli\u011fini gidermeyi, stresi azaltmay\u0131, dola\u015f\u0131m\u0131 iyile\u015ftirmeyi ama\u00e7lar.<\/p>\n\n<\/div>\n<\/div>\n<div id=\"faq-question-1685630460130\" class=\"rank-math-list-item\">\n<h3 class=\"rank-math-question \">Parafin tedavisi nedir?<\/h3>\n<div class=\"rank-math-answer \">\n\n<p>Parafin terapisi, kozmetoloji ve cilt bak\u0131m\u0131 alan\u0131nda kullan\u0131lan tedavi edici bir tekniktir. Ellere, ayaklara veya di\u011fer v\u00fccut b\u00f6lgelerine s\u0131cak parafin mumu uygulanmas\u0131n\u0131 i\u00e7erir.<\/p>\n\n<\/div>\n<\/div>\n<div id=\"faq-question-1685630493539\" class=\"rank-math-list-item\">\n<h3 class=\"rank-math-question \">Sarg\u0131 veya talasoterapi nedir?<\/h3>\n<div class=\"rank-math-answer \">\n\n<p>Sarma, kil veya yosun gibi maddelerin v\u00fccuda uyguland\u0131\u011f\u0131 ve rahatlama sa\u011flamak ve potansiyel olarak detoksifikasyonu te\u015fvik etmek i\u00e7in sar\u0131ld\u0131\u011f\u0131 bir kapl\u0131ca tedavisidir. Talasoterapi, terap\u00f6tik faydalar i\u00e7in \u00f6zellikle deniz suyunu ve deniz bazl\u0131 maddeleri kullan\u0131r.<\/p>\n\n<\/div>\n<\/div>\n<\/div>\n<\/div>\n<h2 class=\"wp-block-heading\" id=\"history\">Tarih<\/h2>\n\n<h3 class=\"wp-block-heading\" id=\"breast-surgeries-have-been-documented-for-centuries-although-mostly-on-men\">Klasik Kozmetoloji, M\u0131s\u0131r, Mezopotamya, Yunanistan ve Roma gibi eski uygarl\u0131klara kadar uzanan uzun bir ge\u00e7mi\u015fe sahiptir.<\/h3>\n\n<p>R\u00f6nesans d\u00f6nemi ile 19. ve 20. y\u00fczy\u0131llarda \u00f6nemli geli\u015fmeler ya\u015fayarak zaman i\u00e7inde evrim ge\u00e7irmi\u015ftir. G\u00fczellik salonlar\u0131 ve kapl\u0131calar\u0131n y\u00fckseli\u015fiyle birlikte kozmetoloji alan\u0131 halk i\u00e7in daha eri\u015filebilir hale geldi. Modern \u00e7a\u011fda Klasik Kozmetoloji, standartla\u015ft\u0131r\u0131lm\u0131\u015f e\u011fitim ve sertifikasyonlarla tan\u0131nan bir meslek haline gelmi\u015ftir. G\u00fcn\u00fcm\u00fczde, cilt bak\u0131m\u0131, sa\u00e7 bak\u0131m\u0131, t\u0131rnak bak\u0131m\u0131 ve makyaj sanat\u00e7\u0131l\u0131\u011f\u0131 gibi \u00e7e\u015fitli hizmetleri kapsamakta, s\u00fcrekli de\u011fi\u015fen g\u00fczellik end\u00fcstrisine uyum sa\u011flamakta ve g\u00f6r\u00fcn\u00fcmlerini geli\u015ftirmek isteyen bireylerin isteklerini kar\u015f\u0131lamaktad\u0131r.<\/p>\n","protected":false},"excerpt":{"rendered":"<p>Klasik kozmetoloji bir y\u00fcz ve v\u00fccut cilt bak\u0131m\u0131 y\u00f6ntemidir. G\u00fczelli\u011fi geri kazanman\u0131n ve uzatman\u0131n etkili ve g\u00fcvenilir bir yolu olarak [&hellip;]<\/p>\n","protected":false},"author":4,"featured_media":93381,"parent":0,"menu_order":0,"comment_status":"closed","ping_status":"closed","template":"","meta":{"site-sidebar-layout":"default","site-content-layout":"","ast-site-content-layout":"default","site-content-style":"default","site-sidebar-style":"default","ast-global-header-display":"","ast-banner-title-visibility":"","ast-main-header-display":"","ast-hfb-above-header-display":"","ast-hfb-below-header-display":"","ast-hfb-mobile-header-display":"","site-post-title":"","ast-breadcrumbs-content":"","ast-featured-img":"","footer-sml-layout":"","ast-disable-related-posts":"","theme-transparent-header-meta":"","adv-header-id-meta":"","stick-header-meta":"","header-above-stick-meta":"","header-main-stick-meta":"","header-below-stick-meta":"","astra-migrate-meta-layouts":"default","ast-page-background-enabled":"default","ast-page-background-meta":{"desktop":{"background-color":"var(--ast-global-color-4)","background-image":"","background-repeat":"repeat","background-position":"center center","background-size":"auto","background-attachment":"scroll","background-type":"","background-media":"","overlay-type":"","overlay-color":"","overlay-opacity":"","overlay-gradient":""},"tablet":{"background-color":"","background-image":"","background-repeat":"repeat","background-position":"center center","background-size":"auto","background-attachment":"scroll","background-type":"","background-media":"","overlay-type":"","overlay-color":"","overlay-opacity":"","overlay-gradient":""},"mobile":{"background-color":"","background-image":"","background-repeat":"repeat","background-position":"center center","background-size":"auto","background-attachment":"scroll","background-type":"","background-media":"","overlay-type":"","overlay-color":"","overlay-opacity":"","overlay-gradient":""}},"ast-content-background-meta":{"desktop":{"background-color":"var(--ast-global-color-5)","background-image":"","background-repeat":"repeat","background-position":"center center","background-size":"auto","background-attachment":"scroll","background-type":"","background-media":"","overlay-type":"","overlay-color":"","overlay-opacity":"","overlay-gradient":""},"tablet":{"background-color":"var(--ast-global-color-5)","background-image":"","background-repeat":"repeat","background-position":"center center","background-size":"auto","background-attachment":"scroll","background-type":"","background-media":"","overlay-type":"","overlay-color":"","overlay-opacity":"","overlay-gradient":""},"mobile":{"background-color":"var(--ast-global-color-5)","background-image":"","background-repeat":"repeat","background-position":"center center","background-size":"auto","background-attachment":"scroll","background-type":"","background-media":"","overlay-type":"","overlay-color":"","overlay-opacity":"","overlay-gradient":""}},"footnotes":""},"class_list":["post-147363","page","type-page","status-publish","has-post-thumbnail","hentry"],"_links":{"self":[{"href":"https:\/\/medclinics.com\/tr\/wp-json\/wp\/v2\/pages\/147363","targetHints":{"allow":["GET"]}}],"collection":[{"href":"https:\/\/medclinics.com\/tr\/wp-json\/wp\/v2\/pages"}],"about":[{"href":"https:\/\/medclinics.com\/tr\/wp-json\/wp\/v2\/types\/page"}],"author":[{"embeddable":true,"href":"https:\/\/medclinics.com\/tr\/wp-json\/wp\/v2\/users\/4"}],"replies":[{"embeddable":true,"href":"https:\/\/medclinics.com\/tr\/wp-json\/wp\/v2\/comments?post=147363"}],"version-history":[{"count":0,"href":"https:\/\/medclinics.com\/tr\/wp-json\/wp\/v2\/pages\/147363\/revisions"}],"wp:featuredmedia":[{"embeddable":true,"href":"https:\/\/medclinics.com\/tr\/wp-json\/wp\/v2\/media\/93381"}],"wp:attachment":[{"href":"https:\/\/medclinics.com\/tr\/wp-json\/wp\/v2\/media?parent=147363"}],"curies":[{"name":"wp","href":"https:\/\/api.w.org\/{rel}","templated":true}]}}