{"id":147351,"date":"2023-06-20T12:15:06","date_gmt":"2023-06-20T09:15:06","guid":{"rendered":"https:\/\/medclinics.com\/als-amyotrofik-lateral-skleroz\/"},"modified":"2024-12-30T19:18:08","modified_gmt":"2024-12-30T16:18:08","slug":"als-amyotrofik-lateral-skleroz","status":"publish","type":"page","link":"https:\/\/medclinics.com\/tr\/als-amyotrofik-lateral-skleroz\/","title":{"rendered":"ALS (Amyotrofik Lateral Skleroz)"},"content":{"rendered":"\n<h2 class=\"wp-block-heading\">MedClinics ile do\u011fru ellerdesiniz. Bu bizim ALS tedavi k\u0131lavuzumuzdur.<\/h2>\n\n<p><a href=\"https:\/\/en.wikipedia.org\/wiki\/ALS\" target=\"_blank\" rel=\"noreferrer noopener\">Lou Gehrig hastal\u0131\u011f\u0131<\/a> olarak da bilinir ve ad\u0131n\u0131 hastal\u0131\u011fa yakalanan \u00fcnl\u00fc beyzbol oyuncusundan al\u0131r. Beyin ve omurilikteki sinir h\u00fccrelerini etkileyen ilerleyici bir n\u00f6rodejeneratif hastal\u0131\u011f\u0131 ifade eder.<\/p>\n\n<p>\u00d6ncelikle istemli kas hareketini kontrol etmekten sorumlu motor n\u00f6ronlar\u0131 etkiler. Hastal\u0131k ilerledik\u00e7e, bu motor n\u00f6ronlar dejenere olur ve \u00f6l\u00fcr, bu da kas g\u00fc\u00e7s\u00fczl\u00fc\u011f\u00fcne, koordinasyon kayb\u0131na ve nihai felce yol a\u00e7ar. Konu\u015fma, yutma ve nefes alma dahil olmak \u00fczere bir ki\u015finin fiziksel i\u015flevlerinin \u00e7e\u015fitli y\u00f6nlerini etkileyebilir.<\/p>\n\n<p>Kesin nedeni hala tam olarak anla\u015f\u0131lamam\u0131\u015ft\u0131r, ancak genetik ve \u00e7evresel fakt\u00f6r kombinasyonlar\u0131n\u0131 i\u00e7erir. Vakalar\u0131n \u00e7o\u011fu sporadiktir. Bu, bilinen bir aile \u00f6yk\u00fcs\u00fc olmadan ortaya \u00e7\u0131kt\u0131klar\u0131 anlam\u0131na gelir. Ancak vakalar\u0131n yakla\u015f\u0131k %5-10&#8217;u genetiktir ve spesifik gen mutasyonlar\u0131ndan kaynaklan\u0131r.<\/p>\n\n<p>\u015eu anda bir tedavisi yoktur ve hastal\u0131k de\u011fi\u015fken bir ilerleme h\u0131z\u0131na sahiptir. ALS&#8217;nin en son tedavisi semptomlar\u0131 y\u00f6netmeye, destekleyici bak\u0131m sa\u011flamaya ve hastan\u0131n ya\u015fam kalitesini art\u0131rmaya odaklanm\u0131\u015ft\u0131r. Multidisipliner bir yakla\u015f\u0131m farkl\u0131 y\u00f6nleri ele al\u0131r ve hastalara kapsaml\u0131 bak\u0131m sa\u011flar. MedClinics olarak, en iyi n\u00f6rologlar\u0131 ve klinikleri uygun fiyatlarla bulmak i\u00e7in buraday\u0131z!<\/p>\n\n<h3 class=\"wp-block-heading\">Semptomlar, tedavi ve daha fazlas\u0131 dahil olmak \u00fczere <a href=\"https:\/\/medclinics.com\/tr\/noroloji\/\" target=\"_blank\" rel=\"noreferrer noopener\">n\u00f6roloji<\/a> hakk\u0131nda bilmeniz gereken her \u015fey veya <a href=\"#requestform\">bizimle ileti\u015fime<\/a> ge\u00e7in!<\/h3>\n\n<h2 class=\"wp-block-heading\">SSS<\/h2>\n<div id=\"rank-math-faq\" class=\"rank-math-block\">\n<div class=\"rank-math-list \">\n<div id=\"faq-question-1687261537162\" class=\"rank-math-list-item\">\n<h3 class=\"rank-math-question \">ALS hastal\u0131\u011f\u0131 nedir?<\/h3>\n<div class=\"rank-math-answer \">\n\n<p>Beyin ve omurilikteki sinir h\u00fccrelerini etkileyen dejeneratif bir durumdur. Motor n\u00f6ronlar\u0131n kademeli olarak bozulmas\u0131na neden olarak kas g\u00fc\u00e7s\u00fczl\u00fc\u011f\u00fc, sertlik ve nihayetinde fel\u00e7le sonu\u00e7lan\u0131r.<\/p>\n\n<\/div>\n<\/div>\n<div id=\"faq-question-1687261459654\" class=\"rank-math-list-item\">\n<h3 class=\"rank-math-question \">ALS nas\u0131l te\u015fhis edilir?<\/h3>\n<div class=\"rank-math-answer \">\n\n<p>T\u0131bbi ge\u00e7mi\u015f de\u011ferlendirmesi, fizik muayene ve elektromiyografi (EMG), sinir iletim \u00e7al\u0131\u015fmas\u0131 (NCS), g\u00f6r\u00fcnt\u00fcleme testleri, kan ve idrar testleri ve baz\u0131 durumlarda lomber ponksiyon gibi testlerin bir kombinasyonu ile te\u015fhis edilir. S\u00fcre\u00e7, semptomlar\u0131n di\u011fer olas\u0131 nedenlerini ekarte etmeyi ve karakteristik belirtileri tan\u0131mlamay\u0131 ama\u00e7lamaktad\u0131r.<\/p>\n\n<\/div>\n<\/div>\n<div id=\"faq-question-1687261537969\" class=\"rank-math-list-item\">\n<h3 class=\"rank-math-question \">ALS tedavi edilebilir mi?<\/h3>\n<div class=\"rank-math-answer \">\n\n<p>\u015eu anda amiyotrofik lateral sklerozun bilinen bir tedavisi yoktur. Semptomlar\u0131 y\u00f6netmek, hastal\u0131\u011f\u0131n ilerlemesini yava\u015flatmak ve ya\u015fam kalitesini art\u0131rmak i\u00e7in tedaviler mevcut olsa da<\/p>\n\n<\/div>\n<\/div>\n<div id=\"faq-question-1687261538995\" class=\"rank-math-list-item\">\n<h3 class=\"rank-math-question \">ALS \u00f6nlenebilir mi?<\/h3>\n<div class=\"rank-math-answer \">\n\n<p>\u015eu anda amiyotrofik lateral skleroz geli\u015fimini \u00f6nlemenin bilinen bir yolu yoktur. Kesin nedeni hala tam olarak anla\u015f\u0131lamam\u0131\u015ft\u0131r ve genetik ve \u00e7evresel fakt\u00f6rlerin bir kombinasyonu olarak d\u00fc\u015f\u00fcn\u00fclmektedir. Olu\u015fmas\u0131n\u0131 engelleyemesek de, bireylerin genel sa\u011fl\u0131k ve esenliklerini korumak i\u00e7in atabilecekleri ad\u0131mlar vard\u0131r; \u00f6rne\u011fin sa\u011fl\u0131kl\u0131 beslenmek ve \u00e7evresel toksinlerden ka\u00e7\u0131nmak gibi.<\/p>\n\n<\/div>\n<\/div>\n<div id=\"faq-question-1687261539994\" class=\"rank-math-list-item\">\n<h3 class=\"rank-math-question \">ALS semptomlar\u0131 gelip gidebilir mi?<\/h3>\n<div class=\"rank-math-answer \">\n\n<p>Hay\u0131r, semptomlar tipik olarak gelip gitmez. Zaman i\u00e7inde giderek k\u00f6t\u00fcle\u015fme e\u011filimindedirler.<\/p>\n\n<\/div>\n<\/div>\n<div id=\"faq-question-1687261541811\" class=\"rank-math-list-item\">\n<h3 class=\"rank-math-question \">ALS hastal\u0131\u011f\u0131na yakalanma riski en \u00e7ok kimlerde g\u00f6r\u00fcl\u00fcr?<\/h3>\n<div class=\"rank-math-answer \">\n\n<p>Risk fakt\u00f6rleri aras\u0131nda ya\u015f (tipik olarak 40 ila 70 ya\u015f aras\u0131), cinsiyet (erkeklerde biraz daha yayg\u0131nd\u0131r), ailede hastal\u0131k \u00f6yk\u00fcs\u00fc, belirli genetik mutasyonlar ve potansiyel \u00e7evresel maruziyetler yer al\u0131r.<\/p>\n\n<\/div>\n<\/div>\n<div id=\"faq-question-1687261540642\" class=\"rank-math-list-item\">\n<h3 class=\"rank-math-question \">ALS neden erkeklerde daha s\u0131k g\u00f6r\u00fcl\u00fcr?<\/h3>\n<div class=\"rank-math-answer \">\n\n<p>Amiyotrofik lateral sklerozun erkeklerde kad\u0131nlara g\u00f6re daha s\u0131k g\u00f6r\u00fclmesinin nedeni tam olarak anla\u015f\u0131lamam\u0131\u015ft\u0131r. Bununla birlikte, hormonal farkl\u0131l\u0131klar, genetik fakt\u00f6rler, ya\u015fam tarz\u0131 ve \u00e7evresel fakt\u00f6rler gibi \u00e7e\u015fitli fakt\u00f6rler bu cinsiyet farkl\u0131l\u0131\u011f\u0131na katk\u0131da bulunabilir.<\/p>\n\n<\/div>\n<\/div>\n<div id=\"faq-question-1687261543612\" class=\"rank-math-list-item\">\n<h3 class=\"rank-math-question \">ALS kal\u0131tsal olabilir mi?<\/h3>\n<div class=\"rank-math-answer \">\n\n<p>Evet, amiyotrofik lateral skleroz vakalar\u0131n\u0131n k\u00fc\u00e7\u00fck bir y\u00fczdesi kal\u0131tsald\u0131r. Bu tip, ailesel amiyotrofik lateral skleroz olarak bilinir. Vakalar\u0131n yakla\u015f\u0131k %5 ila %10&#8217;u aileseldir, \u00e7o\u011funlu\u011fu sporadiktir (kal\u0131tsal de\u011fildir).<\/p>\n\n<\/div>\n<\/div>\n<div id=\"faq-question-1687261546092\" class=\"rank-math-list-item\">\n<h3 class=\"rank-math-question \">ALS&#8217;nin kal\u0131tsal olup olmad\u0131\u011f\u0131n\u0131 nas\u0131l anlars\u0131n\u0131z?<\/h3>\n<div class=\"rank-math-answer \">\n\n<p>Kal\u0131tsal olup olmad\u0131\u011f\u0131n\u0131 belirlemek i\u00e7in, ailede g\u00fc\u00e7l\u00fc bir hastal\u0131k \u00f6yk\u00fcs\u00fc, erken ba\u015flang\u0131\u00e7 ya\u015f\u0131 ve ALS ile ilgili bilinen bir gen mutasyonunun varl\u0131\u011f\u0131 g\u00f6stergelerdir. Genetik testler daha kesin bilgiler sa\u011flayabilir.<\/p>\n\n<\/div>\n<\/div>\n<div id=\"faq-question-1687261544528\" class=\"rank-math-list-item\">\n<h3 class=\"rank-math-question \">ALS n\u00f6betlere neden olabilir mi?<\/h3>\n<div class=\"rank-math-answer \">\n\n<p>N\u00f6betler amiyotrofik lateral sklerozun yayg\u0131n bir belirtisi de\u011fildir. \u00d6ncelikle istemli kas hareketini kontrol etmekten sorumlu motor n\u00f6ronlar\u0131 etkiler. Bu da kas g\u00fc\u00e7s\u00fczl\u00fc\u011f\u00fcne, sertli\u011fe ve nihayetinde felce yol a\u00e7ar.<\/p>\n\n<\/div>\n<\/div>\n<\/div>\n<\/div>\n<p>\u00a0<\/p>\n\n<h3 class=\"wp-block-heading\">Herhangi bir sorunuz olmas\u0131 durumunda hemen bizimle ileti\u015fime ge\u00e7in!<\/h3>\n","protected":false},"excerpt":{"rendered":"<p>MedClinics ile do\u011fru ellerdesiniz. Bu bizim ALS tedavi k\u0131lavuzumuzdur. Lou Gehrig hastal\u0131\u011f\u0131 olarak da bilinir ve ad\u0131n\u0131 hastal\u0131\u011fa yakalanan \u00fcnl\u00fc [&hellip;]<\/p>\n","protected":false},"author":4,"featured_media":95522,"parent":0,"menu_order":0,"comment_status":"closed","ping_status":"closed","template":"","meta":{"site-sidebar-layout":"default","site-content-layout":"","ast-site-content-layout":"default","site-content-style":"default","site-sidebar-style":"default","ast-global-header-display":"","ast-banner-title-visibility":"","ast-main-header-display":"","ast-hfb-above-header-display":"","ast-hfb-below-header-display":"","ast-hfb-mobile-header-display":"","site-post-title":"","ast-breadcrumbs-content":"","ast-featured-img":"","footer-sml-layout":"","ast-disable-related-posts":"","theme-transparent-header-meta":"","adv-header-id-meta":"","stick-header-meta":"","header-above-stick-meta":"","header-main-stick-meta":"","header-below-stick-meta":"","astra-migrate-meta-layouts":"default","ast-page-background-enabled":"default","ast-page-background-meta":{"desktop":{"background-color":"var(--ast-global-color-4)","background-image":"","background-repeat":"repeat","background-position":"center center","background-size":"auto","background-attachment":"scroll","background-type":"","background-media":"","overlay-type":"","overlay-color":"","overlay-opacity":"","overlay-gradient":""},"tablet":{"background-color":"","background-image":"","background-repeat":"repeat","background-position":"center center","background-size":"auto","background-attachment":"scroll","background-type":"","background-media":"","overlay-type":"","overlay-color":"","overlay-opacity":"","overlay-gradient":""},"mobile":{"background-color":"","background-image":"","background-repeat":"repeat","background-position":"center center","background-size":"auto","background-attachment":"scroll","background-type":"","background-media":"","overlay-type":"","overlay-color":"","overlay-opacity":"","overlay-gradient":""}},"ast-content-background-meta":{"desktop":{"background-color":"var(--ast-global-color-5)","background-image":"","background-repeat":"repeat","background-position":"center center","background-size":"auto","background-attachment":"scroll","background-type":"","background-media":"","overlay-type":"","overlay-color":"","overlay-opacity":"","overlay-gradient":""},"tablet":{"background-color":"var(--ast-global-color-5)","background-image":"","background-repeat":"repeat","background-position":"center center","background-size":"auto","background-attachment":"scroll","background-type":"","background-media":"","overlay-type":"","overlay-color":"","overlay-opacity":"","overlay-gradient":""},"mobile":{"background-color":"var(--ast-global-color-5)","background-image":"","background-repeat":"repeat","background-position":"center center","background-size":"auto","background-attachment":"scroll","background-type":"","background-media":"","overlay-type":"","overlay-color":"","overlay-opacity":"","overlay-gradient":""}},"footnotes":""},"class_list":["post-147351","page","type-page","status-publish","has-post-thumbnail","hentry"],"_links":{"self":[{"href":"https:\/\/medclinics.com\/tr\/wp-json\/wp\/v2\/pages\/147351","targetHints":{"allow":["GET"]}}],"collection":[{"href":"https:\/\/medclinics.com\/tr\/wp-json\/wp\/v2\/pages"}],"about":[{"href":"https:\/\/medclinics.com\/tr\/wp-json\/wp\/v2\/types\/page"}],"author":[{"embeddable":true,"href":"https:\/\/medclinics.com\/tr\/wp-json\/wp\/v2\/users\/4"}],"replies":[{"embeddable":true,"href":"https:\/\/medclinics.com\/tr\/wp-json\/wp\/v2\/comments?post=147351"}],"version-history":[{"count":0,"href":"https:\/\/medclinics.com\/tr\/wp-json\/wp\/v2\/pages\/147351\/revisions"}],"wp:featuredmedia":[{"embeddable":true,"href":"https:\/\/medclinics.com\/tr\/wp-json\/wp\/v2\/media\/95522"}],"wp:attachment":[{"href":"https:\/\/medclinics.com\/tr\/wp-json\/wp\/v2\/media?parent=147351"}],"curies":[{"name":"wp","href":"https:\/\/api.w.org\/{rel}","templated":true}]}}