{"id":147347,"date":"2023-06-19T14:22:26","date_gmt":"2023-06-19T11:22:26","guid":{"rendered":"https:\/\/medclinics.com\/akne-tedavisi\/"},"modified":"2024-12-30T19:18:03","modified_gmt":"2024-12-30T16:18:03","slug":"akne-tedavisi","status":"publish","type":"page","link":"https:\/\/medclinics.com\/tr\/akne-tedavisi\/","title":{"rendered":"Akne Tedavisi"},"content":{"rendered":"\n<h2 class=\"wp-block-heading\">Yumu\u015fak ve p\u00fcr\u00fczs\u00fcz bir cilde sahip olmak istiyorsan\u0131z, akne tedavisi sizin i\u00e7in en iyi se\u00e7enek olabilir.<\/h2>\n\n<p>Dermatolojide akne tedavisi, aknenin \u015fiddetine ve t\u00fcr\u00fcne ba\u011fl\u0131 olarak bir dizi yakla\u015f\u0131m\u0131 i\u00e7erir. Benzoil peroksit, salisilik asit, retinoidler veya antibiyotikler gibi bile\u015fenler i\u00e7eren kremler, jeller veya losyonlar gibi topikal ila\u00e7lar iltihab\u0131 azaltarak, g\u00f6zenekleri a\u00e7arak ve bakterileri \u00f6ld\u00fcrerek akneyi kontrol etmeye yard\u0131mc\u0131 olabilir.<\/p>\n\n<p>Daha orta ila \u015fiddetli vakalarda antibiyotikler veya oral retinoidler gibi oral ila\u00e7lar re\u00e7ete edilebilir. Dermatologlar genellikle ki\u015fiselle\u015ftirilmi\u015f bir tedavi plan\u0131 olu\u015fturmak i\u00e7in farkl\u0131 topikal veya oral ila\u00e7lar\u0131 birle\u015ftirirler. Hormonal aknesi olan kad\u0131nlar i\u00e7in do\u011fum kontrol haplar\u0131 veya anti-androjen ila\u00e7lar gibi hormonal tedavi \u00f6nerilebilir.<\/p>\n\n<p>Akneyi gidermek i\u00e7in ekstraksiyon, <a href=\"https:\/\/medclinics.com\/tr\/kimyasal-peeling\/\" target=\"_blank\" rel=\"noreferrer noopener\">kimyasal peeling<\/a> veya lazer\/\u0131\u015f\u0131k tedavisi gibi ofis i\u00e7i prosed\u00fcrler de uygulanabilir. Ayr\u0131ca dermatologlar, <a href=\"https:\/\/en.wikipedia.org\/wiki\/Acne\" target=\"_blank\" rel=\"noopener\">akne<\/a> y\u00f6netimini desteklemek i\u00e7in cilt bak\u0131m rutinleri, ya\u015fam tarz\u0131 de\u011fi\u015fiklikleri ve uygun cilt bak\u0131m uygulamalar\u0131 konusunda rehberlik sa\u011flar. \u00d6zel akne durumunuz i\u00e7in en etkili tedavi se\u00e7eneklerini belirlemek \u00fczere bir dermatolo\u011fa dan\u0131\u015fman\u0131z \u00f6nemlidir.<\/p>\n\n<h3 class=\"wp-block-heading\">Bak\u0131m sonras\u0131 ve iyile\u015fme s\u00fcreci de dahil olmak \u00fczere <a href=\"https:\/\/medclinics.com\/tr\/dermatoloji\/\" target=\"_blank\" rel=\"noreferrer noopener\">dermatoloji<\/a> hakk\u0131nda bilmeniz gereken her \u015fey veya <a href=\"#requestform\">bizimle ileti\u015fime<\/a> ge\u00e7in!<\/h3>\n\n<figure class=\"wp-block-image size-full\"><img fetchpriority=\"high\" decoding=\"async\" width=\"960\" height=\"550\" src=\"https:\/\/medclinics.com\/wp-content\/uploads\/2023\/02\/anti-acne-treatment-in-istanbul-in-turkey.jpg\" alt=\"t&#xFC;rkiye'de-istanbul'da-sivilce-tedavisi\" class=\"wp-image-70302\" srcset=\"https:\/\/medclinics.com\/wp-content\/uploads\/2023\/02\/anti-acne-treatment-in-istanbul-in-turkey.jpg 960w, https:\/\/medclinics.com\/wp-content\/uploads\/2023\/02\/anti-acne-treatment-in-istanbul-in-turkey-300x172.jpg 300w, https:\/\/medclinics.com\/wp-content\/uploads\/2023\/02\/anti-acne-treatment-in-istanbul-in-turkey-280x160.jpg 280w, https:\/\/medclinics.com\/wp-content\/uploads\/2023\/02\/anti-acne-treatment-in-istanbul-in-turkey-768x440.jpg 768w, https:\/\/medclinics.com\/wp-content\/uploads\/2023\/02\/anti-acne-treatment-in-istanbul-in-turkey-600x344.jpg 600w\" sizes=\"(max-width: 960px) 100vw, 960px\" \/><\/figure>\n\n<h2 class=\"wp-block-heading\">SSS<\/h2>\n<div id=\"rank-math-faq\" class=\"rank-math-block\">\n<div class=\"rank-math-list \">\n<div id=\"faq-question-1687183693010\" class=\"rank-math-list-item\">\n<h3 class=\"rank-math-question \">Akne tedavisi i\u015fe yar\u0131yor mu?<\/h3>\n<div class=\"rank-math-answer \">\n\n<p>Bir\u00e7ok birey i\u00e7in akne semptomlar\u0131n\u0131 y\u00f6netmede ve iyile\u015ftirmede etkili olabilir.<\/p>\n\n<\/div>\n<\/div>\n<div id=\"faq-question-1687183697713\" class=\"rank-math-list-item\">\n<h3 class=\"rank-math-question \">En iyi akne tedavisi hangisidir?<\/h3>\n<div class=\"rank-math-answer \">\n\n<p>Akne i\u00e7in en iyi tedavi her birey i\u00e7in de\u011fi\u015fir \u00e7\u00fcnk\u00fc aknenin t\u00fcr\u00fc ve \u015fiddeti gibi fakt\u00f6rlere ba\u011fl\u0131d\u0131r.<\/p>\n\n<\/div>\n<\/div>\n<div id=\"faq-question-1687183698763\" class=\"rank-math-list-item\">\n<h3 class=\"rank-math-question \">Akne tedavisi sa\u00e7 d\u00f6k\u00fclmesine neden olabilir mi?<\/h3>\n<div class=\"rank-math-answer \">\n\n<p>Akne tedavilerinin genellikle do\u011frudan bir yan etki olarak sa\u00e7 d\u00f6k\u00fclmesine neden oldu\u011fu bilinmemektedir. Bununla birlikte, bireysel tepkiler de\u011fi\u015febilir ve di\u011fer fakt\u00f6rler sa\u00e7 d\u00f6k\u00fclmesine katk\u0131da bulunabilir.<\/p>\n\n<\/div>\n<\/div>\n<div id=\"faq-question-1687183699346\" class=\"rank-math-list-item\">\n<h3 class=\"rank-math-question \">Akne tedavisi etkili midir?<\/h3>\n<div class=\"rank-math-answer \">\n\n<p>Evet, tedaviler bir\u00e7ok birey i\u00e7in akne semptomlar\u0131n\u0131 y\u00f6netmede ve iyile\u015ftirmede etkili olabilir. Tedavinin etkinli\u011fi akne \u015fiddeti, tedaviye ba\u011fl\u0131l\u0131k ve bireysel yan\u0131t gibi fakt\u00f6rlere ba\u011fl\u0131 olarak de\u011fi\u015fir. Re\u00e7etesiz ve re\u00e7eteli ila\u00e7lar, uygun cilt bak\u0131m\u0131 ve ya\u015fam tarz\u0131 de\u011fi\u015fiklikleri ile birlikte aknenin kontrol alt\u0131na al\u0131nmas\u0131na ve azalt\u0131lmas\u0131na yard\u0131mc\u0131 olabilir.<\/p>\n\n<\/div>\n<\/div>\n<div id=\"faq-question-1687183700313\" class=\"rank-math-list-item\">\n<h3 class=\"rank-math-question \">Akne tedavisi kal\u0131c\u0131 m\u0131d\u0131r?<\/h3>\n<div class=\"rank-math-answer \">\n\n<p>Akne tedavisi akne semptomlar\u0131n\u0131 ba\u015far\u0131l\u0131 bir \u015fekilde y\u00f6netebilir ve kontrol alt\u0131na alabilir, ancak her durumda kal\u0131c\u0131 bir tedavi sa\u011flamayabilir. Ama\u00e7 akne lezyonlar\u0131n\u0131 azaltmak, yeni patlaklar\u0131 \u00f6nlemek ve cildin genel g\u00f6r\u00fcn\u00fcm\u00fcn\u00fc iyile\u015ftirmektir.<\/p>\n\n<\/div>\n<\/div>\n<div id=\"faq-question-1687184093806\" class=\"rank-math-list-item\">\n<h3 class=\"rank-math-question \">Hamilelik s\u0131ras\u0131nda hangi akne tedavisi g\u00fcvenlidir?<\/h3>\n<div class=\"rank-math-answer \">\n\n<p>Hamilelik s\u0131ras\u0131nda, g\u00fcvenli se\u00e7enekler i\u00e7in bir sa\u011fl\u0131k uzman\u0131na dan\u0131\u015fmak en iyisidir. Genel olarak, nazik temizleyiciler, topikal antibiyotikler ve azelaik asit g\u00fcvenli kabul edilebilir. Ancak oral retinoidler ve baz\u0131 oral antibiyotiklerden ka\u00e7\u0131n\u0131lmal\u0131d\u0131r. Do\u011fal ila\u00e7lar dikkatli bir \u015fekilde ve profesyonel rehberlik alt\u0131nda kullan\u0131lmal\u0131d\u0131r. Hamilelik s\u0131ras\u0131nda akne tedavilerini se\u00e7erken hem annenin hem de bebe\u011fin g\u00fcvenli\u011fine \u00f6ncelik vermek \u00e7ok \u00f6nemlidir.<\/p>\n\n<\/div>\n<\/div>\n<\/div>\n<\/div>\n<p>\u00a0<\/p>\n\n<h3 class=\"wp-block-heading\">Herhangi bir sorunuz olmas\u0131 durumunda hemen bizimle ileti\u015fime ge\u00e7in!<\/h3>\n","protected":false},"excerpt":{"rendered":"<p>Yumu\u015fak ve p\u00fcr\u00fczs\u00fcz bir cilde sahip olmak istiyorsan\u0131z, akne tedavisi sizin i\u00e7in en iyi se\u00e7enek olabilir. Dermatolojide akne tedavisi, aknenin [&hellip;]<\/p>\n","protected":false},"author":4,"featured_media":95465,"parent":0,"menu_order":0,"comment_status":"closed","ping_status":"closed","template":"","meta":{"site-sidebar-layout":"default","site-content-layout":"","ast-site-content-layout":"default","site-content-style":"default","site-sidebar-style":"default","ast-global-header-display":"","ast-banner-title-visibility":"","ast-main-header-display":"","ast-hfb-above-header-display":"","ast-hfb-below-header-display":"","ast-hfb-mobile-header-display":"","site-post-title":"","ast-breadcrumbs-content":"","ast-featured-img":"","footer-sml-layout":"","ast-disable-related-posts":"","theme-transparent-header-meta":"","adv-header-id-meta":"","stick-header-meta":"","header-above-stick-meta":"","header-main-stick-meta":"","header-below-stick-meta":"","astra-migrate-meta-layouts":"default","ast-page-background-enabled":"default","ast-page-background-meta":{"desktop":{"background-color":"var(--ast-global-color-4)","background-image":"","background-repeat":"repeat","background-position":"center center","background-size":"auto","background-attachment":"scroll","background-type":"","background-media":"","overlay-type":"","overlay-color":"","overlay-opacity":"","overlay-gradient":""},"tablet":{"background-color":"","background-image":"","background-repeat":"repeat","background-position":"center center","background-size":"auto","background-attachment":"scroll","background-type":"","background-media":"","overlay-type":"","overlay-color":"","overlay-opacity":"","overlay-gradient":""},"mobile":{"background-color":"","background-image":"","background-repeat":"repeat","background-position":"center center","background-size":"auto","background-attachment":"scroll","background-type":"","background-media":"","overlay-type":"","overlay-color":"","overlay-opacity":"","overlay-gradient":""}},"ast-content-background-meta":{"desktop":{"background-color":"var(--ast-global-color-5)","background-image":"","background-repeat":"repeat","background-position":"center center","background-size":"auto","background-attachment":"scroll","background-type":"","background-media":"","overlay-type":"","overlay-color":"","overlay-opacity":"","overlay-gradient":""},"tablet":{"background-color":"var(--ast-global-color-5)","background-image":"","background-repeat":"repeat","background-position":"center center","background-size":"auto","background-attachment":"scroll","background-type":"","background-media":"","overlay-type":"","overlay-color":"","overlay-opacity":"","overlay-gradient":""},"mobile":{"background-color":"var(--ast-global-color-5)","background-image":"","background-repeat":"repeat","background-position":"center center","background-size":"auto","background-attachment":"scroll","background-type":"","background-media":"","overlay-type":"","overlay-color":"","overlay-opacity":"","overlay-gradient":""}},"footnotes":""},"class_list":["post-147347","page","type-page","status-publish","has-post-thumbnail","hentry"],"_links":{"self":[{"href":"https:\/\/medclinics.com\/tr\/wp-json\/wp\/v2\/pages\/147347","targetHints":{"allow":["GET"]}}],"collection":[{"href":"https:\/\/medclinics.com\/tr\/wp-json\/wp\/v2\/pages"}],"about":[{"href":"https:\/\/medclinics.com\/tr\/wp-json\/wp\/v2\/types\/page"}],"author":[{"embeddable":true,"href":"https:\/\/medclinics.com\/tr\/wp-json\/wp\/v2\/users\/4"}],"replies":[{"embeddable":true,"href":"https:\/\/medclinics.com\/tr\/wp-json\/wp\/v2\/comments?post=147347"}],"version-history":[{"count":0,"href":"https:\/\/medclinics.com\/tr\/wp-json\/wp\/v2\/pages\/147347\/revisions"}],"wp:featuredmedia":[{"embeddable":true,"href":"https:\/\/medclinics.com\/tr\/wp-json\/wp\/v2\/media\/95465"}],"wp:attachment":[{"href":"https:\/\/medclinics.com\/tr\/wp-json\/wp\/v2\/media?parent=147347"}],"curies":[{"name":"wp","href":"https:\/\/api.w.org\/{rel}","templated":true}]}}