{"id":147345,"date":"2023-06-20T11:00:01","date_gmt":"2023-06-20T08:00:01","guid":{"rendered":"https:\/\/medclinics.com\/adenilosuksinat-liyaz-eksikligi-asld\/"},"modified":"2024-12-30T19:18:23","modified_gmt":"2024-12-30T16:18:23","slug":"adenilosuksinat-liyaz-eksikligi-asld","status":"publish","type":"page","link":"https:\/\/medclinics.com\/tr\/adenilosuksinat-liyaz-eksikligi-asld\/","title":{"rendered":"Adenilos\u00fcksinat Liyaz Eksikli\u011fi (ASLD)"},"content":{"rendered":"\n<h2 class=\"wp-block-heading\">Adenilos\u00fcksinaz eksikli\u011fi olarak da bilinen adenilos\u00fcksinat liyaz eksikli\u011fi (ASLD), nadir g\u00f6r\u00fclen kal\u0131tsal bir metabolik bozukluktur.<\/h2>\n\n<p>Zihinsel ve motor yeteneklerin geli\u015fiminde gecikmeye, ileti\u015fim ve sosyal etkile\u015fimi etkileyen otistik davran\u0131\u015flara ve n\u00f6betlere yol a\u00e7an beyin i\u015flev bozuklu\u011funa neden olan n\u00f6rolojik bir bozukluktur. ADSL genindeki mutasyonlardan kaynaklan\u0131r ve adenilos\u00fcksinat liyaz enziminin eksikli\u011fine yol a\u00e7ar.<\/p>\n\n<p>Bu enzim, \u00e7e\u015fitli h\u00fccresel i\u015flevler i\u00e7in \u00f6nemli olan p\u00fcrin n\u00fckleotidlerinin sentezi ve bozunmas\u0131 i\u00e7in gerekli olan p\u00fcrin n\u00fckleotid d\u00f6ng\u00fcs\u00fcnde yer al\u0131r.<\/p>\n\n<p>ASLD&#8217;de <a href=\"https:\/\/en.wikipedia.org\/wiki\/Adenylosuccinate_lyase_deficiency\" target=\"_blank\" rel=\"noreferrer noopener\">adenilos\u00fcksinat liyaz eksikli\u011fi<\/a>, p\u00fcrin n\u00fckleotidlerinin normal metabolizmas\u0131n\u0131 bozarak toksik maddelerin birikmesine ve temel molek\u00fcllerin eksikli\u011fine yol a\u00e7ar.<\/p>\n\n<p>Belirtiler b\u00fcy\u00fck \u00f6l\u00e7\u00fcde de\u011fi\u015febilir, ancak tipik olarak zihinsel engellilik, geli\u015fimsel gecikme, n\u00f6betler, hipotoni (zay\u0131f kas tonusu) ve otistik \u00f6zellikleri i\u00e7erir. Di\u011fer olas\u0131 semptomlar aras\u0131nda hareket bozukluklar\u0131, davran\u0131\u015f anormallikleri ve b\u00fcy\u00fcme gecikmeleri yer alabilir.<\/p>\n\n<p>Tipik olarak ADSL genindeki mutasyonlar\u0131 tan\u0131mlamak i\u00e7in genetik test yoluyla te\u015fhis edilir. Tedavi se\u00e7enekleri s\u0131n\u0131rl\u0131d\u0131r ve y\u00f6netim \u00f6ncelikle n\u00f6bet y\u00f6netimi, fiziksel ve mesleki terapiler ve ili\u015fkili semptomlar\u0131n ele al\u0131nmas\u0131 dahil olmak \u00fczere destekleyici bak\u0131ma odaklan\u0131r.<\/p>\n\n<p>Karma\u015f\u0131k bir durum oldu\u011fundan, ayr\u0131nt\u0131l\u0131 bilgi, do\u011fru te\u015fhis ve bireysel duruma g\u00f6re ki\u015fiselle\u015ftirilmi\u015f y\u00f6netim se\u00e7enekleri i\u00e7in bir t\u0131p uzman\u0131na veya genetik uzman\u0131na dan\u0131\u015f\u0131lmal\u0131d\u0131r.<\/p>\n\n<h3 class=\"wp-block-heading\">Bak\u0131m sonras\u0131 ve iyile\u015fme s\u00fcreci de dahil olmak \u00fczere <a href=\"https:\/\/medclinics.com\/tr\/noroloji\/\" target=\"_blank\" rel=\"noreferrer noopener\">n\u00f6roloji<\/a> hakk\u0131nda bilmeniz gereken her \u015fey veya <a href=\"#requestform\">bizimle ileti\u015fime<\/a> ge\u00e7in!<\/h3>\n\n<h2 class=\"wp-block-heading\">SSS<\/h2>\n<div id=\"rank-math-faq\" class=\"rank-math-block\">\n<div class=\"rank-math-list \">\n<div id=\"faq-question-1687257128467\" class=\"rank-math-list-item\">\n<h3 class=\"rank-math-question \">Adenilos\u00fcksinat liyaz eksikli\u011fi kal\u0131tsal m\u0131d\u0131r?<\/h3>\n<div class=\"rank-math-answer \">\n\n<p>Evet, adenilos\u00fcksinat liyaz eksikli\u011fi kal\u0131tsal bir bozukluktur. Otozomal resesif kal\u0131t\u0131m modelini takip eder, yani etkilenen bir birey mutasyona u\u011fram\u0131\u015f ADSL geninin her ebeveynden bir tane olmak \u00fczere iki kopyas\u0131n\u0131 miras al\u0131r.<\/p>\n\n<\/div>\n<\/div>\n<div id=\"faq-question-1687257134450\" class=\"rank-math-list-item\">\n<h3 class=\"rank-math-question \">Adenilos\u00fcksinat liyaz eksikli\u011fi belirtileri nelerdir?<\/h3>\n<div class=\"rank-math-answer \">\n\n<p>Zihinsel engellilik<br \/>Geli\u015fimsel gecikme<br \/>N\u00f6betler<br \/>Hipotoni (kas tonusunun azalmas\u0131)<br \/>Otistik \u00f6zellikler<br \/>Hareket bozukluklar\u0131<br \/>Davran\u0131\u015fsal ve psikiyatrik sorunlar<br \/>B\u00fcy\u00fcme gecikmeleri<\/p>\n\n<\/div>\n<\/div>\n<div id=\"faq-question-1687257507144\" class=\"rank-math-list-item\">\n<h3 class=\"rank-math-question \">ADSL te\u015fhisi nedir?<\/h3>\n<div class=\"rank-math-answer \">\n\n<p>Tan\u0131 tipik olarak klinik de\u011ferlendirme, biyokimyasal testler ve genetik testlerin bir kombinasyonunu i\u00e7erir.<\/p>\n\n<\/div>\n<\/div>\n<div id=\"faq-question-1687257246944\" class=\"rank-math-list-item\">\n<h3 class=\"rank-math-question \">Adenilos\u00fcksinat eksikli\u011fini nas\u0131l tedavi edersiniz?<\/h3>\n<div class=\"rank-math-answer \">\n\n<p>Tedavi, semptomlar\u0131 y\u00f6netmeye ve destekleyici bak\u0131m sa\u011flamaya odaklan\u0131r. Bu, n\u00f6bet y\u00f6netimi, fiziksel ve mesleki terapi, konu\u015fma terapisi, davran\u0131\u015fsal ve e\u011fitimsel m\u00fcdahaleler, belirli semptomlar\u0131 hedefleyen ila\u00e7lar ve beslenme deste\u011fini i\u00e7erir. Tedavi plan\u0131 hastan\u0131n ya\u015fam kalitesini iyile\u015ftirmeyi ama\u00e7lamaktad\u0131r.<\/p>\n\n<\/div>\n<\/div>\n<div id=\"faq-question-1687257423041\" class=\"rank-math-list-item\">\n<h3 class=\"rank-math-question \">Adenilos\u00fcksinaz eksikli\u011fine ne sebep olur?<\/h3>\n<div class=\"rank-math-answer \">\n\n<p>ASLD, ADSL genindeki mutasyonlardan kaynaklan\u0131r. Bu gen mutasyonlar\u0131 adenilos\u00fcksinat liyaz enziminin eksikli\u011fine veya yoklu\u011funa yol a\u00e7arak p\u00fcrin n\u00fckleotid d\u00f6ng\u00fcs\u00fcn\u00fc bozar. Otozomal resesif bir \u015fekilde kal\u0131t\u0131l\u0131r ve bir bireyin mutasyona u\u011fram\u0131\u015f genin iki kopyas\u0131n\u0131 miras almas\u0131n\u0131 gerektirir. Genetik testler, tan\u0131y\u0131 do\u011frulamak ve spesifik mutasyonlar\u0131 tan\u0131mlamak i\u00e7in kullan\u0131l\u0131r.<\/p>\n\n<\/div>\n<\/div>\n<div id=\"faq-question-1687257801484\" class=\"rank-math-list-item\">\n<h3 class=\"rank-math-question \">Adenilos\u00fcksinat liyaz eksikli\u011fi prognozu nedir?<\/h3>\n<div class=\"rank-math-answer \">\n\n<p>Adenilos\u00fcksinat liyaz eksikli\u011fi i\u00e7in prognoz, ki\u015fiye ve semptomlar\u0131n\u0131n \u015fiddetine ba\u011fl\u0131 olarak de\u011fi\u015febilir. \u0130lerleyici bir hastal\u0131kt\u0131r ve semptomlar genellikle zaman i\u00e7inde k\u00f6t\u00fcle\u015fir. Bununla birlikte, erken tan\u0131 ve uygun y\u00f6netim, ya\u015fam kalitesini iyile\u015ftirmeye ve potansiyel olarak hastal\u0131\u011f\u0131n ilerlemesini yava\u015flatmaya yard\u0131mc\u0131 olabilir. Multidisipliner bir ekipten s\u00fcrekli t\u0131bbi bak\u0131m ve destek almak bireyler i\u00e7in \u00f6nemlidir.<\/p>\n\n<\/div>\n<\/div>\n<\/div>\n<\/div>\n<p>\u00a0<\/p>\n\n<h3 class=\"wp-block-heading\">Herhangi bir sorunuz olmas\u0131 durumunda hemen bizimle ileti\u015fime ge\u00e7in!<\/h3>\n","protected":false},"excerpt":{"rendered":"<p>Adenilos\u00fcksinaz eksikli\u011fi olarak da bilinen adenilos\u00fcksinat liyaz eksikli\u011fi (ASLD), nadir g\u00f6r\u00fclen kal\u0131tsal bir metabolik bozukluktur. Zihinsel ve motor yeteneklerin geli\u015fiminde [&hellip;]<\/p>\n","protected":false},"author":4,"featured_media":95567,"parent":0,"menu_order":0,"comment_status":"closed","ping_status":"closed","template":"","meta":{"site-sidebar-layout":"default","site-content-layout":"","ast-site-content-layout":"default","site-content-style":"default","site-sidebar-style":"default","ast-global-header-display":"","ast-banner-title-visibility":"","ast-main-header-display":"","ast-hfb-above-header-display":"","ast-hfb-below-header-display":"","ast-hfb-mobile-header-display":"","site-post-title":"","ast-breadcrumbs-content":"","ast-featured-img":"","footer-sml-layout":"","ast-disable-related-posts":"","theme-transparent-header-meta":"","adv-header-id-meta":"","stick-header-meta":"","header-above-stick-meta":"","header-main-stick-meta":"","header-below-stick-meta":"","astra-migrate-meta-layouts":"default","ast-page-background-enabled":"default","ast-page-background-meta":{"desktop":{"background-color":"var(--ast-global-color-4)","background-image":"","background-repeat":"repeat","background-position":"center center","background-size":"auto","background-attachment":"scroll","background-type":"","background-media":"","overlay-type":"","overlay-color":"","overlay-opacity":"","overlay-gradient":""},"tablet":{"background-color":"","background-image":"","background-repeat":"repeat","background-position":"center center","background-size":"auto","background-attachment":"scroll","background-type":"","background-media":"","overlay-type":"","overlay-color":"","overlay-opacity":"","overlay-gradient":""},"mobile":{"background-color":"","background-image":"","background-repeat":"repeat","background-position":"center center","background-size":"auto","background-attachment":"scroll","background-type":"","background-media":"","overlay-type":"","overlay-color":"","overlay-opacity":"","overlay-gradient":""}},"ast-content-background-meta":{"desktop":{"background-color":"var(--ast-global-color-5)","background-image":"","background-repeat":"repeat","background-position":"center center","background-size":"auto","background-attachment":"scroll","background-type":"","background-media":"","overlay-type":"","overlay-color":"","overlay-opacity":"","overlay-gradient":""},"tablet":{"background-color":"var(--ast-global-color-5)","background-image":"","background-repeat":"repeat","background-position":"center center","background-size":"auto","background-attachment":"scroll","background-type":"","background-media":"","overlay-type":"","overlay-color":"","overlay-opacity":"","overlay-gradient":""},"mobile":{"background-color":"var(--ast-global-color-5)","background-image":"","background-repeat":"repeat","background-position":"center center","background-size":"auto","background-attachment":"scroll","background-type":"","background-media":"","overlay-type":"","overlay-color":"","overlay-opacity":"","overlay-gradient":""}},"footnotes":""},"class_list":["post-147345","page","type-page","status-publish","has-post-thumbnail","hentry"],"_links":{"self":[{"href":"https:\/\/medclinics.com\/tr\/wp-json\/wp\/v2\/pages\/147345","targetHints":{"allow":["GET"]}}],"collection":[{"href":"https:\/\/medclinics.com\/tr\/wp-json\/wp\/v2\/pages"}],"about":[{"href":"https:\/\/medclinics.com\/tr\/wp-json\/wp\/v2\/types\/page"}],"author":[{"embeddable":true,"href":"https:\/\/medclinics.com\/tr\/wp-json\/wp\/v2\/users\/4"}],"replies":[{"embeddable":true,"href":"https:\/\/medclinics.com\/tr\/wp-json\/wp\/v2\/comments?post=147345"}],"version-history":[{"count":0,"href":"https:\/\/medclinics.com\/tr\/wp-json\/wp\/v2\/pages\/147345\/revisions"}],"wp:featuredmedia":[{"embeddable":true,"href":"https:\/\/medclinics.com\/tr\/wp-json\/wp\/v2\/media\/95567"}],"wp:attachment":[{"href":"https:\/\/medclinics.com\/tr\/wp-json\/wp\/v2\/media?parent=147345"}],"curies":[{"name":"wp","href":"https:\/\/api.w.org\/{rel}","templated":true}]}}