{"id":147339,"date":"2023-06-02T07:18:28","date_gmt":"2023-06-02T04:18:28","guid":{"rendered":"https:\/\/medclinics.com\/kimyasal-peeling\/"},"modified":"2024-04-14T23:04:57","modified_gmt":"2024-04-14T20:04:57","slug":"kimyasal-peeling","status":"publish","type":"page","link":"https:\/\/medclinics.com\/tr\/kimyasal-peeling\/","title":{"rendered":"Kimyasal peeling"},"content":{"rendered":"\n<h2 class=\"wp-block-heading\">Cilt h\u00fccrelerinizi yenilemek ve g\u00fczel bir renk, p\u00fcr\u00fczs\u00fcz ve bak\u0131ml\u0131 bir g\u00f6r\u00fcn\u00fcm elde etmek i\u00e7in bir yol ar\u0131yorsan\u0131z, Kimyasal Peeling en iyi \u00e7\u00f6z\u00fcm olabilir.<\/h2>\n\n<p>Kimyasal peeling, sadece birka\u00e7 i\u015flemle y\u00fcz\u00fc yenilemek ve temizlemek, rahatlamay\u0131 e\u015fitlemek, ince k\u0131r\u0131\u015f\u0131kl\u0131klar\u0131 gidermek i\u00e7in bir f\u0131rsatt\u0131r. Seanslardan sonra cilt h\u00fccreleri tamamen yenilenecektir,  <\/p>\n\n<h3 class=\"wp-block-heading\"><strong>T\u00fcm kimyasal peelingler 3 tipe ayr\u0131labilir:<\/strong><\/h3>\n\n<ul class=\"wp-block-list\">\n<li>y\u00fczeysel kimyasal peeling &#8211; sadece epidermis (cildin en \u00fcst tabakas\u0131) etkilenir;<\/li>\n\n\n\n<li>medyan kimyasal peeling &#8211; epidermis ve dermis (y\u00fczeysel katmanlar) \u00fczerinde etki;<\/li>\n\n\n\n<li>derin kimyasal peeling &#8211; cildin alt katmanlar\u0131na etki eder.<\/li>\n<\/ul>\n\n<h3 class=\"wp-block-heading\"><a href=\"https:\/\/medclinics.com\/tr\/istanbul-turkiyede-dermatoloji-en-iyi-dermatologlar-fiyatlar-klinikler\/\" data-type=\"post\" data-id=\"146967\">Kimyasal peeling<\/a> \u00e7e\u015fitleri:<\/h3>\n\n<figure class=\"wp-block-image size-full\"><img fetchpriority=\"high\" decoding=\"async\" width=\"780\" height=\"488\" src=\"https:\/\/medclinics.com\/wp-content\/uploads\/2024\/04\/chemical-peeling-beauty-salon-near-me.jpg\" alt=\"kimyasal-peeling-g&#xFC;zellik-salonu-bana-yak&#x131;n\" class=\"wp-image-161745\" srcset=\"https:\/\/medclinics.com\/wp-content\/uploads\/2024\/04\/chemical-peeling-beauty-salon-near-me.jpg 780w, https:\/\/medclinics.com\/wp-content\/uploads\/2024\/04\/chemical-peeling-beauty-salon-near-me-300x188.jpg 300w, https:\/\/medclinics.com\/wp-content\/uploads\/2024\/04\/chemical-peeling-beauty-salon-near-me-768x480.jpg 768w\" sizes=\"(max-width: 780px) 100vw, 780px\" \/><\/figure>\n\n<ul class=\"wp-block-list\">\n<li><strong>Glikolik asit (meyve asidi) bazl\u0131 kimyasal peeling<\/strong><br\/>En yayg\u0131n y\u00fczeysel peeling t\u00fcr\u00fcd\u00fcr (cildin sadece \u00fcst tabakas\u0131n\u0131 etkiler). Glikolik asit, ince k\u0131r\u0131\u015f\u0131kl\u0131klar, geni\u015flemi\u015f g\u00f6zenekler, hiperpigmentasyon, akne sonras\u0131, ya\u011f bezlerinin artmas\u0131 gibi sorunlar\u0131 \u00e7\u00f6zmek i\u00e7in yayg\u0131n olarak kullan\u0131l\u0131r.<br\/>Cilde kolayca n\u00fcfuz eder ve burada epidermisin fizyolojik durumunu etkiler. Cilt aktif olarak yenilenmeye, nemlenmeye ve elastik hale gelmeye ba\u015flar.<br\/>Bu sayede g\u00fczel bir cilt geri kazan\u0131l\u0131r, t\u00fcm sinirlilik, ince k\u0131r\u0131\u015f\u0131kl\u0131klar ve sivilceler kaybolur. Y\u00fczeysel etki nedeniyle, glikol peeling minimum rehabilitasyon s\u00fcresi gerektirir.<\/li>\n\n\n\n<li><strong>Retinoik sar\u0131 soyulma<\/strong><br\/>Bu, en pop\u00fcler orta boy peelinglerden biridir. Peeling, sar\u0131 bir renge sahip olan retinoik asit bazl\u0131d\u0131r. Prosed\u00fcr farkl\u0131 cilt tiplerinde uygulanabilir, ilk ya\u015flanma belirtilerinde, hiperpigmentasyonda ve d\u00fczensiz cilt y\u00fczeyinde (yara izleri) \u00f6nerilir.<br\/>Retinoik asit ya\u011fda \u00e7\u00f6z\u00fcnen bir asittir, bir antioksidand\u0131r. Cilde n\u00fcfuz etti\u011finde, epidermisi etkileyerek keratinizasyon ve pigmentasyon s\u00fcre\u00e7lerini d\u00fczenler.<br\/>Ya\u015fla birlikte yava\u015f yava\u015f tahrip olan (ve sonu\u00e7 olarak k\u0131r\u0131\u015f\u0131kl\u0131klar\u0131n ortaya \u00e7\u0131kt\u0131\u011f\u0131) h\u00fccreler aras\u0131 matrisi geri kazand\u0131r\u0131r. Retinoik asidin \u00f6zelliklerinden biri de sebum salg\u0131lanma seviyesini \u00f6nemli \u00f6l\u00e7\u00fcde azaltmas\u0131d\u0131r.<br\/>\u0130\u015flem sonucunda epidermisteki kan ve lenf dola\u015f\u0131m\u0131 iyile\u015fir, cilt temizlenir, onar\u0131l\u0131r, sa\u011fl\u0131kl\u0131 ve bak\u0131ml\u0131 bir g\u00f6r\u00fcn\u00fcm kazan\u0131r.<\/li>\n\n\n\n<li><strong>S\u00fct soyma<\/strong><br\/>Bu peeling cildin y\u00fczeysel katmanlar\u0131na etki eder. Kan mikrosirk\u00fclasyonunu iyile\u015ftiren, h\u00fccre yenilenmesini sa\u011flayan, cildi kal\u0131nla\u015ft\u0131ran ve nemlendiren laktik asit bazl\u0131d\u0131r. S\u00fctle peeling daha az travmatiktir ve hi\u00e7bir yan etkisi yoktur. S\u00fctle peeling hassas ciltler i\u00e7in bile endikedir.<br\/>Cilt p\u00fcr\u00fczs\u00fczle\u015fir, sa\u011fl\u0131kl\u0131, sulu bir g\u00f6r\u00fcn\u00fcm kazan\u0131r, tonu ve elastikiyeti geri kazan\u0131l\u0131r. Bile\u015fime dahil edilen antioksidanlar anti-enflamatuar bir etkiye sahiptir, bu nedenle prosed\u00fcr akne tedavisi i\u00e7in etkilidir.<\/li>\n\n\n\n<li><strong>Akne Peelingi<\/strong><br\/>Bu, Akne paketi kullan\u0131larak uzman\u0131n ofisinde profesyonel bir tedavidir ve sonu\u00e7lar\u0131n daha sonra evde s\u00fcrd\u00fcr\u00fclmesidir.<br\/>Akneye neden olan \u00e7e\u015fitli fakt\u00f6rleri kapsayan geni\u015f bir yakla\u015f\u0131m, akneye e\u011filimli cildin etkilerini ba\u015far\u0131l\u0131 bir \u015fekilde kontrol edebilir ve azaltabilir: folik\u00fcler kanallar\u0131n temizlenmesi, sebum \u00fcretiminin azalt\u0131lmas\u0131, bakteriyel b\u00fcy\u00fcmenin kontrol\u00fc, inflamasyonun azalt\u0131lmas\u0131, akne sonras\u0131 hiperpigmentasyonun azalt\u0131lmas\u0131.<br\/>Prosed\u00fcrlerden sonra akne tekrar tekrar ortaya \u00e7\u0131karsa, bunun nedeni b\u00fcy\u00fck olas\u0131l\u0131kla v\u00fccudun yanl\u0131\u015f i\u015fleyi\u015finde yatmaktad\u0131r. O zaman bir terapist, jinekolog veya endokrinolog ile ileti\u015fime ge\u00e7meniz gerekir. Baz\u0131 durumlarda, bir antibiyotik k\u00fcr\u00fc veya hormon tedavisi yard\u0131mc\u0131 olur.<\/li>\n\n\n\n<li><strong>Kozmelan Peelingi<\/strong><br\/>Cosmelan depigmentasyon program\u0131, y\u00fcz, boyun, dekolte ve ellerdeki melanin kaynakl\u0131 pigment lekelerini ortadan kald\u0131rmak i\u00e7in tasarlanm\u0131\u015f profesyonel bir beyazlatma program\u0131d\u0131r. Program, ya\u015fl\u0131l\u0131k lekelerinin ortadan kald\u0131r\u0131lmas\u0131n\u0131n yan\u0131 s\u0131ra gen\u00e7le\u015ftirici bir etki, cildi e\u015fitleme ve cilt kalitesini iyile\u015ftirme gibi kal\u0131c\u0131 ve g\u00f6zle g\u00f6r\u00fcl\u00fcr bir sonu\u00e7 sa\u011flar.<br\/>H\u00fccre yenilenmesinin ve k\u0131lcal damar dola\u015f\u0131m\u0131n\u0131n uyar\u0131lmas\u0131 sayesinde cilt daha yumu\u015fak, p\u00fcr\u00fczs\u00fcz, parlak hale gelir ve do\u011fal ten rengi iyile\u015fir. Birka\u00e7 hafta sonra, cildin durumundaki iyile\u015fmeleri fark edeceksiniz &#8211; ya\u015fl\u0131l\u0131k lekeleri daha a\u00e7\u0131k hale gelecek, cilt parlak ve e\u015fit renkte olacakt\u0131r.<\/li>\n<\/ul>\n\n<h3 class=\"wp-block-heading\">Fiyat, bak\u0131m sonras\u0131 ve iyile\u015fme s\u00fcreci de dahil olmak \u00fczere <a href=\"https:\/\/medclinics.com\/tr\/klasik-kozmetoloji\/\" target=\"_blank\" rel=\"noreferrer noopener\">klasik kozmetoloji<\/a> hakk\u0131nda bilmeniz gereken her \u015fey veya <a href=\"#requestform\">bizimle ileti\u015fime<\/a> ge\u00e7in!<\/h3>\n\n<h2 class=\"wp-block-heading\">SSS  <\/h2>\n<div id=\"rank-math-faq\" class=\"rank-math-block\">\n<div class=\"rank-math-list \">\n<div id=\"faq-question-1685689865914\" class=\"rank-math-list-item\">\n<h3 class=\"rank-math-question \">Kimyasal peeling nedir?<\/h3>\n<div class=\"rank-math-answer \">\n\n<p>Kimyasal peeling, cildi pul pul d\u00f6kmek ve gen\u00e7le\u015ftirmek i\u00e7in kimyasal bir \u00e7\u00f6zelti kullanan ve \u00e7e\u015fitli cilt sorunlar\u0131n\u0131 ele alan bir prosed\u00fcrd\u00fcr.<\/p>\n\n<\/div>\n<\/div>\n<div id=\"faq-question-1685689958437\" class=\"rank-math-list-item\">\n<h3 class=\"rank-math-question \">Mikroi\u011fneleme mi yoksa kimyasal peeling mi daha etkilidir?<\/h3>\n<div class=\"rank-math-answer \">\n\n<p>Mikroi\u011fneleme, kolajen \u00fcretimini uyar\u0131r ve belirli yara izlerini tedavi eder. Kimyasal peeling y\u00fczey seviyesindeki cilt sorunlar\u0131n\u0131 hedef al\u0131r ve cildin yenilenmesini destekler, bu nedenle ikisi aras\u0131ndaki se\u00e7im \u00f6zel ihtiya\u00e7lara ve hedeflere ba\u011fl\u0131 olacakt\u0131r.<\/p>\n\n<\/div>\n<\/div>\n<div id=\"faq-question-1685689961439\" class=\"rank-math-list-item\">\n<h3 class=\"rank-math-question \">Yara izleri i\u00e7in mikroi\u011fneleme mi yoksa kimyasal peeling mi daha iyidir?<\/h3>\n<div class=\"rank-math-answer \">\n\n<p>Hem mikroi\u011fneleme hem de kimyasal peeling, belirli yara izi t\u00fcrlerinin tedavisinde etkili olabilir.<\/p>\n\n<\/div>\n<\/div>\n<\/div>\n<\/div>\n<p><\/p>\n\n<h3 class=\"wp-block-heading\">Herhangi bir sorunuz olmas\u0131 durumunda hemen bizimle ileti\u015fime ge\u00e7in!<\/h3>\n","protected":false},"excerpt":{"rendered":"<p>Cilt h\u00fccrelerinizi yenilemek ve g\u00fczel bir renk, p\u00fcr\u00fczs\u00fcz ve bak\u0131ml\u0131 bir g\u00f6r\u00fcn\u00fcm elde etmek i\u00e7in bir yol ar\u0131yorsan\u0131z, Kimyasal Peeling [&hellip;]<\/p>\n","protected":false},"author":4,"featured_media":161751,"parent":0,"menu_order":0,"comment_status":"closed","ping_status":"closed","template":"","meta":{"site-sidebar-layout":"default","site-content-layout":"","ast-site-content-layout":"default","site-content-style":"default","site-sidebar-style":"default","ast-global-header-display":"","ast-banner-title-visibility":"","ast-main-header-display":"","ast-hfb-above-header-display":"","ast-hfb-below-header-display":"","ast-hfb-mobile-header-display":"","site-post-title":"","ast-breadcrumbs-content":"","ast-featured-img":"","footer-sml-layout":"","ast-disable-related-posts":"","theme-transparent-header-meta":"","adv-header-id-meta":"","stick-header-meta":"","header-above-stick-meta":"","header-main-stick-meta":"","header-below-stick-meta":"","astra-migrate-meta-layouts":"default","ast-page-background-enabled":"default","ast-page-background-meta":{"desktop":{"background-color":"var(--ast-global-color-4)","background-image":"","background-repeat":"repeat","background-position":"center center","background-size":"auto","background-attachment":"scroll","background-type":"","background-media":"","overlay-type":"","overlay-color":"","overlay-opacity":"","overlay-gradient":""},"tablet":{"background-color":"","background-image":"","background-repeat":"repeat","background-position":"center center","background-size":"auto","background-attachment":"scroll","background-type":"","background-media":"","overlay-type":"","overlay-color":"","overlay-opacity":"","overlay-gradient":""},"mobile":{"background-color":"","background-image":"","background-repeat":"repeat","background-position":"center center","background-size":"auto","background-attachment":"scroll","background-type":"","background-media":"","overlay-type":"","overlay-color":"","overlay-opacity":"","overlay-gradient":""}},"ast-content-background-meta":{"desktop":{"background-color":"var(--ast-global-color-5)","background-image":"","background-repeat":"repeat","background-position":"center center","background-size":"auto","background-attachment":"scroll","background-type":"","background-media":"","overlay-type":"","overlay-color":"","overlay-opacity":"","overlay-gradient":""},"tablet":{"background-color":"var(--ast-global-color-5)","background-image":"","background-repeat":"repeat","background-position":"center center","background-size":"auto","background-attachment":"scroll","background-type":"","background-media":"","overlay-type":"","overlay-color":"","overlay-opacity":"","overlay-gradient":""},"mobile":{"background-color":"var(--ast-global-color-5)","background-image":"","background-repeat":"repeat","background-position":"center center","background-size":"auto","background-attachment":"scroll","background-type":"","background-media":"","overlay-type":"","overlay-color":"","overlay-opacity":"","overlay-gradient":""}},"footnotes":""},"class_list":["post-147339","page","type-page","status-publish","has-post-thumbnail","hentry"],"_links":{"self":[{"href":"https:\/\/medclinics.com\/tr\/wp-json\/wp\/v2\/pages\/147339","targetHints":{"allow":["GET"]}}],"collection":[{"href":"https:\/\/medclinics.com\/tr\/wp-json\/wp\/v2\/pages"}],"about":[{"href":"https:\/\/medclinics.com\/tr\/wp-json\/wp\/v2\/types\/page"}],"author":[{"embeddable":true,"href":"https:\/\/medclinics.com\/tr\/wp-json\/wp\/v2\/users\/4"}],"replies":[{"embeddable":true,"href":"https:\/\/medclinics.com\/tr\/wp-json\/wp\/v2\/comments?post=147339"}],"version-history":[{"count":0,"href":"https:\/\/medclinics.com\/tr\/wp-json\/wp\/v2\/pages\/147339\/revisions"}],"wp:featuredmedia":[{"embeddable":true,"href":"https:\/\/medclinics.com\/tr\/wp-json\/wp\/v2\/media\/161751"}],"wp:attachment":[{"href":"https:\/\/medclinics.com\/tr\/wp-json\/wp\/v2\/media?parent=147339"}],"curies":[{"name":"wp","href":"https:\/\/api.w.org\/{rel}","templated":true}]}}