{"id":147329,"date":"2023-07-17T10:06:34","date_gmt":"2023-07-17T07:06:34","guid":{"rendered":"https:\/\/medclinics.com\/migren-tedavisi\/"},"modified":"2024-04-08T13:48:18","modified_gmt":"2024-04-08T10:48:18","slug":"migren-tedavisi","status":"publish","type":"page","link":"https:\/\/medclinics.com\/tr\/migren-tedavisi\/","title":{"rendered":"Migren Tedavisi"},"content":{"rendered":"\n<h2 class=\"wp-block-heading\">Migrenle m\u00fccadeleye ho\u015f geldiniz! Siz de tekrar tekrar bu korkun\u00e7 ba\u015f a\u011fr\u0131lar\u0131ndan muzdarip misiniz? Anti migren tedavisi ile buna bir son verin!<\/h2>\n\n<p>Rahats\u0131zl\u0131\u011f\u0131n\u0131z\u0131 hafifletmeye yard\u0131mc\u0131 olacak \u00e7e\u015fitli etkili migren kar\u015f\u0131t\u0131 tedaviler mevcuttur. Etkili bir se\u00e7enek kas gev\u015feticilerdir.<\/p>\n\n<p>Kas gev\u015feticiler merkezi sinir sistemi \u00fczerinde \u00e7al\u0131\u015f\u0131r. T\u00fcm v\u00fccuttaki kaslarda gerginli\u011fi ve a\u011fr\u0131y\u0131 azaltacakt\u0131r. Bu nedenle, belirgin boyun veya omuz tutulumu ile migren ataklar\u0131 ya\u015fayanlar i\u00e7in ideal bir se\u00e7imdir ve \u00e7ok etkili bir migren <a href=\"https:\/\/medclinics.com\/tr\/kirisiklik-tedavisi\/\" target=\"_blank\" data-type=\"page\" data-id=\"145799\" rel=\"noreferrer noopener\">tedavi<\/a> y\u00f6ntemidir<\/p>\n\n<p>Ayr\u0131ca, ya\u015fam tarz\u0131 de\u011fi\u015fiklikleri ve \u00f6nleyici ila\u00e7lar da faydal\u0131 olabilir. Ancak bazen bu yeterli olmaz ve ba\u015fka \u00f6nlemlere ihtiya\u00e7 duyulur. \u0130\u015fte bu noktada kas gev\u015feticiler devreye girerek di\u011fer se\u00e7enekler yetersiz kald\u0131\u011f\u0131nda rahatlama sa\u011flar.<br\/>Dolay\u0131s\u0131yla, migrenin neden oldu\u011fu s\u00fcrekli ba\u015f ve boyun a\u011fr\u0131lar\u0131yla ya\u015famaktan b\u0131kt\u0131ysan\u0131z, kas gev\u015fetici tedavisi sizin i\u00e7in do\u011fru migren tedavisi olabilir!<\/p>\n\n<figure class=\"wp-block-image size-full\"><img fetchpriority=\"high\" decoding=\"async\" width=\"780\" height=\"488\" src=\"https:\/\/medclinics.com\/wp-content\/uploads\/2024\/04\/anti-migraine-treatment-near-me.jpg\" alt=\"anti-migren-tedavisi-bana-yak&#x131;n\" class=\"wp-image-161382\" srcset=\"https:\/\/medclinics.com\/wp-content\/uploads\/2024\/04\/anti-migraine-treatment-near-me.jpg 780w, https:\/\/medclinics.com\/wp-content\/uploads\/2024\/04\/anti-migraine-treatment-near-me-300x188.jpg 300w, https:\/\/medclinics.com\/wp-content\/uploads\/2024\/04\/anti-migraine-treatment-near-me-768x480.jpg 768w\" sizes=\"(max-width: 780px) 100vw, 780px\" \/><\/figure>\n\n<h3 class=\"wp-block-heading\">Fiyat, bak\u0131m sonras\u0131 ve iyile\u015fme s\u00fcreci dahil olmak \u00fczere <a href=\"https:\/\/medclinics.com\/tr\/guzellik\/\" target=\"_blank\" rel=\"noreferrer noopener\">g\u00fczellik tedavisi<\/a> hakk\u0131nda bilmeniz gereken her \u015fey veya <a href=\"#requestform\">bizimle ileti\u015fime<\/a> ge\u00e7in!<\/h3>\n\n<h2 class=\"wp-block-heading\">SSS <\/h2>\n<div id=\"rank-math-faq\" class=\"rank-math-block\">\n<div class=\"rank-math-list \">\n<div id=\"faq-question-1684851552320\" class=\"rank-math-list-item\">\n<h3 class=\"rank-math-question \">Kas gev\u015feticiler migreni tamamen tedavi edebilir mi?<\/h3>\n<div class=\"rank-math-answer \">\n\n<p>Kas gev\u015feticiler migren i\u00e7in bir tedavi olarak kabul edilmez. Genellikle kas gerginli\u011fini hafifletmeye ve ili\u015fkili semptomlar\u0131 azaltmaya yard\u0131mc\u0131 olmak i\u00e7in ek tedavi olarak kullan\u0131l\u0131rlar. Migren y\u00f6netimi genellikle her bireye g\u00f6re uyarlanm\u0131\u015f yakla\u015f\u0131mlar\u0131n bir kombinasyonunu i\u00e7erir.<\/p>\n\n<\/div>\n<\/div>\n<div id=\"faq-question-1684851594998\" class=\"rank-math-list-item\">\n<h3 class=\"rank-math-question \">Kas gev\u015feticiler migrene nas\u0131l yard\u0131mc\u0131 olur?<\/h3>\n<div class=\"rank-math-answer \">\n\n<p>Kas gev\u015feticiler, ba\u015f a\u011fr\u0131s\u0131 ve boyun a\u011fr\u0131s\u0131 gibi migren semptomlar\u0131na katk\u0131da bulunabilen kas gerginli\u011fini gev\u015feterek \u00e7al\u0131\u015f\u0131r. Bu ila\u00e7lar kas gerginli\u011fini azaltarak rahatlama sa\u011flamaya ve genel migren y\u00f6netimini iyile\u015ftirmeye yard\u0131mc\u0131 olabilir.  <\/p>\n\n<\/div>\n<\/div>\n<div id=\"faq-question-1684851677686\" class=\"rank-math-list-item\">\n<h3 class=\"rank-math-question \">Kas gev\u015feticiler migren i\u00e7in yayg\u0131n olarak re\u00e7ete edilir mi?<\/h3>\n<div class=\"rank-math-answer \">\n\n<p>Migren i\u00e7in ilk hareket tarz\u0131 olarak kas gev\u015fetici re\u00e7ete etmek yayg\u0131n bir uygulama de\u011fildir. Tipik olarak sadece di\u011fer yakla\u015f\u0131mlar\u0131n kas gerginli\u011fi ile ilgili semptomlar\u0131 ele almada etkisiz oldu\u011fu kan\u0131tland\u0131\u011f\u0131nda veya migren ataklar\u0131 s\u0131ras\u0131nda kayda de\u011fer miktarda kas tutulumu mevcutsa \u00f6nerilir<\/p>\n\n<\/div>\n<\/div>\n<\/div>\n<\/div>\n<h3 class=\"wp-block-heading\">Herhangi bir sorunuz olmas\u0131 durumunda hemen bizimle ileti\u015fime ge\u00e7in!<\/h3>\n","protected":false},"excerpt":{"rendered":"<p>Migrenle m\u00fccadeleye ho\u015f geldiniz! Siz de tekrar tekrar bu korkun\u00e7 ba\u015f a\u011fr\u0131lar\u0131ndan muzdarip misiniz? Anti migren tedavisi ile buna bir [&hellip;]<\/p>\n","protected":false},"author":4,"featured_media":161396,"parent":0,"menu_order":0,"comment_status":"closed","ping_status":"closed","template":"","meta":{"site-sidebar-layout":"default","site-content-layout":"","ast-site-content-layout":"default","site-content-style":"default","site-sidebar-style":"default","ast-global-header-display":"","ast-banner-title-visibility":"","ast-main-header-display":"","ast-hfb-above-header-display":"","ast-hfb-below-header-display":"","ast-hfb-mobile-header-display":"","site-post-title":"","ast-breadcrumbs-content":"","ast-featured-img":"","footer-sml-layout":"","ast-disable-related-posts":"","theme-transparent-header-meta":"","adv-header-id-meta":"","stick-header-meta":"","header-above-stick-meta":"","header-main-stick-meta":"","header-below-stick-meta":"","astra-migrate-meta-layouts":"default","ast-page-background-enabled":"default","ast-page-background-meta":{"desktop":{"background-color":"var(--ast-global-color-4)","background-image":"","background-repeat":"repeat","background-position":"center center","background-size":"auto","background-attachment":"scroll","background-type":"","background-media":"","overlay-type":"","overlay-color":"","overlay-opacity":"","overlay-gradient":""},"tablet":{"background-color":"","background-image":"","background-repeat":"repeat","background-position":"center center","background-size":"auto","background-attachment":"scroll","background-type":"","background-media":"","overlay-type":"","overlay-color":"","overlay-opacity":"","overlay-gradient":""},"mobile":{"background-color":"","background-image":"","background-repeat":"repeat","background-position":"center center","background-size":"auto","background-attachment":"scroll","background-type":"","background-media":"","overlay-type":"","overlay-color":"","overlay-opacity":"","overlay-gradient":""}},"ast-content-background-meta":{"desktop":{"background-color":"var(--ast-global-color-5)","background-image":"","background-repeat":"repeat","background-position":"center center","background-size":"auto","background-attachment":"scroll","background-type":"","background-media":"","overlay-type":"","overlay-color":"","overlay-opacity":"","overlay-gradient":""},"tablet":{"background-color":"var(--ast-global-color-5)","background-image":"","background-repeat":"repeat","background-position":"center center","background-size":"auto","background-attachment":"scroll","background-type":"","background-media":"","overlay-type":"","overlay-color":"","overlay-opacity":"","overlay-gradient":""},"mobile":{"background-color":"var(--ast-global-color-5)","background-image":"","background-repeat":"repeat","background-position":"center center","background-size":"auto","background-attachment":"scroll","background-type":"","background-media":"","overlay-type":"","overlay-color":"","overlay-opacity":"","overlay-gradient":""}},"footnotes":""},"class_list":["post-147329","page","type-page","status-publish","has-post-thumbnail","hentry"],"_links":{"self":[{"href":"https:\/\/medclinics.com\/tr\/wp-json\/wp\/v2\/pages\/147329","targetHints":{"allow":["GET"]}}],"collection":[{"href":"https:\/\/medclinics.com\/tr\/wp-json\/wp\/v2\/pages"}],"about":[{"href":"https:\/\/medclinics.com\/tr\/wp-json\/wp\/v2\/types\/page"}],"author":[{"embeddable":true,"href":"https:\/\/medclinics.com\/tr\/wp-json\/wp\/v2\/users\/4"}],"replies":[{"embeddable":true,"href":"https:\/\/medclinics.com\/tr\/wp-json\/wp\/v2\/comments?post=147329"}],"version-history":[{"count":0,"href":"https:\/\/medclinics.com\/tr\/wp-json\/wp\/v2\/pages\/147329\/revisions"}],"wp:featuredmedia":[{"embeddable":true,"href":"https:\/\/medclinics.com\/tr\/wp-json\/wp\/v2\/media\/161396"}],"wp:attachment":[{"href":"https:\/\/medclinics.com\/tr\/wp-json\/wp\/v2\/media?parent=147329"}],"curies":[{"name":"wp","href":"https:\/\/api.w.org\/{rel}","templated":true}]}}