{"id":147261,"date":"2023-03-15T10:21:00","date_gmt":"2023-03-15T07:21:00","guid":{"rendered":"https:\/\/medclinics.com\/penis-buyutme-ameliyati\/"},"modified":"2025-01-02T17:24:28","modified_gmt":"2025-01-02T14:24:28","slug":"penis-buyutme-ameliyati","status":"publish","type":"page","link":"https:\/\/medclinics.com\/tr\/penis-buyutme-ameliyati\/","title":{"rendered":"Penis B\u00fcy\u00fctme Ameliyat\u0131"},"content":{"rendered":"\n<p>Penis b\u00fcy\u00fctme ameliyat\u0131 penis b\u00fcy\u00fctme veya penis uzatma olarak da bilinir. Penisin boyutunu veya \u00e7evresini art\u0131rmak i\u00e7in tasarlanm\u0131\u015f cerrahi bir prosed\u00fcrd\u00fcr. Bu elektif prosed\u00fcr tipik olarak penislerinin boyutundan veya g\u00f6r\u00fcn\u00fcm\u00fcnden memnun olmayan ve \u00f6zg\u00fcvenlerini ve cinsel tatminlerini art\u0131rmak isteyen bireyler taraf\u0131ndan aran\u0131r.<\/p>\n\n<p>Penis b\u00fcy\u00fctme ameliyat\u0131nda kullan\u0131lan farkl\u0131 teknikler vard\u0131r ve spesifik yakla\u015f\u0131m cerraha ve hastan\u0131n hedeflerine ba\u011fl\u0131 olarak de\u011fi\u015febilir. \u0130\u015fte birka\u00e7 yayg\u0131n y\u00f6ntem:<\/p>\n\n<p><strong>Boy Uzatma Prosed\u00fcrleri:<\/strong> Bu prosed\u00fcrler penisin uzunlu\u011funu art\u0131rmay\u0131 ama\u00e7lar. Bir teknik, penis taban\u0131n\u0131 kas\u0131k kemi\u011fine ba\u011flayan ba\u011f\u0131n serbest b\u0131rak\u0131lmas\u0131n\u0131 i\u00e7erir. \u0130\u00e7 penisin bir k\u0131sm\u0131n\u0131n a\u00e7\u0131\u011fa \u00e7\u0131kmas\u0131n\u0131 sa\u011flar ve potansiyel olarak g\u00f6r\u00fcn\u00fcr uzunlu\u011fu art\u0131r\u0131r. Baz\u0131 durumlarda, ilave uzunluk elde etmek i\u00e7in bir ba\u011f rekonstr\u00fcksiyonu prosed\u00fcr\u00fc uygulanabilir.<\/p>\n\n<p><strong>\u00c7evre Geli\u015ftirme Prosed\u00fcrleri:<\/strong> Bu prosed\u00fcrler penisin \u00e7evresini veya \u00e7evresini art\u0131rmaya odaklan\u0131r. Pop\u00fcler y\u00f6ntemlerden biri, hastan\u0131n kendi v\u00fccudundan (tipik olarak kar\u0131n veya uyluk gibi b\u00f6lgelerden) al\u0131nan ya\u011f\u0131n penis \u015faft\u0131na enjekte edilmesini i\u00e7erir. Hacim katabilir ve \u00e7evresi art\u0131rabilir.<\/p>\n\n<p><strong>Kombinasyon Yakla\u015f\u0131mlar\u0131<\/strong>: Baz\u0131 cerrahlar, istenen sonu\u00e7lar\u0131 elde etmek i\u00e7in <a href=\"https:\/\/en.wikipedia.org\/wiki\/Penis_enlargement\" target=\"_blank\" rel=\"noopener\">uzatma ve \u00e7evre geli\u015ftirme t<\/a>ekniklerini bir arada kullanabilir. Bu, ba\u011f gev\u015fetme, ya\u011f transferi veya di\u011fer greftleme tekniklerinin bir kombinasyonunu i\u00e7erebilir.<\/p>\n\n<p>Penis b\u00fcy\u00fctme ameliyat\u0131 T\u00fcrkiye maliyeti ar\u0131yorsan\u0131z, bizimle kolayca ileti\u015fime ge\u00e7ebilirsiniz!<\/p>\n\n<h2 class=\"wp-block-heading\">Fiyat, bak\u0131m sonras\u0131 ve iyile\u015fme s\u00fcreci de dahil olmak \u00fczere <a href=\"https:\/\/medclinics.com\/tr\/genital-estetik\/\" target=\"_blank\" rel=\"noreferrer noopener\">genital estetik<\/a> hakk\u0131nda bilmeniz gereken her \u015fey veya <a href=\"#requestform\">bizimle ileti\u015fime<\/a> ge\u00e7in!<\/h2>\n\n<h2 class=\"wp-block-heading\">SSS<\/h2>\n<div id=\"rank-math-faq\" class=\"rank-math-block\">\n<div class=\"rank-math-list \">\n<div id=\"faq-question-1686823893472\" class=\"rank-math-list-item\">\n<h3 class=\"rank-math-question \">Penis b\u00fcy\u00fctme ameliyat\u0131 nedir?<\/h3>\n<div class=\"rank-math-answer \">\n\n<p>Penis b\u00fcy\u00fctme ameliyat\u0131, penis b\u00fcy\u00fctme veya penis geli\u015ftirme olarak da bilinir. Penisin boyutunu art\u0131rmak veya g\u00f6r\u00fcn\u00fcm\u00fcn\u00fc de\u011fi\u015ftirmek amac\u0131yla yap\u0131lan cerrahi prosed\u00fcrleri ifade eder.<\/p>\n\n<\/div>\n<\/div>\n<div id=\"faq-question-1686823763623\" class=\"rank-math-list-item\">\n<h3 class=\"rank-math-question \">Penis b\u00fcy\u00fctme ameliyat\u0131 ne kadara mal olur?<\/h3>\n<div class=\"rank-math-answer \">\n\n<p>Penis b\u00fcy\u00fctme ameliyat\u0131n\u0131n maliyeti tipik olarak 4.000 ila 10.000 \u20ac aras\u0131nda de\u011fi\u015fmektedir.<\/p>\n\n<\/div>\n<\/div>\n<div id=\"faq-question-1687159489241\" class=\"rank-math-list-item\">\n<h3 class=\"rank-math-question \">Penis boyutunu art\u0131rabilecek enjeksiyon gibi invazif olmayan prosed\u00fcrler var m\u0131?<\/h3>\n<div class=\"rank-math-answer \">\n\n<p>Penis boyutunu kal\u0131c\u0131 olarak art\u0131rabilecek enjeksiyon gibi bilimsel olarak kan\u0131tlanm\u0131\u015f non-invaziv prosed\u00fcrler yoktur. Yan\u0131lt\u0131c\u0131 veya potansiyel olarak g\u00fcvensiz olabilece\u011finden, aksini \u00f6ne s\u00fcren iddialara kar\u015f\u0131 dikkatli olun.<\/p>\n\n<\/div>\n<\/div>\n<div id=\"faq-question-1687159491108\" class=\"rank-math-list-item\">\n<h3 class=\"rank-math-question \">Penis b\u00fcy\u00fctmeyi destekleyebilecek herhangi bir do\u011fal takviye veya bitki var m\u0131?<\/h3>\n<div class=\"rank-math-answer \">\n\n<p>Do\u011fal takviyelerin veya bitkilerin kal\u0131c\u0131 penis b\u00fcy\u00fcmesini te\u015fvik etmedeki etkinli\u011fini destekleyen s\u0131n\u0131rl\u0131 bilimsel kan\u0131t vard\u0131r. Bu t\u00fcr iddialara \u015f\u00fcpheyle yakla\u015fmak ve herhangi bir takviye kullanmadan \u00f6nce sa\u011fl\u0131k uzmanlar\u0131na dan\u0131\u015fmak \u00f6nemlidir.<\/p>\n\n<\/div>\n<\/div>\n<div id=\"faq-question-1687159492061\" class=\"rank-math-list-item\">\n<h3 class=\"rank-math-question \">Traksiyon cihazlar\u0131 veya uzat\u0131c\u0131lar penis boyutunda kal\u0131c\u0131 kazan\u0131mlar sa\u011flayabilir mi?<\/h3>\n<div class=\"rank-math-answer \">\n\n<p>Traksiyon cihazlar\u0131 veya uzat\u0131c\u0131lar penise sabit gerilim uygulayarak ge\u00e7ici geni\u015fleme sa\u011flayabilir. Baz\u0131 \u00e7al\u0131\u015fmalar, uzunlukta hafif, ancak \u00f6nemli olmayan kazan\u0131mlar sa\u011flayabilece\u011fini g\u00f6stermektedir. Bununla birlikte, uzun vadeli sonu\u00e7lar ve g\u00fcvenlik hala tart\u0131\u015fma konusudur.<\/p>\n\n<\/div>\n<\/div>\n<div id=\"faq-question-1687159492885\" class=\"rank-math-list-item\">\n<h3 class=\"rank-math-question \">Penis boyutunu art\u0131rabilecek belirli yiyecekler veya diyetler var m\u0131?<\/h3>\n<div class=\"rank-math-answer \">\n\n<p>Penis boyutunu art\u0131rd\u0131\u011f\u0131 bilimsel olarak kan\u0131tlanm\u0131\u015f belirli bir yiyecek veya diyet yoktur. Bununla birlikte, sa\u011fl\u0131kl\u0131 bir diyet ve ya\u015fam tarz\u0131 s\u00fcrd\u00fcrmek genel cinsel sa\u011fl\u0131k ve esenli\u011fe katk\u0131da bulunabilir.<\/p>\n\n<\/div>\n<\/div>\n<div id=\"faq-question-1687159574935\" class=\"rank-math-list-item\">\n<h3 class=\"rank-math-question \">Penis b\u00fcy\u00fctme prosed\u00fcrlerini d\u00fc\u015f\u00fcnmek i\u00e7in ya\u015famda \u00f6nerilen bir ya\u015f veya zaman var m\u0131?<\/h3>\n<div class=\"rank-math-answer \">\n\n<p>Penis b\u00fcy\u00fctme prosed\u00fcrlerine girme karar\u0131 son derece ki\u015fiseldir ve bireysel ihtiya\u00e7lara ve ko\u015fullara dayanmal\u0131d\u0131r. \u00d6zel durumunuza g\u00f6re rehberlik sa\u011flayabilecek nitelikli bir sa\u011fl\u0131k uzman\u0131na veya \u00fcrolo\u011fa dan\u0131\u015fman\u0131z tavsiye edilir.<\/p>\n\n<\/div>\n<\/div>\n<\/div>\n<\/div>\n<p>\u00a0<\/p>\n\n<h3 class=\"wp-block-heading\">Herhangi bir sorunuz olmas\u0131 durumunda hemen bizimle ileti\u015fime ge\u00e7in!<\/h3>\n","protected":false},"excerpt":{"rendered":"<p>Penis b\u00fcy\u00fctme ameliyat\u0131 penis b\u00fcy\u00fctme veya penis uzatma olarak da bilinir. Penisin boyutunu veya \u00e7evresini art\u0131rmak i\u00e7in tasarlanm\u0131\u015f cerrahi bir [&hellip;]<\/p>\n","protected":false},"author":4,"featured_media":94642,"parent":0,"menu_order":0,"comment_status":"closed","ping_status":"closed","template":"","meta":{"site-sidebar-layout":"default","site-content-layout":"","ast-site-content-layout":"default","site-content-style":"default","site-sidebar-style":"default","ast-global-header-display":"","ast-banner-title-visibility":"","ast-main-header-display":"","ast-hfb-above-header-display":"","ast-hfb-below-header-display":"","ast-hfb-mobile-header-display":"","site-post-title":"","ast-breadcrumbs-content":"","ast-featured-img":"","footer-sml-layout":"","ast-disable-related-posts":"","theme-transparent-header-meta":"","adv-header-id-meta":"","stick-header-meta":"","header-above-stick-meta":"","header-main-stick-meta":"","header-below-stick-meta":"","astra-migrate-meta-layouts":"default","ast-page-background-enabled":"default","ast-page-background-meta":{"desktop":{"background-color":"var(--ast-global-color-4)","background-image":"","background-repeat":"repeat","background-position":"center center","background-size":"auto","background-attachment":"scroll","background-type":"","background-media":"","overlay-type":"","overlay-color":"","overlay-opacity":"","overlay-gradient":""},"tablet":{"background-color":"","background-image":"","background-repeat":"repeat","background-position":"center center","background-size":"auto","background-attachment":"scroll","background-type":"","background-media":"","overlay-type":"","overlay-color":"","overlay-opacity":"","overlay-gradient":""},"mobile":{"background-color":"","background-image":"","background-repeat":"repeat","background-position":"center center","background-size":"auto","background-attachment":"scroll","background-type":"","background-media":"","overlay-type":"","overlay-color":"","overlay-opacity":"","overlay-gradient":""}},"ast-content-background-meta":{"desktop":{"background-color":"var(--ast-global-color-5)","background-image":"","background-repeat":"repeat","background-position":"center center","background-size":"auto","background-attachment":"scroll","background-type":"","background-media":"","overlay-type":"","overlay-color":"","overlay-opacity":"","overlay-gradient":""},"tablet":{"background-color":"var(--ast-global-color-5)","background-image":"","background-repeat":"repeat","background-position":"center center","background-size":"auto","background-attachment":"scroll","background-type":"","background-media":"","overlay-type":"","overlay-color":"","overlay-opacity":"","overlay-gradient":""},"mobile":{"background-color":"var(--ast-global-color-5)","background-image":"","background-repeat":"repeat","background-position":"center center","background-size":"auto","background-attachment":"scroll","background-type":"","background-media":"","overlay-type":"","overlay-color":"","overlay-opacity":"","overlay-gradient":""}},"footnotes":""},"class_list":["post-147261","page","type-page","status-publish","has-post-thumbnail","hentry"],"_links":{"self":[{"href":"https:\/\/medclinics.com\/tr\/wp-json\/wp\/v2\/pages\/147261","targetHints":{"allow":["GET"]}}],"collection":[{"href":"https:\/\/medclinics.com\/tr\/wp-json\/wp\/v2\/pages"}],"about":[{"href":"https:\/\/medclinics.com\/tr\/wp-json\/wp\/v2\/types\/page"}],"author":[{"embeddable":true,"href":"https:\/\/medclinics.com\/tr\/wp-json\/wp\/v2\/users\/4"}],"replies":[{"embeddable":true,"href":"https:\/\/medclinics.com\/tr\/wp-json\/wp\/v2\/comments?post=147261"}],"version-history":[{"count":0,"href":"https:\/\/medclinics.com\/tr\/wp-json\/wp\/v2\/pages\/147261\/revisions"}],"wp:featuredmedia":[{"embeddable":true,"href":"https:\/\/medclinics.com\/tr\/wp-json\/wp\/v2\/media\/94642"}],"wp:attachment":[{"href":"https:\/\/medclinics.com\/tr\/wp-json\/wp\/v2\/media?parent=147261"}],"curies":[{"name":"wp","href":"https:\/\/api.w.org\/{rel}","templated":true}]}}