{"id":147259,"date":"2023-03-12T10:43:54","date_gmt":"2023-03-12T07:43:54","guid":{"rendered":"https:\/\/medclinics.com\/penis-protez-ameliyati\/"},"modified":"2025-01-02T17:24:28","modified_gmt":"2025-01-02T14:24:28","slug":"penis-protez-ameliyati","status":"publish","type":"page","link":"https:\/\/medclinics.com\/tr\/penis-protez-ameliyati\/","title":{"rendered":"Penis Protez Ameliyat\u0131"},"content":{"rendered":"\n<p>Penil implant ameliyat\u0131 olarak da bilinen penil protez ameliyat\u0131, di\u011fer konservatif tedavi se\u00e7eneklerine yan\u0131t vermeyen erektil disfonksiyonu (ED) tedavi etmek i\u00e7in uygulanan cerrahi bir prosed\u00fcrd\u00fcr. Bir erke\u011fin cinsel ili\u015fkiye uygun bir ereksiyon elde etmesini sa\u011flayan t\u0131bbi bir cihaz olan penil protezin yerle\u015ftirilmesini i\u00e7erir.<\/p>\n\n<p>Prosed\u00fcr tipik olarak \u015fiddetli ED&#8217;si olan ve ila\u00e7lar, ya\u015fam tarz\u0131 de\u011fi\u015fiklikleri veya di\u011fer invazif olmayan tedavilerle ba\u015far\u0131ya ula\u015famayan bireyler i\u00e7in \u00f6nerilir. Penis protez ameliyat\u0131, di\u011fer tedavi se\u00e7enekleri t\u00fckendikten sonra son \u00e7are olarak kabul edilir.<\/p>\n\n<p>Ameliyat s\u0131ras\u0131nda cerrah peniste bir kesi yapar ve erektil dokular i\u00e7inde protezi yerle\u015ftirmek i\u00e7in bir bo\u015fluk olu\u015fturur. Protez, penise yerle\u015ftirilen \u015fi\u015firilebilir silindirler, tipik olarak kar\u0131n veya skrotuma yerle\u015ftirilen bir s\u0131v\u0131 rezervuar\u0131 ve skrotuma implante edilen bir pompadan olu\u015fur. \u015ei\u015firilebilir ve \u015fekillendirilebilir (yar\u0131 sert) cihazlar da dahil olmak \u00fczere farkl\u0131 tipte <a href=\"https:\/\/en.wikipedia.org\/wiki\/Penile_implant\" target=\"_blank\" rel=\"noopener\">penil protezler<\/a> mevcuttur.<\/p>\n\n<p>Protez yerine yerle\u015ftirildikten sonra hasta, s\u0131v\u0131y\u0131 rezervuardan silindirlere aktararak ereksiyon olu\u015fturan pompay\u0131 manuel olarak etkinle\u015ftirebilir. Cinsel aktiviteden sonra, s\u0131v\u0131 rezervuara geri g\u00f6nderilir, silindirler s\u00f6nd\u00fcr\u00fcl\u00fcr ve penis sark\u0131k bir duruma geri d\u00f6ner.<\/p>\n\n<h3 class=\"wp-block-heading\"><a href=\"https:\/\/medclinics.com\/tr\/genital-estetik\/\" target=\"_blank\" rel=\"noreferrer noopener\">Genital estetik<\/a> hakk\u0131nda bilmeniz gereken her \u015fey, fiyat ve daha fazlas\u0131 dahil veya <a href=\"#requestform\">bizimle ileti\u015fime<\/a> ge\u00e7in!<\/h3>\n\n<h2 class=\"wp-block-heading\">SSS<\/h2>\n<div id=\"rank-math-faq\" class=\"rank-math-block\">\n<div class=\"rank-math-list \">\n<div id=\"faq-question-1686825109528\" class=\"rank-math-list-item\">\n<h3 class=\"rank-math-question \">Penis protez ameliyat\u0131 nedir?<\/h3>\n<div class=\"rank-math-answer \">\n\n<p>Penis protez ameliyat\u0131, erektil disfonksiyonu tedavi etmek ve ereksiyona izin vermek i\u00e7in penise yapay bir cihaz\u0131n cerrahi olarak implante edildi\u011fi bir prosed\u00fcrd\u00fcr.<\/p>\n\n<\/div>\n<\/div>\n<\/div>\n<\/div>\n<p>\u00a0<\/p>\n\n<h3 class=\"wp-block-heading\">Herhangi bir sorunuz olmas\u0131 durumunda hemen bizimle ileti\u015fime ge\u00e7in!<\/h3>\n","protected":false},"excerpt":{"rendered":"<p>Penil implant ameliyat\u0131 olarak da bilinen penil protez ameliyat\u0131, di\u011fer konservatif tedavi se\u00e7eneklerine yan\u0131t vermeyen erektil disfonksiyonu (ED) tedavi etmek [&hellip;]<\/p>\n","protected":false},"author":4,"featured_media":94673,"parent":0,"menu_order":0,"comment_status":"closed","ping_status":"closed","template":"","meta":{"site-sidebar-layout":"default","site-content-layout":"","ast-site-content-layout":"default","site-content-style":"default","site-sidebar-style":"default","ast-global-header-display":"","ast-banner-title-visibility":"","ast-main-header-display":"","ast-hfb-above-header-display":"","ast-hfb-below-header-display":"","ast-hfb-mobile-header-display":"","site-post-title":"","ast-breadcrumbs-content":"","ast-featured-img":"","footer-sml-layout":"","ast-disable-related-posts":"","theme-transparent-header-meta":"","adv-header-id-meta":"","stick-header-meta":"","header-above-stick-meta":"","header-main-stick-meta":"","header-below-stick-meta":"","astra-migrate-meta-layouts":"default","ast-page-background-enabled":"default","ast-page-background-meta":{"desktop":{"background-color":"var(--ast-global-color-4)","background-image":"","background-repeat":"repeat","background-position":"center center","background-size":"auto","background-attachment":"scroll","background-type":"","background-media":"","overlay-type":"","overlay-color":"","overlay-opacity":"","overlay-gradient":""},"tablet":{"background-color":"","background-image":"","background-repeat":"repeat","background-position":"center center","background-size":"auto","background-attachment":"scroll","background-type":"","background-media":"","overlay-type":"","overlay-color":"","overlay-opacity":"","overlay-gradient":""},"mobile":{"background-color":"","background-image":"","background-repeat":"repeat","background-position":"center center","background-size":"auto","background-attachment":"scroll","background-type":"","background-media":"","overlay-type":"","overlay-color":"","overlay-opacity":"","overlay-gradient":""}},"ast-content-background-meta":{"desktop":{"background-color":"var(--ast-global-color-5)","background-image":"","background-repeat":"repeat","background-position":"center center","background-size":"auto","background-attachment":"scroll","background-type":"","background-media":"","overlay-type":"","overlay-color":"","overlay-opacity":"","overlay-gradient":""},"tablet":{"background-color":"var(--ast-global-color-5)","background-image":"","background-repeat":"repeat","background-position":"center center","background-size":"auto","background-attachment":"scroll","background-type":"","background-media":"","overlay-type":"","overlay-color":"","overlay-opacity":"","overlay-gradient":""},"mobile":{"background-color":"var(--ast-global-color-5)","background-image":"","background-repeat":"repeat","background-position":"center center","background-size":"auto","background-attachment":"scroll","background-type":"","background-media":"","overlay-type":"","overlay-color":"","overlay-opacity":"","overlay-gradient":""}},"footnotes":""},"class_list":["post-147259","page","type-page","status-publish","has-post-thumbnail","hentry"],"_links":{"self":[{"href":"https:\/\/medclinics.com\/tr\/wp-json\/wp\/v2\/pages\/147259","targetHints":{"allow":["GET"]}}],"collection":[{"href":"https:\/\/medclinics.com\/tr\/wp-json\/wp\/v2\/pages"}],"about":[{"href":"https:\/\/medclinics.com\/tr\/wp-json\/wp\/v2\/types\/page"}],"author":[{"embeddable":true,"href":"https:\/\/medclinics.com\/tr\/wp-json\/wp\/v2\/users\/4"}],"replies":[{"embeddable":true,"href":"https:\/\/medclinics.com\/tr\/wp-json\/wp\/v2\/comments?post=147259"}],"version-history":[{"count":0,"href":"https:\/\/medclinics.com\/tr\/wp-json\/wp\/v2\/pages\/147259\/revisions"}],"wp:featuredmedia":[{"embeddable":true,"href":"https:\/\/medclinics.com\/tr\/wp-json\/wp\/v2\/media\/94673"}],"wp:attachment":[{"href":"https:\/\/medclinics.com\/tr\/wp-json\/wp\/v2\/media?parent=147259"}],"curies":[{"name":"wp","href":"https:\/\/api.w.org\/{rel}","templated":true}]}}