{"id":147245,"date":"2023-04-18T14:17:26","date_gmt":"2023-04-18T14:17:26","guid":{"rendered":"https:\/\/medclinics.com\/tibbi-ve-klinik-kontrol-yontemleri\/"},"modified":"2024-03-18T13:25:15","modified_gmt":"2024-03-18T13:25:15","slug":"tibbi-ve-klinik-kontrol-yontemleri","status":"publish","type":"page","link":"https:\/\/medclinics.com\/tr\/tibbi-ve-klinik-kontrol-yontemleri\/","title":{"rendered":"T\u0131bbi ve klinik kontrol y\u00f6ntemleri"},"content":{"rendered":"\n<h2 class=\"wp-block-heading\">Sebebi ne olursa olsun, sorununuzu te\u015fhis etmek i\u00e7in uygun fiyatl\u0131 bir dizi t\u0131bbi muayene mevcuttur.<\/h2>\n\n<p>Her \u015fey MedClinics ile ba\u015fl\u0131yor!<\/p>\n\n<p>\u0130htiyac\u0131n\u0131z olan t\u00fcm bilgiler, rezervasyon i\u00e7in bir yard\u0131m ve tedavi sonras\u0131nda kendinizi daha iyi hissetmenize yard\u0131mc\u0131 olacak bir yard\u0131m.<\/p>\n\n<h2 class=\"wp-block-heading\">T\u0131bbi muayene t\u00fcrleri :<\/h2>\n<div class=\"jet-listing-grid--blocks   jet-sm-gb-wrapper jet-sm-gb-0cf7b254-192e-43d9-a62c-da60482c3509\"data-element-id=\"0cf7b254-192e-43d9-a62c-da60482c3509\"data-listing-type=\"blocks\"data-is-block=\"jet-engine\/listing-grid\"><div class=\"jet-listing-notice\">Please select listing to show.<\/div><\/div>\n<h2 class=\"wp-block-heading\">Vous trouverez ici les meilleurs bilans de sant\u00e9, nous vous helpons \u00e0 voir :<\/h2>\n<div class=\"jet-listing-grid--blocks   jet-sm-gb-wrapper jet-sm-gb-19a0a5bf-4bb0-4260-967f-9db5f991b642\"data-element-id=\"19a0a5bf-4bb0-4260-967f-9db5f991b642\"data-listing-type=\"blocks\"data-is-block=\"jet-engine\/listing-grid\"><div class=\"jet-listing-notice\">Please select listing to show.<\/div><\/div>\n<h2 class=\"wp-block-heading\">Bizimle ileti\u015fime ge\u00e7in, hasta dan\u0131\u015fman\u0131m\u0131z s\u00fcre\u00e7 boyunca size rehberlik edecek ve tavsiyelerde bulunacakt\u0131r!<\/h2>\n\n<p>T\u0131bbi muayeneleriniz i\u00e7in tercih etti\u011finiz tedavi hakk\u0131nda konu\u015fmak i\u00e7in bizimle ileti\u015fime ge\u00e7mekten \u00e7ekinmeyin.<br\/>Dan\u0131\u015fmanlar\u0131m\u0131z, farkl\u0131 prosed\u00fcrleri a\u00e7\u0131klayacak, rezervasyon s\u00fcrecinde size yard\u0131mc\u0131 olacak ve \u00f6zel ihtiya\u00e7lar\u0131n\u0131za en uygun klini\u011fi bulman\u0131za yard\u0131mc\u0131 olmak i\u00e7in t\u00fcm sorular\u0131n\u0131za yan\u0131t verecektir.<\/p>\n\n<p> <\/p>\n","protected":false},"excerpt":{"rendered":"<p>Sebebi ne olursa olsun, sorununuzu te\u015fhis etmek i\u00e7in uygun fiyatl\u0131 bir dizi t\u0131bbi muayene mevcuttur. Her \u015fey MedClinics ile ba\u015fl\u0131yor! [&hellip;]<\/p>\n","protected":false},"author":4,"featured_media":0,"parent":0,"menu_order":0,"comment_status":"closed","ping_status":"closed","template":"","meta":{"site-sidebar-layout":"default","site-content-layout":"","ast-site-content-layout":"default","site-content-style":"default","site-sidebar-style":"default","ast-global-header-display":"","ast-banner-title-visibility":"","ast-main-header-display":"","ast-hfb-above-header-display":"","ast-hfb-below-header-display":"","ast-hfb-mobile-header-display":"","site-post-title":"","ast-breadcrumbs-content":"","ast-featured-img":"","footer-sml-layout":"","ast-disable-related-posts":"","theme-transparent-header-meta":"","adv-header-id-meta":"","stick-header-meta":"","header-above-stick-meta":"","header-main-stick-meta":"","header-below-stick-meta":"","astra-migrate-meta-layouts":"default","ast-page-background-enabled":"default","ast-page-background-meta":{"desktop":{"background-color":"var(--ast-global-color-4)","background-image":"","background-repeat":"repeat","background-position":"center center","background-size":"auto","background-attachment":"scroll","background-type":"","background-media":"","overlay-type":"","overlay-color":"","overlay-opacity":"","overlay-gradient":""},"tablet":{"background-color":"","background-image":"","background-repeat":"repeat","background-position":"center center","background-size":"auto","background-attachment":"scroll","background-type":"","background-media":"","overlay-type":"","overlay-color":"","overlay-opacity":"","overlay-gradient":""},"mobile":{"background-color":"","background-image":"","background-repeat":"repeat","background-position":"center center","background-size":"auto","background-attachment":"scroll","background-type":"","background-media":"","overlay-type":"","overlay-color":"","overlay-opacity":"","overlay-gradient":""}},"ast-content-background-meta":{"desktop":{"background-color":"var(--ast-global-color-5)","background-image":"","background-repeat":"repeat","background-position":"center center","background-size":"auto","background-attachment":"scroll","background-type":"","background-media":"","overlay-type":"","overlay-color":"","overlay-opacity":"","overlay-gradient":""},"tablet":{"background-color":"var(--ast-global-color-5)","background-image":"","background-repeat":"repeat","background-position":"center center","background-size":"auto","background-attachment":"scroll","background-type":"","background-media":"","overlay-type":"","overlay-color":"","overlay-opacity":"","overlay-gradient":""},"mobile":{"background-color":"var(--ast-global-color-5)","background-image":"","background-repeat":"repeat","background-position":"center center","background-size":"auto","background-attachment":"scroll","background-type":"","background-media":"","overlay-type":"","overlay-color":"","overlay-opacity":"","overlay-gradient":""}},"footnotes":""},"class_list":["post-147245","page","type-page","status-publish","hentry"],"_links":{"self":[{"href":"https:\/\/medclinics.com\/tr\/wp-json\/wp\/v2\/pages\/147245","targetHints":{"allow":["GET"]}}],"collection":[{"href":"https:\/\/medclinics.com\/tr\/wp-json\/wp\/v2\/pages"}],"about":[{"href":"https:\/\/medclinics.com\/tr\/wp-json\/wp\/v2\/types\/page"}],"author":[{"embeddable":true,"href":"https:\/\/medclinics.com\/tr\/wp-json\/wp\/v2\/users\/4"}],"replies":[{"embeddable":true,"href":"https:\/\/medclinics.com\/tr\/wp-json\/wp\/v2\/comments?post=147245"}],"version-history":[{"count":0,"href":"https:\/\/medclinics.com\/tr\/wp-json\/wp\/v2\/pages\/147245\/revisions"}],"wp:attachment":[{"href":"https:\/\/medclinics.com\/tr\/wp-json\/wp\/v2\/media?parent=147245"}],"curies":[{"name":"wp","href":"https:\/\/api.w.org\/{rel}","templated":true}]}}