{"id":147199,"date":"2023-05-06T13:15:00","date_gmt":"2023-05-06T10:15:00","guid":{"rendered":"https:\/\/medclinics.com\/klasik-liposuction\/"},"modified":"2024-12-30T19:19:34","modified_gmt":"2024-12-30T16:19:34","slug":"klasik-liposuction","status":"publish","type":"page","link":"https:\/\/medclinics.com\/tr\/klasik-liposuction\/","title":{"rendered":"Klasik Liposuction"},"content":{"rendered":"\n<h2 class=\"wp-block-heading\">\u00c7ok y\u00f6nl\u00fc ve potansiyel olarak daha uygun maliyetli bir tekni\u011fi tercih ediyorsan\u0131z, Klasik Liposuction iyi bir se\u00e7enek olabilir.<\/h2>\n\n<p>Klasik liposuction, v\u00fccudun belirli b\u00f6lgelerinden fazla ya\u011f\u0131n al\u0131nmas\u0131n\u0131 i\u00e7erir. Kuru liposuction olarak da bilinir. Eski bir liposuction tekni\u011fidir.<\/p>\n\n<p>\u0130\u015flemden \u00f6nce tedavi alan\u0131na herhangi bir s\u0131v\u0131 enjekte edilmez.<\/p>\n\n<p>Di\u011fer <a href=\"https:\/\/en.wikipedia.org\/wiki\/Liposuction\" target=\"_blank\" rel=\"noreferrer noopener\">liposuction<\/a> tekniklerinden fark\u0131, klasik liposuctionda ya\u011f al\u0131nmadan \u00f6nce tedavi b\u00f6lgesine t\u00fcmesan s\u0131v\u0131 (salin, anestezik ve epinefrin kar\u0131\u015f\u0131m\u0131) enjekte edilmemesidir.<\/p>\n\n<p>Yani, ya\u011f h\u00fccreleri s\u0131v\u0131 ile \u00f6n i\u015fleme tabi tutulmaz. \u0130\u015flem kuru ya\u011f dokusu \u00fczerinde ger\u00e7ekle\u015ftirilir.<\/p>\n\n<p>Di\u011fer tekniklerle kar\u015f\u0131la\u015ft\u0131r\u0131ld\u0131\u011f\u0131nda daha fazla kan kayb\u0131na yol a\u00e7abilir. Bu y\u00f6ntem, daha geli\u015fmi\u015f liposuction tekniklerinin bulunmas\u0131 nedeniyle g\u00fcn\u00fcm\u00fczde genellikle daha az kullan\u0131lmaktad\u0131r.<\/p>\n\n<p>Bu daha geli\u015fmi\u015f teknikler daha fazla g\u00fcvenlik, daha az kanama ve daha iyi sonu\u00e7lar sunar.<\/p>\n\n<h3 class=\"wp-block-heading\">Fiyat ve daha fazlas\u0131 dahil olmak \u00fczere <a href=\"https:\/\/medclinics.com\/tr\/liposuction-2\/\" target=\"_blank\" rel=\"noreferrer noopener\">liposuction<\/a> hakk\u0131nda bilmeniz gereken her \u015fey veya <a href=\"#requestform\">bizimle ileti\u015fime<\/a> ge\u00e7in!<\/h3>\n\n<figure class=\"wp-block-image size-full\"><img fetchpriority=\"high\" decoding=\"async\" width=\"960\" height=\"540\" src=\"https:\/\/medclinics.com\/wp-content\/uploads\/2023\/07\/classic-liposuction-near-me.jpg\" alt=\"Yak&#x131;n&#x131;mdaki Klasik Liposuction &#x130;stanbul\" class=\"wp-image-97684\" srcset=\"https:\/\/medclinics.com\/wp-content\/uploads\/2023\/07\/classic-liposuction-near-me.jpg 960w, https:\/\/medclinics.com\/wp-content\/uploads\/2023\/07\/classic-liposuction-near-me-500x281.jpg 500w, https:\/\/medclinics.com\/wp-content\/uploads\/2023\/07\/classic-liposuction-near-me-768x432.jpg 768w, https:\/\/medclinics.com\/wp-content\/uploads\/2023\/07\/classic-liposuction-near-me-24x14.jpg 24w, https:\/\/medclinics.com\/wp-content\/uploads\/2023\/07\/classic-liposuction-near-me-36x20.jpg 36w, https:\/\/medclinics.com\/wp-content\/uploads\/2023\/07\/classic-liposuction-near-me-48x27.jpg 48w\" sizes=\"(max-width: 960px) 100vw, 960px\" \/><\/figure>\n\n<h2 class=\"wp-block-heading\">SSS<\/h2>\n<div id=\"rank-math-faq\" class=\"rank-math-block\">\n<div class=\"rank-math-list \">\n<div id=\"faq-question-1688647648746\" class=\"rank-math-list-item\">\n<h3 class=\"rank-math-question \">Klasik liposuction nedir?<\/h3>\n<div class=\"rank-math-answer \">\n\n<p>V\u00fccudun belirli b\u00f6lgelerinden fazla ya\u011f\u0131 almak i\u00e7in kullan\u0131l\u0131r. Bir kan\u00fcl (ince bir t\u00fcp) yerle\u015ftirilir ve vakum benzeri bir cihaz kullan\u0131larak ya\u011f h\u00fccreleri manuel olarak emilir.<\/p>\n\n<\/div>\n<\/div>\n<div id=\"faq-question-1688647653618\" class=\"rank-math-list-item\">\n<h3 class=\"rank-math-question \">Vaser liposuction ile klasik liposuction aras\u0131ndaki fark nedir?<\/h3>\n<div class=\"rank-math-answer \">\n\n<p>Vaser liposuction, ya\u011f h\u00fccrelerini emmeden \u00f6nce par\u00e7alamak i\u00e7in ultrason teknolojisini kullan\u0131rken, geleneksel liposuction ya\u011f h\u00fccrelerini manuel olarak emer. Vaser liposuction daha fazla hassasiyet, cilt s\u0131k\u0131la\u015ft\u0131rma etkileri ve daha yumu\u015fak bir iyile\u015fme sunabilir.<\/p>\n\n<\/div>\n<\/div>\n<div id=\"faq-question-1688648255693\" class=\"rank-math-list-item\">\n<h3 class=\"rank-math-question \">Farkl\u0131 liposuction t\u00fcrleri nelerdir?<\/h3>\n<div class=\"rank-math-answer \">\n\n<p>Klasik (kuru) liposuction, T\u00fcmesan Liposuction, Lazer liposuction (Smart Lipo) (LAL), Radyofrekans liposuction, Ultrasonik liposuction (UAL), VASER Liposuction, Vibrasyon liposuction (PAL) farkl\u0131 liposuction t\u00fcrleridir.<\/p>\n\n<\/div>\n<\/div>\n<\/div>\n<\/div>\n<p>\u00a0<\/p>\n\n<h3 class=\"wp-block-heading\">Herhangi bir sorunuz olmas\u0131 durumunda hemen bizimle ileti\u015fime ge\u00e7in!<\/h3>\n","protected":false},"excerpt":{"rendered":"<p>\u00c7ok y\u00f6nl\u00fc ve potansiyel olarak daha uygun maliyetli bir tekni\u011fi tercih ediyorsan\u0131z, Klasik Liposuction iyi bir se\u00e7enek olabilir. Klasik liposuction, [&hellip;]<\/p>\n","protected":false},"author":4,"featured_media":96298,"parent":0,"menu_order":0,"comment_status":"closed","ping_status":"closed","template":"","meta":{"site-sidebar-layout":"default","site-content-layout":"","ast-site-content-layout":"default","site-content-style":"default","site-sidebar-style":"default","ast-global-header-display":"","ast-banner-title-visibility":"","ast-main-header-display":"","ast-hfb-above-header-display":"","ast-hfb-below-header-display":"","ast-hfb-mobile-header-display":"","site-post-title":"","ast-breadcrumbs-content":"","ast-featured-img":"","footer-sml-layout":"","ast-disable-related-posts":"","theme-transparent-header-meta":"","adv-header-id-meta":"","stick-header-meta":"","header-above-stick-meta":"","header-main-stick-meta":"","header-below-stick-meta":"","astra-migrate-meta-layouts":"default","ast-page-background-enabled":"default","ast-page-background-meta":{"desktop":{"background-color":"var(--ast-global-color-4)","background-image":"","background-repeat":"repeat","background-position":"center center","background-size":"auto","background-attachment":"scroll","background-type":"","background-media":"","overlay-type":"","overlay-color":"","overlay-opacity":"","overlay-gradient":""},"tablet":{"background-color":"","background-image":"","background-repeat":"repeat","background-position":"center center","background-size":"auto","background-attachment":"scroll","background-type":"","background-media":"","overlay-type":"","overlay-color":"","overlay-opacity":"","overlay-gradient":""},"mobile":{"background-color":"","background-image":"","background-repeat":"repeat","background-position":"center center","background-size":"auto","background-attachment":"scroll","background-type":"","background-media":"","overlay-type":"","overlay-color":"","overlay-opacity":"","overlay-gradient":""}},"ast-content-background-meta":{"desktop":{"background-color":"var(--ast-global-color-5)","background-image":"","background-repeat":"repeat","background-position":"center center","background-size":"auto","background-attachment":"scroll","background-type":"","background-media":"","overlay-type":"","overlay-color":"","overlay-opacity":"","overlay-gradient":""},"tablet":{"background-color":"var(--ast-global-color-5)","background-image":"","background-repeat":"repeat","background-position":"center center","background-size":"auto","background-attachment":"scroll","background-type":"","background-media":"","overlay-type":"","overlay-color":"","overlay-opacity":"","overlay-gradient":""},"mobile":{"background-color":"var(--ast-global-color-5)","background-image":"","background-repeat":"repeat","background-position":"center center","background-size":"auto","background-attachment":"scroll","background-type":"","background-media":"","overlay-type":"","overlay-color":"","overlay-opacity":"","overlay-gradient":""}},"footnotes":""},"class_list":["post-147199","page","type-page","status-publish","has-post-thumbnail","hentry"],"_links":{"self":[{"href":"https:\/\/medclinics.com\/tr\/wp-json\/wp\/v2\/pages\/147199","targetHints":{"allow":["GET"]}}],"collection":[{"href":"https:\/\/medclinics.com\/tr\/wp-json\/wp\/v2\/pages"}],"about":[{"href":"https:\/\/medclinics.com\/tr\/wp-json\/wp\/v2\/types\/page"}],"author":[{"embeddable":true,"href":"https:\/\/medclinics.com\/tr\/wp-json\/wp\/v2\/users\/4"}],"replies":[{"embeddable":true,"href":"https:\/\/medclinics.com\/tr\/wp-json\/wp\/v2\/comments?post=147199"}],"version-history":[{"count":0,"href":"https:\/\/medclinics.com\/tr\/wp-json\/wp\/v2\/pages\/147199\/revisions"}],"wp:featuredmedia":[{"embeddable":true,"href":"https:\/\/medclinics.com\/tr\/wp-json\/wp\/v2\/media\/96298"}],"wp:attachment":[{"href":"https:\/\/medclinics.com\/tr\/wp-json\/wp\/v2\/media?parent=147199"}],"curies":[{"name":"wp","href":"https:\/\/api.w.org\/{rel}","templated":true}]}}