{"id":147179,"date":"2023-05-06T14:01:00","date_gmt":"2023-05-06T11:01:00","guid":{"rendered":"https:\/\/medclinics.com\/tumesan-liposuction\/"},"modified":"2025-01-03T01:51:48","modified_gmt":"2025-01-02T22:51:48","slug":"tumesan-liposuction","status":"publish","type":"page","link":"https:\/\/medclinics.com\/tr\/tumesan-liposuction\/","title":{"rendered":"T\u00fcmesan Liposuction"},"content":{"rendered":"\n<h2 class=\"wp-block-heading\">T\u00fcmesan liposuction, g\u00fcvenlik, geli\u015fmi\u015f konfor, daha az morarma ve \u015fi\u015flik, hassas ya\u011f alma, daha h\u0131zl\u0131 iyile\u015fme ve \u00e7e\u015fitli v\u00fccut b\u00f6lgelerinin tedavisinde \u00e7ok y\u00f6nl\u00fcl\u00fck nedeniyle tercih edilen bir se\u00e7im olabilir.<\/h2>\n\n<p><a href=\"https:\/\/en.wikipedia.org\/wiki\/Tumescent_liposuction\" target=\"_blank\" rel=\"noreferrer noopener\">T\u00fcmesan lipoda<\/a>, ya\u011f al\u0131nmadan \u00f6nce tedavi b\u00f6lgesine t\u00fcmesan s\u0131v\u0131 ad\u0131 verilen bir sol\u00fcsyon enjekte edilir. T\u00fcmesan s\u0131v\u0131s\u0131 salin, lokal anestezik ve vazokonstrikt\u00f6r (tipik olarak epinefrin) kar\u0131\u015f\u0131m\u0131 i\u00e7erir.<\/p>\n\n<p>Bu sol\u00fcsyon b\u00f6lgenin uyu\u015fturulmas\u0131na yard\u0131mc\u0131 olur, kanamay\u0131 en aza indirmek i\u00e7in kan damarlar\u0131n\u0131 daralt\u0131r ve liposuction i\u015flemi s\u0131ras\u0131nda ya\u011f h\u00fccrelerinin al\u0131nmas\u0131n\u0131 kolayla\u015ft\u0131r\u0131r.<\/p>\n\n<p>Ayr\u0131ca baz\u0131 potansiyel riskler de s\u00f6z konusudur. Bunlar enfeksiyon, kanama, s\u0131v\u0131 birikimi (seroma), cilt hissinde de\u011fi\u015fiklikler, kontur d\u00fczensizlikleri, yara izi, ciltte renk de\u011fi\u015fikli\u011fi ve ciltte \u00e7ukurla\u015fmad\u0131r.<\/p>\n\n<h3 class=\"wp-block-heading\">Fiyat ve daha fazlas\u0131 dahil olmak \u00fczere <a href=\"https:\/\/medclinics.com\/tr\/plastik-ve-estetik-cerrahi\/\" target=\"_blank\" rel=\"noreferrer noopener\">plastik ve estetik cerrahi<\/a> hakk\u0131nda bilmeniz gereken her \u015fey veya <a href=\"#requestform\">bizimle ileti\u015fime<\/a> ge\u00e7in!<\/h3>\n\n<figure class=\"wp-block-image size-full\"><img fetchpriority=\"high\" decoding=\"async\" width=\"960\" height=\"540\" src=\"https:\/\/medclinics.com\/wp-content\/uploads\/2023\/07\/tumescent-liposuction-near-me.jpg\" alt=\"Yak&#x131;n&#x131;mdaki T&#xFC;mesan Liposuction T&#xFC;rkiye\" class=\"wp-image-97676\" srcset=\"https:\/\/medclinics.com\/wp-content\/uploads\/2023\/07\/tumescent-liposuction-near-me.jpg 960w, https:\/\/medclinics.com\/wp-content\/uploads\/2023\/07\/tumescent-liposuction-near-me-500x281.jpg 500w, https:\/\/medclinics.com\/wp-content\/uploads\/2023\/07\/tumescent-liposuction-near-me-768x432.jpg 768w, https:\/\/medclinics.com\/wp-content\/uploads\/2023\/07\/tumescent-liposuction-near-me-24x14.jpg 24w, https:\/\/medclinics.com\/wp-content\/uploads\/2023\/07\/tumescent-liposuction-near-me-36x20.jpg 36w, https:\/\/medclinics.com\/wp-content\/uploads\/2023\/07\/tumescent-liposuction-near-me-48x27.jpg 48w\" sizes=\"(max-width: 960px) 100vw, 960px\" \/><\/figure>\n\n<h2 class=\"wp-block-heading\">SSS<\/h2>\n<div id=\"rank-math-faq\" class=\"rank-math-block\">\n<div class=\"rank-math-list \">\n<div id=\"faq-question-1688651278300\" class=\"rank-math-list-item\">\n<h3 class=\"rank-math-question \">T\u00fcmesan lipo nedir?<\/h3>\n<div class=\"rank-math-answer \">\n\n<p>T\u00fcmesan lipo, tedavi alan\u0131na salin, lokal anestezi ve vazokonstrikt\u00f6r sol\u00fcsyonu enjekte edilmesini i\u00e7eren ya\u011f alma i\u00e7in kullan\u0131lan bir tekniktir.<\/p>\n\n<\/div>\n<\/div>\n<div id=\"faq-question-1688651109737\" class=\"rank-math-list-item\">\n<h3 class=\"rank-math-question \">T\u00fcmesan liposuction g\u00fcvenli midir?<\/h3>\n<div class=\"rank-math-answer \">\n\n<p>Evet, e\u011fer nitelikli bir plastik cerrah se\u00e7erseniz t\u00fcmesan liposuction genellikle g\u00fcvenli kabul edilir.<\/p>\n\n<\/div>\n<\/div>\n<div id=\"faq-question-1688651508846\" class=\"rank-math-list-item\">\n<h3 class=\"rank-math-question \">T\u00fcmesan liposuction buna de\u011fer mi?<\/h3>\n<div class=\"rank-math-answer \">\n\n<p>Evet diyebiliriz. Fazla ya\u011flar\u0131 almak, v\u00fccut konturunu geli\u015ftirmek ve daha iyi estetik sonu\u00e7lar elde etmek istiyorsan\u0131z faydal\u0131 olabilir.<\/p>\n\n<\/div>\n<\/div>\n<div id=\"faq-question-1688651510057\" class=\"rank-math-list-item\">\n<h3 class=\"rank-math-question \">T\u00fcmesan liposuction etkili midir?<\/h3>\n<div class=\"rank-math-answer \">\n\n<p>Evet, fazla ya\u011flar\u0131n al\u0131nmas\u0131 ve v\u00fccut konturunun iyile\u015ftirilmesi i\u00e7in etkili bir y\u00f6ntemdir.<\/p>\n\n<\/div>\n<\/div>\n<\/div>\n<\/div>\n<p>\u00a0<\/p>\n\n<h3 class=\"wp-block-heading\">Herhangi bir sorunuz olmas\u0131 durumunda hemen bizimle ileti\u015fime ge\u00e7in!<\/h3>\n","protected":false},"excerpt":{"rendered":"<p>T\u00fcmesan liposuction, g\u00fcvenlik, geli\u015fmi\u015f konfor, daha az morarma ve \u015fi\u015flik, hassas ya\u011f alma, daha h\u0131zl\u0131 iyile\u015fme ve \u00e7e\u015fitli v\u00fccut b\u00f6lgelerinin [&hellip;]<\/p>\n","protected":false},"author":4,"featured_media":96315,"parent":0,"menu_order":0,"comment_status":"closed","ping_status":"closed","template":"","meta":{"site-sidebar-layout":"default","site-content-layout":"","ast-site-content-layout":"default","site-content-style":"default","site-sidebar-style":"default","ast-global-header-display":"","ast-banner-title-visibility":"","ast-main-header-display":"","ast-hfb-above-header-display":"","ast-hfb-below-header-display":"","ast-hfb-mobile-header-display":"","site-post-title":"","ast-breadcrumbs-content":"","ast-featured-img":"","footer-sml-layout":"","ast-disable-related-posts":"","theme-transparent-header-meta":"","adv-header-id-meta":"","stick-header-meta":"","header-above-stick-meta":"","header-main-stick-meta":"","header-below-stick-meta":"","astra-migrate-meta-layouts":"default","ast-page-background-enabled":"default","ast-page-background-meta":{"desktop":{"background-color":"var(--ast-global-color-4)","background-image":"","background-repeat":"repeat","background-position":"center center","background-size":"auto","background-attachment":"scroll","background-type":"","background-media":"","overlay-type":"","overlay-color":"","overlay-opacity":"","overlay-gradient":""},"tablet":{"background-color":"","background-image":"","background-repeat":"repeat","background-position":"center center","background-size":"auto","background-attachment":"scroll","background-type":"","background-media":"","overlay-type":"","overlay-color":"","overlay-opacity":"","overlay-gradient":""},"mobile":{"background-color":"","background-image":"","background-repeat":"repeat","background-position":"center center","background-size":"auto","background-attachment":"scroll","background-type":"","background-media":"","overlay-type":"","overlay-color":"","overlay-opacity":"","overlay-gradient":""}},"ast-content-background-meta":{"desktop":{"background-color":"var(--ast-global-color-5)","background-image":"","background-repeat":"repeat","background-position":"center center","background-size":"auto","background-attachment":"scroll","background-type":"","background-media":"","overlay-type":"","overlay-color":"","overlay-opacity":"","overlay-gradient":""},"tablet":{"background-color":"var(--ast-global-color-5)","background-image":"","background-repeat":"repeat","background-position":"center center","background-size":"auto","background-attachment":"scroll","background-type":"","background-media":"","overlay-type":"","overlay-color":"","overlay-opacity":"","overlay-gradient":""},"mobile":{"background-color":"var(--ast-global-color-5)","background-image":"","background-repeat":"repeat","background-position":"center center","background-size":"auto","background-attachment":"scroll","background-type":"","background-media":"","overlay-type":"","overlay-color":"","overlay-opacity":"","overlay-gradient":""}},"footnotes":""},"class_list":["post-147179","page","type-page","status-publish","has-post-thumbnail","hentry"],"_links":{"self":[{"href":"https:\/\/medclinics.com\/tr\/wp-json\/wp\/v2\/pages\/147179","targetHints":{"allow":["GET"]}}],"collection":[{"href":"https:\/\/medclinics.com\/tr\/wp-json\/wp\/v2\/pages"}],"about":[{"href":"https:\/\/medclinics.com\/tr\/wp-json\/wp\/v2\/types\/page"}],"author":[{"embeddable":true,"href":"https:\/\/medclinics.com\/tr\/wp-json\/wp\/v2\/users\/4"}],"replies":[{"embeddable":true,"href":"https:\/\/medclinics.com\/tr\/wp-json\/wp\/v2\/comments?post=147179"}],"version-history":[{"count":0,"href":"https:\/\/medclinics.com\/tr\/wp-json\/wp\/v2\/pages\/147179\/revisions"}],"wp:featuredmedia":[{"embeddable":true,"href":"https:\/\/medclinics.com\/tr\/wp-json\/wp\/v2\/media\/96315"}],"wp:attachment":[{"href":"https:\/\/medclinics.com\/tr\/wp-json\/wp\/v2\/media?parent=147179"}],"curies":[{"name":"wp","href":"https:\/\/api.w.org\/{rel}","templated":true}]}}