{"id":147167,"date":"2023-05-06T14:51:00","date_gmt":"2023-05-06T11:51:00","guid":{"rendered":"https:\/\/medclinics.com\/lazer-liposuction-akilli-lipo-lal\/"},"modified":"2025-01-02T16:33:10","modified_gmt":"2025-01-02T13:33:10","slug":"lazer-liposuction-akilli-lipo-lal","status":"publish","type":"page","link":"https:\/\/medclinics.com\/tr\/lazer-liposuction-akilli-lipo-lal\/","title":{"rendered":"Lazer liposuction (Ak\u0131ll\u0131 Lipo) (LAL)"},"content":{"rendered":"\n<h2 class=\"wp-block-heading\">Potansiyel cilt s\u0131k\u0131la\u015ft\u0131rma etkileri, daha az rahats\u0131zl\u0131k ve \u00e7e\u015fitli v\u00fccut b\u00f6lgelerinin tedavisinde \u00e7ok y\u00f6nl\u00fcl\u00fck ar\u0131yorsan\u0131z, Lazer liposuction en iyi se\u00e7imdir.<\/h2>\n\n<p>Lazer <a href=\"https:\/\/en.wikipedia.org\/wiki\/Liposuction\" target=\"_blank\" rel=\"noreferrer noopener\">liposuction<\/a> genellikle Ak\u0131ll\u0131 Lipo veya Lazer Destekli Liposuction (LAL) olarak bilinir. V\u00fccudun hedeflenen b\u00f6lgelerindeki fazla ya\u011flar\u0131n giderilmesine yard\u0131mc\u0131 olmak i\u00e7in lazer enerjisi kullan\u0131r.<\/p>\n\n<p>\u0130\u015flem k\u00fc\u00e7\u00fck bir kesi yap\u0131lmas\u0131n\u0131 i\u00e7erir. Tedavi b\u00f6lgesine lazer lifi ta\u015f\u0131yan ince bir kan\u00fcl yerle\u015ftirilir. Lazer enerjisi \u00fcretilir. Sonu\u00e7 olarak, ya\u011f h\u00fccreleri \u0131s\u0131n\u0131r ve s\u0131v\u0131la\u015f\u0131r.<\/p>\n\n<p>Bu, \u00e7\u0131kar\u0131lmalar\u0131n\u0131 kolayla\u015ft\u0131r\u0131r. Daha sonra s\u0131v\u0131la\u015ft\u0131r\u0131lm\u0131\u015f ya\u011f\u0131 almak i\u00e7in bir kan\u00fcl kullan\u0131l\u0131r. Lazer enerjisi ayr\u0131ca kolajen \u00fcretimini uyarmaya yard\u0131mc\u0131 olarak cildin s\u0131k\u0131la\u015fmas\u0131n\u0131 ve \u015fekillenmesini sa\u011flar.<\/p>\n\n<p>Potansiyel riskler aras\u0131nda enfeksiyon, yan\u0131klar, \u015fi\u015fme ve morarma, d\u00fczensizlikler veya e\u015fit olmayan sonu\u00e7lar, yara izi, cilt hissinde de\u011fi\u015fiklikler, seroma veya hematom olu\u015fumu, cilt yan\u0131klar\u0131 ve anesteziye kar\u015f\u0131 olumsuz reaksiyonlar yer al\u0131r.<\/p>\n\n<h3 class=\"wp-block-heading\">Tedavi plan\u0131 ve daha fazlas\u0131 dahil olmak \u00fczere <a href=\"https:\/\/medclinics.com\/tr\/plastik-ve-estetik-cerrahi\/\" target=\"_blank\" rel=\"noreferrer noopener\">plastik ve estetik cerrahi<\/a> hakk\u0131nda bilmeniz gereken her \u015fey veya <a href=\"#requestform\">bizimle ileti\u015fime<\/a> ge\u00e7in!<\/h3>\n\n<figure class=\"wp-block-image size-full\"><img fetchpriority=\"high\" decoding=\"async\" width=\"960\" height=\"540\" class=\"wp-image-97668\" src=\"https:\/\/medclinics.com\/wp-content\/uploads\/2023\/07\/laser-liposuction-smart-lipo-near-me.jpg\" alt=\"Lazer Liposuction \/ Yak&#x131;n&#x131;mdaki Ak&#x131;ll&#x131; Lipo\" srcset=\"https:\/\/medclinics.com\/wp-content\/uploads\/2023\/07\/laser-liposuction-smart-lipo-near-me.jpg 960w, https:\/\/medclinics.com\/wp-content\/uploads\/2023\/07\/laser-liposuction-smart-lipo-near-me-500x281.jpg 500w, https:\/\/medclinics.com\/wp-content\/uploads\/2023\/07\/laser-liposuction-smart-lipo-near-me-768x432.jpg 768w, https:\/\/medclinics.com\/wp-content\/uploads\/2023\/07\/laser-liposuction-smart-lipo-near-me-24x14.jpg 24w, https:\/\/medclinics.com\/wp-content\/uploads\/2023\/07\/laser-liposuction-smart-lipo-near-me-36x20.jpg 36w, https:\/\/medclinics.com\/wp-content\/uploads\/2023\/07\/laser-liposuction-smart-lipo-near-me-48x27.jpg 48w\" sizes=\"(max-width: 960px) 100vw, 960px\" \/><\/figure>\n\n<h2 class=\"wp-block-heading\">SSS<\/h2>\n<div id=\"rank-math-faq\" class=\"rank-math-block\">\n<div class=\"rank-math-list \">\n<div id=\"faq-question-1688653554492\" class=\"rank-math-list-item\">\n<h3 class=\"rank-math-question \">Lazer liposuction i\u015fe yarar m\u0131?<\/h3>\n<div class=\"rank-math-answer \">\n\n<p>Evet, etkili olabilir. Ya\u011f h\u00fccrelerini par\u00e7alamak ve s\u0131v\u0131la\u015ft\u0131rmak i\u00e7in lazer enerjisi kullanarak fazla ya\u011f\u0131 giderir. V\u00fccut konturunu iyile\u015ftirmenin yan\u0131 s\u0131ra cildi potansiyel olarak s\u0131k\u0131la\u015ft\u0131rabilir.<\/p>\n\n<\/div>\n<\/div>\n<div id=\"faq-question-1688653427802\" class=\"rank-math-list-item\">\n<h3 class=\"rank-math-question \">Lazer liposuction a\u011fr\u0131l\u0131 m\u0131d\u0131r?<\/h3>\n<div class=\"rank-math-answer \">\n\n<p>Lazer liposuction (veya Lazer Destekli Liposuction) geleneksel liposuctiona k\u0131yasla daha az rahats\u0131zl\u0131\u011fa neden olur. Bunun nedeni, ya\u011f h\u00fccrelerini daha nazik\u00e7e par\u00e7alamaya yard\u0131mc\u0131 olabilecek hedeflenmi\u015f lazer enerjisi kullanmas\u0131d\u0131r.<\/p>\n\n<\/div>\n<\/div>\n<div id=\"faq-question-1688653553385\" class=\"rank-math-list-item\">\n<h3 class=\"rank-math-question \">Lazer liposuction buna de\u011fer mi?<\/h3>\n<div class=\"rank-math-answer \">\n\n<p>Evet, daha hassas ya\u011f alma, potansiyel cilt s\u0131k\u0131la\u015ft\u0131rma, daha az rahats\u0131zl\u0131k istiyorsan\u0131z buna de\u011febilir.<\/p>\n\n<\/div>\n<\/div>\n<div id=\"faq-question-1688653555396\" class=\"rank-math-list-item\">\n<h3 class=\"rank-math-question \">Lazer lipo tehlikeli midir?<\/h3>\n<div class=\"rank-math-answer \">\n\n<p>Genel olarak g\u00fcvenlidir. Ancak baz\u0131 potansiyel riskler vard\u0131r. Bu enfeksiyon, yan\u0131klar, \u015fi\u015fme, kontur d\u00fczensizlikleri, yara izi, cilt hissinde de\u011fi\u015fiklikleri i\u00e7erir.<\/p>\n\n<\/div>\n<\/div>\n<\/div>\n<\/div>\n<p>\u00a0<\/p>\n\n<h3 class=\"wp-block-heading\">Herhangi bir sorunuz olmas\u0131 durumunda hemen bizimle ileti\u015fime ge\u00e7in!<\/h3>\n","protected":false},"excerpt":{"rendered":"<p>Potansiyel cilt s\u0131k\u0131la\u015ft\u0131rma etkileri, daha az rahats\u0131zl\u0131k ve \u00e7e\u015fitli v\u00fccut b\u00f6lgelerinin tedavisinde \u00e7ok y\u00f6nl\u00fcl\u00fck ar\u0131yorsan\u0131z, Lazer liposuction en iyi se\u00e7imdir. [&hellip;]<\/p>\n","protected":false},"author":4,"featured_media":96335,"parent":0,"menu_order":0,"comment_status":"closed","ping_status":"closed","template":"","meta":{"site-sidebar-layout":"default","site-content-layout":"","ast-site-content-layout":"default","site-content-style":"default","site-sidebar-style":"default","ast-global-header-display":"","ast-banner-title-visibility":"","ast-main-header-display":"","ast-hfb-above-header-display":"","ast-hfb-below-header-display":"","ast-hfb-mobile-header-display":"","site-post-title":"","ast-breadcrumbs-content":"","ast-featured-img":"","footer-sml-layout":"","ast-disable-related-posts":"","theme-transparent-header-meta":"","adv-header-id-meta":"","stick-header-meta":"","header-above-stick-meta":"","header-main-stick-meta":"","header-below-stick-meta":"","astra-migrate-meta-layouts":"default","ast-page-background-enabled":"default","ast-page-background-meta":{"desktop":{"background-color":"var(--ast-global-color-4)","background-image":"","background-repeat":"repeat","background-position":"center center","background-size":"auto","background-attachment":"scroll","background-type":"","background-media":"","overlay-type":"","overlay-color":"","overlay-opacity":"","overlay-gradient":""},"tablet":{"background-color":"","background-image":"","background-repeat":"repeat","background-position":"center center","background-size":"auto","background-attachment":"scroll","background-type":"","background-media":"","overlay-type":"","overlay-color":"","overlay-opacity":"","overlay-gradient":""},"mobile":{"background-color":"","background-image":"","background-repeat":"repeat","background-position":"center center","background-size":"auto","background-attachment":"scroll","background-type":"","background-media":"","overlay-type":"","overlay-color":"","overlay-opacity":"","overlay-gradient":""}},"ast-content-background-meta":{"desktop":{"background-color":"var(--ast-global-color-5)","background-image":"","background-repeat":"repeat","background-position":"center center","background-size":"auto","background-attachment":"scroll","background-type":"","background-media":"","overlay-type":"","overlay-color":"","overlay-opacity":"","overlay-gradient":""},"tablet":{"background-color":"var(--ast-global-color-5)","background-image":"","background-repeat":"repeat","background-position":"center center","background-size":"auto","background-attachment":"scroll","background-type":"","background-media":"","overlay-type":"","overlay-color":"","overlay-opacity":"","overlay-gradient":""},"mobile":{"background-color":"var(--ast-global-color-5)","background-image":"","background-repeat":"repeat","background-position":"center center","background-size":"auto","background-attachment":"scroll","background-type":"","background-media":"","overlay-type":"","overlay-color":"","overlay-opacity":"","overlay-gradient":""}},"footnotes":""},"class_list":["post-147167","page","type-page","status-publish","has-post-thumbnail","hentry"],"_links":{"self":[{"href":"https:\/\/medclinics.com\/tr\/wp-json\/wp\/v2\/pages\/147167","targetHints":{"allow":["GET"]}}],"collection":[{"href":"https:\/\/medclinics.com\/tr\/wp-json\/wp\/v2\/pages"}],"about":[{"href":"https:\/\/medclinics.com\/tr\/wp-json\/wp\/v2\/types\/page"}],"author":[{"embeddable":true,"href":"https:\/\/medclinics.com\/tr\/wp-json\/wp\/v2\/users\/4"}],"replies":[{"embeddable":true,"href":"https:\/\/medclinics.com\/tr\/wp-json\/wp\/v2\/comments?post=147167"}],"version-history":[{"count":0,"href":"https:\/\/medclinics.com\/tr\/wp-json\/wp\/v2\/pages\/147167\/revisions"}],"wp:featuredmedia":[{"embeddable":true,"href":"https:\/\/medclinics.com\/tr\/wp-json\/wp\/v2\/media\/96335"}],"wp:attachment":[{"href":"https:\/\/medclinics.com\/tr\/wp-json\/wp\/v2\/media?parent=147167"}],"curies":[{"name":"wp","href":"https:\/\/api.w.org\/{rel}","templated":true}]}}