{"id":147159,"date":"2023-04-30T08:17:00","date_gmt":"2023-04-30T05:17:00","guid":{"rendered":"https:\/\/medclinics.com\/noroloji\/"},"modified":"2025-01-02T17:13:13","modified_gmt":"2025-01-02T14:13:13","slug":"noroloji","status":"publish","type":"page","link":"https:\/\/medclinics.com\/tr\/noroloji\/","title":{"rendered":"N\u00f6roloji"},"content":{"rendered":"\n<p>N\u00f6roloji, sinir sistemi bozukluklar\u0131yla ilgilenen bir t\u0131p dal\u0131d\u0131r.<\/p>\n\n<div class=\"wp-block-rank-math-toc-block\" id=\"rank-math-toc\"><h2>\u0130\u00e7indekiler Tablosu<\/h2><nav><ul><li><a href=\"#so-what-is\">Peki Nedir<\/a><\/li><li><a href=\"#treatment-plan\">Tedavi Plan\u0131<\/a><\/li><li><a href=\"#aftercare-healing-process\">Bak\u0131m Sonras\u0131 &amp; \u0130yile\u015fme S\u00fcreci<\/a><\/li><li><a href=\"#top-neurosurgery-costs-by-country\">\u00dclkelere g\u00f6re en y\u00fcksek N\u00f6ro\u015fir\u00fcrji maliyetleri<\/a><\/li><li><a href=\"#faq\">SSS<\/a><\/li><li><a href=\"#history\">Tarih<\/a><\/li><li><a href=\"#most-common-neurological-diseases\">En S\u0131k G\u00f6r\u00fclen N\u00f6rolojik Hastal\u0131klar<\/a><\/li><\/ul><\/nav><\/div>\n\n<h2 class=\"wp-block-heading\" id=\"so-what-is\">Peki Nedir<\/h2>\n\n<ul class=\"wp-block-list\">\n<li><a href=\"https:\/\/en.wikipedia.org\/wiki\/Neurology\" target=\"_blank\" rel=\"noreferrer noopener\">N\u00f6roloji<\/a>, sinir sisteminin yap\u0131s\u0131n\u0131 ve i\u015flevini anlamay\u0131 i\u00e7erir.<\/li>\n\n\n\n<li>N\u00f6rologlar inme, epilepsi, multipl skleroz, Parkinson hastal\u0131\u011f\u0131, Alzheimer hastal\u0131\u011f\u0131, beyin t\u00fcm\u00f6rleri, n\u00f6ropatiler ve \u00e7e\u015fitli di\u011fer rahats\u0131zl\u0131klar gibi durumlar\u0131 de\u011ferlendirir.<\/li>\n<\/ul>\n\n<figure class=\"wp-block-image size-full\"><img fetchpriority=\"high\" decoding=\"async\" width=\"960\" height=\"540\" src=\"https:\/\/medclinics.com\/wp-content\/uploads\/2023\/07\/neurology-in-turkey.jpg\" alt=\"T&#xFC;rkiye'de N&#xF6;roloji\" class=\"wp-image-96579\" srcset=\"https:\/\/medclinics.com\/wp-content\/uploads\/2023\/07\/neurology-in-turkey.jpg 960w, https:\/\/medclinics.com\/wp-content\/uploads\/2023\/07\/neurology-in-turkey-500x281.jpg 500w, https:\/\/medclinics.com\/wp-content\/uploads\/2023\/07\/neurology-in-turkey-768x432.jpg 768w, https:\/\/medclinics.com\/wp-content\/uploads\/2023\/07\/neurology-in-turkey-24x14.jpg 24w, https:\/\/medclinics.com\/wp-content\/uploads\/2023\/07\/neurology-in-turkey-36x20.jpg 36w, https:\/\/medclinics.com\/wp-content\/uploads\/2023\/07\/neurology-in-turkey-48x27.jpg 48w\" sizes=\"(max-width: 960px) 100vw, 960px\" \/><\/figure>\n\n<h2 class=\"wp-block-heading\" id=\"treatment-plan\">Tedavi Plan\u0131<\/h2>\n<div id=\"rank-math-faq\" class=\"rank-math-block\">\n<div class=\"rank-math-list \">\n<div id=\"faq-question-1687243757886\" class=\"rank-math-list-item\">\n<h3 class=\"rank-math-question \">1. G\u00fcn<\/h3>\n<div class=\"rank-math-answer \">\n\n<p>N\u00f6rologla g\u00f6r\u00fc\u015feceksiniz.<br \/>N\u00f6rolojik fonksiyonu belirlemek i\u00e7in kapsaml\u0131 bir fizik muayene yap\u0131l\u0131r<br \/>\u0130lk de\u011ferlendirmenin sonu\u00e7lar\u0131na ba\u011fl\u0131 olarak, n\u00f6rolog kan testleri, g\u00f6r\u00fcnt\u00fcleme \u00e7al\u0131\u015fmalar\u0131 (MRI veya CT taramalar\u0131 gibi), elektroensefalografi (EEG), elektromiyografi (EMG) gibi \u00f6zel tan\u0131 testleri isteyebilir.<\/p>\n\n<\/div>\n<\/div>\n<div id=\"faq-question-1687243965281\" class=\"rank-math-list-item\">\n<h3 class=\"rank-math-question \">2. G\u00fcn<\/h3>\n<div class=\"rank-math-answer \">\n\n<p>T\u0131bbi ge\u00e7mi\u015fi ve test sonu\u00e7lar\u0131n\u0131 inceledikten sonra n\u00f6rolog bir te\u015fhis koyacak ve bunu sizinle tart\u0131\u015facakt\u0131r.<br \/>Te\u015fhise dayanarak, n\u00f6rolog ila\u00e7 tedavisi, ya\u015fam tarz\u0131 de\u011fi\u015fiklikleri, fizik tedavi, mesleki terapi, konu\u015fma terapisi gibi mevcut tedavi se\u00e7eneklerini ana hatlar\u0131yla belirleyecektir. <br \/>Baz\u0131 durumlarda, n\u00f6rolog hastay\u0131 di\u011fer uzmanlara y\u00f6nlendirebilir.<br \/>N\u00f6rolog d\u00fczenli takip randevular\u0131 planlayacakt\u0131r.<br \/>Gerekirse, prosed\u00fcr\u00fc ger\u00e7ekle\u015ftirecek bir beyin cerrah\u0131 s\u00fcreci devam ettirir.<\/p>\n\n<\/div>\n<\/div>\n<\/div>\n<\/div>\n<h3 class=\"wp-block-heading\" id=\"mammoplasty-for\">N\u00f6roloji i\u00e7in:<\/h3>\n\n<ul class=\"wp-block-list\">\n<li>N\u00f6rolojik semptomlar\u0131 olanlar<\/li>\n\n\n\n<li>\u0130nme veya serebrovask\u00fcler hastal\u0131\u011f\u0131 olanlar<\/li>\n\n\n\n<li>Epilepsi hastas\u0131 olanlar<\/li>\n\n\n\n<li>Parkinson hastal\u0131\u011f\u0131, esansiyel tremor, distoni ve Huntington hastal\u0131\u011f\u0131 gibi hareket bozukluklar\u0131 olanlar<\/li>\n\n\n\n<li>Multipl skleroz (MS) hastas\u0131 olanlar<\/li>\n\n\n\n<li>Periferik n\u00f6ropatiler, myastenia gravis, amyotrofik lateral skleroz (ALS) ve kas distrofileri gibi n\u00f6rom\u00fcsk\u00fcler rahats\u0131zl\u0131klar\u0131 olanlar<\/li>\n\n\n\n<li>Ba\u015f a\u011fr\u0131s\u0131 ve migreni olanlar<\/li>\n\n\n\n<li>N\u00f6rodejeneratif hastal\u0131\u011f\u0131 olanlar<\/li>\n\n\n\n<li>Beyin t\u00fcm\u00f6r\u00fc veya n\u00f6ro-onkolojik rahats\u0131zl\u0131\u011f\u0131 olanlar<\/li>\n\n\n\n<li>Uyku bozuklu\u011fu olanlar<\/li>\n\n\n\n<li>Periferik sinir yaralanmalar\u0131 veya kompresyon sendromlar\u0131 olanlar<\/li>\n\n\n\n<li>Guillain-Barr\u00e9 sendromu, n\u00f6romiyelitis optika vb. gibi otoimm\u00fcn n\u00f6rolojik rahats\u0131zl\u0131klar\u0131 olanlar.<\/li>\n<\/ul>\n\n<h3 class=\"wp-block-heading\" id=\"mammoplasty-duration\">N\u00f6rolojik Ameliyat S\u00fcreleri:<\/h3>\n\n<ul class=\"wp-block-list\">\n<li>Kraniyotomi cerrahi bir i\u015flemdir. Beyne eri\u015fmek i\u00e7in kafatas\u0131n\u0131n a\u00e7\u0131lmas\u0131n\u0131 i\u00e7erir. Bir kraniyotominin s\u00fcresi, t\u00fcm\u00f6r \u00e7\u0131kar\u0131lmas\u0131, anevrizma klipslenmesi veya epilepsi tedavisi gibi ameliyat\u0131n amac\u0131na ba\u011fl\u0131 olarak birka\u00e7 saatten birka\u00e7 saate kadar de\u011fi\u015febilir.<\/li>\n\n\n\n<li>Spinal f\u00fczyon ameliyat\u0131, stabilite sa\u011flamak ve a\u011fr\u0131y\u0131 hafifletmek i\u00e7in omurgadaki iki veya daha fazla omurun kayna\u015ft\u0131r\u0131lmas\u0131n\u0131 ama\u00e7lar. S\u00fcre birka\u00e7 saatten birka\u00e7 saate kadar de\u011fi\u015febilir.<\/li>\n\n\n\n<li>Derin Beyin Stim\u00fclasyonu (DBS), Parkinson hastal\u0131\u011f\u0131 veya esansiyel tremor gibi hareket bozukluklar\u0131 i\u00e7in cerrahi bir tedavidir. S\u00fcresi de\u011fi\u015febilir ancak tipik olarak \u00fc\u00e7 ila alt\u0131 saat aras\u0131nda de\u011fi\u015fir.<\/li>\n\n\n\n<li>Dekompresif Kraniyektomi, ciddi travmatik beyin hasar\u0131 veya inme vakalar\u0131nda beyin \u00fczerindeki bask\u0131y\u0131 azaltmak i\u00e7in kafatas\u0131n\u0131n bir k\u0131sm\u0131n\u0131n \u00e7\u0131kar\u0131lmas\u0131n\u0131 i\u00e7erir. S\u00fcresi bir ila birka\u00e7 saat aras\u0131nda de\u011fi\u015febilir.<\/li>\n<\/ul>\n\n<h3 class=\"wp-block-heading\" id=\"mammoplasty-recovery-timeline\">Beyin Cerrahisi \u0130yile\u015fme Zaman \u00c7izelgesi:<\/h3>\n\n<ul class=\"wp-block-list\">\n<li>Kraniyotomi sonras\u0131 ilk iyile\u015fme d\u00f6nemi tipik olarak birka\u00e7 g\u00fcn ila bir hafta hastanede kalmay\u0131 i\u00e7erir. Tam iyile\u015fme birka\u00e7 haftadan aylara kadar s\u00fcrebilir, ilk birka\u00e7 hafta birka\u00e7 g\u00fcn s\u00fcrer.<\/li>\n\n\n\n<li>Spinal f\u00fczyon ameliyat\u0131ndan sonra hastalar birka\u00e7 g\u00fcn veya daha uzun s\u00fcre hastanede kalabilirler. \u0130yile\u015fme s\u00fcreci birka\u00e7 haftadan aylara kadar s\u00fcrebilir.<\/li>\n\n\n\n<li>DBS ameliyat\u0131ndan sonra iyile\u015fme s\u00fcresi de\u011fi\u015febilir, ancak \u00e7o\u011fu hasta bir veya iki g\u00fcn hastanede kalmay\u0131 bekleyebilir. Takip eden haftalar ve aylar boyunca, semptom kontrol\u00fcn\u00fc optimize etmek i\u00e7in stim\u00fclasyon ayarlar\u0131nda ayarlamalar yap\u0131labilir.<\/li>\n\n\n\n<li>Dekompresif kraniyektomi sonras\u0131 ilk iyile\u015fme genellikle yak\u0131n izleme i\u00e7in yo\u011fun bak\u0131m \u00fcnitesinde (YB\u00dc) kalmay\u0131 i\u00e7erir. Hastanede kal\u0131\u015f s\u00fcresi \u00f6nemli \u00f6l\u00e7\u00fcde de\u011fi\u015febilir. \u0130yile\u015fme s\u00fcresi, devam eden takip randevular\u0131 ve izleme ile birlikte birka\u00e7 haftadan aylara kadar de\u011fi\u015febilir.<\/li>\n<\/ul>\n\n<h3 class=\"wp-block-heading\" id=\"possible-risks-for-mammoplasty\">N\u00f6rolojik Ameliyat i\u00e7in Olas\u0131 Riskler:<\/h3>\n\n<ul class=\"wp-block-list\">\n<li>Enfeksiyon<\/li>\n\n\n\n<li>Kanama<\/li>\n\n\n\n<li>Kan p\u0131ht\u0131lar\u0131<\/li>\n<\/ul>\n\n<h2 class=\"wp-block-heading\" id=\"aftercare-healing-process\">Bak\u0131m Sonras\u0131 &amp; \u0130yile\u015fme S\u00fcreci<\/h2>\n<div id=\"rank-math-faq\" class=\"rank-math-block\">\n<div class=\"rank-math-list \">\n<div id=\"faq-question-1687246219267\" class=\"rank-math-list-item\">\n<h3 class=\"rank-math-question \">Bak\u0131m Sonras\u0131<\/h3>\n<div class=\"rank-math-answer \">\n\n<p>Ba\u015far\u0131l\u0131 bir iyile\u015fme sa\u011flamak ve komplikasyonlar\u0131 en aza indirmek i\u00e7in beyin cerrahisi sonras\u0131 bak\u0131m \u00e7ok \u00f6nemlidir. Ameliyat sonras\u0131 bak\u0131m talimatlar\u0131 yap\u0131lan ameliyat\u0131n t\u00fcr\u00fcne ba\u011fl\u0131 olarak de\u011fi\u015fecektir, ancak dikkate al\u0131nmas\u0131 gereken baz\u0131 genel hususlar vard\u0131r.  <br \/>Ameliyattan sonra hastalar genellikle izleme ve iyile\u015fme i\u00e7in bir s\u00fcre hastanede kal\u0131rlar. A\u011fr\u0131y\u0131 y\u00f6netmek, enfeksiyonlar\u0131 \u00f6nlemek ve ameliyatla ilgili belirli durumlar\u0131 veya semptomlar\u0131 ele almak i\u00e7in ila\u00e7lar re\u00e7ete edilecektir. Ameliyat kesisinin temiz tutulmas\u0131 ve pansuman talimatlar\u0131na uyulmas\u0131 da dahil olmak \u00fczere uygun \u015fekilde bak\u0131m\u0131 esast\u0131r. Aktivite k\u0131s\u0131tlamalar\u0131 \u00f6nerilebilir ve iyile\u015fmeyi desteklemek i\u00e7in bu k\u0131s\u0131tlamalara uymak \u00f6nemlidir.  <br \/>\u0130lerlemeyi izlemek ve tedavi plan\u0131nda gerekli ayarlamalar\u0131 yapmak i\u00e7in takip randevular\u0131 planlanacakt\u0131r. G\u00fc\u00e7 ve i\u015flevin yeniden kazan\u0131lmas\u0131 i\u00e7in rehabilitasyon veya fizyoterapi \u00f6nerilebilir. Sa\u011fl\u0131kl\u0131 beslenmeyi s\u00fcrd\u00fcrmek, a\u011fr\u0131y\u0131 y\u00f6netmek, yeterli dinlenmek ve gerekli ya\u015fam tarz\u0131 de\u011fi\u015fikliklerini yapmak gibi \u00f6z bak\u0131m uygulamalar\u0131 iyile\u015fmeyi destekleyebilir. Artan a\u011fr\u0131, \u015fi\u015fme veya ate\u015f gibi komplikasyon belirtilerini tan\u0131mak \u00f6nemlidir ve endi\u015feler derhal sa\u011fl\u0131k hizmeti sa\u011flay\u0131c\u0131s\u0131na bildirilmelidir.<br \/><a href=\"https:\/\/medclinics.com\/tr\/\" target=\"u0022_blanku0022\" rel=\"u0022noreferrer\">MedClinics<\/a> olarak s\u00fcreci de takip edece\u011fiz. Size bir y\u0131l boyunca dan\u0131\u015fmanl\u0131k hizmeti verece\u011fiz. Herhangi bir sorunuz varsa, ekip \u00fcyelerimizle 7\/24 ileti\u015fime ge\u00e7ebilirsiniz.<\/p>\n\n<\/div>\n<\/div>\n<div id=\"faq-question-1687246224487\" class=\"rank-math-list-item\">\n<h3 class=\"rank-math-question \">\u0130yile\u015fme S\u00fcreci<\/h3>\n<div class=\"rank-math-answer \">\n\n<p>Beyin cerrahisi sonras\u0131 iyile\u015fme s\u00fcresi \u00f6nemli \u00f6l\u00e7\u00fcde de\u011fi\u015febilir. Ameliyattan hemen sonraki d\u00f6nem, birka\u00e7 g\u00fcn ila bir hafta s\u00fcreyle hastanede kalmay\u0131 i\u00e7erir. Kesi yerinin y\u00fczeysel iyile\u015fmesi genellikle yakla\u015f\u0131k 1 ila 2 hafta s\u00fcrer, ancak kesi ve alttaki dokular\u0131n tamamen iyile\u015fmesi birka\u00e7 hafta ila birka\u00e7 ay s\u00fcrebilir. A\u011fr\u0131 y\u00f6netimi iyile\u015fmenin \u00f6nemli bir y\u00f6n\u00fcd\u00fcr ve akut ameliyat sonras\u0131 a\u011fr\u0131 ilk birka\u00e7 hafta i\u00e7inde \u00f6nemli \u00f6l\u00e7\u00fcde iyile\u015firken, a\u011fr\u0131n\u0131n tamamen giderilmesi birka\u00e7 hafta ila birka\u00e7 ay s\u00fcrebilir.  <br \/>Fiziksel iyile\u015fme, spesifik ameliyata ve fizik tedavi veya rehabilitasyon ihtiyac\u0131na ba\u011fl\u0131 olarak tipik olarak birka\u00e7 hafta ila birka\u00e7 ay aras\u0131nda de\u011fi\u015febilir. N\u00f6rolojik iyile\u015fme son derece bireyseldir ve sinir sisteminin uyum sa\u011flamas\u0131 ve iyile\u015fmesi haftalar veya aylar s\u00fcrebilen uzun bir d\u00f6nem boyunca devam edebilir.<\/p>\n\n<\/div>\n<\/div>\n<\/div>\n<\/div>\n<figure class=\"wp-block-image size-full\"><img decoding=\"async\" width=\"960\" height=\"540\" src=\"https:\/\/medclinics.com\/wp-content\/uploads\/2023\/07\/neurology-in-turkey-2.jpg\" alt=\"T&#xFC;rkiye'de N&#xF6;roloji 2\" class=\"wp-image-96586\" srcset=\"https:\/\/medclinics.com\/wp-content\/uploads\/2023\/07\/neurology-in-turkey-2.jpg 960w, https:\/\/medclinics.com\/wp-content\/uploads\/2023\/07\/neurology-in-turkey-2-500x281.jpg 500w, https:\/\/medclinics.com\/wp-content\/uploads\/2023\/07\/neurology-in-turkey-2-768x432.jpg 768w, https:\/\/medclinics.com\/wp-content\/uploads\/2023\/07\/neurology-in-turkey-2-24x14.jpg 24w, https:\/\/medclinics.com\/wp-content\/uploads\/2023\/07\/neurology-in-turkey-2-36x20.jpg 36w, https:\/\/medclinics.com\/wp-content\/uploads\/2023\/07\/neurology-in-turkey-2-48x27.jpg 48w\" sizes=\"(max-width: 960px) 100vw, 960px\" \/><\/figure>\n\n<h2 class=\"wp-block-heading\" id=\"top-neurosurgery-costs-by-country\">\u00dclkelere g\u00f6re en y\u00fcksek N\u00f6ro\u015fir\u00fcrji maliyetleri<\/h2>\n\n<p>N\u00f6ro\u015fir\u00fcrjinin maliyeti cerrah\u0131n deneyimine, kullan\u0131lan tekni\u011fe, se\u00e7ti\u011finiz klinik veya hastaneye ve ki\u015fisel sa\u011fl\u0131k durumunuza ba\u011fl\u0131d\u0131r.<br\/>A\u015fa\u011f\u0131da listelenen fiyatlar size yakla\u015f\u0131k bir fikir vermek i\u00e7indir ve nihai bir fiyat teklifi de\u011fildir. MedClincs dan\u0131\u015fman\u0131n\u0131z size ayr\u0131nt\u0131lar\u0131 vermekten mutluluk duyacakt\u0131r.<\/p>\n\n<figure class=\"wp-block-table\"><table><thead><tr><th>\u00dclke  <\/th><th>Fiyat  <\/th><th>De\u011ferlendirme<\/th><\/tr><\/thead><tbody><tr><td>T\u00fcrkiye (Turkey)<\/td><td>~ \u20ac8,500-\u20ac21,000<\/td><td>\u2605\u2605\u2605\u2605\u2605<\/td><\/tr><tr><td>Litvanya<\/td><td>~ \u20ac6,800-\u20ac15,300<\/td><td>\u2605\u2605<\/td><\/tr><tr><td>Polonya<\/td><td>~ \u20ac6,800-\u20ac17,000<\/td><td>\u2605\u2605<\/td><\/tr><tr><td>ABD<\/td><td>~ \u20ac25,500-\u20ac85,000<\/td><td>\u2605\u2605\u2605<\/td><\/tr><tr><td>Almanya<\/td><td>~ \u20ac17,000-\u20ac34,000<\/td><td>\u2605\u2605<\/td><\/tr><\/tbody><\/table><\/figure>\n\n<h2 class=\"wp-block-heading\" id=\"faq\">SSS<\/h2>\n<div id=\"rank-math-faq\" class=\"rank-math-block\">\n<div class=\"rank-math-list \">\n<div id=\"faq-question-1687247366787\" class=\"rank-math-list-item\">\n<h3 class=\"rank-math-question \">N\u00f6roloji ne demektir?<\/h3>\n<div class=\"rank-math-answer \">\n\n<p>N\u00f6roloji, sinir sistemi ile ilgili bozukluklar\u0131n tan\u0131 ve tedavisine odaklanan \u00e7al\u0131\u015fma ve t\u0131p uzmanl\u0131\u011f\u0131d\u0131r. Beyin, omurilik ve periferik sinirlerle ilgilidir.<\/p>\n\n<\/div>\n<\/div>\n<div id=\"faq-question-1687247368529\" class=\"rank-math-list-item\">\n<h3 class=\"rank-math-question \">N\u00f6rolojik muayene nas\u0131l yap\u0131l\u0131r?<\/h3>\n<div class=\"rank-math-answer \">\n\n<p>N\u00f6rolojik muayene, sinir sisteminin i\u015flevini de\u011ferlendirmek i\u00e7in bir dizi test ve de\u011ferlendirmeyi i\u00e7erir. Hastan\u0131n t\u0131bbi ge\u00e7mi\u015fini de\u011ferlendirmeyi, refleksleri, kas g\u00fcc\u00fcn\u00fc, koordinasyonu ve hissi test etmek i\u00e7in fizik muayene yapmay\u0131 i\u00e7erir. Bili\u015fsel i\u015flev ve kraniyal sinirler de de\u011ferlendirilir. Bulgulara ba\u011fl\u0131 olarak, g\u00f6r\u00fcnt\u00fcleme veya kan testleri gibi ek testler istenebilir. Muayene, anormalliklerin belirlenmesine yard\u0131mc\u0131 olur, ileri tetkikleri y\u00f6nlendirir ve tedavi kararlar\u0131n\u0131 bildirir.<\/p>\n\n<\/div>\n<\/div>\n<div id=\"faq-question-1687247370036\" class=\"rank-math-list-item\">\n<h3 class=\"rank-math-question \">N\u00f6roloji ne yapar?<\/h3>\n<div class=\"rank-math-answer \">\n\n<p>N\u00f6roloji, sinir sistemi bozukluklar\u0131n\u0131n te\u015fhis, tedavi ve y\u00f6netimini i\u00e7erir. N\u00f6rologlar inme, epilepsi, demans, Parkinson hastal\u0131\u011f\u0131 ve daha fazlas\u0131 gibi durumlar i\u00e7in muayeneler yapar, testler ister ve tedavi planlar\u0131 geli\u015ftirir. Di\u011fer sa\u011fl\u0131k \u00e7al\u0131\u015fanlar\u0131yla yak\u0131n i\u015fbirli\u011fi i\u00e7inde \u00e7al\u0131\u015fmakta ve anlay\u0131\u015f ve tedavi se\u00e7eneklerini geli\u015ftirmek i\u00e7in ara\u015ft\u0131rmalar y\u00fcr\u00fctmektedirler.<\/p>\n\n<\/div>\n<\/div>\n<div id=\"faq-question-1687247371282\" class=\"rank-math-list-item\">\n<h3 class=\"rank-math-question \">Beyin cerrahisi nas\u0131l yap\u0131l\u0131r?<\/h3>\n<div class=\"rank-math-answer \">\n\n<p>Beyin cerrahisi, yetenekli beyin cerrahlar\u0131 taraf\u0131ndan ileri teknikler ve ekipmanlar kullan\u0131larak ger\u00e7ekle\u015ftirilir. Tipik olarak bir kesi yap\u0131lmas\u0131n\u0131, beyinde veya omurgada hedeflenen b\u00f6lgeye eri\u015filmesini, gerekli cerrahi m\u00fcdahalenin yap\u0131lmas\u0131n\u0131 ve ard\u0131ndan kesinin kapat\u0131lmas\u0131n\u0131 i\u00e7erir. Ameliyat genel anestezi alt\u0131nda ger\u00e7ekle\u015ftirilir ve hasta uygun iyile\u015fmeyi sa\u011flamak i\u00e7in ameliyat sonras\u0131 bak\u0131m al\u0131r. Spesifik prosed\u00fcrler ve teknikler, tedavi edilen duruma ba\u011fl\u0131 olarak de\u011fi\u015fir.<\/p>\n\n<\/div>\n<\/div>\n<div id=\"faq-question-1687247373503\" class=\"rank-math-list-item\">\n<h3 class=\"rank-math-question \">Beyin cerrahisi neden buna de\u011fer?<\/h3>\n<div class=\"rank-math-answer \">\n\n<p>N\u00f6ro\u015fir\u00fcrji, ciddi n\u00f6rolojik durumlar\u0131 etkili bir \u015fekilde tedavi edebildi\u011fi, ya\u015fam kalitesini art\u0131rabildi\u011fi, n\u00f6rolojik i\u015flevi koruyabildi\u011fi veya eski haline getirebildi\u011fi, geli\u015fmi\u015f te\u015fhis ve tedavi yeteneklerini kullanabildi\u011fi, multidisipliner bir yakla\u015f\u0131m uygulayabildi\u011fi ve teknoloji ve tekniklerdeki ilerlemelerden yararlanabildi\u011fi i\u00e7in de\u011ferlidir. Beyin cerrahisi karar\u0131, bireysel ko\u015fullara g\u00f6re potansiyel fayda ve riskler tart\u0131larak bir beyin cerrah\u0131na dan\u0131\u015f\u0131larak verilmelidir.<\/p>\n\n<\/div>\n<\/div>\n<div id=\"faq-question-1687247374559\" class=\"rank-math-list-item\">\n<h3 class=\"rank-math-question \">Beyin cerrahisi i\u00e7in en yayg\u0131n nedenler nelerdir?<\/h3>\n<div class=\"rank-math-answer \">\n\n<p>N\u00f6ro\u015fir\u00fcrjinin en yayg\u0131n nedenleri aras\u0131nda beyin t\u00fcm\u00f6rleri, omurga bozukluklar\u0131, inme, hidrosefali, epilepsi, travmatik beyin hasar\u0131, anevrizmalar ve vask\u00fcler malformasyonlar ve hareket bozukluklar\u0131 yer almaktad\u0131r.<\/p>\n\n<\/div>\n<\/div>\n<div id=\"faq-question-1687247376916\" class=\"rank-math-list-item\">\n<h3 class=\"rank-math-question \">Beyin cerrah\u0131 ne i\u015f yapar?<\/h3>\n<div class=\"rank-math-answer \">\n\n<p>Beyin cerrahlar\u0131, karma\u015f\u0131k cerrahi prosed\u00fcrler yoluyla sinir sistemi rahats\u0131zl\u0131klar\u0131n\u0131 te\u015fhis ve tedavi eder. Tedavi planlar\u0131 geli\u015ftirir, multidisipliner bir ekiple i\u015fbirli\u011fi yapar, ameliyatlar\u0131 ger\u00e7ekle\u015ftirir ve ameliyat sonras\u0131 bak\u0131m sa\u011flarlar. Ama\u00e7lar\u0131, semptomlar\u0131 hafifletmek, i\u015flevi geri kazand\u0131rmak ve n\u00f6rolojik rahats\u0131zl\u0131klar\u0131 olan hastalar\u0131n genel refah\u0131n\u0131 iyile\u015ftirmektir.<\/p>\n\n<\/div>\n<\/div>\n<div id=\"faq-question-1687247377749\" class=\"rank-math-list-item\">\n<h3 class=\"rank-math-question \">Beyin cerrahisi i\u00e7in en iyi \u00fclke hangisi?<\/h3>\n<div class=\"rank-math-answer \">\n\n<p>Amerika Birle\u015fik Devletleri, Almanya, Kanada, Birle\u015fik Krall\u0131k, \u0130svi\u00e7re, Japonya ve T\u00fcrkiye, geli\u015fmi\u015f t\u0131bbi tesisleri, y\u00fcksek e\u011fitimli beyin cerrahlar\u0131 ve m\u00fckemmel bak\u0131m standartlar\u0131 nedeniyle beyin cerrahisi i\u00e7in en iyi \u00fclkeler aras\u0131ndad\u0131r.<\/p>\n\n<\/div>\n<\/div>\n<div id=\"faq-question-1687247379489\" class=\"rank-math-list-item\">\n<h3 class=\"rank-math-question \">Beyin cerrahisi tehlikeli midir?<\/h3>\n<div class=\"rank-math-answer \">\n\n<p>Beyin cerrahisi baz\u0131 riskler ta\u015f\u0131r, ancak cerrahi teknikler ve bak\u0131mdaki ilerlemeler nedeniyle genellikle g\u00fcvenli kabul edilir. Beyin cerrahlar\u0131, riskleri en aza indirmek ve hasta g\u00fcvenli\u011fini sa\u011flamak i\u00e7in son derece e\u011fitimlidir.<\/p>\n\n<\/div>\n<\/div>\n<div id=\"faq-question-1687247380737\" class=\"rank-math-list-item\">\n<h3 class=\"rank-math-question \">Beyin cerrahisinin ba\u015far\u0131 oran\u0131 nedir?<\/h3>\n<div class=\"rank-math-answer \">\n\n<p>Beyin cerrahisinin ba\u015far\u0131 oran\u0131, prosed\u00fcre ve \u00f6zel ko\u015fullara ba\u011fl\u0131 olarak b\u00fcy\u00fck \u00f6l\u00e7\u00fcde de\u011fi\u015fir. Bununla birlikte, beyin cerrahisi prosed\u00fcrleri i\u00e7in genel ba\u015far\u0131 oranlar\u0131 %70 ila %90 veya daha y\u00fcksek olabilir.<\/p>\n\n<\/div>\n<\/div>\n<\/div>\n<\/div>\n<h2 class=\"wp-block-heading\" id=\"history\">Tarih<\/h2>\n\n<h3 class=\"wp-block-heading\" id=\"breast-surgeries-have-been-documented-for-centuries-although-mostly-on-men\">N\u00f6roloji, eski uygarl\u0131klara kadar uzanan zengin bir ge\u00e7mi\u015fe sahiptir.  <\/h3>\n\n<p>R\u00f6nesans ve Ayd\u0131nlanma d\u00f6nemlerinde \u00f6nemli geli\u015fmeler ya\u015fanm\u0131\u015f ve 19. y\u00fczy\u0131l Jean-Martin Charcot gibi isimlerin \u00f6nemli at\u0131l\u0131mlar\u0131na sahne olmu\u015ftur. 20. y\u00fczy\u0131lda n\u00f6rog\u00f6r\u00fcnt\u00fcleme tekniklerinin ve cerrahi m\u00fcdahalelerin geli\u015fmesiyle \u00f6nemli ilerlemeler kaydedilmi\u015ftir. Son y\u0131llarda genetik ve molek\u00fcler biyoloji alanlar\u0131nda ilerlemeler kaydedilmi\u015ftir. G\u00fcn\u00fcm\u00fczde n\u00f6roloji, \u00e7e\u015fitli alt uzmanl\u0131k alanlar\u0131n\u0131 kapsamakta ve devam eden ara\u015ft\u0131rmalar ve disiplinler aras\u0131 i\u015fbirlikleri yoluyla geli\u015fmeye devam etmektedir.<\/p>\n\n<h2 class=\"wp-block-heading\" id=\"most-common-neurological-diseases\">En S\u0131k G\u00f6r\u00fclen N\u00f6rolojik Hastal\u0131klar<\/h2>\n","protected":false},"excerpt":{"rendered":"<p>N\u00f6roloji, sinir sistemi bozukluklar\u0131yla ilgilenen bir t\u0131p dal\u0131d\u0131r. Peki Nedir Tedavi Plan\u0131 N\u00f6roloji i\u00e7in: N\u00f6rolojik Ameliyat S\u00fcreleri: Beyin Cerrahisi \u0130yile\u015fme [&hellip;]<\/p>\n","protected":false},"author":4,"featured_media":98725,"parent":0,"menu_order":0,"comment_status":"closed","ping_status":"closed","template":"","meta":{"site-sidebar-layout":"default","site-content-layout":"","ast-site-content-layout":"default","site-content-style":"default","site-sidebar-style":"default","ast-global-header-display":"","ast-banner-title-visibility":"","ast-main-header-display":"","ast-hfb-above-header-display":"","ast-hfb-below-header-display":"","ast-hfb-mobile-header-display":"","site-post-title":"","ast-breadcrumbs-content":"","ast-featured-img":"","footer-sml-layout":"","ast-disable-related-posts":"","theme-transparent-header-meta":"","adv-header-id-meta":"","stick-header-meta":"","header-above-stick-meta":"","header-main-stick-meta":"","header-below-stick-meta":"","astra-migrate-meta-layouts":"default","ast-page-background-enabled":"default","ast-page-background-meta":{"desktop":{"background-color":"var(--ast-global-color-4)","background-image":"","background-repeat":"repeat","background-position":"center center","background-size":"auto","background-attachment":"scroll","background-type":"","background-media":"","overlay-type":"","overlay-color":"","overlay-opacity":"","overlay-gradient":""},"tablet":{"background-color":"","background-image":"","background-repeat":"repeat","background-position":"center center","background-size":"auto","background-attachment":"scroll","background-type":"","background-media":"","overlay-type":"","overlay-color":"","overlay-opacity":"","overlay-gradient":""},"mobile":{"background-color":"","background-image":"","background-repeat":"repeat","background-position":"center center","background-size":"auto","background-attachment":"scroll","background-type":"","background-media":"","overlay-type":"","overlay-color":"","overlay-opacity":"","overlay-gradient":""}},"ast-content-background-meta":{"desktop":{"background-color":"var(--ast-global-color-5)","background-image":"","background-repeat":"repeat","background-position":"center center","background-size":"auto","background-attachment":"scroll","background-type":"","background-media":"","overlay-type":"","overlay-color":"","overlay-opacity":"","overlay-gradient":""},"tablet":{"background-color":"var(--ast-global-color-5)","background-image":"","background-repeat":"repeat","background-position":"center center","background-size":"auto","background-attachment":"scroll","background-type":"","background-media":"","overlay-type":"","overlay-color":"","overlay-opacity":"","overlay-gradient":""},"mobile":{"background-color":"var(--ast-global-color-5)","background-image":"","background-repeat":"repeat","background-position":"center center","background-size":"auto","background-attachment":"scroll","background-type":"","background-media":"","overlay-type":"","overlay-color":"","overlay-opacity":"","overlay-gradient":""}},"footnotes":""},"class_list":["post-147159","page","type-page","status-publish","has-post-thumbnail","hentry"],"_links":{"self":[{"href":"https:\/\/medclinics.com\/tr\/wp-json\/wp\/v2\/pages\/147159","targetHints":{"allow":["GET"]}}],"collection":[{"href":"https:\/\/medclinics.com\/tr\/wp-json\/wp\/v2\/pages"}],"about":[{"href":"https:\/\/medclinics.com\/tr\/wp-json\/wp\/v2\/types\/page"}],"author":[{"embeddable":true,"href":"https:\/\/medclinics.com\/tr\/wp-json\/wp\/v2\/users\/4"}],"replies":[{"embeddable":true,"href":"https:\/\/medclinics.com\/tr\/wp-json\/wp\/v2\/comments?post=147159"}],"version-history":[{"count":0,"href":"https:\/\/medclinics.com\/tr\/wp-json\/wp\/v2\/pages\/147159\/revisions"}],"wp:featuredmedia":[{"embeddable":true,"href":"https:\/\/medclinics.com\/tr\/wp-json\/wp\/v2\/media\/98725"}],"wp:attachment":[{"href":"https:\/\/medclinics.com\/tr\/wp-json\/wp\/v2\/media?parent=147159"}],"curies":[{"name":"wp","href":"https:\/\/api.w.org\/{rel}","templated":true}]}}