{"id":147133,"date":"2023-05-05T08:28:00","date_gmt":"2023-05-05T05:28:00","guid":{"rendered":"https:\/\/medclinics.com\/endoskopik-abdominoplasti\/"},"modified":"2024-04-01T14:48:58","modified_gmt":"2024-04-01T11:48:58","slug":"endoskopik-abdominoplasti","status":"publish","type":"page","link":"https:\/\/medclinics.com\/tr\/endoskopik-abdominoplasti\/","title":{"rendered":"Endoskopik Abdominoplasti"},"content":{"rendered":"\n<h2 class=\"wp-block-heading\">Hafif ila orta derecede kar\u0131n gev\u015fekli\u011finiz varsa Endoskopik Abdominoplasti sizin i\u00e7in ideal bir se\u00e7enek olabilir.<\/h2>\n\n<p>Endoskopik abdominoplasti endo kar\u0131n germe olarak da bilinir. Kar\u0131n kaslar\u0131n\u0131 s\u0131k\u0131la\u015ft\u0131rmak ve \u015fekillendirmek, fazla ya\u011f ve deriyi almak i\u00e7in kullan\u0131l\u0131r. K\u00fc\u00e7\u00fck kesiler ve kamera tak\u0131l\u0131 bir endoskop yard\u0131m\u0131 kullan\u0131l\u0131r.<\/p>\n\n<p>\u0130\u015flem s\u0131ras\u0131nda cerrah k\u00fc\u00e7\u00fck kesiler yapar. Ard\u0131ndan, kar\u0131n kaslar\u0131n\u0131 ve dokular\u0131n\u0131 g\u00f6r\u00fcnt\u00fclemek ve bunlara eri\u015fmek i\u00e7in endoskopu bu kesilerden sokar.<\/p>\n\n<p>Endoskop, altta yatan yap\u0131lar\u0131n net bir \u015fekilde g\u00f6r\u00fclmesini sa\u011flar. Bu, cerrah\u0131n kas s\u0131k\u0131la\u015ft\u0131rmas\u0131 yapmas\u0131na ve gerekti\u011finde fazla ya\u011f ve dokuyu \u00e7\u0131karmas\u0131na olanak tan\u0131r.<\/p>\n\n<p>Endoskopik abdominoplasti genellikle hafif ila orta dereceli kar\u0131n gev\u015fekli\u011fi ve lokalize ya\u011f birikintileri i\u00e7in kullan\u0131l\u0131r. Geleneksel <a href=\"https:\/\/en.wikipedia.org\/wiki\/Abdominoplasty\" target=\"_blank\" rel=\"noreferrer noopener\">abdominoplasti<\/a> ile kar\u015f\u0131la\u015ft\u0131r\u0131ld\u0131\u011f\u0131nda daha k\u00fc\u00e7\u00fck kesiler, daha az yara izi ve daha k\u0131sa iyile\u015fme s\u00fcresi gibi avantajlar\u0131 vard\u0131r.<\/p>\n\n<h3 class=\"wp-block-heading\">Fiyat, bak\u0131m ve daha fazlas\u0131 dahil olmak \u00fczere <a href=\"https:\/\/medclinics.com\/tr\/plastik-ve-estetik-cerrahi\/\" target=\"_blank\" rel=\"noreferrer noopener\">plastik ve estetik cerrahi<\/a> hakk\u0131nda bilmeniz gereken her \u015fey veya <a href=\"#requestform\">bizimle ileti\u015fime<\/a> ge\u00e7in!<\/h3>\n\n<figure class=\"wp-block-image size-full\"><img fetchpriority=\"high\" decoding=\"async\" width=\"960\" height=\"540\" src=\"https:\/\/medclinics.com\/wp-content\/uploads\/2023\/07\/endoscopic-abdominoplasty-near-me.jpg\" alt=\"Yak&#x131;n&#x131;mdaki Endoskopik Abdominoplasti &#x130;stanbul T&#xFC;rkiye\" class=\"wp-image-97735\" srcset=\"https:\/\/medclinics.com\/wp-content\/uploads\/2023\/07\/endoscopic-abdominoplasty-near-me.jpg 960w, https:\/\/medclinics.com\/wp-content\/uploads\/2023\/07\/endoscopic-abdominoplasty-near-me-500x281.jpg 500w, https:\/\/medclinics.com\/wp-content\/uploads\/2023\/07\/endoscopic-abdominoplasty-near-me-768x432.jpg 768w, https:\/\/medclinics.com\/wp-content\/uploads\/2023\/07\/endoscopic-abdominoplasty-near-me-24x14.jpg 24w, https:\/\/medclinics.com\/wp-content\/uploads\/2023\/07\/endoscopic-abdominoplasty-near-me-36x20.jpg 36w, https:\/\/medclinics.com\/wp-content\/uploads\/2023\/07\/endoscopic-abdominoplasty-near-me-48x27.jpg 48w\" sizes=\"(max-width: 960px) 100vw, 960px\" \/><\/figure>\n\n<h2 class=\"wp-block-heading\">SSS<\/h2>\n<div id=\"rank-math-faq\" class=\"rank-math-block\">\n<div class=\"rank-math-list \">\n<div id=\"faq-question-1684841914568\" class=\"rank-math-list-item\">\n<h3 class=\"rank-math-question \">Endoskopik Abdominoplasti Nedir?<\/h3>\n<div class=\"rank-math-answer \">\n\n<p>Endoskopik abdominoplasti kozmetik bir ameliyatt\u0131r. Kar\u0131n g\u00f6r\u00fcn\u00fcm\u00fcn\u00fc iyile\u015ftirmek i\u00e7in k\u00fc\u00e7\u00fck kesiler ve bir endoskop kullan\u0131lmas\u0131n\u0131 i\u00e7erir. Bu, kaslar\u0131 s\u0131k\u0131la\u015ft\u0131r\u0131r ve fazla ya\u011f ve deriyi azalt\u0131r.<\/p>\n\n<\/div>\n<\/div>\n<div id=\"faq-question-1684841997742\" class=\"rank-math-list-item\">\n<h3 class=\"rank-math-question \">Endoskopik Kar\u0131n Germe ne kadara mal olur?<\/h3>\n<div class=\"rank-math-answer \">\n\n<p>Genel olarak, maliyet yakla\u015f\u0131k 8.000 ila 15.000 $ aras\u0131nda de\u011fi\u015febilir. Belirli fiyatlar hakk\u0131nda daha fazla bilgi i\u00e7in bizimle ileti\u015fime ge\u00e7ebilirsiniz.<\/p>\n\n<\/div>\n<\/div>\n<\/div>\n<\/div>\n<p>\u00a0<\/p>\n\n<h3 class=\"wp-block-heading\">Herhangi bir sorunuz olmas\u0131 durumunda hemen bizimle ileti\u015fime ge\u00e7in!<\/h3>\n","protected":false},"excerpt":{"rendered":"<p>Hafif ila orta derecede kar\u0131n gev\u015fekli\u011finiz varsa Endoskopik Abdominoplasti sizin i\u00e7in ideal bir se\u00e7enek olabilir. Endoskopik abdominoplasti endo kar\u0131n germe [&hellip;]<\/p>\n","protected":false},"author":4,"featured_media":96175,"parent":0,"menu_order":0,"comment_status":"closed","ping_status":"closed","template":"","meta":{"site-sidebar-layout":"default","site-content-layout":"","ast-site-content-layout":"default","site-content-style":"default","site-sidebar-style":"default","ast-global-header-display":"","ast-banner-title-visibility":"","ast-main-header-display":"","ast-hfb-above-header-display":"","ast-hfb-below-header-display":"","ast-hfb-mobile-header-display":"","site-post-title":"","ast-breadcrumbs-content":"","ast-featured-img":"","footer-sml-layout":"","ast-disable-related-posts":"","theme-transparent-header-meta":"","adv-header-id-meta":"","stick-header-meta":"","header-above-stick-meta":"","header-main-stick-meta":"","header-below-stick-meta":"","astra-migrate-meta-layouts":"default","ast-page-background-enabled":"default","ast-page-background-meta":{"desktop":{"background-color":"var(--ast-global-color-4)","background-image":"","background-repeat":"repeat","background-position":"center center","background-size":"auto","background-attachment":"scroll","background-type":"","background-media":"","overlay-type":"","overlay-color":"","overlay-opacity":"","overlay-gradient":""},"tablet":{"background-color":"","background-image":"","background-repeat":"repeat","background-position":"center center","background-size":"auto","background-attachment":"scroll","background-type":"","background-media":"","overlay-type":"","overlay-color":"","overlay-opacity":"","overlay-gradient":""},"mobile":{"background-color":"","background-image":"","background-repeat":"repeat","background-position":"center center","background-size":"auto","background-attachment":"scroll","background-type":"","background-media":"","overlay-type":"","overlay-color":"","overlay-opacity":"","overlay-gradient":""}},"ast-content-background-meta":{"desktop":{"background-color":"var(--ast-global-color-5)","background-image":"","background-repeat":"repeat","background-position":"center center","background-size":"auto","background-attachment":"scroll","background-type":"","background-media":"","overlay-type":"","overlay-color":"","overlay-opacity":"","overlay-gradient":""},"tablet":{"background-color":"var(--ast-global-color-5)","background-image":"","background-repeat":"repeat","background-position":"center center","background-size":"auto","background-attachment":"scroll","background-type":"","background-media":"","overlay-type":"","overlay-color":"","overlay-opacity":"","overlay-gradient":""},"mobile":{"background-color":"var(--ast-global-color-5)","background-image":"","background-repeat":"repeat","background-position":"center center","background-size":"auto","background-attachment":"scroll","background-type":"","background-media":"","overlay-type":"","overlay-color":"","overlay-opacity":"","overlay-gradient":""}},"footnotes":""},"class_list":["post-147133","page","type-page","status-publish","has-post-thumbnail","hentry"],"_links":{"self":[{"href":"https:\/\/medclinics.com\/tr\/wp-json\/wp\/v2\/pages\/147133","targetHints":{"allow":["GET"]}}],"collection":[{"href":"https:\/\/medclinics.com\/tr\/wp-json\/wp\/v2\/pages"}],"about":[{"href":"https:\/\/medclinics.com\/tr\/wp-json\/wp\/v2\/types\/page"}],"author":[{"embeddable":true,"href":"https:\/\/medclinics.com\/tr\/wp-json\/wp\/v2\/users\/4"}],"replies":[{"embeddable":true,"href":"https:\/\/medclinics.com\/tr\/wp-json\/wp\/v2\/comments?post=147133"}],"version-history":[{"count":0,"href":"https:\/\/medclinics.com\/tr\/wp-json\/wp\/v2\/pages\/147133\/revisions"}],"wp:featuredmedia":[{"embeddable":true,"href":"https:\/\/medclinics.com\/tr\/wp-json\/wp\/v2\/media\/96175"}],"wp:attachment":[{"href":"https:\/\/medclinics.com\/tr\/wp-json\/wp\/v2\/media?parent=147133"}],"curies":[{"name":"wp","href":"https:\/\/api.w.org\/{rel}","templated":true}]}}