{"id":147119,"date":"2023-05-05T13:29:00","date_gmt":"2023-05-05T10:29:00","guid":{"rendered":"https:\/\/medclinics.com\/genisletilmis-karin-germe\/"},"modified":"2024-04-01T14:49:39","modified_gmt":"2024-04-01T11:49:39","slug":"genisletilmis-karin-germe","status":"publish","type":"page","link":"https:\/\/medclinics.com\/tr\/genisletilmis-karin-germe\/","title":{"rendered":"Geni\u015fletilmi\u015f Kar\u0131n Germe"},"content":{"rendered":"\n<h2 class=\"wp-block-heading\">Sadece kar\u0131n b\u00f6lgesini de\u011fil, ayn\u0131 zamanda yanlardaki, \u00fcst uyluklardaki ve alt s\u0131rttaki fazla deriyi de hedef alan bir tedavi ar\u0131yorsan\u0131z, Geni\u015fletilmi\u015f Kar\u0131n Germe sizin i\u00e7in m\u00fckemmel bir se\u00e7enek olabilir.<\/h2>\n\n<p>Geni\u015fletilmi\u015f Kar\u0131n Germe, \u00e7evresel kar\u0131n germe veya kemer lipektomi olarak da bilinir. Geleneksel bir kar\u0131n germe i\u015fleminin unsurlar\u0131n\u0131 ek v\u00fccut \u015fekillendirme teknikleriyle birle\u015ftiren geli\u015fmi\u015f bir cerrahi prosed\u00fcrd\u00fcr.<\/p>\n\n<p>Geni\u015fletilmi\u015f <a href=\"https:\/\/en.wikipedia.org\/wiki\/Abdominoplasty\" target=\"_blank\" rel=\"noopener\">kar\u0131n germe<\/a> s\u0131ras\u0131nda cerrah, t\u00fcm beli dola\u015fan kemer benzeri bir kesi yapar. Bu, fazla deri ve ya\u011f\u0131n birden fazla b\u00f6lgeden al\u0131nmas\u0131n\u0131 sa\u011flar.<\/p>\n\n<p>Prosed\u00fcr, daha d\u00fcz ve daha s\u0131k\u0131 bir g\u00f6r\u00fcn\u00fcm i\u00e7in kar\u0131n kaslar\u0131n\u0131n s\u0131k\u0131la\u015ft\u0131r\u0131lmas\u0131n\u0131 i\u00e7erir. V\u00fccut hatlar\u0131n\u0131 daha da \u015fekillendirmek i\u00e7in \u00e7evre b\u00f6lgelerin liposuction&#8217;\u0131 da yap\u0131labilir.<\/p>\n\n<p>Geni\u015fletilmi\u015f kar\u0131n germe, \u00f6nemli \u00f6l\u00e7\u00fcde kilo kayb\u0131 ya\u015fam\u0131\u015f, kar\u0131n, kal\u00e7a ve s\u0131rt b\u00f6lgesinde gev\u015fek deri ve ya\u011f birikintileri olan veya obezite cerrahisi ge\u00e7irmi\u015f ki\u015filer i\u00e7in uygundur.<\/p>\n\n<p>Geleneksel kar\u0131n germe i\u015flemine k\u0131yasla daha kapsaml\u0131 bir i\u015flemdir. V\u00fccudun daha geni\u015f bir alan\u0131na hitap edecek \u015fekilde tasarlanm\u0131\u015ft\u0131r.<\/p>\n\n<h3 class=\"wp-block-heading\">Fiyat ve daha fazlas\u0131 dahil olmak \u00fczere <a href=\"https:\/\/medclinics.com\/tr\/plastik-ve-estetik-cerrahi\/\" target=\"_blank\" rel=\"noreferrer noopener\">plastik ve estetik cerrahi<\/a> hakk\u0131nda bilmeniz gereken her \u015fey veya <a href=\"#requestform\">bizimle ileti\u015fime<\/a> ge\u00e7in!<\/h3>\n\n<figure class=\"wp-block-image size-full\"><img fetchpriority=\"high\" decoding=\"async\" width=\"960\" height=\"540\" src=\"https:\/\/medclinics.com\/wp-content\/uploads\/2023\/07\/extended-tummy-tuck-near-me.jpg\" alt=\"Extended Tummy Tuck Near Me &#x130;stanbul T&#xFC;rkiye\" class=\"wp-image-97718\" srcset=\"https:\/\/medclinics.com\/wp-content\/uploads\/2023\/07\/extended-tummy-tuck-near-me.jpg 960w, https:\/\/medclinics.com\/wp-content\/uploads\/2023\/07\/extended-tummy-tuck-near-me-500x281.jpg 500w, https:\/\/medclinics.com\/wp-content\/uploads\/2023\/07\/extended-tummy-tuck-near-me-768x432.jpg 768w, https:\/\/medclinics.com\/wp-content\/uploads\/2023\/07\/extended-tummy-tuck-near-me-24x14.jpg 24w, https:\/\/medclinics.com\/wp-content\/uploads\/2023\/07\/extended-tummy-tuck-near-me-36x20.jpg 36w, https:\/\/medclinics.com\/wp-content\/uploads\/2023\/07\/extended-tummy-tuck-near-me-48x27.jpg 48w\" sizes=\"(max-width: 960px) 100vw, 960px\" \/><\/figure>\n\n<h2 class=\"wp-block-heading\">SSS<\/h2>\n<div id=\"rank-math-faq\" class=\"rank-math-block\">\n<div class=\"rank-math-list \">\n<div id=\"faq-question-1688475944446\" class=\"rank-math-list-item\">\n<h3 class=\"rank-math-question \">Geni\u015fletilmi\u015f kar\u0131n germe nedir?<\/h3>\n<div class=\"rank-math-answer \">\n\n<p>Geni\u015fletilmi\u015f kar\u0131n germe ile kar\u0131n germe insizyonu kullan\u0131l\u0131r; ancak insizyon kal\u00e7an\u0131n \u00f6tesine ve s\u0131rt\u0131n alt k\u0131sm\u0131na uzanacakt\u0131r. Daha sonra cerrah\u0131n\u0131z kar\u0131n, bel ve yan b\u00f6lgelerden deri alt\u0131 ya\u011flar\u0131n\u0131 almak i\u00e7in liposuction y\u00f6ntemini kullanacakt\u0131r.<\/p>\n\n<\/div>\n<\/div>\n<div id=\"faq-question-1688475946916\" class=\"rank-math-list-item\">\n<h3 class=\"rank-math-question \">Geni\u015fletilmi\u015f kar\u0131n germe g\u00fcvenli midir?<\/h3>\n<div class=\"rank-math-answer \">\n\n<p>Evet, g\u00fcvenli bir i\u015flemdir. Nitelikli ve deneyimli bir plastik cerrah taraf\u0131ndan yap\u0131lmas\u0131 \u00f6nemlidir. Ancak her zaman oldu\u011fu gibi potansiyel riskler ve komplikasyonlar ortaya \u00e7\u0131kabilir.<\/p>\n\n<\/div>\n<\/div>\n<div id=\"faq-question-1688475947982\" class=\"rank-math-list-item\">\n<h3 class=\"rank-math-question \">Geni\u015fletilmi\u015f kar\u0131n germe ya\u011flar\u0131 geri al\u0131r m\u0131?<\/h3>\n<div class=\"rank-math-answer \">\n\n<p>Evet, s\u0131rt ya\u011flar\u0131n\u0131 bir dereceye kadar giderebilir. Bununla birlikte, ya\u011f azaltma derecesi ki\u015finin durumuna ve prosed\u00fcr\u00fcn kapsam\u0131na ba\u011fl\u0131 olarak de\u011fi\u015fecektir.<\/p>\n\n<\/div>\n<\/div>\n<div id=\"faq-question-1688475949198\" class=\"rank-math-list-item\">\n<h3 class=\"rank-math-question \">Geni\u015fletilmi\u015f kar\u0131n germe i\u00e7in hangi BMI de\u011ferine ihtiyac\u0131n\u0131z var?<\/h3>\n<div class=\"rank-math-answer \">\n\n<p>Genel olarak, cerrahi riskleri en aza indirmek ve sonu\u00e7lar\u0131 optimize etmek i\u00e7in 30&#8217;un alt\u0131nda bir BMI \u00f6nerilir.<\/p>\n\n<\/div>\n<\/div>\n<div id=\"faq-question-1688475950148\" class=\"rank-math-list-item\">\n<h3 class=\"rank-math-question \">Hangi ya\u015fta kar\u0131n germe yapt\u0131rmamal\u0131s\u0131n\u0131z?<\/h3>\n<div class=\"rank-math-answer \">\n\n<p>Genel olarak, \u00e7o\u011fu plastik cerrah kar\u0131n germe yapt\u0131rmay\u0131 d\u00fc\u015f\u00fcnen ki\u015filerin en az 18 ya\u015f\u0131nda olmas\u0131n\u0131 \u00f6nerir. Bununla birlikte, hastalar\u0131n \u00e7ocuk do\u011furma planlar\u0131n\u0131 tamamlam\u0131\u015f olmalar\u0131 iyi olur \u00e7\u00fcnk\u00fc gelecekteki hamilelikler uzun vadeli sonu\u00e7lar\u0131 etkileyebilir. Ayr\u0131ca bireylerin sa\u011fl\u0131kl\u0131 olmas\u0131 gerekmektedir. Prosed\u00fcr i\u00e7in belirli bir ya\u015f s\u0131n\u0131r\u0131 yoktur.<\/p>\n\n<\/div>\n<\/div>\n<\/div>\n<\/div>\n<p>\u00a0<\/p>\n\n<h3 class=\"wp-block-heading\">Herhangi bir sorunuz olmas\u0131 durumunda hemen bizimle ileti\u015fime ge\u00e7in!<\/h3>\n","protected":false},"excerpt":{"rendered":"<p>Sadece kar\u0131n b\u00f6lgesini de\u011fil, ayn\u0131 zamanda yanlardaki, \u00fcst uyluklardaki ve alt s\u0131rttaki fazla deriyi de hedef alan bir tedavi ar\u0131yorsan\u0131z, [&hellip;]<\/p>\n","protected":false},"author":4,"featured_media":96073,"parent":0,"menu_order":0,"comment_status":"closed","ping_status":"closed","template":"","meta":{"site-sidebar-layout":"default","site-content-layout":"","ast-site-content-layout":"default","site-content-style":"default","site-sidebar-style":"default","ast-global-header-display":"","ast-banner-title-visibility":"","ast-main-header-display":"","ast-hfb-above-header-display":"","ast-hfb-below-header-display":"","ast-hfb-mobile-header-display":"","site-post-title":"","ast-breadcrumbs-content":"","ast-featured-img":"","footer-sml-layout":"","ast-disable-related-posts":"","theme-transparent-header-meta":"","adv-header-id-meta":"","stick-header-meta":"","header-above-stick-meta":"","header-main-stick-meta":"","header-below-stick-meta":"","astra-migrate-meta-layouts":"default","ast-page-background-enabled":"default","ast-page-background-meta":{"desktop":{"background-color":"var(--ast-global-color-4)","background-image":"","background-repeat":"repeat","background-position":"center center","background-size":"auto","background-attachment":"scroll","background-type":"","background-media":"","overlay-type":"","overlay-color":"","overlay-opacity":"","overlay-gradient":""},"tablet":{"background-color":"","background-image":"","background-repeat":"repeat","background-position":"center center","background-size":"auto","background-attachment":"scroll","background-type":"","background-media":"","overlay-type":"","overlay-color":"","overlay-opacity":"","overlay-gradient":""},"mobile":{"background-color":"","background-image":"","background-repeat":"repeat","background-position":"center center","background-size":"auto","background-attachment":"scroll","background-type":"","background-media":"","overlay-type":"","overlay-color":"","overlay-opacity":"","overlay-gradient":""}},"ast-content-background-meta":{"desktop":{"background-color":"var(--ast-global-color-5)","background-image":"","background-repeat":"repeat","background-position":"center center","background-size":"auto","background-attachment":"scroll","background-type":"","background-media":"","overlay-type":"","overlay-color":"","overlay-opacity":"","overlay-gradient":""},"tablet":{"background-color":"var(--ast-global-color-5)","background-image":"","background-repeat":"repeat","background-position":"center center","background-size":"auto","background-attachment":"scroll","background-type":"","background-media":"","overlay-type":"","overlay-color":"","overlay-opacity":"","overlay-gradient":""},"mobile":{"background-color":"var(--ast-global-color-5)","background-image":"","background-repeat":"repeat","background-position":"center center","background-size":"auto","background-attachment":"scroll","background-type":"","background-media":"","overlay-type":"","overlay-color":"","overlay-opacity":"","overlay-gradient":""}},"footnotes":""},"class_list":["post-147119","page","type-page","status-publish","has-post-thumbnail","hentry"],"_links":{"self":[{"href":"https:\/\/medclinics.com\/tr\/wp-json\/wp\/v2\/pages\/147119","targetHints":{"allow":["GET"]}}],"collection":[{"href":"https:\/\/medclinics.com\/tr\/wp-json\/wp\/v2\/pages"}],"about":[{"href":"https:\/\/medclinics.com\/tr\/wp-json\/wp\/v2\/types\/page"}],"author":[{"embeddable":true,"href":"https:\/\/medclinics.com\/tr\/wp-json\/wp\/v2\/users\/4"}],"replies":[{"embeddable":true,"href":"https:\/\/medclinics.com\/tr\/wp-json\/wp\/v2\/comments?post=147119"}],"version-history":[{"count":0,"href":"https:\/\/medclinics.com\/tr\/wp-json\/wp\/v2\/pages\/147119\/revisions"}],"wp:featuredmedia":[{"embeddable":true,"href":"https:\/\/medclinics.com\/tr\/wp-json\/wp\/v2\/media\/96073"}],"wp:attachment":[{"href":"https:\/\/medclinics.com\/tr\/wp-json\/wp\/v2\/media?parent=147119"}],"curies":[{"name":"wp","href":"https:\/\/api.w.org\/{rel}","templated":true}]}}