{"id":147107,"date":"2023-05-04T15:21:00","date_gmt":"2023-05-04T15:21:00","guid":{"rendered":"https:\/\/medclinics.com\/brezilya-karin-germe\/"},"modified":"2024-04-01T14:27:52","modified_gmt":"2024-04-01T11:27:52","slug":"brezilya-karin-germe","status":"publish","type":"page","link":"https:\/\/medclinics.com\/tr\/brezilya-karin-germe\/","title":{"rendered":"Brezilya Kar\u0131n Germe"},"content":{"rendered":"\n<h2 class=\"wp-block-heading\">Daha d\u00fcz, daha s\u0131k\u0131 bir kar\u0131n elde etmek i\u00e7in daha kapsaml\u0131 bir v\u00fccut \u015fekillendirme prosed\u00fcr\u00fc ar\u0131yorsan\u0131z, Brezilya Kar\u0131n Germe m\u00fckemmel bir f\u0131rsatt\u0131r.<\/h2>\n\n<p>Brezilya kar\u0131n germe ameliyat\u0131nda abdominoplasti ve liposuction gibi kar\u0131n germe ameliyatlar\u0131n\u0131n bir kombinasyonu kullan\u0131l\u0131r. Abdominoplasti, fazla deriyi \u00e7\u0131karmak i\u00e7in yap\u0131lan plastik cerrahiyi i\u00e7erir. Kar\u0131n duvar\u0131 ya\u011flar\u0131n\u0131 almak i\u00e7in kapsaml\u0131 liposuction uygulan\u0131r.<\/p>\n\n<p>At\u0131klar\u0131 s\u0131k\u0131la\u015ft\u0131rmak i\u00e7in daha kal\u0131n dokunun daha derin tabakas\u0131n\u0131n s\u0131k\u0131la\u015ft\u0131r\u0131lmas\u0131 ger\u00e7ekle\u015ftirilir. Kar\u0131n duvar\u0131 kaslar\u0131, herhangi bir \u015fi\u015fkinli\u011fi azaltmak i\u00e7in yakla\u015ft\u0131r\u0131l\u0131r.<\/p>\n\n<p>&#8220;Liposuction ile <a href=\"https:\/\/en.wikipedia.org\/wiki\/Abdominoplasty\" target=\"_blank\" rel=\"noopener\">kar\u0131n germe<\/a>&#8221; olarak da bilinen Brezilya tipi kar\u0131n germe, genellikle tek ba\u015f\u0131na liposuction ile yeterince ele al\u0131namayan a\u015f\u0131r\u0131 kar\u0131n ya\u011f\u0131 ve gev\u015fek cildi olan ki\u015filer i\u00e7in \u00f6nerilir.<\/p>\n\n<p>Brezilya tipi kar\u0131n germe baz\u0131 riskler ve potansiyel komplikasyonlar ta\u015f\u0131r. Bunlar aras\u0131nda kanama, enfeksiyon, yara izi ve seroma veya hematom yer al\u0131r. Riskleri azaltmak i\u00e7in g\u00fcvenilir bir uzmana dan\u0131\u015fabilirsiniz. MedClinics olarak size yard\u0131mc\u0131 olmaktan mutluluk duyaca\u011f\u0131z.<\/p>\n\n<h3 class=\"wp-block-heading\">Fiyat ve daha fazlas\u0131 dahil olmak \u00fczere <a href=\"https:\/\/medclinics.com\/tr\/plastik-ve-estetik-cerrahi\/\" target=\"_blank\" rel=\"noreferrer noopener\">plastik ve estetik cerrahi<\/a> hakk\u0131nda bilmeniz gereken her \u015fey veya <a href=\"#requestform\">bizimle ileti\u015fime<\/a> ge\u00e7in!<\/h3>\n\n<figure class=\"wp-block-image size-full\"><img fetchpriority=\"high\" decoding=\"async\" width=\"960\" height=\"540\" src=\"https:\/\/medclinics.com\/wp-content\/uploads\/2023\/07\/brazilian-tummy-tuck-near-me.jpg\" alt=\"Yak&#x131;n&#x131;mdaki Brezilya Kar&#x131;n Germe\" class=\"wp-image-97751\" srcset=\"https:\/\/medclinics.com\/wp-content\/uploads\/2023\/07\/brazilian-tummy-tuck-near-me.jpg 960w, https:\/\/medclinics.com\/wp-content\/uploads\/2023\/07\/brazilian-tummy-tuck-near-me-500x281.jpg 500w, https:\/\/medclinics.com\/wp-content\/uploads\/2023\/07\/brazilian-tummy-tuck-near-me-768x432.jpg 768w, https:\/\/medclinics.com\/wp-content\/uploads\/2023\/07\/brazilian-tummy-tuck-near-me-24x14.jpg 24w, https:\/\/medclinics.com\/wp-content\/uploads\/2023\/07\/brazilian-tummy-tuck-near-me-36x20.jpg 36w, https:\/\/medclinics.com\/wp-content\/uploads\/2023\/07\/brazilian-tummy-tuck-near-me-48x27.jpg 48w\" sizes=\"(max-width: 960px) 100vw, 960px\" \/><\/figure>\n\n<h2 class=\"wp-block-heading\">SSS<\/h2>\n<div id=\"rank-math-faq\" class=\"rank-math-block\">\n<div class=\"rank-math-list \">\n<div id=\"faq-question-1688482691010\" class=\"rank-math-list-item\">\n<h3 class=\"rank-math-question \">Brezilya tipi kar\u0131n germe nedir?<\/h3>\n<div class=\"rank-math-answer \">\n\n<p>Brezilya tipi kar\u0131n germe, liposuction ile kar\u0131n germe olarak da bilinir. Geleneksel abdominoplasti tekniklerini liposuction ile birle\u015ftiren cerrahi bir prosed\u00fcrd\u00fcr. B\u00f6ylece fazla kar\u0131n ya\u011flar\u0131n\u0131n al\u0131nmas\u0131, kar\u0131n kaslar\u0131n\u0131n s\u0131k\u0131la\u015ft\u0131r\u0131lmas\u0131 ve bel konturunun iyile\u015ftirilmesi ama\u00e7lan\u0131r.<\/p>\n\n<\/div>\n<\/div>\n<div id=\"faq-question-1688482837601\" class=\"rank-math-list-item\">\n<h3 class=\"rank-math-question \">Brezilya tipi kar\u0131n germe ile kar\u0131n germe aras\u0131ndaki fark nedir?<\/h3>\n<div class=\"rank-math-answer \">\n\n<p>Brezilya tipi kar\u0131n germe, kar\u0131n germe ameliyat\u0131na ek olarak liposuction kullan\u0131m\u0131n\u0131 ifade eder. Kar\u0131n b\u00f6lgesindeki fazla ya\u011flara y\u00f6nelik liposuction ve kar\u0131n germe i\u015flemlerini i\u00e7erir.<\/p>\n\n<\/div>\n<\/div>\n<div id=\"faq-question-1688482870977\" class=\"rank-math-list-item\">\n<h3 class=\"rank-math-question \">Kar\u0131n germe i\u00e7in en uygun ya\u015f ka\u00e7t\u0131r?<\/h3>\n<div class=\"rank-math-answer \">\n\n<p>Kar\u0131n germe i\u00e7in best bir ya\u015f yoktur. Tipik olarak, 30&#8217;lu ya\u015flardan 60&#8217;l\u0131 ya\u015flara kadar olan bireyler bu prosed\u00fcrler i\u00e7in ortak adaylard\u0131r. Ya\u015f d\u0131\u015f\u0131ndaki fakt\u00f6rler de tedavinin belirlenmesinde rol oynar.<\/p>\n\n<\/div>\n<\/div>\n<div id=\"faq-question-1688482872159\" class=\"rank-math-list-item\">\n<h3 class=\"rank-math-question \">Kar\u0131n germe ameliyat\u0131ndan sonra karn\u0131n\u0131z tekrar ya\u011flanabilir mi?<\/h3>\n<div class=\"rank-math-answer \">\n\n<p>Kar\u0131n germe, fazla deri ve ya\u011f\u0131n al\u0131nmas\u0131yla daha \u015fekilli bir g\u00f6r\u00fcn\u00fcm sa\u011flar. Ancak gelecekte kilo al\u0131m\u0131n\u0131 veya yeni ya\u011f birikintilerinin olu\u015fumunu engellemez. Sa\u011fl\u0131kl\u0131 bir diyet, d\u00fczenli egzersiz ve sabit bir kilonun korunmas\u0131 uzun vadeli sonu\u00e7lar i\u00e7in \u00f6nemlidir.<\/p>\n\n<\/div>\n<\/div>\n<\/div>\n<\/div>\n<p>\u00a0<\/p>\n\n<h3 class=\"wp-block-heading\">Herhangi bir sorunuz olmas\u0131 durumunda hemen bizimle ileti\u015fime ge\u00e7in!<\/h3>\n","protected":false},"excerpt":{"rendered":"<p>Daha d\u00fcz, daha s\u0131k\u0131 bir kar\u0131n elde etmek i\u00e7in daha kapsaml\u0131 bir v\u00fccut \u015fekillendirme prosed\u00fcr\u00fc ar\u0131yorsan\u0131z, Brezilya Kar\u0131n Germe m\u00fckemmel [&hellip;]<\/p>\n","protected":false},"author":4,"featured_media":96121,"parent":0,"menu_order":0,"comment_status":"closed","ping_status":"closed","template":"","meta":{"site-sidebar-layout":"default","site-content-layout":"","ast-site-content-layout":"default","site-content-style":"default","site-sidebar-style":"default","ast-global-header-display":"","ast-banner-title-visibility":"","ast-main-header-display":"","ast-hfb-above-header-display":"","ast-hfb-below-header-display":"","ast-hfb-mobile-header-display":"","site-post-title":"","ast-breadcrumbs-content":"","ast-featured-img":"","footer-sml-layout":"","ast-disable-related-posts":"","theme-transparent-header-meta":"","adv-header-id-meta":"","stick-header-meta":"","header-above-stick-meta":"","header-main-stick-meta":"","header-below-stick-meta":"","astra-migrate-meta-layouts":"default","ast-page-background-enabled":"default","ast-page-background-meta":{"desktop":{"background-color":"var(--ast-global-color-4)","background-image":"","background-repeat":"repeat","background-position":"center center","background-size":"auto","background-attachment":"scroll","background-type":"","background-media":"","overlay-type":"","overlay-color":"","overlay-opacity":"","overlay-gradient":""},"tablet":{"background-color":"","background-image":"","background-repeat":"repeat","background-position":"center center","background-size":"auto","background-attachment":"scroll","background-type":"","background-media":"","overlay-type":"","overlay-color":"","overlay-opacity":"","overlay-gradient":""},"mobile":{"background-color":"","background-image":"","background-repeat":"repeat","background-position":"center center","background-size":"auto","background-attachment":"scroll","background-type":"","background-media":"","overlay-type":"","overlay-color":"","overlay-opacity":"","overlay-gradient":""}},"ast-content-background-meta":{"desktop":{"background-color":"var(--ast-global-color-5)","background-image":"","background-repeat":"repeat","background-position":"center center","background-size":"auto","background-attachment":"scroll","background-type":"","background-media":"","overlay-type":"","overlay-color":"","overlay-opacity":"","overlay-gradient":""},"tablet":{"background-color":"var(--ast-global-color-5)","background-image":"","background-repeat":"repeat","background-position":"center center","background-size":"auto","background-attachment":"scroll","background-type":"","background-media":"","overlay-type":"","overlay-color":"","overlay-opacity":"","overlay-gradient":""},"mobile":{"background-color":"var(--ast-global-color-5)","background-image":"","background-repeat":"repeat","background-position":"center center","background-size":"auto","background-attachment":"scroll","background-type":"","background-media":"","overlay-type":"","overlay-color":"","overlay-opacity":"","overlay-gradient":""}},"footnotes":""},"class_list":["post-147107","page","type-page","status-publish","has-post-thumbnail","hentry"],"_links":{"self":[{"href":"https:\/\/medclinics.com\/tr\/wp-json\/wp\/v2\/pages\/147107","targetHints":{"allow":["GET"]}}],"collection":[{"href":"https:\/\/medclinics.com\/tr\/wp-json\/wp\/v2\/pages"}],"about":[{"href":"https:\/\/medclinics.com\/tr\/wp-json\/wp\/v2\/types\/page"}],"author":[{"embeddable":true,"href":"https:\/\/medclinics.com\/tr\/wp-json\/wp\/v2\/users\/4"}],"replies":[{"embeddable":true,"href":"https:\/\/medclinics.com\/tr\/wp-json\/wp\/v2\/comments?post=147107"}],"version-history":[{"count":0,"href":"https:\/\/medclinics.com\/tr\/wp-json\/wp\/v2\/pages\/147107\/revisions"}],"wp:featuredmedia":[{"embeddable":true,"href":"https:\/\/medclinics.com\/tr\/wp-json\/wp\/v2\/media\/96121"}],"wp:attachment":[{"href":"https:\/\/medclinics.com\/tr\/wp-json\/wp\/v2\/media?parent=147107"}],"curies":[{"name":"wp","href":"https:\/\/api.w.org\/{rel}","templated":true}]}}