{"id":147101,"date":"2023-05-05T12:45:00","date_gmt":"2023-05-05T12:45:00","guid":{"rendered":"https:\/\/medclinics.com\/tam-abdominoplasti\/"},"modified":"2024-04-01T14:59:52","modified_gmt":"2024-04-01T11:59:52","slug":"tam-abdominoplasti","status":"publish","type":"page","link":"https:\/\/medclinics.com\/tr\/tam-abdominoplasti\/","title":{"rendered":"Tam Abdominoplasti"},"content":{"rendered":"\n<h2 class=\"wp-block-heading\">Kar\u0131n b\u00f6lgesinde deri fazlal\u0131\u011f\u0131, kas zay\u0131fl\u0131\u011f\u0131, inat\u00e7\u0131 ya\u011f birikintileri veya \u00e7atlaklar varsa, Tam abdominoplasti sizin i\u00e7in uygundur.<\/h2>\n\n<p>Tam abdominoplasti, standart kar\u0131n <a href=\"https:\/\/en.wikipedia.org\/wiki\/Abdominoplasty\" target=\"_blank\" rel=\"noreferrer noopener\">germe<\/a> olarak da bilinir. Fazla deri ve ya\u011f\u0131 alarak, kar\u0131n kaslar\u0131n\u0131 s\u0131k\u0131la\u015ft\u0131rarak ve g\u00f6bek deli\u011fini yeniden konumland\u0131rarak kar\u0131n g\u00f6r\u00fcn\u00fcm\u00fcn\u00fc iyile\u015ftirmeyi ama\u00e7lar.<\/p>\n\n<p>Tipik olarak gev\u015fek veya sarkm\u0131\u015f kar\u0131n derisi, zay\u0131flam\u0131\u015f kar\u0131n kaslar\u0131 veya kar\u0131n b\u00f6lgesinde a\u015f\u0131r\u0131 ya\u011f birikimi olan ki\u015filerde yap\u0131l\u0131r.<\/p>\n\n<p>Prosed\u00fcr, alt kar\u0131n b\u00f6lgesi boyunca bir kesi yap\u0131lmas\u0131n\u0131, fazla deri ve ya\u011f\u0131n al\u0131nmas\u0131n\u0131, kar\u0131n kaslar\u0131n\u0131n s\u0131k\u0131la\u015ft\u0131r\u0131lmas\u0131n\u0131 ve g\u00f6bek deli\u011finin yeniden konumland\u0131r\u0131lmas\u0131n\u0131 i\u00e7erir. Bu, daha p\u00fcr\u00fczs\u00fcz ve s\u0131k\u0131 bir kar\u0131n konturu elde etmek i\u00e7in uygulan\u0131r.<\/p>\n\n<p>Mini abdominoplastiye k\u0131yasla daha kapsaml\u0131 bir prosed\u00fcrd\u00fcr \u00e7\u00fcnk\u00fc t\u00fcm kar\u0131n b\u00f6lgesini ele al\u0131r. Genellikle belirgin kar\u0131n gev\u015fekli\u011fi olan veya daha kapsaml\u0131 d\u00fczeltme gerektiren ki\u015filer taraf\u0131ndan tercih edilir.<\/p>\n\n<h3 class=\"wp-block-heading\">Fiyat ve daha fazlas\u0131 dahil olmak \u00fczere <a href=\"https:\/\/medclinics.com\/tr\/plastik-ve-estetik-cerrahi\/\" target=\"_blank\" rel=\"noreferrer noopener\">plastik ve estetik cerrahi<\/a> hakk\u0131nda bilmeniz gereken her \u015fey veya <a href=\"#requestform\">bizimle ileti\u015fime<\/a> ge\u00e7in!<\/h3>\n\n<figure class=\"wp-block-image size-full\"><img fetchpriority=\"high\" decoding=\"async\" width=\"960\" height=\"540\" src=\"https:\/\/medclinics.com\/wp-content\/uploads\/2023\/07\/full-abdominoplasty-near-me.jpg\" alt=\"Yak&#x131;n&#x131;mdaki Tam Abdominoplasti &#x130;stanbul T&#xFC;rkiye\" class=\"wp-image-97727\" srcset=\"https:\/\/medclinics.com\/wp-content\/uploads\/2023\/07\/full-abdominoplasty-near-me.jpg 960w, https:\/\/medclinics.com\/wp-content\/uploads\/2023\/07\/full-abdominoplasty-near-me-500x281.jpg 500w, https:\/\/medclinics.com\/wp-content\/uploads\/2023\/07\/full-abdominoplasty-near-me-768x432.jpg 768w, https:\/\/medclinics.com\/wp-content\/uploads\/2023\/07\/full-abdominoplasty-near-me-24x14.jpg 24w, https:\/\/medclinics.com\/wp-content\/uploads\/2023\/07\/full-abdominoplasty-near-me-36x20.jpg 36w, https:\/\/medclinics.com\/wp-content\/uploads\/2023\/07\/full-abdominoplasty-near-me-48x27.jpg 48w\" sizes=\"(max-width: 960px) 100vw, 960px\" \/><\/figure>\n\n<h2 class=\"wp-block-heading\">SSS<\/h2>\n<div id=\"rank-math-faq\" class=\"rank-math-block\">\n<div class=\"rank-math-list \">\n<div id=\"faq-question-1688472638412\" class=\"rank-math-list-item\">\n<h3 class=\"rank-math-question \">Tam abdominoplasti nedir?<\/h3>\n<div class=\"rank-math-answer \">\n\n<p>Tam abdominoplasti, kar\u0131ndaki fazla deri ve ya\u011flar\u0131 alan, kar\u0131n kaslar\u0131n\u0131 s\u0131k\u0131la\u015ft\u0131ran ve orta b\u00f6l\u00fcm\u00fcn genel konturunu iyile\u015ftiren cerrahi bir prosed\u00fcrd\u00fcr.<\/p>\n\n<\/div>\n<\/div>\n<div id=\"faq-question-1688473106108\" class=\"rank-math-list-item\">\n<h3 class=\"rank-math-question \">Tam abdominoplasti ne kadar s\u00fcrer?<\/h3>\n<div class=\"rank-math-answer \">\n\n<p>Sonu\u00e7lar uzun s\u00fcreli olabilir. Elbette bu sonuca ula\u015fmak i\u00e7in sa\u011fl\u0131kl\u0131 bir ya\u015fam tarz\u0131 s\u00fcrd\u00fcr\u00fclmeli ve \u00f6nemli kilo dalgalanmalar\u0131ndan ka\u00e7\u0131n\u0131lmal\u0131d\u0131r.<\/p>\n\n<\/div>\n<\/div>\n<div id=\"faq-question-1688472782963\" class=\"rank-math-list-item\">\n<h3 class=\"rank-math-question \">Tam kar\u0131n germe ameliyat\u0131ndan sonra iyile\u015fme ne kadar s\u00fcrer?<\/h3>\n<div class=\"rank-math-answer \">\n\n<p>\u0130yile\u015fme s\u00fcresi normalde birka\u00e7 hafta ila birka\u00e7 ay s\u00fcrer.<\/p>\n\n<\/div>\n<\/div>\n<div id=\"faq-question-1688472845557\" class=\"rank-math-list-item\">\n<h3 class=\"rank-math-question \">Tam abdominoplasti ne kadara mal olur?<\/h3>\n<div class=\"rank-math-answer \">\n\n<p>Maliyet, cerrah\u0131n deneyimi, klini\u011fin co\u011frafi konumu, prosed\u00fcr\u00fcn karma\u015f\u0131kl\u0131\u011f\u0131 gibi fakt\u00f6rlere ba\u011fl\u0131 olarak de\u011fi\u015febilir. Ortalama olarak, tam bir kar\u0131n germe i\u015fleminin maliyeti 5.000 ila 12.000 $ veya daha fazla aras\u0131nda de\u011fi\u015febilir.<\/p>\n\n<\/div>\n<\/div>\n<div id=\"faq-question-1688474218453\" class=\"rank-math-list-item\">\n<h3 class=\"rank-math-question \">Bak\u0131m sonras\u0131 prosed\u00fcrler nelerdir?<\/h3>\n<div class=\"rank-math-answer \">\n\n<p>\u0130\u015flemi takip eden ilk birka\u00e7 g\u00fcn hastalar rahats\u0131zl\u0131k, \u015fi\u015flik ve morarma ya\u015fayabilir. A\u011fr\u0131 kesici ila\u00e7lar ve kompresyon giysisi giymek bu semptomlar\u0131 y\u00f6netmeye yard\u0131mc\u0131 olabilir.<br \/>\u0130lk haftalarda hastalar yorucu aktivitelerden, a\u011f\u0131r kald\u0131rmaktan ve yo\u011fun egzersizden ka\u00e7\u0131nmal\u0131d\u0131r. \u00c7o\u011fu ki\u015fi 1-2 hafta i\u00e7inde i\u015fine ve normal g\u00fcnl\u00fck aktivitelerine d\u00f6nebilir.<br \/>Takip eden haftalar ve aylar boyunca \u015fi\u015flik giderek azalacak ve kesiler iyile\u015fecektir. \u0130lerlemeyi izlemek ve uygun iyile\u015fmeyi sa\u011flamak i\u00e7in cerrahla takip randevular\u0131na kat\u0131lmal\u0131s\u0131n\u0131z.<\/p>\n\n<\/div>\n<\/div>\n<\/div>\n<\/div>\n<p>\u00a0<\/p>\n\n<h3 class=\"wp-block-heading\">Herhangi bir sorunuz olmas\u0131 durumunda hemen bizimle ileti\u015fime ge\u00e7in!<\/h3>\n","protected":false},"excerpt":{"rendered":"<p>Kar\u0131n b\u00f6lgesinde deri fazlal\u0131\u011f\u0131, kas zay\u0131fl\u0131\u011f\u0131, inat\u00e7\u0131 ya\u011f birikintileri veya \u00e7atlaklar varsa, Tam abdominoplasti sizin i\u00e7in uygundur. Tam abdominoplasti, standart [&hellip;]<\/p>\n","protected":false},"author":4,"featured_media":96043,"parent":0,"menu_order":0,"comment_status":"closed","ping_status":"closed","template":"","meta":{"site-sidebar-layout":"default","site-content-layout":"","ast-site-content-layout":"default","site-content-style":"default","site-sidebar-style":"default","ast-global-header-display":"","ast-banner-title-visibility":"","ast-main-header-display":"","ast-hfb-above-header-display":"","ast-hfb-below-header-display":"","ast-hfb-mobile-header-display":"","site-post-title":"","ast-breadcrumbs-content":"","ast-featured-img":"","footer-sml-layout":"","ast-disable-related-posts":"","theme-transparent-header-meta":"","adv-header-id-meta":"","stick-header-meta":"","header-above-stick-meta":"","header-main-stick-meta":"","header-below-stick-meta":"","astra-migrate-meta-layouts":"default","ast-page-background-enabled":"default","ast-page-background-meta":{"desktop":{"background-color":"var(--ast-global-color-4)","background-image":"","background-repeat":"repeat","background-position":"center center","background-size":"auto","background-attachment":"scroll","background-type":"","background-media":"","overlay-type":"","overlay-color":"","overlay-opacity":"","overlay-gradient":""},"tablet":{"background-color":"","background-image":"","background-repeat":"repeat","background-position":"center center","background-size":"auto","background-attachment":"scroll","background-type":"","background-media":"","overlay-type":"","overlay-color":"","overlay-opacity":"","overlay-gradient":""},"mobile":{"background-color":"","background-image":"","background-repeat":"repeat","background-position":"center center","background-size":"auto","background-attachment":"scroll","background-type":"","background-media":"","overlay-type":"","overlay-color":"","overlay-opacity":"","overlay-gradient":""}},"ast-content-background-meta":{"desktop":{"background-color":"var(--ast-global-color-5)","background-image":"","background-repeat":"repeat","background-position":"center center","background-size":"auto","background-attachment":"scroll","background-type":"","background-media":"","overlay-type":"","overlay-color":"","overlay-opacity":"","overlay-gradient":""},"tablet":{"background-color":"var(--ast-global-color-5)","background-image":"","background-repeat":"repeat","background-position":"center center","background-size":"auto","background-attachment":"scroll","background-type":"","background-media":"","overlay-type":"","overlay-color":"","overlay-opacity":"","overlay-gradient":""},"mobile":{"background-color":"var(--ast-global-color-5)","background-image":"","background-repeat":"repeat","background-position":"center center","background-size":"auto","background-attachment":"scroll","background-type":"","background-media":"","overlay-type":"","overlay-color":"","overlay-opacity":"","overlay-gradient":""}},"footnotes":""},"class_list":["post-147101","page","type-page","status-publish","has-post-thumbnail","hentry"],"_links":{"self":[{"href":"https:\/\/medclinics.com\/tr\/wp-json\/wp\/v2\/pages\/147101","targetHints":{"allow":["GET"]}}],"collection":[{"href":"https:\/\/medclinics.com\/tr\/wp-json\/wp\/v2\/pages"}],"about":[{"href":"https:\/\/medclinics.com\/tr\/wp-json\/wp\/v2\/types\/page"}],"author":[{"embeddable":true,"href":"https:\/\/medclinics.com\/tr\/wp-json\/wp\/v2\/users\/4"}],"replies":[{"embeddable":true,"href":"https:\/\/medclinics.com\/tr\/wp-json\/wp\/v2\/comments?post=147101"}],"version-history":[{"count":0,"href":"https:\/\/medclinics.com\/tr\/wp-json\/wp\/v2\/pages\/147101\/revisions"}],"wp:featuredmedia":[{"embeddable":true,"href":"https:\/\/medclinics.com\/tr\/wp-json\/wp\/v2\/media\/96043"}],"wp:attachment":[{"href":"https:\/\/medclinics.com\/tr\/wp-json\/wp\/v2\/media?parent=147101"}],"curies":[{"name":"wp","href":"https:\/\/api.w.org\/{rel}","templated":true}]}}