{"id":147085,"date":"2023-05-04T14:45:00","date_gmt":"2023-05-04T11:45:00","guid":{"rendered":"https:\/\/medclinics.com\/fleur-de-lis-abdominoplasti\/"},"modified":"2024-04-01T14:58:27","modified_gmt":"2024-04-01T11:58:27","slug":"fleur-de-lis-abdominoplasti","status":"publish","type":"page","link":"https:\/\/medclinics.com\/tr\/fleur-de-lis-abdominoplasti\/","title":{"rendered":"Fleur de Lis Abdominoplasti"},"content":{"rendered":"\n<h2 class=\"wp-block-heading\">Kar\u0131n b\u00f6lgenizde sadece yatay de\u011fil dikey olarak da deri ve ya\u011f fazlal\u0131\u011f\u0131n\u0131z varsa Fleur de Lis Abdominoplasti sizin i\u00e7in en iyi tedavi se\u00e7ene\u011fi olabilir.<\/h2>\n\n<p>Fleur de lis abdominoplasti, kar\u0131n b\u00f6lgesindeki fazla deri ve ya\u011f\u0131n al\u0131nmas\u0131n\u0131 i\u00e7erir. Standart bir kar\u0131n germe i\u015fleminde kullan\u0131lan geleneksel yatay kesiye ek olarak dikey bir kesi olu\u015fturulur.<\/p>\n\n<p>\u0130\u015flem s\u0131ras\u0131nda cerrah, geleneksel kar\u0131n <a href=\"https:\/\/en.wikipedia.org\/wiki\/Abdominoplasty\" target=\"_blank\" rel=\"noreferrer noopener\">germe<\/a> i\u015flemine benzer \u015fekilde alt kar\u0131n b\u00f6lgesi boyunca yatay bir kesi yapar. Daha sonra g\u00f6\u011f\u00fcs kafesine do\u011fru yukar\u0131 uzanan dikey bir kesi olu\u015fturur. Bu kesi \u015fekli bir fleur-de-lis \u015fekline benzemektedir, dolay\u0131s\u0131yla prosed\u00fcr\u00fcn ad\u0131 da buradan gelmektedir.<\/p>\n\n<p>Fleur-de-lis abdominoplasti, fazla deri ve ya\u011f\u0131n daha kapsaml\u0131 bir \u015fekilde al\u0131nmas\u0131n\u0131 sa\u011flar. Hem dikey hem de yatay d\u00fczlemlerde belirgin gev\u015fekli\u011fi olan bireyler i\u00e7in geli\u015fmi\u015f konturlama sa\u011flayabilir.<\/p>\n\n<p>Fleur-de-lis abdominoplastinin uygunlu\u011fu, fazla deri ve ya\u011f\u0131n derecesi, v\u00fccut \u015fekli gibi fakt\u00f6rlere ba\u011fl\u0131d\u0131r.<\/p>\n\n<h3 class=\"wp-block-heading\">Fiyat ve daha fazlas\u0131 dahil olmak \u00fczere <a href=\"https:\/\/medclinics.com\/tr\/plastik-ve-estetik-cerrahi\/\" target=\"_blank\" rel=\"noreferrer noopener\">plastik ve estetik cerrahi<\/a> hakk\u0131nda bilmeniz gereken her \u015fey veya <a href=\"#requestform\">bizimle ileti\u015fime<\/a> ge\u00e7in!<\/h3>\n\n<figure class=\"wp-block-image size-full\"><img fetchpriority=\"high\" decoding=\"async\" width=\"960\" height=\"540\" src=\"https:\/\/medclinics.com\/wp-content\/uploads\/2023\/07\/fleur-de-lis-abdominoplasty-near-me.jpg\" alt=\"Fleur de Lis Abdominoplasti Yak&#x131;n&#x131;mdaki &#x130;stanbul T&#xFC;rkiye\" class=\"wp-image-97759\" srcset=\"https:\/\/medclinics.com\/wp-content\/uploads\/2023\/07\/fleur-de-lis-abdominoplasty-near-me.jpg 960w, https:\/\/medclinics.com\/wp-content\/uploads\/2023\/07\/fleur-de-lis-abdominoplasty-near-me-500x281.jpg 500w, https:\/\/medclinics.com\/wp-content\/uploads\/2023\/07\/fleur-de-lis-abdominoplasty-near-me-768x432.jpg 768w, https:\/\/medclinics.com\/wp-content\/uploads\/2023\/07\/fleur-de-lis-abdominoplasty-near-me-24x14.jpg 24w, https:\/\/medclinics.com\/wp-content\/uploads\/2023\/07\/fleur-de-lis-abdominoplasty-near-me-36x20.jpg 36w, https:\/\/medclinics.com\/wp-content\/uploads\/2023\/07\/fleur-de-lis-abdominoplasty-near-me-48x27.jpg 48w\" sizes=\"(max-width: 960px) 100vw, 960px\" \/><\/figure>\n\n<h2 class=\"wp-block-heading\">SSS<\/h2>\n<div id=\"rank-math-faq\" class=\"rank-math-block\">\n<div class=\"rank-math-list \">\n<div id=\"faq-question-1688480191450\" class=\"rank-math-list-item\">\n<h3 class=\"rank-math-question \">Fleur de Lis Abdominoplasti Nedir?<\/h3>\n<div class=\"rank-math-answer \">\n\n<p>Fleur-de-lis abdominoplasti cerrahi bir i\u015flemdir. Hem yatay hem de dikey kesiler yap\u0131larak kar\u0131n b\u00f6lgesindeki fazla deri ve ya\u011f\u0131n al\u0131nmas\u0131n\u0131 i\u00e7erir.  <\/p>\n\n<\/div>\n<\/div>\n<div id=\"faq-question-1688480478342\" class=\"rank-math-list-item\">\n<h3 class=\"rank-math-question \">Abdominoplasti ile Fleur de Lis aras\u0131ndaki fark nedir?<\/h3>\n<div class=\"rank-math-answer \">\n\n<p>Abdominoplasti (kar\u0131n germe) ile Fleur-de-lis abdominoplasti aras\u0131ndaki temel fark kesi \u015feklidir. Abdominoplasti yatay bir kesi i\u00e7erirken, fleur-de-lis abdominoplasti hem yatay hem de dikey kesileri i\u00e7erir. B\u00f6ylece karn\u0131n birden fazla y\u00f6n\u00fcndeki gev\u015fekli\u011fi giderir.<\/p>\n\n<\/div>\n<\/div>\n<div id=\"faq-question-1688480659142\" class=\"rank-math-list-item\">\n<h3 class=\"rank-math-question \">Fleur de Lis abdominoplasti i\u00e7in iyile\u015fme s\u00fcresi ne kadard\u0131r?<\/h3>\n<div class=\"rank-math-answer \">\n\n<p>Fleur de Lis abdominoplasti i\u00e7in iyile\u015fme s\u00fcresi, bireysel fakt\u00f6rlere ve prosed\u00fcr\u00fcn kapsam\u0131na ba\u011fl\u0131 olarak de\u011fi\u015febilir. Genel olarak, ilk iyile\u015fme d\u00f6nemi tipik olarak yakla\u015f\u0131k 2 ila 4 hafta s\u00fcrer.<\/p>\n\n<\/div>\n<\/div>\n<div id=\"faq-question-1688480682990\" class=\"rank-math-list-item\">\n<h3 class=\"rank-math-question \">Fleur-De-Lis abdominoplasti ne kadara mal olur?<\/h3>\n<div class=\"rank-math-answer \">\n\n<p>T\u00fcrkiye&#8217;de fleur-de-lis abdominoplastinin maliyeti yakla\u015f\u0131k 3.000 ila 6.000 dolar aras\u0131nda de\u011fi\u015febilir. ABD&#8217;de maliyet yakla\u015f\u0131k 8.000 ila 15.000 $ veya daha fazlad\u0131r,<br \/>Almanya&#8217;da 5.000 ila 10.000 Avro veya \u00fczeri, Polonya&#8217;da 3.000 ila 7.000 Avro veya \u00fczeri.<\/p>\n\n<\/div>\n<\/div>\n<\/div>\n<\/div>\n<p>\u00a0<\/p>\n\n<h3 class=\"wp-block-heading\">Herhangi bir sorunuz olmas\u0131 durumunda hemen bizimle ileti\u015fime ge\u00e7in!<\/h3>\n","protected":false},"excerpt":{"rendered":"<p>Kar\u0131n b\u00f6lgenizde sadece yatay de\u011fil dikey olarak da deri ve ya\u011f fazlal\u0131\u011f\u0131n\u0131z varsa Fleur de Lis Abdominoplasti sizin i\u00e7in en [&hellip;]<\/p>\n","protected":false},"author":4,"featured_media":96103,"parent":0,"menu_order":0,"comment_status":"closed","ping_status":"closed","template":"","meta":{"site-sidebar-layout":"default","site-content-layout":"","ast-site-content-layout":"default","site-content-style":"default","site-sidebar-style":"default","ast-global-header-display":"","ast-banner-title-visibility":"","ast-main-header-display":"","ast-hfb-above-header-display":"","ast-hfb-below-header-display":"","ast-hfb-mobile-header-display":"","site-post-title":"","ast-breadcrumbs-content":"","ast-featured-img":"","footer-sml-layout":"","ast-disable-related-posts":"","theme-transparent-header-meta":"","adv-header-id-meta":"","stick-header-meta":"","header-above-stick-meta":"","header-main-stick-meta":"","header-below-stick-meta":"","astra-migrate-meta-layouts":"default","ast-page-background-enabled":"default","ast-page-background-meta":{"desktop":{"background-color":"var(--ast-global-color-4)","background-image":"","background-repeat":"repeat","background-position":"center center","background-size":"auto","background-attachment":"scroll","background-type":"","background-media":"","overlay-type":"","overlay-color":"","overlay-opacity":"","overlay-gradient":""},"tablet":{"background-color":"","background-image":"","background-repeat":"repeat","background-position":"center center","background-size":"auto","background-attachment":"scroll","background-type":"","background-media":"","overlay-type":"","overlay-color":"","overlay-opacity":"","overlay-gradient":""},"mobile":{"background-color":"","background-image":"","background-repeat":"repeat","background-position":"center center","background-size":"auto","background-attachment":"scroll","background-type":"","background-media":"","overlay-type":"","overlay-color":"","overlay-opacity":"","overlay-gradient":""}},"ast-content-background-meta":{"desktop":{"background-color":"var(--ast-global-color-5)","background-image":"","background-repeat":"repeat","background-position":"center center","background-size":"auto","background-attachment":"scroll","background-type":"","background-media":"","overlay-type":"","overlay-color":"","overlay-opacity":"","overlay-gradient":""},"tablet":{"background-color":"var(--ast-global-color-5)","background-image":"","background-repeat":"repeat","background-position":"center center","background-size":"auto","background-attachment":"scroll","background-type":"","background-media":"","overlay-type":"","overlay-color":"","overlay-opacity":"","overlay-gradient":""},"mobile":{"background-color":"var(--ast-global-color-5)","background-image":"","background-repeat":"repeat","background-position":"center center","background-size":"auto","background-attachment":"scroll","background-type":"","background-media":"","overlay-type":"","overlay-color":"","overlay-opacity":"","overlay-gradient":""}},"footnotes":""},"class_list":["post-147085","page","type-page","status-publish","has-post-thumbnail","hentry"],"_links":{"self":[{"href":"https:\/\/medclinics.com\/tr\/wp-json\/wp\/v2\/pages\/147085","targetHints":{"allow":["GET"]}}],"collection":[{"href":"https:\/\/medclinics.com\/tr\/wp-json\/wp\/v2\/pages"}],"about":[{"href":"https:\/\/medclinics.com\/tr\/wp-json\/wp\/v2\/types\/page"}],"author":[{"embeddable":true,"href":"https:\/\/medclinics.com\/tr\/wp-json\/wp\/v2\/users\/4"}],"replies":[{"embeddable":true,"href":"https:\/\/medclinics.com\/tr\/wp-json\/wp\/v2\/comments?post=147085"}],"version-history":[{"count":0,"href":"https:\/\/medclinics.com\/tr\/wp-json\/wp\/v2\/pages\/147085\/revisions"}],"wp:featuredmedia":[{"embeddable":true,"href":"https:\/\/medclinics.com\/tr\/wp-json\/wp\/v2\/media\/96103"}],"wp:attachment":[{"href":"https:\/\/medclinics.com\/tr\/wp-json\/wp\/v2\/media?parent=147085"}],"curies":[{"name":"wp","href":"https:\/\/api.w.org\/{rel}","templated":true}]}}