{"id":147071,"date":"2023-05-05T07:53:00","date_gmt":"2023-05-05T04:53:00","guid":{"rendered":"https:\/\/medclinics.com\/ters-karin-germe\/"},"modified":"2024-04-01T16:19:54","modified_gmt":"2024-04-01T13:19:54","slug":"ters-karin-germe","status":"publish","type":"page","link":"https:\/\/medclinics.com\/tr\/ters-karin-germe\/","title":{"rendered":"Ters Kar\u0131n Germe"},"content":{"rendered":"\n<h2 class=\"wp-block-heading\">\u00dcst kar\u0131n b\u00f6lgesinin g\u00f6r\u00fcn\u00fcm\u00fcn\u00fc iyile\u015ftirmenin yollar\u0131n\u0131 ar\u0131yorsan\u0131z, Ters Kar\u0131n Germe sizin i\u00e7in m\u00fckemmel bir f\u0131rsatt\u0131r.<\/h2>\n\n<p>Ters kar\u0131n germe ayn\u0131 zamanda \u00fcst v\u00fccut germe olarak da bilinir. \u00dcst kar\u0131n b\u00f6lgesindeki sarkm\u0131\u015f cildi ve fazla ya\u011f\u0131 giderir. Ters kar\u0131n germe, g\u00f6bek deli\u011finin \u00fczerindeki alan da dahil olmak \u00fczere \u00fcst karn\u0131 hedef al\u0131r. Geleneksel kar\u0131n germe alt kar\u0131n b\u00f6lgesine odaklan\u0131r. Aralar\u0131ndaki fark budur.<\/p>\n\n<p>Ters kar\u0131n germe s\u0131ras\u0131nda tipik olarak memenin alt s\u0131n\u0131r\u0131 boyunca bir kesi yap\u0131l\u0131r. Daha sonra \u00fcst kar\u0131n b\u00f6lgesinden fazla deri ve ya\u011f al\u0131n\u0131r. Gerekirse altta yatan kaslar s\u0131k\u0131la\u015ft\u0131r\u0131labilir. Son olarak, kalan deri a\u015fa\u011f\u0131 do\u011fru \u00e7ekilir.<\/p>\n\n<p>Bu ameliyat, \u00fcst kar\u0131n b\u00f6lgesinde gev\u015fek, sark\u0131k cilde sahip ki\u015filer aras\u0131nda yayg\u0131nd\u0131r. Kilo kayb\u0131, ya\u015flanma veya hamilelik tipik nedenlerdir. Ters kar\u0131n germe genellikle <a href=\"https:\/\/medclinics.com\/tr\/gogus-diklestirme\/\" target=\"_blank\" rel=\"noreferrer noopener\">meme <\/a>dikle\u015ftirme ameliyat\u0131 ile birlikte yap\u0131l\u0131r.<\/p>\n\n<p><a href=\"https:\/\/en.wikipedia.org\/wiki\/Abdominoplasty#Risks\" target=\"_blank\" rel=\"noreferrer noopener\">Riskler<\/a> aras\u0131nda enfeksiyon, yara izi, k\u00f6t\u00fc yara iyile\u015fmesi ve potansiyel kan p\u0131ht\u0131s\u0131 geli\u015fimi yer al\u0131r. Tedavinizin uzman bir doktor taraf\u0131ndan yap\u0131lmas\u0131 bu riskleri azalt\u0131r.<\/p>\n\n<h3 class=\"wp-block-heading\">Fiyat, tedavi plan\u0131 ve daha fazlas\u0131 dahil olmak \u00fczere <a href=\"https:\/\/medclinics.com\/tr\/plastik-ve-estetik-cerrahi\/\" target=\"_blank\" rel=\"noreferrer noopener\">plastik ve estetik cerrahi<\/a> hakk\u0131nda bilmeniz gereken her \u015fey veya <a href=\"#requestform\">bizimle ileti\u015fime<\/a> ge\u00e7in!<\/h3>\n\n<figure class=\"wp-block-image size-full\"><img fetchpriority=\"high\" decoding=\"async\" width=\"960\" height=\"540\" src=\"https:\/\/medclinics.com\/wp-content\/uploads\/2023\/07\/reverse-tummy-tuck-near-me.jpg\" alt=\"Yak&#x131;n&#x131;mdaki Ters Kar&#x131;n Germe &#x130;stanbul T&#xFC;rkiye\" class=\"wp-image-97743\" srcset=\"https:\/\/medclinics.com\/wp-content\/uploads\/2023\/07\/reverse-tummy-tuck-near-me.jpg 960w, https:\/\/medclinics.com\/wp-content\/uploads\/2023\/07\/reverse-tummy-tuck-near-me-500x281.jpg 500w, https:\/\/medclinics.com\/wp-content\/uploads\/2023\/07\/reverse-tummy-tuck-near-me-768x432.jpg 768w, https:\/\/medclinics.com\/wp-content\/uploads\/2023\/07\/reverse-tummy-tuck-near-me-24x14.jpg 24w, https:\/\/medclinics.com\/wp-content\/uploads\/2023\/07\/reverse-tummy-tuck-near-me-36x20.jpg 36w, https:\/\/medclinics.com\/wp-content\/uploads\/2023\/07\/reverse-tummy-tuck-near-me-48x27.jpg 48w\" sizes=\"(max-width: 960px) 100vw, 960px\" \/><\/figure>\n\n<h2 class=\"wp-block-heading\">SSS<\/h2>\n<div id=\"rank-math-faq\" class=\"rank-math-block\">\n<div class=\"rank-math-list \">\n<div id=\"faq-question-1688540076558\" class=\"rank-math-list-item\">\n<h3 class=\"rank-math-question \">Ters Kar\u0131n Germe Nedir?<\/h3>\n<div class=\"rank-math-answer \">\n\n<p>Fazla deri ve ya\u011f\u0131 almak i\u00e7in \u00fcst kar\u0131n b\u00f6lgesine odaklanan bir kozmetik ameliyatt\u0131r. B\u00f6ylece daha tonlu ve konturlu bir g\u00f6r\u00fcn\u00fcm elde edebilirsiniz.<\/p>\n\n<\/div>\n<\/div>\n<div id=\"faq-question-1688540137778\" class=\"rank-math-list-item\">\n<h3 class=\"rank-math-question \">Ters Kar\u0131n Germe nas\u0131l \u00e7al\u0131\u015f\u0131r?<\/h3>\n<div class=\"rank-math-answer \">\n\n<p>Memenin alt s\u0131n\u0131r\u0131 boyunca bir kesi yap\u0131l\u0131r. \u00dcst kar\u0131n b\u00f6lgesinden fazla deri ve ya\u011f\u0131 al\u0131r. Daha sonra kalan deri a\u015fa\u011f\u0131 do\u011fru \u00e7ekilir ve dikilir. Bu, daha s\u0131k\u0131 ve daha kalk\u0131k bir \u00fcst kar\u0131n ile sonu\u00e7lan\u0131r. Bu prosed\u00fcr, o b\u00f6lgedeki sarkm\u0131\u015f veya gev\u015fek cildi ele alarak \u00fcst kar\u0131n g\u00f6r\u00fcn\u00fcm\u00fcn\u00fc iyile\u015ftirmeyi ama\u00e7lamaktad\u0131r.<\/p>\n\n<\/div>\n<\/div>\n<div id=\"faq-question-1688540139719\" class=\"rank-math-list-item\">\n<h3 class=\"rank-math-question \">Ters kar\u0131n germe ne kadara mal olur?<\/h3>\n<div class=\"rank-math-answer \">\n\n<p>Genel olarak, ters kar\u0131n germe maliyetleri 8.000 ila 15.000 $ veya daha fazla aras\u0131nda de\u011fi\u015febilir. Elbette bu durum \u00fclkeden \u00fclkeye farkl\u0131l\u0131k g\u00f6stermektedir. \u00d6rne\u011fin, T\u00fcrkiye&#8217;de bu ameliyat\u0131n maliyeti 3.000 ila 6.000 dolar aras\u0131nda de\u011fi\u015fmektedir. Bunlar hakk\u0131nda daha fazla bilgi almak isterseniz bizimle ileti\u015fime ge\u00e7ebilirsiniz.  <\/p>\n\n<\/div>\n<\/div>\n<div id=\"faq-question-1688540141811\" class=\"rank-math-list-item\">\n<h3 class=\"rank-math-question \">Ters abdominoplasti i\u00e7in iyile\u015fme s\u00fcresi nedir?<\/h3>\n<div class=\"rank-math-answer \">\n\n<p>Genellikle ilk iyile\u015fme yakla\u015f\u0131k 2-4 hafta s\u00fcrer. Tam iyile\u015fme, \u00f6zel ko\u015fullar\u0131n\u0131za g\u00f6re birka\u00e7 ay s\u00fcrebilir.  <\/p>\n\n<\/div>\n<\/div>\n<\/div>\n<\/div>\n<p>\u00a0<\/p>\n\n<h3 class=\"wp-block-heading\">Herhangi bir sorunuz olmas\u0131 durumunda hemen bizimle ileti\u015fime ge\u00e7in!<\/h3>\n","protected":false},"excerpt":{"rendered":"<p>\u00dcst kar\u0131n b\u00f6lgesinin g\u00f6r\u00fcn\u00fcm\u00fcn\u00fc iyile\u015ftirmenin yollar\u0131n\u0131 ar\u0131yorsan\u0131z, Ters Kar\u0131n Germe sizin i\u00e7in m\u00fckemmel bir f\u0131rsatt\u0131r. Ters kar\u0131n germe ayn\u0131 zamanda [&hellip;]<\/p>\n","protected":false},"author":4,"featured_media":96155,"parent":0,"menu_order":0,"comment_status":"closed","ping_status":"closed","template":"","meta":{"site-sidebar-layout":"default","site-content-layout":"","ast-site-content-layout":"default","site-content-style":"default","site-sidebar-style":"default","ast-global-header-display":"","ast-banner-title-visibility":"","ast-main-header-display":"","ast-hfb-above-header-display":"","ast-hfb-below-header-display":"","ast-hfb-mobile-header-display":"","site-post-title":"","ast-breadcrumbs-content":"","ast-featured-img":"","footer-sml-layout":"","ast-disable-related-posts":"","theme-transparent-header-meta":"","adv-header-id-meta":"","stick-header-meta":"","header-above-stick-meta":"","header-main-stick-meta":"","header-below-stick-meta":"","astra-migrate-meta-layouts":"default","ast-page-background-enabled":"default","ast-page-background-meta":{"desktop":{"background-color":"var(--ast-global-color-4)","background-image":"","background-repeat":"repeat","background-position":"center center","background-size":"auto","background-attachment":"scroll","background-type":"","background-media":"","overlay-type":"","overlay-color":"","overlay-opacity":"","overlay-gradient":""},"tablet":{"background-color":"","background-image":"","background-repeat":"repeat","background-position":"center center","background-size":"auto","background-attachment":"scroll","background-type":"","background-media":"","overlay-type":"","overlay-color":"","overlay-opacity":"","overlay-gradient":""},"mobile":{"background-color":"","background-image":"","background-repeat":"repeat","background-position":"center center","background-size":"auto","background-attachment":"scroll","background-type":"","background-media":"","overlay-type":"","overlay-color":"","overlay-opacity":"","overlay-gradient":""}},"ast-content-background-meta":{"desktop":{"background-color":"var(--ast-global-color-5)","background-image":"","background-repeat":"repeat","background-position":"center center","background-size":"auto","background-attachment":"scroll","background-type":"","background-media":"","overlay-type":"","overlay-color":"","overlay-opacity":"","overlay-gradient":""},"tablet":{"background-color":"var(--ast-global-color-5)","background-image":"","background-repeat":"repeat","background-position":"center center","background-size":"auto","background-attachment":"scroll","background-type":"","background-media":"","overlay-type":"","overlay-color":"","overlay-opacity":"","overlay-gradient":""},"mobile":{"background-color":"var(--ast-global-color-5)","background-image":"","background-repeat":"repeat","background-position":"center center","background-size":"auto","background-attachment":"scroll","background-type":"","background-media":"","overlay-type":"","overlay-color":"","overlay-opacity":"","overlay-gradient":""}},"footnotes":""},"class_list":["post-147071","page","type-page","status-publish","has-post-thumbnail","hentry"],"_links":{"self":[{"href":"https:\/\/medclinics.com\/tr\/wp-json\/wp\/v2\/pages\/147071","targetHints":{"allow":["GET"]}}],"collection":[{"href":"https:\/\/medclinics.com\/tr\/wp-json\/wp\/v2\/pages"}],"about":[{"href":"https:\/\/medclinics.com\/tr\/wp-json\/wp\/v2\/types\/page"}],"author":[{"embeddable":true,"href":"https:\/\/medclinics.com\/tr\/wp-json\/wp\/v2\/users\/4"}],"replies":[{"embeddable":true,"href":"https:\/\/medclinics.com\/tr\/wp-json\/wp\/v2\/comments?post=147071"}],"version-history":[{"count":0,"href":"https:\/\/medclinics.com\/tr\/wp-json\/wp\/v2\/pages\/147071\/revisions"}],"wp:featuredmedia":[{"embeddable":true,"href":"https:\/\/medclinics.com\/tr\/wp-json\/wp\/v2\/media\/96155"}],"wp:attachment":[{"href":"https:\/\/medclinics.com\/tr\/wp-json\/wp\/v2\/media?parent=147071"}],"curies":[{"name":"wp","href":"https:\/\/api.w.org\/{rel}","templated":true}]}}