{"id":147063,"date":"2023-05-05T14:06:00","date_gmt":"2023-05-05T11:06:00","guid":{"rendered":"https:\/\/medclinics.com\/mini-abdominoplasti\/"},"modified":"2025-01-02T16:38:05","modified_gmt":"2025-01-02T13:38:05","slug":"mini-abdominoplasti","status":"publish","type":"page","link":"https:\/\/medclinics.com\/tr\/mini-abdominoplasti\/","title":{"rendered":"Mini Abdominoplasti"},"content":{"rendered":"\n<h2 class=\"wp-block-heading\">G\u00f6bek deli\u011finin alt\u0131ndaki k\u00fc\u00e7\u00fck deri fazlal\u0131klar\u0131ndan ve kas gev\u015fekli\u011finden rahats\u0131zsan\u0131z, Mini Abdominoplasti tam size g\u00f6re.<\/h2>\n\n<p>Mini kar\u0131n germe, alt kar\u0131n b\u00f6lgesinin g\u00f6r\u00fcn\u00fcm\u00fcn\u00fc iyile\u015ftirmeye odaklanan cerrahi bir prosed\u00fcrd\u00fcr. Geleneksel <a href=\"https:\/\/en.wikipedia.org\/wiki\/Abdominoplasty\" target=\"_blank\" rel=\"noreferrer noopener\">abdominoplastinin<\/a> daha az kapsaml\u0131 bir versiyonudur.<\/p>\n\n<p>Mini abdominoplasti s\u0131ras\u0131nda, kas\u0131k b\u00f6lgesinin \u00fczerine tam kar\u0131n germe ameliyat\u0131ndan daha k\u0131sa olan daha k\u00fc\u00e7\u00fck bir kesi yerle\u015ftirilir. Cerrah s\u0131n\u0131rl\u0131 miktarda fazla deriyi al\u0131r ve gerekirse kar\u0131n kaslar\u0131n\u0131 s\u0131k\u0131la\u015ft\u0131r\u0131r. B\u00f6lgeyi \u015fekillendirmek ve genel sonucu iyile\u015ftirmek i\u00e7in liposuction da yap\u0131labilir.<\/p>\n\n<p>Tam abdominoplasti ile kar\u015f\u0131la\u015ft\u0131r\u0131ld\u0131\u011f\u0131nda, daha k\u0131sa bir insizyona, s\u0131n\u0131rl\u0131 doku diseksiyonuna ve potansiyel olarak daha h\u0131zl\u0131 bir iyile\u015fme s\u00fcresine sahiptir. Bununla birlikte, mini abdominoplasti daha s\u0131n\u0131rl\u0131 bir d\u00fczeltme aral\u0131\u011f\u0131na sahiptir.<\/p>\n\n<p>Cilt elastikiyeti iyi olan ve alt kar\u0131n b\u00f6lgesiyle s\u0131n\u0131rl\u0131 nispeten az miktarda fazla deri ve kas gev\u015fekli\u011fi olan bireyler i\u00e7in \u00f6nerilir.<\/p>\n\n<h3 class=\"wp-block-heading\">Fiyat, tedavi plan\u0131 ve daha fazlas\u0131 dahil olmak \u00fczere <a href=\"https:\/\/medclinics.com\/tr\/plastik-ve-estetik-cerrahi\/\" target=\"_blank\" rel=\"noreferrer noopener\">plastik ve estetik cerrahi<\/a> hakk\u0131nda bilmeniz gereken her \u015fey veya <a href=\"#requestform\">bizimle ileti\u015fime<\/a> ge\u00e7in!<\/h3>\n\n<figure class=\"wp-block-image size-full\"><img fetchpriority=\"high\" decoding=\"async\" width=\"960\" height=\"540\" src=\"https:\/\/medclinics.com\/wp-content\/uploads\/2023\/07\/mini-abdominoplasty-near-me.jpg\" alt=\"Mini Abdominoplasti Yak&#x131;n&#x131;mdaki &#x130;stanbul T&#xFC;rkiye\" class=\"wp-image-97709\" srcset=\"https:\/\/medclinics.com\/wp-content\/uploads\/2023\/07\/mini-abdominoplasty-near-me.jpg 960w, https:\/\/medclinics.com\/wp-content\/uploads\/2023\/07\/mini-abdominoplasty-near-me-500x281.jpg 500w, https:\/\/medclinics.com\/wp-content\/uploads\/2023\/07\/mini-abdominoplasty-near-me-768x432.jpg 768w, https:\/\/medclinics.com\/wp-content\/uploads\/2023\/07\/mini-abdominoplasty-near-me-24x14.jpg 24w, https:\/\/medclinics.com\/wp-content\/uploads\/2023\/07\/mini-abdominoplasty-near-me-36x20.jpg 36w, https:\/\/medclinics.com\/wp-content\/uploads\/2023\/07\/mini-abdominoplasty-near-me-48x27.jpg 48w\" sizes=\"(max-width: 960px) 100vw, 960px\" \/><\/figure>\n\n<h2 class=\"wp-block-heading\">SSS<\/h2>\n<div id=\"rank-math-faq\" class=\"rank-math-block\">\n<div class=\"rank-math-list \">\n<div id=\"faq-question-1688478045830\" class=\"rank-math-list-item\">\n<h3 class=\"rank-math-question \">Mini kar\u0131n germe nedir?<\/h3>\n<div class=\"rank-math-answer \">\n\n<p>Alt kar\u0131n b\u00f6lgesinin g\u00f6r\u00fcn\u00fcm\u00fcn\u00fc iyile\u015ftirmek i\u00e7in g\u00f6bek deli\u011finin alt\u0131ndaki minimal ekstra deri ve kas gev\u015fekli\u011fini gideren cerrahi bir operasyondur. Daha k\u00fc\u00e7\u00fck bir kesi i\u00e7erir. Ayr\u0131ca, alt kar\u0131n b\u00f6lgesinde s\u0131n\u0131rl\u0131 endi\u015feleri olan bireyler i\u00e7in uygundur.<\/p>\n\n<\/div>\n<\/div>\n<div id=\"faq-question-1688478047677\" class=\"rank-math-list-item\">\n<h3 class=\"rank-math-question \">Mini kar\u0131n germe a\u011fr\u0131l\u0131 m\u0131d\u0131r?<\/h3>\n<div class=\"rank-math-answer \">\n\n<p>Ameliyattan sonra bir miktar rahats\u0131zl\u0131k ve a\u011fr\u0131 beklenebilir. Ancak uygun a\u011fr\u0131 kesiciler ve ameliyat sonras\u0131 bak\u0131m ile y\u00f6netilebilir. Cerrah\u0131n\u0131z a\u011fr\u0131n\u0131z\u0131 y\u00f6netecek ve iyile\u015fme d\u00f6neminde sizi m\u00fcmk\u00fcn oldu\u011funca rahat ettirecektir.<\/p>\n\n<\/div>\n<\/div>\n<div id=\"faq-question-1688478436445\" class=\"rank-math-list-item\">\n<h3 class=\"rank-math-question \">Mini kar\u0131n germe ne kadar s\u00fcrer?<\/h3>\n<div class=\"rank-math-answer \">\n\n<p>Basit bir i\u015flem oldu\u011fundan yakla\u015f\u0131k 2-3 saat s\u00fcrer. \u00d6nemli kilo de\u011fi\u015fimleri d\u0131\u015f\u0131nda, sonu\u00e7lar genellikle kal\u0131c\u0131d\u0131r.  <\/p>\n\n<\/div>\n<\/div>\n<div id=\"faq-question-1688478437892\" class=\"rank-math-list-item\">\n<h3 class=\"rank-math-question \">Mini abdominoplasti ne kadara mal olur?<\/h3>\n<div class=\"rank-math-answer \">\n\n<p>Maliyetler klini\u011fin \u00f6zelliklerine, cerrah\u0131n yeterlili\u011fine veya hastan\u0131n durumuna g\u00f6re yakla\u015f\u0131k 3.000 ila 8.000 dolar aras\u0131nda de\u011fi\u015febilir.<\/p>\n\n<\/div>\n<\/div>\n<\/div>\n<\/div>\n<p>\u00a0<\/p>\n\n<h3 class=\"wp-block-heading\">Herhangi bir sorunuz olmas\u0131 durumunda hemen bizimle ileti\u015fime ge\u00e7in!<\/h3>\n","protected":false},"excerpt":{"rendered":"<p>G\u00f6bek deli\u011finin alt\u0131ndaki k\u00fc\u00e7\u00fck deri fazlal\u0131klar\u0131ndan ve kas gev\u015fekli\u011finden rahats\u0131zsan\u0131z, Mini Abdominoplasti tam size g\u00f6re. Mini kar\u0131n germe, alt kar\u0131n [&hellip;]<\/p>\n","protected":false},"author":4,"featured_media":96084,"parent":0,"menu_order":0,"comment_status":"closed","ping_status":"closed","template":"","meta":{"site-sidebar-layout":"default","site-content-layout":"","ast-site-content-layout":"default","site-content-style":"default","site-sidebar-style":"default","ast-global-header-display":"","ast-banner-title-visibility":"","ast-main-header-display":"","ast-hfb-above-header-display":"","ast-hfb-below-header-display":"","ast-hfb-mobile-header-display":"","site-post-title":"","ast-breadcrumbs-content":"","ast-featured-img":"","footer-sml-layout":"","ast-disable-related-posts":"","theme-transparent-header-meta":"","adv-header-id-meta":"","stick-header-meta":"","header-above-stick-meta":"","header-main-stick-meta":"","header-below-stick-meta":"","astra-migrate-meta-layouts":"default","ast-page-background-enabled":"default","ast-page-background-meta":{"desktop":{"background-color":"var(--ast-global-color-4)","background-image":"","background-repeat":"repeat","background-position":"center center","background-size":"auto","background-attachment":"scroll","background-type":"","background-media":"","overlay-type":"","overlay-color":"","overlay-opacity":"","overlay-gradient":""},"tablet":{"background-color":"","background-image":"","background-repeat":"repeat","background-position":"center center","background-size":"auto","background-attachment":"scroll","background-type":"","background-media":"","overlay-type":"","overlay-color":"","overlay-opacity":"","overlay-gradient":""},"mobile":{"background-color":"","background-image":"","background-repeat":"repeat","background-position":"center center","background-size":"auto","background-attachment":"scroll","background-type":"","background-media":"","overlay-type":"","overlay-color":"","overlay-opacity":"","overlay-gradient":""}},"ast-content-background-meta":{"desktop":{"background-color":"var(--ast-global-color-5)","background-image":"","background-repeat":"repeat","background-position":"center center","background-size":"auto","background-attachment":"scroll","background-type":"","background-media":"","overlay-type":"","overlay-color":"","overlay-opacity":"","overlay-gradient":""},"tablet":{"background-color":"var(--ast-global-color-5)","background-image":"","background-repeat":"repeat","background-position":"center center","background-size":"auto","background-attachment":"scroll","background-type":"","background-media":"","overlay-type":"","overlay-color":"","overlay-opacity":"","overlay-gradient":""},"mobile":{"background-color":"var(--ast-global-color-5)","background-image":"","background-repeat":"repeat","background-position":"center center","background-size":"auto","background-attachment":"scroll","background-type":"","background-media":"","overlay-type":"","overlay-color":"","overlay-opacity":"","overlay-gradient":""}},"footnotes":""},"class_list":["post-147063","page","type-page","status-publish","has-post-thumbnail","hentry"],"_links":{"self":[{"href":"https:\/\/medclinics.com\/tr\/wp-json\/wp\/v2\/pages\/147063","targetHints":{"allow":["GET"]}}],"collection":[{"href":"https:\/\/medclinics.com\/tr\/wp-json\/wp\/v2\/pages"}],"about":[{"href":"https:\/\/medclinics.com\/tr\/wp-json\/wp\/v2\/types\/page"}],"author":[{"embeddable":true,"href":"https:\/\/medclinics.com\/tr\/wp-json\/wp\/v2\/users\/4"}],"replies":[{"embeddable":true,"href":"https:\/\/medclinics.com\/tr\/wp-json\/wp\/v2\/comments?post=147063"}],"version-history":[{"count":0,"href":"https:\/\/medclinics.com\/tr\/wp-json\/wp\/v2\/pages\/147063\/revisions"}],"wp:featuredmedia":[{"embeddable":true,"href":"https:\/\/medclinics.com\/tr\/wp-json\/wp\/v2\/media\/96084"}],"wp:attachment":[{"href":"https:\/\/medclinics.com\/tr\/wp-json\/wp\/v2\/media?parent=147063"}],"curies":[{"name":"wp","href":"https:\/\/api.w.org\/{rel}","templated":true}]}}