{"id":146827,"date":"2023-05-25T12:21:54","date_gmt":"2023-05-25T09:21:54","guid":{"rendered":"https:\/\/medclinics.com\/40in-uzerindeki-erkekler-icin-kapsamli-check-up\/"},"modified":"2024-12-30T19:19:45","modified_gmt":"2024-12-30T16:19:45","slug":"40in-uzerindeki-erkekler-icin-kapsamli-check-up","status":"publish","type":"page","link":"https:\/\/medclinics.com\/tr\/40in-uzerindeki-erkekler-icin-kapsamli-check-up\/","title":{"rendered":"40&#8217;\u0131n \u00dczerindeki Erkekler i\u00e7in Kapsaml\u0131 Check-Up"},"content":{"rendered":"\n<h2 class=\"wp-block-heading\">En iyi sa\u011fl\u0131k taramas\u0131n\u0131 ar\u0131yorsan\u0131z, 40 Ya\u015f \u00dcst\u00fc Erkekler i\u00e7in Check-up m\u00fckemmel bir \u00e7\u00f6z\u00fcm olabilir.<\/h2>\n\n<p>Optimum sa\u011fl\u0131k ve iyili\u011fi sa\u011flamak i\u00e7in 40 ya\u015f \u00fcst\u00fc erkeklerin d\u00fczenli t\u0131bbi kontrolden ge\u00e7mesi gerekir. Bu kontroller, fiziksel sa\u011fl\u0131klar\u0131n\u0131n \u00e7e\u015fitli y\u00f6nlerinin kapsaml\u0131 de\u011ferlendirmelerini kapsar ve potansiyel sa\u011fl\u0131k sorunlar\u0131n\u0131n belirlenmesine ve ele al\u0131nmas\u0131na yard\u0131mc\u0131 olabilir.<\/p>\n\n<p>Bu muayeneler s\u0131ras\u0131nda sa\u011fl\u0131k uzmanlar\u0131 tipik olarak kapsaml\u0131 fiziksel muayeneler yapar, ya\u015famsal belirtileri \u00f6l\u00e7er, kilo ve boyu de\u011ferlendirir ve genel sa\u011fl\u0131k durumunu de\u011ferlendirir.<\/p>\n\n<p>Ayr\u0131ca, kan bas\u0131nc\u0131 \u00f6l\u00e7\u00fcmleri, kolesterol kontrolleri ve kan \u015fekeri seviyelerini, prostat sa\u011fl\u0131\u011f\u0131n\u0131 ve di\u011fer \u00f6nemli belirte\u00e7leri de\u011ferlendirmek i\u00e7in kan testleri gibi taramalar \u00f6nerebilirler.<\/p>\n\n<p>Bu rutin kontroller, herhangi bir semptomu tart\u0131\u015fmak, ya\u015flanmayla ilgili endi\u015feleri ele almak, ya\u015fam tarz\u0131 fakt\u00f6rlerini tart\u0131\u015fmak ve kalp hastal\u0131\u011f\u0131, diyabet veya prostat kanseri gibi durumlar i\u00e7in potansiyel risk fakt\u00f6rlerini de\u011ferlendirmek i\u00e7in bir f\u0131rsat sa\u011flar.<\/p>\n\n<p>D\u00fczenli <a href=\"https:\/\/en.wikipedia.org\/wiki\/Check-Up\" target=\"_blank\" rel=\"noopener\">sa\u011fl\u0131k kontrollerine<\/a> kat\u0131larak 40 ya\u015f \u00fcst\u00fc erkekler erken te\u015fhis, \u00f6nleme ve ya\u015famlar\u0131 boyunca optimal sa\u011fl\u0131klar\u0131n\u0131 koruma y\u00f6n\u00fcnde proaktif ad\u0131mlar atabilirler.<\/p>\n\n<figure class=\"wp-block-image size-full\"><img fetchpriority=\"high\" decoding=\"async\" width=\"960\" height=\"540\" class=\"wp-image-97489\" src=\"https:\/\/medclinics.com\/wp-content\/uploads\/2023\/07\/comprehensive-check-up-for-men-over-40-near-me.jpg\" alt=\"Yak&#x131;n&#x131;mdaki 40 Ya&#x15F; &#xDC;st&#xFC; Erkekler i&#xE7;in Kapsaml&#x131; Check-Up\" srcset=\"https:\/\/medclinics.com\/wp-content\/uploads\/2023\/07\/comprehensive-check-up-for-men-over-40-near-me.jpg 960w, https:\/\/medclinics.com\/wp-content\/uploads\/2023\/07\/comprehensive-check-up-for-men-over-40-near-me-500x281.jpg 500w, https:\/\/medclinics.com\/wp-content\/uploads\/2023\/07\/comprehensive-check-up-for-men-over-40-near-me-768x432.jpg 768w, https:\/\/medclinics.com\/wp-content\/uploads\/2023\/07\/comprehensive-check-up-for-men-over-40-near-me-24x14.jpg 24w, https:\/\/medclinics.com\/wp-content\/uploads\/2023\/07\/comprehensive-check-up-for-men-over-40-near-me-36x20.jpg 36w, https:\/\/medclinics.com\/wp-content\/uploads\/2023\/07\/comprehensive-check-up-for-men-over-40-near-me-48x27.jpg 48w\" sizes=\"(max-width: 960px) 100vw, 960px\" \/><\/figure>\n\n<p><strong>Erkekler i\u00e7in 40 paket \u00fczeri check-up:<\/strong><\/p>\n\n<div class=\"wp-block-columns is-layout-flex wp-container-core-columns-is-layout-28f84493 wp-block-columns-is-layout-flex\">\n<div class=\"wp-block-column is-layout-flow wp-block-column-is-layout-flow\">\n<p><strong>SINAVLAR<\/strong><\/p>\n\n\n\n<ul class=\"wp-block-list\">\n<li>Check-Up Muayenesi<\/li>\n\n\n\n<li>KBB Muayenesi<\/li>\n\n\n\n<li>\u00dcroloji Muayenesi<\/li>\n\n\n\n<li>G\u00f6z Muayenesi<\/li>\n\n\n\n<li>Dermatoloji Muayenesi<\/li>\n\n\n\n<li>Kardiyoloji Muayenesi<\/li>\n<\/ul>\n\n\n\n<p><strong>DI\u0307\u015e HEKI\u0307MLI\u0307\u011eI\u0307 HI\u0307ZMETLERI\u0307<\/strong><\/p>\n\n\n\n<ul class=\"wp-block-list\">\n<li>Di\u015f Hekimi Check Up Muayenesi<\/li>\n\n\n\n<li>Panoramik film<\/li>\n\n\n\n<li>Di\u015f ta\u015f\u0131 temizleme (tek \u00e7ene)<\/li>\n<\/ul>\n\n\n\n<p><strong>KARDI\u0307YOLOJI\u0307 MUAYENELERI\u0307<\/strong><\/p>\n\n\n\n<ul class=\"wp-block-list\">\n<li>Eforlu EKG<\/li>\n\n\n\n<li>EKG<\/li>\n\n\n\n<li>Ekokardiyografi (Doppler+Renkli+M+B Modu)<\/li>\n\n\n\n<li>Tansiyon Holter (24 saat)<\/li>\n<\/ul>\n\n\n\n<p><strong>RADYOLOJI\u0307K TETKI\u0307KLER<\/strong><\/p>\n\n\n\n<ul class=\"wp-block-list\">\n<li>Kardiyak BT &#8211; Kalsiyum Skorlamas\u0131<\/li>\n\n\n\n<li>Toraks BT (tarama ama\u00e7l\u0131 \/ d\u00fc\u015f\u00fck doz)<\/li>\n\n\n\n<li>Tiroid Ultrasonografisi<\/li>\n\n\n\n<li>T\u00fcm Abdominal Ultrasonografi<\/li>\n\n\n\n<li>Karotis Bilateral Renkli Doppler USG<\/li>\n\n\n\n<li>Kemik Yo\u011funlu\u011fu \u00d6l\u00e7\u00fcm\u00fc (FeKemik Yo\u011funlu\u011fu \u00d6l\u00e7\u00fcm\u00fc (Femur)<\/li>\n\n\n\n<li>Kemik Yo\u011funlu\u011fu \u00d6l\u00e7\u00fcm\u00fc (Lomber AP)<\/li>\n\n\n\n<li>Beyin (Kranyum) MR (1,5 T)<\/li>\n\n\n\n<li>MR Anjiyografi (\u0130ntrakraniyal) (3,0 T)<\/li>\n<\/ul>\n\n\n\n<p><strong>N\u00d6ROLOJI\u0307 MUAYENELERI\u0307<\/strong><\/p>\n\n\n\n<ul class=\"wp-block-list\">\n<li>Uyku-Polisomnografi<\/li>\n<\/ul>\n\n\n\n<p><strong>ODYOLOJI\u0307 MUAYENELERI\u0307<\/strong><\/p>\n\n\n\n<ul class=\"wp-block-list\">\n<li>Ses ve Timpanometri<\/li>\n\n\n\n<li>Saf Ton Odyometri<\/li>\n<\/ul>\n\n\n\n<p><strong>SOLUNUM TEDAVI\u0307 TESTLERI\u0307<\/strong><\/p>\n\n\n\n<ul class=\"wp-block-list\">\n<li>Solunum Fonksiyon Testi<\/li>\n<\/ul>\n\n\n\n<p><strong>G\u0130R\u0130\u015e\u0130MLER<\/strong><\/p>\n\n\n\n<ul class=\"wp-block-list\">\n<li>Dermatoskopi<\/li>\n<\/ul>\n\n\n\n<p><strong>ENDOSKOPI\u0307K UYGULAMALAR<\/strong><\/p>\n\n\n\n<ul class=\"wp-block-list\">\n<li>\u00d6zofagoskopi, gastroskopi, duodenoskopi + biyopsi<\/li>\n\n\n\n<li>Kolonoskopi + biyopsi<\/li>\n\n\n\n<li>Kolonoskopik polipektomi (2 polipe kadar her polip i\u00e7in)<\/li>\n<\/ul>\n\n\n\n<p><strong>ANESTEZI\u0307 MUAYENELERI\u0307<\/strong><\/p>\n\n\n\n<ul class=\"wp-block-list\">\n<li>Sedasyon ve Lokal Anestezi  <\/li>\n<\/ul>\n\n\n\n<p><strong>PATOLOJI\u0307K I\u0307NCELEMELER<\/strong><\/p>\n\n\n\n<ul class=\"wp-block-list\">\n<li>Sitopatoloji, ince preparat<\/li>\n\n\n\n<li>Mide, biyopsi<\/li>\n<\/ul>\n<\/div>\n\n\n\n<div class=\"wp-block-column is-layout-flow wp-block-column-is-layout-flow\">\n<p><strong>LABORATUVAR TETKI\u0307KLERI\u0307<\/strong><\/p>\n\n\n\n<ul class=\"wp-block-list\">\n<li>Alfa-Fetoprotein (AFP)<\/li>\n\n\n\n<li>Alkalin Fosfataz (ALP)<\/li>\n\n\n\n<li>Alanin Aminotransferaz (ALT)<\/li>\n\n\n\n<li>Aspartat Aminotransferaz (AST)<\/li>\n\n\n\n<li>Amilaz<\/li>\n\n\n\n<li>\u00c7inko (Zn)<\/li>\n\n\n\n<li>Demir<\/li>\n\n\n\n<li>Demir Ba\u011flama Kapasitesi<\/li>\n\n\n\n<li>Ferritin<\/li>\n\n\n\n<li>Folik Asit<\/li>\n\n\n\n<li>Gizli Kan, D\u0131\u015fk\u0131<\/li>\n\n\n\n<li>Gama Glutamil Transferaz (GGT)<\/li>\n\n\n\n<li>Glikoz, A\u00e7l\u0131k<\/li>\n\n\n\n<li>Hemoglobin A1c (HbA1c)<\/li>\n\n\n\n<li>Homosistein<\/li>\n\n\n\n<li>Kalsiyum (Ca)<\/li>\n\n\n\n<li>Klor\u00fcr (Cl)<\/li>\n\n\n\n<li>Kolesterol, HDL<\/li>\n\n\n\n<li>Kolesterol, LDL (Do\u011frudan)<\/li>\n\n\n\n<li>Kolesterol, Toplam<\/li>\n\n\n\n<li>Kolesterol, VLDL<\/li>\n\n\n\n<li>Kreatinin, Serum<\/li>\n\n\n\n<li>Laktat Dehidrojenaz (LDH)<\/li>\n\n\n\n<li>Lipaz<\/li>\n\n\n\n<li>Lipoprotein (a) (Lp(a))<\/li>\n\n\n\n<li>Magnezyum (Mg)<\/li>\n\n\n\n<li>Potasyum (K)<\/li>\n\n\n\n<li>Protein, Toplam<\/li>\n\n\n\n<li>Sodyum (Na)<\/li>\n\n\n\n<li>\u0130drar Tahlili<\/li>\n\n\n\n<li>Trigliseritler<\/li>\n\n\n\n<li>Kan \u00dcre Azotu (BUN)<\/li>\n\n\n\n<li>\u00dcrik Asit<\/li>\n\n\n\n<li>B12 Vitamini<\/li>\n\n\n\n<li>D Vitamini, 25-Hidroksi<\/li>\n\n\n\n<li>aPTT<\/li>\n\n\n\n<li>Tam Kan Say\u0131m\u0131 (Geni\u015fletilmi\u015f panel)<\/li>\n\n\n\n<li>Prolaktin (PRL)<\/li>\n\n\n\n<li>Tiroid Uyar\u0131c\u0131 Hormon (TSH)<\/li>\n\n\n\n<li>Tiroksin, Serbest (FT4)<\/li>\n\n\n\n<li>Triiyodotironin, Serbest (FT3)<\/li>\n\n\n\n<li>CA 15-3<\/li>\n\n\n\n<li>CA 19-9<\/li>\n\n\n\n<li>Prostat Spesifik Antijen (PSA), Toplam<\/li>\n\n\n\n<li>Prostat Spesifik Antijen (PSA), \u00dccretsiz<\/li>\n\n\n\n<li>K\u00fclt\u00fcr, Bo\u011faz<\/li>\n\n\n\n<li>Parazitler, D\u0131\u015fk\u0131<\/li>\n\n\n\n<li>SARS-CoV-2 Antijen Testi (H\u0131zl\u0131 Test)<\/li>\n\n\n\n<li>SARS-CoV-2 Antikoru, IgG, Kantitatif<\/li>\n\n\n\n<li>Hepatit B s Antijeni (HBsAg)<\/li>\n\n\n\n<li>Hepatit B s Antikoru (anti-HBs)<\/li>\n\n\n\n<li>Hepatit C Antikoru (anti-HCV)<\/li>\n\n\n\n<li>HIV Antikoru (1-2) + p24 Antijeni<\/li>\n<\/ul>\n<\/div>\n<\/div>\n\n<h3 class=\"wp-block-heading\">Fiyat ve daha fazlas\u0131 dahil olmak \u00fczere <a href=\"https:\/\/medclinics.com\/check-up\/\" target=\"_blank\" rel=\"noreferrer noopener\">t\u0131bbi check-up<\/a> hakk\u0131nda bilmeniz gereken her \u015fey, \u015fimdi <a href=\"#requestform\">bize ula\u015f\u0131n<\/a>!<\/h3>\n\n<h3 class=\"wp-block-heading\">SSS<\/h3>\n<div id=\"rank-math-faq\" class=\"rank-math-block\">\n<div class=\"rank-math-list \">\n<div id=\"faq-question-1685016765754\" class=\"rank-math-list-item\">\n<h3 class=\"rank-math-question \">40&#8217;\u0131ndan sonra hangi testler yap\u0131lmal\u0131d\u0131r?<\/h3>\n<div class=\"rank-math-answer \">\n\n<p>40 ya\u015f\u0131ndan sonra, sa\u011fl\u0131\u011f\u0131 korumak ve izlemek i\u00e7in tipik olarak \u00f6nerilen birka\u00e7 \u00f6nemli test ve tarama vard\u0131r. Bunlar aras\u0131nda hipertansiyonu izlemek i\u00e7in d\u00fczenli kan bas\u0131nc\u0131 \u00f6l\u00e7\u00fcmleri, kardiyovask\u00fcler riski de\u011ferlendirmek i\u00e7in kolesterol taramalar\u0131 ve diyabet taramas\u0131 i\u00e7in kan \u015fekeri testleri yer almaktad\u0131r. Kolorektal kanser taramalar\u0131 genellikle 45 ya\u015f\u0131ndan itibaren \u00f6nerilirken, prostat kanseri taramas\u0131 i\u00e7in prostat spesifik antijen (PSA) testleri genellikle 50 ya\u015f\u0131ndan itibaren erkeklere tavsiye edilmektedir. Kemik yo\u011funlu\u011fu testleri, osteoporoz ve k\u0131r\u0131k riskini de\u011ferlendirmek i\u00e7in 65 ya\u015f civar\u0131ndaki kad\u0131nlara \u00f6nerilmektedir. Ayr\u0131ca, d\u00fczenli g\u00f6z ve g\u00f6rme muayeneleri ya\u015fa ba\u011fl\u0131 g\u00f6rme de\u011fi\u015fikliklerini tespit etmek i\u00e7in \u00f6nemlidir. Bireysel fakt\u00f6rlere ve t\u0131bbi ge\u00e7mi\u015fe dayal\u0131 olarak belirli testleri ve tarama aral\u0131klar\u0131n\u0131 belirlemek i\u00e7in bir sa\u011fl\u0131k uzman\u0131na dan\u0131\u015fmak \u00e7ok \u00f6nemlidir. Bu testler, 40 ya\u015f\u0131ndan sonra erken te\u015fhis, \u00f6nleme ve genel sa\u011fl\u0131\u011f\u0131n korunmas\u0131n\u0131 te\u015fvik etmede hayati bir rol oynamaktad\u0131r.<\/p>\n\n<\/div>\n<\/div>\n<div id=\"faq-question-1685016766777\" class=\"rank-math-list-item\">\n<h3 class=\"rank-math-question \">Erkek kanseri i\u00e7in tarama testleri nelerdir?<\/h3>\n<div class=\"rank-math-answer \">\n\n<p>Erkek kanserleri i\u00e7in \u00e7e\u015fitli tarama testleri mevcuttur. Prostat kanseri i\u00e7in yayg\u0131n olarak \u00f6nerilen tarama testi, kandaki belirli bir proteinin seviyelerini \u00f6l\u00e7en Prostat Spesifik Antijen (PSA) testidir. Bununla birlikte, PSA testinin kullan\u0131m\u0131 tart\u0131\u015fmal\u0131 bir konudur ve taramadan ge\u00e7me karar\u0131 bireysel risk fakt\u00f6rlerine g\u00f6re ve bir sa\u011fl\u0131k hizmeti sa\u011flay\u0131c\u0131s\u0131na dan\u0131\u015f\u0131larak verilmelidir. Kendi kendine testis muayenesi resmi bir tarama testi de\u011fildir, ancak testislerdeki herhangi bir anormalli\u011fi tespit etmek i\u00e7in erkekler i\u00e7in te\u015fvik edilir. D\u00fczenli olarak yap\u0131lan kendi kendine muayeneler, yumru veya \u015fi\u015flik gibi de\u011fi\u015fikliklerin fark edilmesine yard\u0131mc\u0131 olur. Kolorektal kanser i\u00e7in birincil tarama y\u00f6ntemi, kolon ve rektumun kapsaml\u0131 bir \u015fekilde incelenmesini i\u00e7eren kolonoskopidir. Tarama testlerinin zamanlamas\u0131 ve s\u0131kl\u0131\u011f\u0131 bireysel fakt\u00f6rlere ve k\u0131lavuzlara g\u00f6re de\u011fi\u015febilir.<\/p>\n\n<\/div>\n<\/div>\n<div id=\"faq-question-1685016767717\" class=\"rank-math-list-item\">\n<h3 class=\"rank-math-question \">40&#8217;\u0131ndan sonra s\u0131k kar\u015f\u0131la\u015f\u0131lan sorunlar nelerdir?<\/h3>\n<div class=\"rank-math-answer \">\n\n<p>40 ya\u015f\u0131ndan sonra bireyler genellikle \u00e7e\u015fitli sa\u011fl\u0131k sorunlar\u0131 ve ya\u015flanmayla ili\u015fkili de\u011fi\u015fikliklerle kar\u015f\u0131la\u015f\u0131rlar. Y\u00fcksek tansiyon, y\u00fcksek kolesterol seviyeleri ve kalp hastal\u0131\u011f\u0131 riskinde art\u0131\u015f gibi kardiyovask\u00fcler sorunlar daha yayg\u0131n hale gelir. Metabolizma yava\u015flad\u0131k\u00e7a kilo y\u00f6netimi daha zor hale gelir. Kemik sa\u011fl\u0131\u011f\u0131, osteoporoz ve k\u0131r\u0131k riskinin artmas\u0131yla birlikte bir endi\u015fe kayna\u011f\u0131 haline gelir. Presbiyopi ve katarakt ve glokom gibi durumlar\u0131n riskinde art\u0131\u015f dahil olmak \u00fczere g\u00f6rme ve i\u015fitme de\u011fi\u015fiklikleri meydana gelebilir. Hormonal de\u011fi\u015fiklikler hem erkekleri hem de kad\u0131nlar\u0131 etkiler; kad\u0131nlar perimenopoz ve menopoz semptomlar\u0131 ya\u015farken, erkekler testosteron seviyelerinde kademeli bir d\u00fc\u015f\u00fc\u015fle kar\u015f\u0131 kar\u015f\u0131ya kalabilir. Artrit ve tutukluk gibi eklem ve kas sorunlar\u0131 daha yayg\u0131n hale gelir. Hormonal de\u011fi\u015fimler ve ya\u015fam ge\u00e7i\u015fleri nedeniyle anksiyete ve depresyon da dahil olmak \u00fczere ruh sa\u011fl\u0131\u011f\u0131 sorunlar\u0131 ortaya \u00e7\u0131kabilir. Tip 2 diyabet gibi metabolik rahats\u0131zl\u0131klar\u0131n riski artar ve d\u00fczenli takip \u00e7ok \u00f6nemlidir. Ayr\u0131ca prostat, meme, kolorektal ve akci\u011fer kanseri gibi belirli kanserlerin riski genellikle ya\u015fla birlikte artar. D\u00fczenli kontrol, sa\u011fl\u0131kl\u0131 ya\u015fam tarz\u0131 se\u00e7imleri ve sa\u011fl\u0131k hizmeti sa\u011flay\u0131c\u0131lar\u0131yla etkili ileti\u015fim, 40 ya\u015f \u00fcst\u00fc bireylerde bu yayg\u0131n sorunlar\u0131n ele al\u0131nmas\u0131 ve y\u00f6netilmesi i\u00e7in \u00e7ok \u00f6nemlidir.<\/p>\n\n<\/div>\n<\/div>\n<\/div>\n<\/div>\n<p>\u00a0<\/p>\n\n<h3 class=\"wp-block-heading\">Herhangi bir sorunuz olmas\u0131 durumunda hemen bizimle ileti\u015fime ge\u00e7in!<\/h3>\n","protected":false},"excerpt":{"rendered":"<p>En iyi sa\u011fl\u0131k taramas\u0131n\u0131 ar\u0131yorsan\u0131z, 40 Ya\u015f \u00dcst\u00fc Erkekler i\u00e7in Check-up m\u00fckemmel bir \u00e7\u00f6z\u00fcm olabilir. Optimum sa\u011fl\u0131k ve iyili\u011fi sa\u011flamak [&hellip;]<\/p>\n","protected":false},"author":4,"featured_media":91905,"parent":0,"menu_order":0,"comment_status":"closed","ping_status":"closed","template":"","meta":{"site-sidebar-layout":"default","site-content-layout":"","ast-site-content-layout":"default","site-content-style":"default","site-sidebar-style":"default","ast-global-header-display":"","ast-banner-title-visibility":"","ast-main-header-display":"","ast-hfb-above-header-display":"","ast-hfb-below-header-display":"","ast-hfb-mobile-header-display":"","site-post-title":"","ast-breadcrumbs-content":"","ast-featured-img":"","footer-sml-layout":"","ast-disable-related-posts":"","theme-transparent-header-meta":"","adv-header-id-meta":"","stick-header-meta":"","header-above-stick-meta":"","header-main-stick-meta":"","header-below-stick-meta":"","astra-migrate-meta-layouts":"default","ast-page-background-enabled":"default","ast-page-background-meta":{"desktop":{"background-color":"var(--ast-global-color-4)","background-image":"","background-repeat":"repeat","background-position":"center center","background-size":"auto","background-attachment":"scroll","background-type":"","background-media":"","overlay-type":"","overlay-color":"","overlay-opacity":"","overlay-gradient":""},"tablet":{"background-color":"","background-image":"","background-repeat":"repeat","background-position":"center center","background-size":"auto","background-attachment":"scroll","background-type":"","background-media":"","overlay-type":"","overlay-color":"","overlay-opacity":"","overlay-gradient":""},"mobile":{"background-color":"","background-image":"","background-repeat":"repeat","background-position":"center center","background-size":"auto","background-attachment":"scroll","background-type":"","background-media":"","overlay-type":"","overlay-color":"","overlay-opacity":"","overlay-gradient":""}},"ast-content-background-meta":{"desktop":{"background-color":"var(--ast-global-color-5)","background-image":"","background-repeat":"repeat","background-position":"center center","background-size":"auto","background-attachment":"scroll","background-type":"","background-media":"","overlay-type":"","overlay-color":"","overlay-opacity":"","overlay-gradient":""},"tablet":{"background-color":"var(--ast-global-color-5)","background-image":"","background-repeat":"repeat","background-position":"center center","background-size":"auto","background-attachment":"scroll","background-type":"","background-media":"","overlay-type":"","overlay-color":"","overlay-opacity":"","overlay-gradient":""},"mobile":{"background-color":"var(--ast-global-color-5)","background-image":"","background-repeat":"repeat","background-position":"center center","background-size":"auto","background-attachment":"scroll","background-type":"","background-media":"","overlay-type":"","overlay-color":"","overlay-opacity":"","overlay-gradient":""}},"footnotes":""},"class_list":["post-146827","page","type-page","status-publish","has-post-thumbnail","hentry"],"_links":{"self":[{"href":"https:\/\/medclinics.com\/tr\/wp-json\/wp\/v2\/pages\/146827","targetHints":{"allow":["GET"]}}],"collection":[{"href":"https:\/\/medclinics.com\/tr\/wp-json\/wp\/v2\/pages"}],"about":[{"href":"https:\/\/medclinics.com\/tr\/wp-json\/wp\/v2\/types\/page"}],"author":[{"embeddable":true,"href":"https:\/\/medclinics.com\/tr\/wp-json\/wp\/v2\/users\/4"}],"replies":[{"embeddable":true,"href":"https:\/\/medclinics.com\/tr\/wp-json\/wp\/v2\/comments?post=146827"}],"version-history":[{"count":0,"href":"https:\/\/medclinics.com\/tr\/wp-json\/wp\/v2\/pages\/146827\/revisions"}],"wp:featuredmedia":[{"embeddable":true,"href":"https:\/\/medclinics.com\/tr\/wp-json\/wp\/v2\/media\/91905"}],"wp:attachment":[{"href":"https:\/\/medclinics.com\/tr\/wp-json\/wp\/v2\/media?parent=146827"}],"curies":[{"name":"wp","href":"https:\/\/api.w.org\/{rel}","templated":true}]}}