{"id":146817,"date":"2023-05-25T12:05:20","date_gmt":"2023-05-25T09:05:20","guid":{"rendered":"https:\/\/medclinics.com\/40in-uzerindeki-kadinlar-icin-kapsamli-check-up\/"},"modified":"2024-12-30T19:19:45","modified_gmt":"2024-12-30T16:19:45","slug":"40in-uzerindeki-kadinlar-icin-kapsamli-check-up","status":"publish","type":"page","link":"https:\/\/medclinics.com\/tr\/40in-uzerindeki-kadinlar-icin-kapsamli-check-up\/","title":{"rendered":"40&#8217;\u0131n \u00dczerindeki Kad\u0131nlar i\u00e7in Kapsaml\u0131 Check-up"},"content":{"rendered":"\n<h2 class=\"wp-block-heading\">En iyi sa\u011fl\u0131k taramas\u0131 i\u00e7in bir yol ar\u0131yorsan\u0131z, Check-up Tedavileri m\u00fckemmel bir \u00e7\u00f6z\u00fcm olabilir.<\/h2>\n\n<p><br\/>Sa\u011fl\u0131k ve esenliklerine \u00f6ncelik vermeleri i\u00e7in 40 ya\u015f \u00fcst\u00fc kad\u0131nlar\u0131n d\u00fczenli olarak t\u0131bbi kontrolden ge\u00e7meleri \u00e7ok \u00f6nemlidir. Bu kontroller genellikle fiziksel ve \u00fcreme sa\u011fl\u0131\u011f\u0131n\u0131n \u00e7e\u015fitli y\u00f6nlerinin kapsaml\u0131 de\u011ferlendirmelerini i\u00e7erir.  <\/p>\n\n<p>Bu muayeneler s\u0131ras\u0131nda sa\u011fl\u0131k uzmanlar\u0131, ya\u015famsal belirtilerin \u00f6l\u00e7\u00fclmesi, kilo ve boyun de\u011ferlendirilmesi ve meme ve pelvik sa\u011fl\u0131\u011f\u0131n de\u011ferlendirilmesi dahil olmak \u00fczere kapsaml\u0131 fiziksel muayeneler yapabilirler.<\/p>\n\n<p>Ayr\u0131ca, meme anormalliklerini tespit etmek i\u00e7in mamogram ve rahim a\u011fz\u0131 kanserini taramak i\u00e7in Pap smear gibi taramalar \u00f6nerebilirler. Kolesterol, kan \u015fekeri ve hormon seviyelerini de\u011ferlendirmek i\u00e7in kan testleri de \u00f6nerilebilir.  <\/p>\n\n<p>Bu rutin kontroller, herhangi bir endi\u015feyi, menopoz semptomlar\u0131n\u0131, hormonal de\u011fi\u015fiklikleri ve ya\u015fla ilgili sa\u011fl\u0131k sorunlar\u0131n\u0131 tart\u0131\u015fma f\u0131rsat\u0131 sa\u011flar.  <\/p>\n\n<p>Proaktif olmak ve 40 ya\u015f \u00fcst\u00fc kad\u0131nlar i\u00e7in d\u00fczenli <a href=\"https:\/\/en.wikipedia.org\/wiki\/Check-Up\" target=\"_blank\" rel=\"noopener\">sa\u011fl\u0131k kontrol\u00fc<\/a> planlamak, erken te\u015fhis, \u00f6nleme ve genel sa\u011fl\u0131k bak\u0131m\u0131 i\u00e7in \u00f6nemli ad\u0131mlard\u0131r.<\/p>\n\n<figure class=\"wp-block-image size-full\"><img fetchpriority=\"high\" decoding=\"async\" width=\"960\" height=\"540\" src=\"https:\/\/medclinics.com\/wp-content\/uploads\/2023\/07\/comprehensive-check-up-for-women-over-40-near-me-1.jpg\" alt=\"T&#xFC;rkiye'de Yak&#x131;n&#x131;mdaki 40 Ya&#x15F; &#xDC;st&#xFC; Kad&#x131;nlar i&#xE7;in Kapsaml&#x131; Check-Up\" class=\"wp-image-97545\" srcset=\"https:\/\/medclinics.com\/wp-content\/uploads\/2023\/07\/comprehensive-check-up-for-women-over-40-near-me-1.jpg 960w, https:\/\/medclinics.com\/wp-content\/uploads\/2023\/07\/comprehensive-check-up-for-women-over-40-near-me-1-500x281.jpg 500w, https:\/\/medclinics.com\/wp-content\/uploads\/2023\/07\/comprehensive-check-up-for-women-over-40-near-me-1-768x432.jpg 768w, https:\/\/medclinics.com\/wp-content\/uploads\/2023\/07\/comprehensive-check-up-for-women-over-40-near-me-1-24x14.jpg 24w, https:\/\/medclinics.com\/wp-content\/uploads\/2023\/07\/comprehensive-check-up-for-women-over-40-near-me-1-36x20.jpg 36w, https:\/\/medclinics.com\/wp-content\/uploads\/2023\/07\/comprehensive-check-up-for-women-over-40-near-me-1-48x27.jpg 48w\" sizes=\"(max-width: 960px) 100vw, 960px\" \/><\/figure>\n\n<p><strong>Kad\u0131nlar i\u00e7in 40 paketin \u00fczerinde check-up:<\/strong><\/p>\n\n<div class=\"wp-block-columns is-layout-flex wp-container-core-columns-is-layout-28f84493 wp-block-columns-is-layout-flex\">\n<div class=\"wp-block-column is-layout-flow wp-block-column-is-layout-flow\">\n<p><strong>SINAVLAR<\/strong><\/p>\n\n\n\n<ul class=\"wp-block-list\">\n<li>Check-Up Muayenesi<\/li>\n\n\n\n<li>KBB Muayenesi<\/li>\n\n\n\n<li>Jinekoloji Muayenesi<\/li>\n\n\n\n<li>G\u00f6z Muayenesi<\/li>\n\n\n\n<li>Dermatoloji Muayenesi<\/li>\n\n\n\n<li>Kardiyoloji Muayenesi<\/li>\n<\/ul>\n\n\n\n<p><strong>DI\u0307\u015e HEKI\u0307MLI\u0307\u011eI\u0307 HI\u0307ZMETLERI\u0307<\/strong><\/p>\n\n\n\n<ul class=\"wp-block-list\">\n<li>Di\u015f Hekimi Check Up Muayenesi<\/li>\n\n\n\n<li>Panoramik film<\/li>\n\n\n\n<li>Di\u015f ta\u015f\u0131 temizleme (tek \u00e7ene)<\/li>\n<\/ul>\n\n\n\n<p><strong>KARDI\u0307YOLOJI\u0307 MUAYENELERI\u0307<\/strong><\/p>\n\n\n\n<ul class=\"wp-block-list\">\n<li>Eforlu EKG<\/li>\n\n\n\n<li>EKG<\/li>\n\n\n\n<li>Ekokardiyografi (Doppler+Renkli+M+B Modu)<\/li>\n\n\n\n<li>Tansiyon Holter (24 saat)<\/li>\n<\/ul>\n\n\n\n<p><strong>RADYOLOJI\u0307K TETKI\u0307KLER<\/strong><\/p>\n\n\n\n<ul class=\"wp-block-list\">\n<li>Kardiyak BT &#8211; Kalsiyum Skorlamas\u0131<\/li>\n\n\n\n<li>Toraks BT (tarama ama\u00e7l\u0131 \/ d\u00fc\u015f\u00fck doz)<\/li>\n\n\n\n<li>Tiroid Ultrasonografisi<\/li>\n\n\n\n<li>T\u00fcm Abdominal Ultrasonografi<\/li>\n\n\n\n<li>Meme Ultrasonografisi (iki tarafl\u0131)<\/li>\n\n\n\n<li>Karotis Bilateral Renkli Doppler USG<\/li>\n\n\n\n<li>Mamografi (Bilateral)<\/li>\n\n\n\n<li>Kemik Yo\u011funlu\u011fu \u00d6l\u00e7\u00fcm\u00fc (FeKemik Yo\u011funlu\u011fu \u00d6l\u00e7\u00fcm\u00fc (Femur)<\/li>\n\n\n\n<li>Kemik Yo\u011funlu\u011fu \u00d6l\u00e7\u00fcm\u00fc (Lomber AP)<\/li>\n\n\n\n<li>Beyin (Kranyum) MR (1,5 T)<\/li>\n\n\n\n<li>MR Anjiyografi (\u0130ntrakraniyal) (3,0 T)<\/li>\n<\/ul>\n\n\n\n<p><strong>N\u00d6ROLOJI\u0307 MUAYENELERI\u0307<\/strong><\/p>\n\n\n\n<ul class=\"wp-block-list\">\n<li>Uyku-Polisomnografi<\/li>\n\n\n\n<li>ODYOLOJI\u0307 MUAYENELERI\u0307<\/li>\n\n\n\n<li>Ses ve Timpanometri<\/li>\n\n\n\n<li>Saf Ton Odyometri<\/li>\n<\/ul>\n\n\n\n<p><strong>SOLUNUM TEDAVI\u0307 TESTLERI\u0307<\/strong><\/p>\n\n\n\n<ul class=\"wp-block-list\">\n<li>Solunum Fonksiyon Testi<\/li>\n<\/ul>\n\n\n\n<p><strong>G\u0130R\u0130\u015e\u0130MLER<\/strong><\/p>\n\n\n\n<ul class=\"wp-block-list\">\n<li>Dermatoskopi<\/li>\n<\/ul>\n\n\n\n<p><strong>ENDOSKOPI\u0307K UYGULAMALAR<\/strong><\/p>\n\n\n\n<ul class=\"wp-block-list\">\n<li>\u00d6zofagoskopi, gastroskopi, duodenoskopi + biyopsi<\/li>\n\n\n\n<li>Kolonoskopi + biyopsi<\/li>\n\n\n\n<li>Kolonoskopik polipektomi (2 polipe kadar her polip i\u00e7in)<\/li>\n<\/ul>\n\n\n\n<p><strong>ANESTEZI\u0307 MUAYENELERI\u0307<\/strong><\/p>\n\n\n\n<ul class=\"wp-block-list\">\n<li>Sedasyon ve Lokal Anestezi  <\/li>\n<\/ul>\n\n\n\n<p><strong>PATOLOJI\u0307K I\u0307NCELEMELER<\/strong><\/p>\n\n\n\n<ul class=\"wp-block-list\">\n<li>Sitopatoloji, ince preparat<\/li>\n\n\n\n<li>Mide, biyopsi<\/li>\n\n\n\n<li>Kolon, biyopsi<\/li>\n<\/ul>\n<\/div>\n\n\n\n<div class=\"wp-block-column is-layout-flow wp-block-column-is-layout-flow\">\n<p><strong>LABORATUVAR TETKI\u0307KLERI\u0307<\/strong><\/p>\n\n\n\n<ul class=\"wp-block-list\">\n<li>Alfa-Fetoprotein (AFP)<\/li>\n\n\n\n<li>Alkalin Fosfataz (ALP)<\/li>\n\n\n\n<li>Alanin Aminotransferaz (ALT)<\/li>\n\n\n\n<li>Aspartat Aminotransferaz (AST)<\/li>\n\n\n\n<li>Amilaz<\/li>\n\n\n\n<li>\u00c7inko (Zn)<\/li>\n\n\n\n<li>Demir<\/li>\n\n\n\n<li>Demir Ba\u011flama Kapasitesi<\/li>\n\n\n\n<li>Ferritin<\/li>\n\n\n\n<li>Folik Asit<\/li>\n\n\n\n<li>Gizli Kan, D\u0131\u015fk\u0131<\/li>\n\n\n\n<li>Gama Glutamil Transferaz (GGT)<\/li>\n\n\n\n<li>Glikoz, A\u00e7l\u0131k<\/li>\n\n\n\n<li>Hemoglobin A1c (HbA1c)<\/li>\n\n\n\n<li>Homosistein<\/li>\n\n\n\n<li>Kalsiyum (Ca)<\/li>\n\n\n\n<li>Klor\u00fcr (Cl)<\/li>\n\n\n\n<li>Kolesterol, HDL<\/li>\n\n\n\n<li>Kolesterol, LDL (Do\u011frudan)<\/li>\n\n\n\n<li>Kolesterol, Toplam<\/li>\n\n\n\n<li>Kolesterol, VLDL<\/li>\n\n\n\n<li>Kreatinin, Serum<\/li>\n\n\n\n<li>Laktat Dehidrojenaz (LDH)<\/li>\n\n\n\n<li>Lipaz<\/li>\n\n\n\n<li>Lipoprotein (a) (Lp(a))<\/li>\n\n\n\n<li>Magnezyum (Mg)<\/li>\n\n\n\n<li>Potasyum (K)<\/li>\n\n\n\n<li>Protein, Toplam<\/li>\n\n\n\n<li>Sodyum (Na)<\/li>\n\n\n\n<li>\u0130drar Tahlili<\/li>\n\n\n\n<li>Trigliseritler<\/li>\n\n\n\n<li>Kan \u00dcre Azotu (BUN)<\/li>\n\n\n\n<li>\u00dcrik Asit<\/li>\n\n\n\n<li>B12 Vitamini<\/li>\n\n\n\n<li>D Vitamini, 25-Hidroksi<\/li>\n\n\n\n<li>aPTT<\/li>\n\n\n\n<li>Tam Kan Say\u0131m\u0131 (Geni\u015fletilmi\u015f panel)<\/li>\n\n\n\n<li>Prolaktin (PRL)<\/li>\n\n\n\n<li>Tiroid Uyar\u0131c\u0131 Hormon (TSH)<\/li>\n\n\n\n<li>Tiroksin, Serbest (FT4)<\/li>\n\n\n\n<li>Triiyodotironin, Serbest (FT3)<\/li>\n\n\n\n<li>CA 125<\/li>\n\n\n\n<li>CA 15-3<\/li>\n\n\n\n<li>CA 19-9<\/li>\n\n\n\n<li>K\u00fclt\u00fcr, Bo\u011faz<\/li>\n\n\n\n<li>Parazitler, D\u0131\u015fk\u0131<\/li>\n\n\n\n<li>K\u00fclt\u00fcr, \u0130drar<\/li>\n\n\n\n<li>SARS-CoV-2 Antijen Testi (H\u0131zl\u0131 Test)<\/li>\n\n\n\n<li>SARS-CoV-2 Antikoru, IgG, Kantitatif<\/li>\n\n\n\n<li>Hepatit B s Antijeni (HBsAg)<\/li>\n\n\n\n<li>Hepatit B s Antikoru (anti-HBs)<\/li>\n\n\n\n<li>Hepatit C Antikoru (anti-HCV)<\/li>\n\n\n\n<li>HIV Antikoru (1-2) + p24 Antijeni<\/li>\n<\/ul>\n<\/div>\n<\/div>\n\n<h2 class=\"wp-block-heading\">Sa\u011fl\u0131k <a href=\"https:\/\/medclinics.com\/check-up\/\" target=\"_blank\" rel=\"noreferrer noopener\">kontrolleri<\/a> hakk\u0131nda bilmeniz gereken her \u015fey burada, <a href=\"https:\/\/medclinics.com\/wp-admin\/post.php?post=90485&amp;action=edit#requestform\">bizimle ileti\u015fime<\/a> ge\u00e7in!<\/h2>\n\n<h2 class=\"wp-block-heading\">SSS  <\/h2>\n<div id=\"rank-math-faq\" class=\"rank-math-block\">\n<div class=\"rank-math-list \">\n<div id=\"faq-question-1685015425845\" class=\"rank-math-list-item\">\n<h3 class=\"rank-math-question \">Kad\u0131nlar hangi ya\u015fta kontrol yapt\u0131rmal\u0131d\u0131r?<\/h3>\n<div class=\"rank-math-answer \">\n\n<p>Kad\u0131nlar, sa\u011fl\u0131klar\u0131n\u0131 korumak i\u00e7in ergenlik d\u00f6neminden itibaren d\u00fczenli kontrol ve taramalar yapt\u0131rmaya ba\u015flamal\u0131d\u0131r. Kad\u0131nlar\u0131n 21 ya\u015f civar\u0131nda rahim a\u011fz\u0131 kanseri taramas\u0131 i\u00e7in Pap smear yapt\u0131rmaya ba\u015flamalar\u0131 \u00f6nerilir. Kendi kendine meme muayeneleri, meme sa\u011fl\u0131\u011f\u0131 bilincini te\u015fvik etmek i\u00e7in ergenlik d\u00f6neminin sonlar\u0131nda veya yirmili ya\u015flar\u0131n ba\u015f\u0131nda ba\u015flat\u0131labilirken, rutin mamogramlar k\u0131lavuzlara ve bireysel risk fakt\u00f6rlerine ba\u011fl\u0131 olarak genellikle 40 ila 50 ya\u015flar\u0131 aras\u0131nda ba\u015flar. Hipertansiyonu izlemek i\u00e7in ergenlik d\u00f6neminden itibaren d\u00fczenli olarak kan bas\u0131nc\u0131 \u00f6l\u00e7\u00fcmleri yap\u0131lmal\u0131d\u0131r. Kolesterol taramalar\u0131 genellikle 20 ya\u015f civar\u0131nda ba\u015flar ve her d\u00f6rt ila alt\u0131 y\u0131lda bir tekrarlan\u0131r. Kemik yo\u011funlu\u011fu testi genellikle 65 ya\u015f civar\u0131nda \u00f6nerilir ve diyabet veya prediyabet i\u00e7in kan \u015fekeri taramalar\u0131 genellikle 45 ya\u015f\u0131nda ba\u015flar.<\/p>\n\n<\/div>\n<\/div>\n<div id=\"faq-question-1685015427304\" class=\"rank-math-list-item\">\n<h3 class=\"rank-math-question \">60&#8217;\u0131n \u00fczerindeki bir kad\u0131n ne s\u0131kl\u0131kla Pap smear yapt\u0131rmal\u0131d\u0131r?<\/h3>\n<div class=\"rank-math-answer \">\n\n<p>60 ya\u015f\u0131n \u00fczerindeki kad\u0131nlar i\u00e7in Pap smear s\u0131kl\u0131\u011f\u0131 bireysel ko\u015fullara g\u00f6re de\u011fi\u015febilir. Genel olarak, bir kad\u0131n\u0131n d\u00fczenli Pap smear ge\u00e7mi\u015finde normal sonu\u00e7lar varsa ve \u00f6nemli bir anormallik yoksa, 65 ya\u015f\u0131ndan sonra rutin taramalar\u0131 b\u0131rakabilir. Bununla birlikte, belirli risk fakt\u00f6rleri olan veya belirli rahats\u0131zl\u0131klar\u0131n ge\u00e7mi\u015fini ta\u015f\u0131yan kad\u0131nlar\u0131n taramaya devam etmesi gerekebilir. Kad\u0131nlar\u0131n kendi durumlar\u0131na g\u00f6re uygun Pap smear s\u0131kl\u0131\u011f\u0131n\u0131 belirlemek i\u00e7in sa\u011fl\u0131k hizmeti sa\u011flay\u0131c\u0131lar\u0131na dan\u0131\u015fmalar\u0131 \u00f6nemlidir.<\/p>\n\n<\/div>\n<\/div>\n<div id=\"faq-question-1685015428971\" class=\"rank-math-list-item\">\n<h3 class=\"rank-math-question \">Kad\u0131nlar i\u00e7in hangi testler \u00f6nemlidir?<\/h3>\n<div class=\"rank-math-answer \">\n\n<p>D\u00fczenli t\u0131bbi testler, kad\u0131nlar\u0131n genel sa\u011fl\u0131k durumlar\u0131n\u0131 g\u00fcvence alt\u0131na almak ve olas\u0131 sa\u011fl\u0131k sorunlar\u0131n\u0131 erken a\u015famada tespit etmek i\u00e7in \u00e7ok \u00f6nemlidir. Kad\u0131nlar i\u00e7in \u00f6nerilen baz\u0131 \u00f6nemli testler aras\u0131nda, rahim a\u011fz\u0131 h\u00fccrelerini anormallikler a\u00e7\u0131s\u0131ndan inceleyerek rahim a\u011fz\u0131 kanseri taramas\u0131 yapan Pap smear bulunmaktad\u0131r. Mamogramlar meme kanserinin erken te\u015fhisi i\u00e7in \u00e7ok \u00f6nemlidir ve genellikle 40 ya\u015f\u0131ndan itibaren veya belirli k\u0131lavuzlara g\u00f6re \u00f6nerilir. D\u00fczenli kan bas\u0131nc\u0131 \u00f6l\u00e7\u00fcmleri, hipertansiyon ve kalp hastal\u0131\u011f\u0131 ve inme gibi ilgili komplikasyonlar\u0131n riskini de\u011ferlendirmeye yard\u0131mc\u0131 olur. Her d\u00f6rt ila alt\u0131 y\u0131lda bir yap\u0131lan kolesterol taramalar\u0131 kardiyovask\u00fcler sa\u011fl\u0131k hakk\u0131nda bilgi verir. Genellikle 65 ya\u015f civar\u0131nda yap\u0131lan kemik yo\u011funlu\u011fu testleri, osteoporozun te\u015fhis edilmesine ve k\u0131r\u0131k risklerinin de\u011ferlendirilmesine yard\u0131mc\u0131 olur. Kan \u015fekeri testleri, tipik olarak 45 ya\u015f\u0131nda veya belirli risk fakt\u00f6rleriyle daha erken ba\u015flayarak diyabet veya prediyabet taramas\u0131 yapar.<\/p>\n\n<\/div>\n<\/div>\n<\/div>\n<\/div>\n<p><\/p>\n\n<h3 class=\"wp-block-heading\">Herhangi bir sorunuz olmas\u0131 durumunda hemen bizimle ileti\u015fime ge\u00e7in!<\/h3>\n","protected":false},"excerpt":{"rendered":"<p>En iyi sa\u011fl\u0131k taramas\u0131 i\u00e7in bir yol ar\u0131yorsan\u0131z, Check-up Tedavileri m\u00fckemmel bir \u00e7\u00f6z\u00fcm olabilir. Sa\u011fl\u0131k ve esenliklerine \u00f6ncelik vermeleri i\u00e7in [&hellip;]<\/p>\n","protected":false},"author":4,"featured_media":91936,"parent":0,"menu_order":0,"comment_status":"closed","ping_status":"closed","template":"","meta":{"site-sidebar-layout":"default","site-content-layout":"","ast-site-content-layout":"default","site-content-style":"default","site-sidebar-style":"default","ast-global-header-display":"","ast-banner-title-visibility":"","ast-main-header-display":"","ast-hfb-above-header-display":"","ast-hfb-below-header-display":"","ast-hfb-mobile-header-display":"","site-post-title":"","ast-breadcrumbs-content":"","ast-featured-img":"","footer-sml-layout":"","ast-disable-related-posts":"","theme-transparent-header-meta":"","adv-header-id-meta":"","stick-header-meta":"","header-above-stick-meta":"","header-main-stick-meta":"","header-below-stick-meta":"","astra-migrate-meta-layouts":"default","ast-page-background-enabled":"default","ast-page-background-meta":{"desktop":{"background-color":"var(--ast-global-color-4)","background-image":"","background-repeat":"repeat","background-position":"center center","background-size":"auto","background-attachment":"scroll","background-type":"","background-media":"","overlay-type":"","overlay-color":"","overlay-opacity":"","overlay-gradient":""},"tablet":{"background-color":"","background-image":"","background-repeat":"repeat","background-position":"center center","background-size":"auto","background-attachment":"scroll","background-type":"","background-media":"","overlay-type":"","overlay-color":"","overlay-opacity":"","overlay-gradient":""},"mobile":{"background-color":"","background-image":"","background-repeat":"repeat","background-position":"center center","background-size":"auto","background-attachment":"scroll","background-type":"","background-media":"","overlay-type":"","overlay-color":"","overlay-opacity":"","overlay-gradient":""}},"ast-content-background-meta":{"desktop":{"background-color":"var(--ast-global-color-5)","background-image":"","background-repeat":"repeat","background-position":"center center","background-size":"auto","background-attachment":"scroll","background-type":"","background-media":"","overlay-type":"","overlay-color":"","overlay-opacity":"","overlay-gradient":""},"tablet":{"background-color":"var(--ast-global-color-5)","background-image":"","background-repeat":"repeat","background-position":"center center","background-size":"auto","background-attachment":"scroll","background-type":"","background-media":"","overlay-type":"","overlay-color":"","overlay-opacity":"","overlay-gradient":""},"mobile":{"background-color":"var(--ast-global-color-5)","background-image":"","background-repeat":"repeat","background-position":"center center","background-size":"auto","background-attachment":"scroll","background-type":"","background-media":"","overlay-type":"","overlay-color":"","overlay-opacity":"","overlay-gradient":""}},"footnotes":""},"class_list":["post-146817","page","type-page","status-publish","has-post-thumbnail","hentry"],"_links":{"self":[{"href":"https:\/\/medclinics.com\/tr\/wp-json\/wp\/v2\/pages\/146817","targetHints":{"allow":["GET"]}}],"collection":[{"href":"https:\/\/medclinics.com\/tr\/wp-json\/wp\/v2\/pages"}],"about":[{"href":"https:\/\/medclinics.com\/tr\/wp-json\/wp\/v2\/types\/page"}],"author":[{"embeddable":true,"href":"https:\/\/medclinics.com\/tr\/wp-json\/wp\/v2\/users\/4"}],"replies":[{"embeddable":true,"href":"https:\/\/medclinics.com\/tr\/wp-json\/wp\/v2\/comments?post=146817"}],"version-history":[{"count":0,"href":"https:\/\/medclinics.com\/tr\/wp-json\/wp\/v2\/pages\/146817\/revisions"}],"wp:featuredmedia":[{"embeddable":true,"href":"https:\/\/medclinics.com\/tr\/wp-json\/wp\/v2\/media\/91936"}],"wp:attachment":[{"href":"https:\/\/medclinics.com\/tr\/wp-json\/wp\/v2\/media?parent=146817"}],"curies":[{"name":"wp","href":"https:\/\/api.w.org\/{rel}","templated":true}]}}