{"id":146805,"date":"2023-05-25T11:41:36","date_gmt":"2023-05-25T08:41:36","guid":{"rendered":"https:\/\/medclinics.com\/40in-altindaki-kadinlar-icin-kapsamli-check-up\/"},"modified":"2024-12-30T19:19:45","modified_gmt":"2024-12-30T16:19:45","slug":"40in-altindaki-kadinlar-icin-kapsamli-check-up","status":"publish","type":"page","link":"https:\/\/medclinics.com\/tr\/40in-altindaki-kadinlar-icin-kapsamli-check-up\/","title":{"rendered":"40&#8217;\u0131n Alt\u0131ndaki Kad\u0131nlar i\u00e7in Kapsaml\u0131 Check-Up"},"content":{"rendered":"\n<h2 class=\"wp-block-heading\">En iyi sa\u011fl\u0131k taramas\u0131n\u0131 ar\u0131yorsan\u0131z Check-up Tedavileri ideal bir se\u00e7enek olabilir.<\/h2>\n\n<p>D\u00fczenli t\u0131bbi kontroller, sa\u011fl\u0131\u011f\u0131n korunmas\u0131 ve gelecekteki sa\u011fl\u0131k sorunlar\u0131n\u0131n \u00f6nlenmesi i\u00e7in \u00f6nemlidir. Kontrol i\u00e7in 40 ya\u015f\u0131n alt\u0131ndaki kad\u0131nlar\u0131n y\u0131lda en az bir kez birinci basamak hekimini veya jinekolo\u011fu ziyaret etmeleri \u00f6nerilir.<\/p>\n\n<p>Check-up s\u0131ras\u0131nda sa\u011fl\u0131k hizmeti sa\u011flay\u0131c\u0131s\u0131 fiziksel muayene yapacak, ya\u015famsal belirtileri \u00f6l\u00e7ecek ve meme muayenesi yapacakt\u0131r. Ek olarak, sa\u011fl\u0131k hizmeti sa\u011flay\u0131c\u0131s\u0131, bireysel sa\u011fl\u0131k ge\u00e7mi\u015fine ve risk fakt\u00f6rlerine ba\u011fl\u0131 olarak kan testleri, pap smear veya ba\u015fka testler isteyebilir.<\/p>\n\n<p>Kad\u0131nlar ayr\u0131ca, herhangi bir sa\u011fl\u0131k sorununun erken te\u015fhisine ve zaman\u0131nda tedavisine yard\u0131mc\u0131 olabilece\u011finden, sa\u011fl\u0131k durumlar\u0131ndaki veya aile t\u0131bbi ge\u00e7mi\u015flerindeki herhangi bir de\u011fi\u015fiklik hakk\u0131nda sa\u011fl\u0131k hizmeti sa\u011flay\u0131c\u0131lar\u0131n\u0131 bilgilendirmelidir.<\/p>\n\n<p>D\u00fczenli <a href=\"https:\/\/en.wikipedia.org\/wiki\/Check-Up\" target=\"_blank\" rel=\"noopener\">sa\u011fl\u0131k kontrollerine<\/a> y\u00f6nelik proaktif ad\u0131mlar atarak, 40 ya\u015f\u0131n alt\u0131ndaki kad\u0131nlar sa\u011fl\u0131kl\u0131 kalmalar\u0131n\u0131 ve gelecek y\u0131llar boyunca sa\u011fl\u0131klar\u0131n\u0131 korumalar\u0131n\u0131 sa\u011flayabilirler.<\/p>\n\n<figure class=\"wp-block-image size-full\"><img fetchpriority=\"high\" decoding=\"async\" width=\"960\" height=\"540\" src=\"https:\/\/medclinics.com\/wp-content\/uploads\/2023\/07\/comprehensive-check-up-for-women-under-40-near-me.jpg\" alt=\"T&#xFC;rkiye'de Yak&#x131;n&#x131;mdaki 40 Ya&#x15F; Alt&#x131; Kad&#x131;nlar i&#xE7;in Kapsaml&#x131; Check-Up\" class=\"wp-image-97505\" srcset=\"https:\/\/medclinics.com\/wp-content\/uploads\/2023\/07\/comprehensive-check-up-for-women-under-40-near-me.jpg 960w, https:\/\/medclinics.com\/wp-content\/uploads\/2023\/07\/comprehensive-check-up-for-women-under-40-near-me-500x281.jpg 500w, https:\/\/medclinics.com\/wp-content\/uploads\/2023\/07\/comprehensive-check-up-for-women-under-40-near-me-768x432.jpg 768w, https:\/\/medclinics.com\/wp-content\/uploads\/2023\/07\/comprehensive-check-up-for-women-under-40-near-me-24x14.jpg 24w, https:\/\/medclinics.com\/wp-content\/uploads\/2023\/07\/comprehensive-check-up-for-women-under-40-near-me-36x20.jpg 36w, https:\/\/medclinics.com\/wp-content\/uploads\/2023\/07\/comprehensive-check-up-for-women-under-40-near-me-48x27.jpg 48w\" sizes=\"(max-width: 960px) 100vw, 960px\" \/><\/figure>\n\n<p><strong>40&#8217;\u0131n alt\u0131ndaki Kad\u0131nlar i\u00e7in Check-up paketleri:<\/strong><\/p>\n\n<div class=\"wp-block-columns is-layout-flex wp-container-core-columns-is-layout-28f84493 wp-block-columns-is-layout-flex\">\n<div class=\"wp-block-column is-layout-flow wp-block-column-is-layout-flow\">\n<p><strong>SINAVLAR<\/strong><\/p>\n\n\n\n<ul class=\"wp-block-list\">\n<li>Check-Up Muayenesi<\/li>\n\n\n\n<li>KBB Muayenesi<\/li>\n\n\n\n<li>Jinekoloji Muayenesi<\/li>\n\n\n\n<li>G\u00f6z Muayenesi<\/li>\n\n\n\n<li>Dermatoloji Muayenesi<\/li>\n\n\n\n<li>Kardiyoloji Muayenesi<\/li>\n<\/ul>\n\n\n\n<p><strong>DI\u0307\u015e HEKI\u0307MLI\u0307\u011eI\u0307 HI\u0307ZMETLERI\u0307<\/strong><\/p>\n\n\n\n<ul class=\"wp-block-list\">\n<li>Di\u015f Hekimi Check Up Muayenesi<\/li>\n\n\n\n<li>Panoramik film<\/li>\n\n\n\n<li>Di\u015f ta\u015f\u0131 temizleme (tek \u00e7ene)<\/li>\n<\/ul>\n\n\n\n<p><strong>KARDI\u0307YOLOJI\u0307 MUAYENELERI\u0307<\/strong><\/p>\n\n\n\n<ul class=\"wp-block-list\">\n<li>EKG<\/li>\n\n\n\n<li>Ekokardiyografi (Doppler+Renkli+M+B Modu)<\/li>\n\n\n\n<li>Tansiyon Holter (24 saat)<\/li>\n<\/ul>\n\n\n\n<p><strong>RADYOLOJI\u0307K TETKI\u0307KLER<\/strong><\/p>\n\n\n\n<ul class=\"wp-block-list\">\n<li>Kardiyak BT &#8211; Kalsiyum Skorlamas\u0131<\/li>\n\n\n\n<li>Toraks BT (tarama ama\u00e7l\u0131 \/ d\u00fc\u015f\u00fck doz)<\/li>\n\n\n\n<li>Tiroid Ultrasonografisi<\/li>\n\n\n\n<li>T\u00fcm Abdominal Ultrasonografi<\/li>\n\n\n\n<li>Meme Ultrasonografisi (iki tarafl\u0131)<\/li>\n\n\n\n<li>Karotis Bilateral Renkli Doppler USG<\/li>\n\n\n\n<li>Kemik Yo\u011funlu\u011fu \u00d6l\u00e7\u00fcm\u00fc (FeKemik Yo\u011funlu\u011fu \u00d6l\u00e7\u00fcm\u00fc (Femur)<\/li>\n\n\n\n<li>Kemik Yo\u011funlu\u011fu \u00d6l\u00e7\u00fcm\u00fc (Lomber AP)<\/li>\n\n\n\n<li>Beyin (Kranyum) MR (1,5 T)<\/li>\n\n\n\n<li>MR Anjiyografi (\u0130ntrakraniyal) (3,0 T)<\/li>\n<\/ul>\n\n\n\n<p><strong>N\u00d6ROLOJI\u0307 MUAYENELERI\u0307<\/strong><\/p>\n\n\n\n<ul class=\"wp-block-list\">\n<li>Uyku-Polisomnografi<\/li>\n<\/ul>\n\n\n\n<p><strong>ODYOLOJI\u0307 MUAYENELERI\u0307<\/strong><\/p>\n\n\n\n<ul class=\"wp-block-list\">\n<li>Ses ve Timpanometri<\/li>\n\n\n\n<li>Saf Ton Odyometri<\/li>\n<\/ul>\n\n\n\n<p><strong>SOLUNUM TEDAVI\u0307 TESTLERI\u0307<\/strong><\/p>\n\n\n\n<ul class=\"wp-block-list\">\n<li>Solunum Fonksiyon Testi<\/li>\n<\/ul>\n\n\n\n<p><strong>G\u0130R\u0130\u015e\u0130MLER<\/strong><\/p>\n\n\n\n<ul class=\"wp-block-list\">\n<li>Dermatoskopi<\/li>\n<\/ul>\n\n\n\n<p><strong>ENDOSKOPI\u0307K UYGULAMALAR<\/strong><\/p>\n\n\n\n<ul class=\"wp-block-list\">\n<li>\u00d6zofagoskopi<\/li>\n\n\n\n<li>Gastroskopi<\/li>\n\n\n\n<li>Duodenoskopi<\/li>\n\n\n\n<li>Biyopsi<\/li>\n<\/ul>\n\n\n\n<p><strong>ANESTEZI\u0307 MUAYENELERI\u0307<\/strong><\/p>\n\n\n\n<ul class=\"wp-block-list\">\n<li>Sedasyon ve Lokal Anestezi  <\/li>\n<\/ul>\n\n\n\n<p><strong>PATOLOJI\u0307K I\u0307NCELEMELER<\/strong><\/p>\n\n\n\n<ul class=\"wp-block-list\">\n<li>Sitopatoloji, ince preparat<\/li>\n\n\n\n<li>Mide, biyopsi<\/li>\n<\/ul>\n<\/div>\n\n\n\n<div class=\"wp-block-column is-layout-flow wp-block-column-is-layout-flow\">\n<p><strong>LABORATUVAR TETKI\u0307KLERI\u0307<\/strong><\/p>\n\n\n\n<ul class=\"wp-block-list\">\n<li>Alfa-Fetoprotein (AFP)<\/li>\n\n\n\n<li>Alkalin Fosfataz (ALP)<\/li>\n\n\n\n<li>Alanin Aminotransferaz (ALT)<\/li>\n\n\n\n<li>Aspartat Aminotransferaz (AST)<\/li>\n\n\n\n<li>Amilaz<\/li>\n\n\n\n<li>\u00c7inko (Zn)<\/li>\n\n\n\n<li>Demir<\/li>\n\n\n\n<li>Demir Ba\u011flama Kapasitesi<\/li>\n\n\n\n<li>Ferritin<\/li>\n\n\n\n<li>Folik Asit<\/li>\n\n\n\n<li>Gizli Kan, D\u0131\u015fk\u0131<\/li>\n\n\n\n<li>Gama Glutamil Transferaz (GGT)<\/li>\n\n\n\n<li>Glikoz, A\u00e7l\u0131k<\/li>\n\n\n\n<li>Hemoglobin A1c (HbA1c)<\/li>\n\n\n\n<li>Homosistein<\/li>\n\n\n\n<li>Kalsiyum (Ca)<\/li>\n\n\n\n<li>Klor\u00fcr (Cl)<\/li>\n\n\n\n<li>Kolesterol, HDL<\/li>\n\n\n\n<li>Kolesterol, LDL (Do\u011frudan)<\/li>\n\n\n\n<li>Kolesterol, Toplam<\/li>\n\n\n\n<li>Kolesterol, VLDL<\/li>\n\n\n\n<li>Kreatinin, Serum<\/li>\n\n\n\n<li>Laktat Dehidrojenaz (LDH)<\/li>\n\n\n\n<li>Lipaz<\/li>\n\n\n\n<li>Lipoprotein (a) (Lp(a))<\/li>\n\n\n\n<li>Magnezyum (Mg)<\/li>\n\n\n\n<li>Potasyum (K)<\/li>\n\n\n\n<li>Protein, Toplam<\/li>\n\n\n\n<li>Sodyum (Na)<\/li>\n\n\n\n<li>\u0130drar Tahlili<\/li>\n\n\n\n<li>Trigliseritler<\/li>\n\n\n\n<li>Kan \u00dcre Azotu (BUN)<\/li>\n\n\n\n<li>\u00dcrik Asit<\/li>\n\n\n\n<li>B12 Vitamini<\/li>\n\n\n\n<li>D Vitamini, 25-Hidroksi<\/li>\n\n\n\n<li>aPTT<\/li>\n\n\n\n<li>Tam Kan Say\u0131m\u0131 (Geni\u015fletilmi\u015f panel)<\/li>\n\n\n\n<li>Prolaktin (PRL)<\/li>\n\n\n\n<li>Tiroid Uyar\u0131c\u0131 Hormon (TSH)<\/li>\n\n\n\n<li>Tiroksin, Serbest (FT4)<\/li>\n\n\n\n<li>Triiyodotironin, Serbest (FT3)<\/li>\n\n\n\n<li>CA 125<\/li>\n\n\n\n<li>CA 15-3<\/li>\n\n\n\n<li>CA 19-9<\/li>\n\n\n\n<li>K\u00fclt\u00fcr, Bo\u011faz<\/li>\n\n\n\n<li>Parazitler, D\u0131\u015fk\u0131<\/li>\n\n\n\n<li>K\u00fclt\u00fcr, \u0130drar<\/li>\n\n\n\n<li>SARS-CoV-2 Antijen Testi (H\u0131zl\u0131 Test)<\/li>\n\n\n\n<li>SARS-CoV-2 Antikoru, IgG, Kantitatif<\/li>\n\n\n\n<li>Hepatit B s Antijeni (HBsAg)<\/li>\n\n\n\n<li>Hepatit B s Antikoru (anti-HBs)<\/li>\n\n\n\n<li>Hepatit C Antikoru (anti-HCV)<\/li>\n\n\n\n<li>HIV Antikoru (1-2) + p24 Antijeni<\/li>\n<\/ul>\n<\/div>\n<\/div>\n\n<h3 class=\"wp-block-heading\">Fiyat da dahil olmak \u00fczere <a href=\"https:\/\/medclinics.com\/check-up\/\" target=\"_blank\" rel=\"noreferrer noopener\">t\u0131bbi kontroller<\/a> hakk\u0131nda bilmeniz gereken her \u015fey veya <a href=\"#requestform\">bizimle ileti\u015fime<\/a> ge\u00e7in!<\/h3>\n\n<h2 class=\"wp-block-heading\">SSS<\/h2>\n<div id=\"rank-math-faq\" class=\"rank-math-block\">\n<div class=\"rank-math-list \">\n<div id=\"faq-question-1685014616676\" class=\"rank-math-list-item\">\n<h3 class=\"rank-math-question \">Kad\u0131nlar hangi ya\u015fta kontrol yapt\u0131rmal\u0131d\u0131r?<\/h3>\n<div class=\"rank-math-answer \">\n\n<p>Kad\u0131nlar ergenliklerinin sonlar\u0131nda veya 20&#8217;li ya\u015flar\u0131n\u0131n ba\u015flar\u0131nda d\u00fczenli kontrol yapt\u0131rmaya ba\u015flamal\u0131d\u0131r. Y\u0131ll\u0131k kontroller 40 ya\u015f\u0131n alt\u0131ndaki kad\u0131nlar i\u00e7in \u00f6nerilir ve kontrollerin s\u0131kl\u0131\u011f\u0131 bireysel sa\u011fl\u0131k ge\u00e7mi\u015fine ve risk fakt\u00f6rlerine ba\u011fl\u0131 olarak artabilir. Kad\u0131nlar\u0131n \u00fcreme d\u00f6nemleri boyunca birinci basamak doktorlar\u0131 veya jinekologlar\u0131 ile d\u00fczenli kontroller yapt\u0131rmalar\u0131, sa\u011fl\u0131klar\u0131ndaki herhangi bir de\u011fi\u015fikli\u011fi izlemek, hastal\u0131k veya rahats\u0131zl\u0131\u011f\u0131n erken belirtilerini tespit etmek ve uygun \u00f6nleyici bak\u0131m\u0131 almak i\u00e7in \u00f6nemlidir. Erken te\u015fhis ve tedavi, kad\u0131nlar\u0131n sa\u011fl\u0131klar\u0131n\u0131 korumalar\u0131na ve gelecekteki sa\u011fl\u0131k komplikasyonlar\u0131n\u0131 \u00f6nlemelerine yard\u0131mc\u0131 olabilir.<\/p>\n\n<\/div>\n<\/div>\n<div id=\"faq-question-1685014618758\" class=\"rank-math-list-item\">\n<h3 class=\"rank-math-question \">Bir kad\u0131n ne s\u0131kl\u0131kla kontrol yapt\u0131rmal\u0131d\u0131r?<\/h3>\n<div class=\"rank-math-answer \">\n\n<p>Kad\u0131nlar y\u0131lda bir kez kontrol yapt\u0131rmal\u0131d\u0131r.<\/p>\n\n<\/div>\n<\/div>\n<div id=\"faq-question-1685014620028\" class=\"rank-math-list-item\">\n<h3 class=\"rank-math-question \">Kad\u0131nlar i\u00e7in hangi testler \u00f6nemlidir?<\/h3>\n<div class=\"rank-math-answer \">\n\n<p>Kad\u0131nlar\u0131n genel sa\u011fl\u0131k ve esenliklerini sa\u011flamak i\u00e7in ya\u015famlar\u0131 boyunca yapt\u0131rmay\u0131 d\u00fc\u015f\u00fcnmeleri gereken birka\u00e7 \u00f6nemli test vard\u0131r. Kad\u0131nlar\u0131n dikkate almas\u0131 gereken temel testlerden baz\u0131lar\u0131 \u015funlard\u0131r; pap smear, g\u00f6\u011f\u00fcs muayenesi, mamografi, tansiyon testi, kolesterol testi, kemik yo\u011funlu\u011fu testi, kolonoskopi.<\/p>\n\n<\/div>\n<\/div>\n<\/div>\n<\/div>\n<p>\u00a0<\/p>\n\n<h3 class=\"wp-block-heading\">Herhangi bir sorunuz olmas\u0131 durumunda hemen bizimle ileti\u015fime ge\u00e7in!<\/h3>\n","protected":false},"excerpt":{"rendered":"<p>En iyi sa\u011fl\u0131k taramas\u0131n\u0131 ar\u0131yorsan\u0131z Check-up Tedavileri ideal bir se\u00e7enek olabilir. D\u00fczenli t\u0131bbi kontroller, sa\u011fl\u0131\u011f\u0131n korunmas\u0131 ve gelecekteki sa\u011fl\u0131k sorunlar\u0131n\u0131n [&hellip;]<\/p>\n","protected":false},"author":4,"featured_media":91952,"parent":0,"menu_order":0,"comment_status":"closed","ping_status":"closed","template":"","meta":{"site-sidebar-layout":"default","site-content-layout":"","ast-site-content-layout":"default","site-content-style":"default","site-sidebar-style":"default","ast-global-header-display":"","ast-banner-title-visibility":"","ast-main-header-display":"","ast-hfb-above-header-display":"","ast-hfb-below-header-display":"","ast-hfb-mobile-header-display":"","site-post-title":"","ast-breadcrumbs-content":"","ast-featured-img":"","footer-sml-layout":"","ast-disable-related-posts":"","theme-transparent-header-meta":"","adv-header-id-meta":"","stick-header-meta":"","header-above-stick-meta":"","header-main-stick-meta":"","header-below-stick-meta":"","astra-migrate-meta-layouts":"default","ast-page-background-enabled":"default","ast-page-background-meta":{"desktop":{"background-color":"var(--ast-global-color-4)","background-image":"","background-repeat":"repeat","background-position":"center center","background-size":"auto","background-attachment":"scroll","background-type":"","background-media":"","overlay-type":"","overlay-color":"","overlay-opacity":"","overlay-gradient":""},"tablet":{"background-color":"","background-image":"","background-repeat":"repeat","background-position":"center center","background-size":"auto","background-attachment":"scroll","background-type":"","background-media":"","overlay-type":"","overlay-color":"","overlay-opacity":"","overlay-gradient":""},"mobile":{"background-color":"","background-image":"","background-repeat":"repeat","background-position":"center center","background-size":"auto","background-attachment":"scroll","background-type":"","background-media":"","overlay-type":"","overlay-color":"","overlay-opacity":"","overlay-gradient":""}},"ast-content-background-meta":{"desktop":{"background-color":"var(--ast-global-color-5)","background-image":"","background-repeat":"repeat","background-position":"center center","background-size":"auto","background-attachment":"scroll","background-type":"","background-media":"","overlay-type":"","overlay-color":"","overlay-opacity":"","overlay-gradient":""},"tablet":{"background-color":"var(--ast-global-color-5)","background-image":"","background-repeat":"repeat","background-position":"center center","background-size":"auto","background-attachment":"scroll","background-type":"","background-media":"","overlay-type":"","overlay-color":"","overlay-opacity":"","overlay-gradient":""},"mobile":{"background-color":"var(--ast-global-color-5)","background-image":"","background-repeat":"repeat","background-position":"center center","background-size":"auto","background-attachment":"scroll","background-type":"","background-media":"","overlay-type":"","overlay-color":"","overlay-opacity":"","overlay-gradient":""}},"footnotes":""},"class_list":["post-146805","page","type-page","status-publish","has-post-thumbnail","hentry"],"_links":{"self":[{"href":"https:\/\/medclinics.com\/tr\/wp-json\/wp\/v2\/pages\/146805","targetHints":{"allow":["GET"]}}],"collection":[{"href":"https:\/\/medclinics.com\/tr\/wp-json\/wp\/v2\/pages"}],"about":[{"href":"https:\/\/medclinics.com\/tr\/wp-json\/wp\/v2\/types\/page"}],"author":[{"embeddable":true,"href":"https:\/\/medclinics.com\/tr\/wp-json\/wp\/v2\/users\/4"}],"replies":[{"embeddable":true,"href":"https:\/\/medclinics.com\/tr\/wp-json\/wp\/v2\/comments?post=146805"}],"version-history":[{"count":0,"href":"https:\/\/medclinics.com\/tr\/wp-json\/wp\/v2\/pages\/146805\/revisions"}],"wp:featuredmedia":[{"embeddable":true,"href":"https:\/\/medclinics.com\/tr\/wp-json\/wp\/v2\/media\/91952"}],"wp:attachment":[{"href":"https:\/\/medclinics.com\/tr\/wp-json\/wp\/v2\/media?parent=146805"}],"curies":[{"name":"wp","href":"https:\/\/api.w.org\/{rel}","templated":true}]}}