{"id":146793,"date":"2023-05-25T11:22:30","date_gmt":"2023-05-25T08:22:30","guid":{"rendered":"https:\/\/medclinics.com\/40in-altindaki-erkekler-icin-kapsamli-check-up\/"},"modified":"2024-12-30T19:19:45","modified_gmt":"2024-12-30T16:19:45","slug":"40in-altindaki-erkekler-icin-kapsamli-check-up","status":"publish","type":"page","link":"https:\/\/medclinics.com\/tr\/40in-altindaki-erkekler-icin-kapsamli-check-up\/","title":{"rendered":"40&#8217;\u0131n Alt\u0131ndaki Erkekler i\u00e7in Kapsaml\u0131 Check-Up"},"content":{"rendered":"\n<h2 class=\"wp-block-heading\">En iyi sa\u011fl\u0131k taramas\u0131n\u0131 ve g\u00fcvene giden yolu ar\u0131yorsan\u0131z, Check-up Tedavileri m\u00fckemmel bir \u00e7\u00f6z\u00fcm olabilir.<\/h2>\n\n<p>Ya\u015f\u0131 40&#8217;\u0131n alt\u0131nda olan erkekler i\u00e7in sa\u011fl\u0131k kontrol\u00fc, sa\u011fl\u0131\u011f\u0131n\u0131za ve esenli\u011finize \u00f6ncelik vermeniz a\u00e7\u0131s\u0131ndan proaktif bir ad\u0131md\u0131r. Ya\u015f grubunuzla ilgili fakt\u00f6rlere odaklanarak genel sa\u011fl\u0131\u011f\u0131n\u0131z\u0131n kapsaml\u0131 bir de\u011ferlendirmesini i\u00e7erir.<\/p>\n\n<p>Bu check-up s\u0131ras\u0131nda sa\u011fl\u0131k uzman\u0131n\u0131z t\u0131bbi ge\u00e7mi\u015finizi g\u00f6zden ge\u00e7irecek, fizik muayene yapacak ve bireysel sa\u011fl\u0131k profilinize g\u00f6re belirli testler veya taramalar isteyebilir.<\/p>\n\n<p>Bu testler aras\u0131nda kan bas\u0131nc\u0131 \u00f6l\u00e7\u00fcm\u00fc, kolesterol ve kan \u015fekeri seviyesi kontrolleri, kilo ve v\u00fccut kitle endeksi (VK\u0130) de\u011ferlendirmesinin yan\u0131 s\u0131ra egzersiz, diyet ve ruh sa\u011fl\u0131\u011f\u0131 gibi ya\u015fam tarz\u0131 al\u0131\u015fkanl\u0131klar\u0131 hakk\u0131nda g\u00f6r\u00fc\u015fmeler yer alabilir.<\/p>\n\n<p>Bu <a href=\"https:\/\/en.wikipedia.org\/wiki\/Check-Up\" target=\"_blank\" rel=\"noreferrer noopener\">check-up<\/a> &#8216;\u0131n amac\u0131 mevcut sa\u011fl\u0131k durumunuzu de\u011ferlendirmek, potansiyel risk fakt\u00f6rlerini belirlemek ve \u00f6nleyici tedbirler ve sa\u011fl\u0131kl\u0131 ya\u015fam tarz\u0131 se\u00e7imleri konusunda rehberlik sa\u011flamakt\u0131r.<\/p>\n\n<p>Proaktif davranarak ve d\u00fczenli sa\u011fl\u0131k kontrolleri planlayarak sa\u011fl\u0131\u011f\u0131n\u0131z\u0131 kontrol alt\u0131na alabilir ve olas\u0131 sa\u011fl\u0131k sorunlar\u0131n\u0131n erken tespit edilmesini sa\u011flayarak uzun ve tatmin edici bir ya\u015fam s\u00fcrebilirsiniz. Unutmay\u0131n, sa\u011fl\u0131\u011f\u0131n\u0131za \u00f6ncelik vermek i\u00e7in asla \u00e7ok erken de\u011fildir!<\/p>\n\n<figure class=\"wp-block-image size-full\"><img fetchpriority=\"high\" decoding=\"async\" width=\"960\" height=\"540\" src=\"https:\/\/medclinics.com\/wp-content\/uploads\/2023\/07\/comprehensive-check-up-for-men-under-40-near-me.jpg\" alt=\"Yak&#x131;n&#x131;mdaki 40 Ya&#x15F; Alt&#x131; Erkekler i&#xE7;in Kapsaml&#x131; Check-Up T&#xFC;rkiye\" class=\"wp-image-97514\" srcset=\"https:\/\/medclinics.com\/wp-content\/uploads\/2023\/07\/comprehensive-check-up-for-men-under-40-near-me.jpg 960w, https:\/\/medclinics.com\/wp-content\/uploads\/2023\/07\/comprehensive-check-up-for-men-under-40-near-me-500x281.jpg 500w, https:\/\/medclinics.com\/wp-content\/uploads\/2023\/07\/comprehensive-check-up-for-men-under-40-near-me-768x432.jpg 768w, https:\/\/medclinics.com\/wp-content\/uploads\/2023\/07\/comprehensive-check-up-for-men-under-40-near-me-24x14.jpg 24w, https:\/\/medclinics.com\/wp-content\/uploads\/2023\/07\/comprehensive-check-up-for-men-under-40-near-me-36x20.jpg 36w, https:\/\/medclinics.com\/wp-content\/uploads\/2023\/07\/comprehensive-check-up-for-men-under-40-near-me-48x27.jpg 48w\" sizes=\"(max-width: 960px) 100vw, 960px\" \/><\/figure>\n\n<h4 class=\"wp-block-heading\"><strong>40&#8217;\u0131n alt\u0131ndaki Erkekler i\u00e7in Check-up paketleri:<\/strong><\/h4>\n\n<div class=\"wp-block-columns is-layout-flex wp-container-core-columns-is-layout-28f84493 wp-block-columns-is-layout-flex\">\n<div class=\"wp-block-column is-layout-flow wp-block-column-is-layout-flow\">\n<p><strong>SINAVLAR<\/strong><\/p>\n\n\n\n<ul class=\"wp-block-list\">\n<li>Check-Up Muayenesi<\/li>\n\n\n\n<li>KBB Muayenesi<\/li>\n\n\n\n<li>\u00dcroloji Muayenesi<\/li>\n\n\n\n<li>G\u00f6z Muayenesi<\/li>\n\n\n\n<li>Dermatoloji Muayenesi<\/li>\n\n\n\n<li>Kardiyoloji Muayenesi<\/li>\n<\/ul>\n\n\n\n<p><strong>DI\u0307\u015e HEKI\u0307MLI\u0307\u011eI\u0307 HI\u0307ZMETLERI\u0307<\/strong><\/p>\n\n\n\n<ul class=\"wp-block-list\">\n<li>Di\u015f Hekimi Check Up Muayenesi<\/li>\n\n\n\n<li>Panoramik film<\/li>\n\n\n\n<li>Di\u015f ta\u015f\u0131 temizleme (tek \u00e7ene)<\/li>\n<\/ul>\n\n\n\n<p><strong>KARDI\u0307YOLOJI\u0307 MUAYENELERI\u0307<\/strong><\/p>\n\n\n\n<ul class=\"wp-block-list\">\n<li>EKG<\/li>\n\n\n\n<li>Ekokardiyografi (Doppler+Renkli+M+B Modu)<\/li>\n\n\n\n<li>Tansiyon Holter (24 saat)<\/li>\n<\/ul>\n\n\n\n<p><strong>RADYOLOJI\u0307K TETKI\u0307KLER<\/strong><\/p>\n\n\n\n<ul class=\"wp-block-list\">\n<li>Kardiyak BT &#8211; Kalsiyum Skorlamas\u0131<\/li>\n\n\n\n<li>Toraks BT (tarama ama\u00e7l\u0131 \/ d\u00fc\u015f\u00fck doz)<\/li>\n\n\n\n<li>Tiroid Ultrasonografisi<\/li>\n\n\n\n<li>T\u00fcm Abdominal Ultrasonografi<\/li>\n\n\n\n<li>Karotis Bilateral Renkli Doppler USG<\/li>\n\n\n\n<li>Kemik Yo\u011funlu\u011fu \u00d6l\u00e7\u00fcm\u00fc (FeKemik Yo\u011funlu\u011fu \u00d6l\u00e7\u00fcm\u00fc (Femur)<\/li>\n\n\n\n<li>Kemik Yo\u011funlu\u011fu \u00d6l\u00e7\u00fcm\u00fc (Lomber AP)<\/li>\n\n\n\n<li>Beyin (Kranyum) MR (1,5 T)<\/li>\n\n\n\n<li>MR Anjiyografi (\u0130ntrakraniyal) (3,0 T)<\/li>\n<\/ul>\n\n\n\n<p><strong>N\u00d6ROLOJI\u0307 MUAYENELERI\u0307<\/strong><\/p>\n\n\n\n<ul class=\"wp-block-list\">\n<li>Uyku-Polisomnografi<\/li>\n<\/ul>\n\n\n\n<p><strong>ODYOLOJI\u0307 MUAYENELERI\u0307<\/strong><\/p>\n\n\n\n<ul class=\"wp-block-list\">\n<li>Ses ve Timpanometri<\/li>\n\n\n\n<li>Saf Ton Odyometri<\/li>\n<\/ul>\n\n\n\n<p><strong>SOLUNUM TEDAVI\u0307 TESTLERI\u0307<\/strong><\/p>\n\n\n\n<ul class=\"wp-block-list\">\n<li>Solunum Fonksiyon Testi<\/li>\n<\/ul>\n\n\n\n<p><strong>G\u0130R\u0130\u015e\u0130MLER<\/strong><\/p>\n\n\n\n<ul class=\"wp-block-list\">\n<li>Dermatoskopi<\/li>\n<\/ul>\n\n\n\n<p><strong>ENDOSKOPI\u0307K UYGULAMALAR<\/strong><\/p>\n\n\n\n<ul class=\"wp-block-list\">\n<li>\u00d6zofagoskopi<\/li>\n\n\n\n<li>Gastroskopi<\/li>\n\n\n\n<li>Duodenoskopi<\/li>\n\n\n\n<li>Biyopsi<\/li>\n<\/ul>\n\n\n\n<p><strong>PATOLOJI\u0307K I\u0307NCELEMELER<\/strong><\/p>\n\n\n\n<ul class=\"wp-block-list\">\n<li>Mide, biyopsi<\/li>\n<\/ul>\n\n\n\n<p><strong>ANESTEZI\u0307 MUAYENELERI\u0307<\/strong><\/p>\n\n\n\n<ul class=\"wp-block-list\">\n<li>Sedasyon ve Lokal Anestezi  <\/li>\n<\/ul>\n<\/div>\n\n\n\n<div class=\"wp-block-column is-layout-flow wp-block-column-is-layout-flow\">\n<p><strong>LABORATUVAR TETKI\u0307KLERI\u0307<\/strong><\/p>\n\n\n\n<ul class=\"wp-block-list\">\n<li>Alfa-Fetoprotein (AFP)<\/li>\n\n\n\n<li>Alkalin Fosfataz (ALP)<\/li>\n\n\n\n<li>Alanin Aminotransferaz (ALT)<\/li>\n\n\n\n<li>Aspartat Aminotransferaz (AST)<\/li>\n\n\n\n<li>Amilaz<\/li>\n\n\n\n<li>\u00c7inko (Zn)<\/li>\n\n\n\n<li>Demir<\/li>\n\n\n\n<li>Demir Ba\u011flama Kapasitesi<\/li>\n\n\n\n<li>Ferritin<\/li>\n\n\n\n<li>Folik Asit<\/li>\n\n\n\n<li>Gizli Kan, D\u0131\u015fk\u0131<\/li>\n\n\n\n<li>Gama Glutamil Transferaz (GGT)<\/li>\n\n\n\n<li>Glikoz, A\u00e7l\u0131k<\/li>\n\n\n\n<li>Hemoglobin A1c (HbA1c)<\/li>\n\n\n\n<li>Homosistein<\/li>\n\n\n\n<li>Kalsiyum (Ca)<\/li>\n\n\n\n<li>Klor\u00fcr (Cl)<\/li>\n\n\n\n<li>Kolesterol, HDL<\/li>\n\n\n\n<li>Kolesterol, LDL (Do\u011frudan)<\/li>\n\n\n\n<li>Kolesterol, Toplam<\/li>\n\n\n\n<li>Kolesterol, VLDL<\/li>\n\n\n\n<li>Kreatinin, Serum<\/li>\n\n\n\n<li>Laktat Dehidrojenaz (LDH)<\/li>\n\n\n\n<li>Lipaz<\/li>\n\n\n\n<li>Lipoprotein (a) (Lp(a))<\/li>\n\n\n\n<li>Magnezyum (Mg)<\/li>\n\n\n\n<li>Potasyum (K)<\/li>\n\n\n\n<li>Protein, Toplam<\/li>\n\n\n\n<li>Sodyum (Na)<\/li>\n\n\n\n<li>\u0130drar Tahlili<\/li>\n\n\n\n<li>Trigliseritler<\/li>\n\n\n\n<li>Kan \u00dcre Azotu (BUN)<\/li>\n\n\n\n<li>\u00dcrik Asit<\/li>\n\n\n\n<li>B12 Vitamini<\/li>\n\n\n\n<li>D Vitamini, 25-Hidroksi<\/li>\n\n\n\n<li>aPTT<\/li>\n\n\n\n<li>Tam Kan Say\u0131m\u0131 (Geni\u015fletilmi\u015f panel)<\/li>\n\n\n\n<li>Prolaktin (PRL)<\/li>\n\n\n\n<li>Tiroid Uyar\u0131c\u0131 Hormon (TSH)<\/li>\n\n\n\n<li>Tiroksin, Serbest (FT4)<\/li>\n\n\n\n<li>Triiyodotironin, Serbest (FT3)<\/li>\n\n\n\n<li>CA 15-3<\/li>\n\n\n\n<li>CA 19-9<\/li>\n\n\n\n<li>Prostat Spesifik Antijen (PSA), Toplam<\/li>\n\n\n\n<li>Prostat Spesifik Antijen (PSA), \u00dccretsiz<\/li>\n\n\n\n<li>K\u00fclt\u00fcr, Bo\u011faz<\/li>\n\n\n\n<li>Parazitler, D\u0131\u015fk\u0131<\/li>\n\n\n\n<li>SARS-CoV-2 Antijen Testi (H\u0131zl\u0131 Test)<\/li>\n\n\n\n<li>SARS-CoV-2 Antikoru, IgG, Kantitatif<\/li>\n\n\n\n<li>Hepatit B s Antijeni (HBsAg)<\/li>\n\n\n\n<li>Hepatit B s Antikoru (anti-HBs)<\/li>\n\n\n\n<li>Hepatit C Antikoru (anti-HCV)<\/li>\n\n\n\n<li>HIV Antikoru (1-2) + p24 Antijeni  <\/li>\n<\/ul>\n<\/div>\n<\/div>\n\n<p>\u00a0<\/p>\n\n<h3 class=\"wp-block-heading\">Fiyat ve daha fazlas\u0131 dahil olmak \u00fczere <a href=\"https:\/\/medclinics.com\/check-up\/\" target=\"_blank\" rel=\"noreferrer noopener\">t\u0131bbi kontroller<\/a> hakk\u0131nda bilmeniz gereken her \u015fey veya <a href=\"#requestform\">bizimle ileti\u015fime<\/a> ge\u00e7in!<\/h3>\n\n<h2 class=\"wp-block-heading\">SSS<\/h2>\n<div id=\"rank-math-faq\" class=\"rank-math-block\">\n<div class=\"rank-math-list \">\n<div id=\"faq-question-1685012774513\" class=\"rank-math-list-item\">\n<h3 class=\"rank-math-question \">Erkekler ne s\u0131kl\u0131kla kontrolden ge\u00e7melidir?<\/h3>\n<div class=\"rank-math-answer \">\n\n<p>40 ya\u015f\u0131n alt\u0131ndaki erkekler i\u00e7in, belirli bir sa\u011fl\u0131k sorunu veya risk fakt\u00f6r\u00fc olmad\u0131\u011f\u0131 varsay\u0131larak, genellikle her 2-3 y\u0131lda bir sa\u011fl\u0131k hizmeti sa\u011flay\u0131c\u0131s\u0131yla rutin bir kontrol planlanmas\u0131 \u00f6nerilir.<\/p>\n\n<\/div>\n<\/div>\n<div id=\"faq-question-1685012904008\" class=\"rank-math-list-item\">\n<h3 class=\"rank-math-question \">Prostat muayenesine ihtiyac\u0131n\u0131z var m\u0131?<\/h3>\n<div class=\"rank-math-answer \">\n\n<p>Prostat muayenesi, \u00f6zellikle ya\u015fland\u0131k\u00e7a erkekler i\u00e7in koruyucu sa\u011fl\u0131k bak\u0131m\u0131n\u0131n \u00f6nemli bir par\u00e7as\u0131d\u0131r. Prostat muayenesi ihtiyac\u0131 tipik olarak ya\u015f, ki\u015fisel ve ailesel t\u0131bbi ge\u00e7mi\u015f ve bireysel risk fakt\u00f6rleri dahil olmak \u00fczere \u00e7e\u015fitli fakt\u00f6rlere g\u00f6re belirlenir. \u00c7o\u011fu erkek i\u00e7in, 50 ya\u015f\u0131ndan itibaren, dijital rektal muayene (DRE) ve prostat spesifik antijen (PSA) kan testi dahil olmak \u00fczere prostat taramas\u0131n\u0131n potansiyel fayda ve risklerinin sa\u011fl\u0131k hizmeti sa\u011flay\u0131c\u0131lar\u0131yla g\u00f6r\u00fc\u015f\u00fclmesi genellikle tavsiye edilir. Bu testler prostat kanseri veya prostatla ilgili di\u011fer sorunlar\u0131n erken belirtilerini tespit etmeye yard\u0131mc\u0131 olabilir. Bununla birlikte, daha y\u00fcksek risk alt\u0131nda olan veya ailede prostat kanseri \u00f6yk\u00fcs\u00fc, Afro-Amerikan etnik k\u00f6ken veya di\u011fer sa\u011fl\u0131k endi\u015feleri gibi belirli risk fakt\u00f6rlerine sahip erkekler i\u00e7in prostat taramas\u0131 hakk\u0131ndaki tart\u0131\u015fma daha erken bir ya\u015fta, tipik olarak 40 veya 45 civar\u0131nda ba\u015flayabilir.<\/p>\n\n<\/div>\n<\/div>\n<div id=\"faq-question-1685013016627\" class=\"rank-math-list-item\">\n<h3 class=\"rank-math-question \">Erkekler i\u00e7in hormon testi var m\u0131?<\/h3>\n<div class=\"rank-math-answer \">\n\n<p>Evet, hormonal dengeyi ve genel sa\u011fl\u0131\u011f\u0131 de\u011ferlendirmek i\u00e7in erkekler i\u00e7in hormon testleri mevcuttur. Bu testler tipik olarak testosteron seviyelerinin \u00f6l\u00e7\u00fclmesini i\u00e7erir, \u00e7\u00fcnk\u00fc testosteron birincil erkek cinsiyet hormonudur ve \u00e7e\u015fitli v\u00fccut fonksiyonlar\u0131nda \u00e7ok \u00f6nemli bir rol oynar. \u00d6strojen, kortizol ve tiroid hormonlar\u0131 gibi di\u011fer hormonlar da belirli semptomlara veya endi\u015felere ba\u011fl\u0131 olarak de\u011ferlendirilebilir.<\/p>\n\n<\/div>\n<\/div>\n<\/div>\n<\/div>\n<p>\u00a0<\/p>\n\n<h3 class=\"wp-block-heading\">Herhangi bir sorunuz olmas\u0131 durumunda hemen bizimle ileti\u015fime ge\u00e7in!<\/h3>\n","protected":false},"excerpt":{"rendered":"<p>En iyi sa\u011fl\u0131k taramas\u0131n\u0131 ve g\u00fcvene giden yolu ar\u0131yorsan\u0131z, Check-up Tedavileri m\u00fckemmel bir \u00e7\u00f6z\u00fcm olabilir. Ya\u015f\u0131 40&#8217;\u0131n alt\u0131nda olan erkekler [&hellip;]<\/p>\n","protected":false},"author":4,"featured_media":91920,"parent":0,"menu_order":0,"comment_status":"closed","ping_status":"closed","template":"","meta":{"site-sidebar-layout":"default","site-content-layout":"","ast-site-content-layout":"default","site-content-style":"default","site-sidebar-style":"default","ast-global-header-display":"","ast-banner-title-visibility":"","ast-main-header-display":"","ast-hfb-above-header-display":"","ast-hfb-below-header-display":"","ast-hfb-mobile-header-display":"","site-post-title":"","ast-breadcrumbs-content":"","ast-featured-img":"","footer-sml-layout":"","ast-disable-related-posts":"","theme-transparent-header-meta":"","adv-header-id-meta":"","stick-header-meta":"","header-above-stick-meta":"","header-main-stick-meta":"","header-below-stick-meta":"","astra-migrate-meta-layouts":"default","ast-page-background-enabled":"default","ast-page-background-meta":{"desktop":{"background-color":"var(--ast-global-color-4)","background-image":"","background-repeat":"repeat","background-position":"center center","background-size":"auto","background-attachment":"scroll","background-type":"","background-media":"","overlay-type":"","overlay-color":"","overlay-opacity":"","overlay-gradient":""},"tablet":{"background-color":"","background-image":"","background-repeat":"repeat","background-position":"center center","background-size":"auto","background-attachment":"scroll","background-type":"","background-media":"","overlay-type":"","overlay-color":"","overlay-opacity":"","overlay-gradient":""},"mobile":{"background-color":"","background-image":"","background-repeat":"repeat","background-position":"center center","background-size":"auto","background-attachment":"scroll","background-type":"","background-media":"","overlay-type":"","overlay-color":"","overlay-opacity":"","overlay-gradient":""}},"ast-content-background-meta":{"desktop":{"background-color":"var(--ast-global-color-5)","background-image":"","background-repeat":"repeat","background-position":"center center","background-size":"auto","background-attachment":"scroll","background-type":"","background-media":"","overlay-type":"","overlay-color":"","overlay-opacity":"","overlay-gradient":""},"tablet":{"background-color":"var(--ast-global-color-5)","background-image":"","background-repeat":"repeat","background-position":"center center","background-size":"auto","background-attachment":"scroll","background-type":"","background-media":"","overlay-type":"","overlay-color":"","overlay-opacity":"","overlay-gradient":""},"mobile":{"background-color":"var(--ast-global-color-5)","background-image":"","background-repeat":"repeat","background-position":"center center","background-size":"auto","background-attachment":"scroll","background-type":"","background-media":"","overlay-type":"","overlay-color":"","overlay-opacity":"","overlay-gradient":""}},"footnotes":""},"class_list":["post-146793","page","type-page","status-publish","has-post-thumbnail","hentry"],"_links":{"self":[{"href":"https:\/\/medclinics.com\/tr\/wp-json\/wp\/v2\/pages\/146793","targetHints":{"allow":["GET"]}}],"collection":[{"href":"https:\/\/medclinics.com\/tr\/wp-json\/wp\/v2\/pages"}],"about":[{"href":"https:\/\/medclinics.com\/tr\/wp-json\/wp\/v2\/types\/page"}],"author":[{"embeddable":true,"href":"https:\/\/medclinics.com\/tr\/wp-json\/wp\/v2\/users\/4"}],"replies":[{"embeddable":true,"href":"https:\/\/medclinics.com\/tr\/wp-json\/wp\/v2\/comments?post=146793"}],"version-history":[{"count":0,"href":"https:\/\/medclinics.com\/tr\/wp-json\/wp\/v2\/pages\/146793\/revisions"}],"wp:featuredmedia":[{"embeddable":true,"href":"https:\/\/medclinics.com\/tr\/wp-json\/wp\/v2\/media\/91920"}],"wp:attachment":[{"href":"https:\/\/medclinics.com\/tr\/wp-json\/wp\/v2\/media?parent=146793"}],"curies":[{"name":"wp","href":"https:\/\/api.w.org\/{rel}","templated":true}]}}