{"id":146769,"date":"2023-05-25T09:43:54","date_gmt":"2023-05-25T06:43:54","guid":{"rendered":"https:\/\/medclinics.com\/takma-kirpikler\/"},"modified":"2024-04-04T19:34:28","modified_gmt":"2024-04-04T16:34:28","slug":"takma-kirpikler","status":"publish","type":"page","link":"https:\/\/medclinics.com\/tr\/takma-kirpikler\/","title":{"rendered":"Takma Kirpikler"},"content":{"rendered":"\n<h3 class=\"wp-block-heading\">Kirpik uzatma<\/h3>\n\n<p class=\"has-medium-font-size\">sentetik k\u0131llar\u0131 \u00f6zel bir yap\u0131\u015ft\u0131r\u0131c\u0131 ile birbirine yap\u0131\u015ft\u0131rarak do\u011fal kirpikleri uzatmak ve b\u00fcy\u00fctmek i\u00e7in yap\u0131lan kozmetik bir i\u015flemdir.<\/p>\n\n<p class=\"has-medium-font-size\">Uzatmalarda farkl\u0131 uzunluklarda, kal\u0131nl\u0131klarda, k\u0131vr\u0131m tiplerinde ve renklerde kirpikler kullan\u0131l\u0131r. Uzunluk 6 ila 14 milimetre aras\u0131nda de\u011fi\u015febilir. Do\u011fal kirpiklerimiz b\u00fcy\u00fcme \u00e7izgisi boyunca e\u015fit olmayan uzunluktad\u0131r. Bu etkiyi yeniden yaratmak i\u00e7in, kirpik yap\u0131mc\u0131lar\u0131 uzatma s\u0131ras\u0131nda yakla\u015f\u0131k 5 farkl\u0131 uzunlu\u011fu birle\u015ftirir.<br\/>Kal\u0131nl\u0131k 0,05 milimetre ile 0,25 milimetre aras\u0131nda de\u011fi\u015fmektedir. D\u00fcnyan\u0131n d\u00f6rt bir yan\u0131ndaki geli\u015fmi\u015f kirpik \u00fcreticileri, g\u00f6zlerde daha az do\u011fal g\u00f6r\u00fcnd\u00fckleri ve do\u011fal kirpikleri a\u011f\u0131rla\u015ft\u0131rd\u0131klar\u0131 i\u00e7in daha kal\u0131n kirpikler kullanmay\u0131 reddediyor.<\/p>\n\n<h3 class=\"wp-block-heading\">Ba\u015fl\u0131ca takma kirpik t\u00fcrleri:<\/h3>\n\n<ul class=\"has-medium-font-size wp-block-list\">\n<li><strong>Do\u011fal etki<\/strong><br\/>Hedefiniz do\u011fal bir g\u00f6z g\u00f6r\u00fcn\u00fcm\u00fc ve ayn\u0131 zamanda \u00e7arp\u0131c\u0131 kirpikler ise tercih edilmesi gereken klasiktir. Bu varyasyonda, kirpik yap\u0131mc\u0131s\u0131n\u0131n farkl\u0131 uzunluklar\u0131 birle\u015ftirerek kirpiklerin do\u011fal b\u00fcy\u00fcmesini yeniden yaratmas\u0131 gerekir &#8211; g\u00f6z\u00fcn i\u00e7 k\u00f6\u015fesinde k\u0131sa ve d\u0131\u015f k\u00f6\u015feye do\u011fru ilerledik\u00e7e daha uzun. Bu efekt ger\u00e7ekten \u00e7ok y\u00f6nl\u00fcd\u00fcr, harika g\u00f6r\u00fcn\u00fcr ve g\u00fcn\u00fcn her saatinde ve her yerde uygundur.<\/li>\n<\/ul>\n\n<ul class=\"has-medium-font-size wp-block-list\">\n<li><strong>Tilki etkisi<\/strong><br\/>i\u00e7 k\u00f6\u015fedeki k\u0131sa kirpiklerden d\u0131\u015f k\u00f6\u015fedeki daha uzun kirpiklere ge\u00e7i\u015fin yap\u0131ld\u0131\u011f\u0131 ve ge\u00e7i\u015fin do\u011fal etkiye g\u00f6re daha keskin oldu\u011fu bir uzatma t\u00fcr\u00fcd\u00fcr. Bu etki g\u00f6zleri g\u00f6rsel olarak uzat\u0131r ve geni\u015fletir.  <\/li>\n<\/ul>\n\n<ul class=\"has-medium-font-size wp-block-list\">\n<li><strong>&#8220;Doll eff<\/strong><br\/>\u00fcst g\u00f6z kapa\u011f\u0131 \u00e7izgisi boyunca ayn\u0131 uzunlukta kirpiklerin kullan\u0131lmas\u0131 anlam\u0131na gelir. Bu versiyon \u00e7ok do\u011fal g\u00f6r\u00fcnm\u00fcyor, ancak \u00e7irkin de de\u011fil. Sadece hangi g\u00f6z \u015fekli i\u00e7in, hangi g\u00f6r\u00fcnt\u00fc ve ya\u015f i\u00e7in bu t\u00fcr uzant\u0131lar\u0131n yap\u0131ld\u0131\u011f\u0131n\u0131 anlamak \u00f6nemlidir. B\u00f6yle bir yap\u0131ya sahip bir k\u0131z\u0131n g\u00f6zleri naif ve cilveli g\u00f6r\u00fcn\u00fcr.&#8221;<\/li>\n<\/ul>\n\n<ul class=\"has-medium-font-size wp-block-list\">\n<li><strong>&#8220;Ray&#8221; etkisi<\/strong><br\/>uzun kirpiklerin \u00fcst g\u00f6z kapa\u011f\u0131 boyunca k\u0131sa kirpiklerle birle\u015ftirildi\u011fi bir kirpik uzatma t\u00fcr\u00fcd\u00fcr. Bu etki kokteyl etkisi olarak da adland\u0131r\u0131l\u0131r. \u00c7ok ilgin\u00e7, s\u0131rad\u0131\u015f\u0131 g\u00f6r\u00fcn\u00fcyor, g\u00f6zlere ifade kat\u0131yor ve t\u00fcm g\u00f6r\u00fcnt\u00fcye biraz lezzet veriyor. Cafcafl\u0131 veya kaba g\u00f6r\u00fcnmez, bu nedenle bu uzant\u0131lar\u0131 g\u00fcnl\u00fck ya\u015famda giymek olduk\u00e7a uygundur.<\/li>\n<\/ul>\n\n<ul class=\"has-medium-font-size wp-block-list\">\n<li><strong>Renkli kirpikler<\/strong><br\/>Yukar\u0131daki efektlerden herhangi biri renkli <a href=\"https:\/\/en.wikipedia.org\/wiki\/False_eyelashes\" target=\"_blank\" rel=\"noreferrer noopener\">yapay kirpiklerle<\/a> yap\u0131labilir. Do\u011fru renk tonuyla, renkli uzatmalar harika g\u00f6r\u00fcnebilir. Kirpiklerde renklerle oynamak i\u00e7in bir\u00e7ok olas\u0131l\u0131k vard\u0131r: i\u00e7 k\u00f6\u015feden d\u0131\u015f k\u00f6\u015feye renk ge\u00e7i\u015fi (gradyan), belirli tonlar\u0131n kombinasyonu (kar\u0131\u015ft\u0131r\u0131lmas\u0131), vurgulama i\u00e7in belirli b\u00f6lgelere renkli kirpiklerin dahil edilmesi, g\u00f6z kapa\u011f\u0131 \u00e7izgisi boyunca birka\u00e7 rengin de\u011fi\u015ftirilmesi vb.<\/li>\n<\/ul>\n\n<h3 class=\"wp-block-heading\">Kirpik uzatma i\u00e7in a\u015fa\u011f\u0131daki hacim varyasyonlar\u0131 vard\u0131r:<\/h3>\n\n<ul class=\"has-medium-font-size wp-block-list\">\n<li><strong>Klasik cilt<\/strong><br\/>Kirpiklerinizin her birine bir yapay kirpik eklendi\u011finde &#8211; pop\u00fcler bir se\u00e7enek, \u00f6zellikle kirpikleri do\u011fadan olduk\u00e7a kal\u0131n olan, ancak uzunluk eklemeye ve g\u00fczel bir k\u0131vr\u0131m olu\u015fturmaya ihtiya\u00e7 duyanlar aras\u0131nda pop\u00fcler.<\/li>\n<\/ul>\n\n<ul class=\"has-medium-font-size wp-block-list\">\n<li><strong>\u00c7ift hacimli<\/strong><br\/>\u0130ki yapay kirpi\u011fin bir do\u011fal kirpi\u011fe yap\u0131\u015ft\u0131r\u0131lmas\u0131 anlam\u0131na gelir. Bu, kirpiklerin neredeyse iki kat daha kal\u0131n g\u00f6r\u00fcnmesini sa\u011flar. \u00c7ift hacme ra\u011fmen kirpikler do\u011fal g\u00f6r\u00fcn\u00fcr ve g\u00f6zlerin g\u00f6r\u00fcn\u00fcm\u00fc do\u011fald\u0131r. Belirgin, net ve g\u00fczel bir g\u00f6r\u00fcn\u00fcm, bir damla makyaj olmadan parlak g\u00f6zler ve do\u011fall\u0131k &#8211; bu t\u00fcr uzant\u0131lar\u0131 tercih etmeyi bu kadar pop\u00fcler yapan \u015fey budur.<\/li>\n<\/ul>\n\n<ul class=\"has-medium-font-size wp-block-list\">\n<li><strong>\u00dc\u00e7l\u00fc hacim<\/strong><br\/>da olduk\u00e7a pop\u00fclerdir, ancak bu durumda kirpikler biraz do\u011fal g\u00f6r\u00fcnm\u00fcyor, \u00e7ok kal\u0131nlar. Ancak, m\u00fc\u015fterilerin elde etmek istedikleri etkinin bu oldu\u011fu ve ihtiya\u00e7 duyduklar\u0131 sonucun bu oldu\u011fu durumlar vard\u0131r. Dramatik, \u00e7arp\u0131c\u0131, ak\u0131lda kal\u0131c\u0131 bir g\u00f6r\u00fcnt\u00fc olu\u015fturmak istiyorsan\u0131z bu tekni\u011fi kullanabilirsiniz! Hafif ve ince kirpikler kullan\u0131l\u0131rsa do\u011fal kirpikler herhangi bir zarar g\u00f6rmez ve uzatmalar g\u00f6z kapaklar\u0131nda \u00e7ok a\u011f\u0131r g\u00f6r\u00fcnmez ve g\u00f6z al\u0131c\u0131 bir g\u00f6r\u00fcn\u00fcm verir.<\/li>\n<\/ul>\n\n<ul class=\"has-medium-font-size wp-block-list\">\n<li><strong>6D uzant\u0131lar\u0131 bile var<\/strong><br\/>&#8211; Bir do\u011fal kirpik \u00fczerine 6 yapay kirpik. Modern ultra ince ve a\u011f\u0131rl\u0131ks\u0131z yapay kirpikler sayesinde, do\u011fal kirpiklere herhangi bir tehlike ve zarar vermeden bu t\u00fcr bir uzatma m\u00fcmk\u00fcnd\u00fcr. Elbette, bu t\u00fcr uzant\u0131lar\u0131n uzun s\u00fcre tak\u0131lmas\u0131 \u00f6nerilmez.  <\/li>\n<\/ul>\n\n<h3 class=\"wp-block-heading\">Takma Kirpikler i\u00e7in de\u011fildir:<\/h3>\n\n<ul class=\"wp-block-list\">\n<li class=\"has-medium-font-size\">Konjonktivit, arpa, kirpik akar\u0131 vb. gibi g\u00f6z rahats\u0131zl\u0131klar\u0131.  <\/li>\n\n\n\n<li class=\"has-medium-font-size\">Dermatit, sedef hastal\u0131\u011f\u0131  <\/li>\n\n\n\n<li class=\"has-medium-font-size\">Ast\u0131m  <\/li>\n\n\n\n<li class=\"has-medium-font-size\">Kirpik uygulama malzemelerine kar\u015f\u0131 alerji  <\/li>\n<\/ul>\n\n<h3 class=\"wp-block-heading\">Bak\u0131m sonras\u0131:<\/h3>\n\n<ul class=\"wp-block-list\">\n<li class=\"has-medium-font-size\">Kirpik uzatma i\u015fleminden sonraki ilk 24 saat boyunca suyla temastan ka\u00e7\u0131nmal\u0131s\u0131n\u0131z. Sauna, hamam, y\u00fczme havuzu, plaj, y\u00fcksek nemli herhangi bir yer ziyareti ertelenmelidir.<\/li>\n\n\n\n<li class=\"has-medium-font-size\">G\u00f6zlerinizi ovu\u015fturmaktan ka\u00e7\u0131n\u0131n, mekanik hasar\u0131 \u00f6nleyin. El-g\u00f6z temas\u0131n\u0131 minimumda tutun.<\/li>\n\n\n\n<li class=\"has-medium-font-size\">Yast\u0131\u011fa d\u00f6n\u00fck uyuyun &#8211; s\u0131rt \u00fcst\u00fc uyumay\u0131 \u00f6\u011frenin.<\/li>\n\n\n\n<li class=\"has-medium-font-size\">Maskara kullanmaktan ka\u00e7\u0131n\u0131n.  <\/li>\n\n\n\n<li class=\"has-medium-font-size\">Ya\u011fl\u0131 g\u00f6z kalemlerinden ve ya\u011fl\u0131 kalemlerden ka\u00e7\u0131n\u0131n.<\/li>\n\n\n\n<li class=\"has-medium-font-size\">K\u0131v\u0131rma aletleri kullanmay\u0131n.  <\/li>\n\n\n\n<li class=\"has-medium-font-size\">Ya\u011fl\u0131 g\u00f6z kremlerinden ka\u00e7\u0131n\u0131n.<\/li>\n<\/ul>\n\n<div class=\"wp-block-columns is-layout-flex wp-container-core-columns-is-layout-28f84493 wp-block-columns-is-layout-flex\">\n<div class=\"wp-block-column is-layout-flow wp-block-column-is-layout-flow\" style=\"flex-basis:33.33%\">\n<figure class=\"wp-block-image alignright size-full is-resized\"><img fetchpriority=\"high\" decoding=\"async\" width=\"280\" height=\"210\" src=\"https:\/\/medclinics.com\/wp-content\/uploads\/2023\/12\/luxus-logo-1.webp\" alt=\"\" class=\"wp-image-119607\" style=\"width:265px;height:auto\" srcset=\"https:\/\/medclinics.com\/wp-content\/uploads\/2023\/12\/luxus-logo-1.webp 280w, https:\/\/medclinics.com\/wp-content\/uploads\/2023\/12\/luxus-logo-1-24x18.webp 24w, https:\/\/medclinics.com\/wp-content\/uploads\/2023\/12\/luxus-logo-1-36x27.webp 36w, https:\/\/medclinics.com\/wp-content\/uploads\/2023\/12\/luxus-logo-1-48x36.webp 48w\" sizes=\"(max-width: 280px) 100vw, 280px\" \/><\/figure>\n<\/div>\n\n\n\n<div class=\"wp-block-column is-vertically-aligned-center is-layout-flow wp-block-column-is-layout-flow\" style=\"flex-basis:66.66%\">\n<h3 class=\"wp-block-heading has-text-align-center\"><strong>Kirpiklerinizi  <\/strong><br\/><strong>&#8220;Luxus Sa\u00e7 Grubu&#8221;<\/strong><\/h3>\n\n\n\n<p class=\"has-text-align-center\"><em><strong>&#8221; Sa\u00e7 ve G\u00fczellik Bak\u0131m\u0131, Herkes \u0130\u00e7in L\u00fcks! &#8220;<\/strong><\/em><\/p>\n\n\n\n<div class=\"wp-block-buttons is-content-justification-center is-layout-flex wp-container-core-buttons-is-layout-a89b3969 wp-block-buttons-is-layout-flex\">\n<div class=\"wp-block-button\"><a class=\"wp-block-button__link has-vivid-green-cyan-background-color has-background has-text-align-left wp-element-button\" href=\"https:\/\/wa.me\/905322662716?text=From%20MedClinics\" target=\"_blank\" rel=\"noreferrer noopener nofollow\">WhatsApp \u00dczerinden Online Rezervasyon<\/a><\/div>\n<\/div>\n<\/div>\n<\/div>\n\n<h3 class=\"wp-block-heading\">Fiyat ve daha fazlas\u0131 dahil olmak \u00fczere <a href=\"https:\/\/medclinics.com\/tr\/cerrahi-olmayan-operasyonlar\/\" target=\"_blank\" rel=\"noreferrer noopener\">ameliyats\u0131z operasyonlar<\/a> hakk\u0131nda bilmeniz gereken her \u015fey <a href=\"#requestform\">bize ula\u015f\u0131n<\/a>!<\/h3>\n\n<h2 class=\"wp-block-heading\">SSS <\/h2>\n<div id=\"rank-math-faq\" class=\"rank-math-block\">\n<div class=\"rank-math-list \">\n<div id=\"faq-question-1685007538335\" class=\"rank-math-list-item\">\n<h3 class=\"rank-math-question \">Kirpik uzatma g\u00fcvenli midir?<\/h3>\n<div class=\"rank-math-answer \">\n\n<p>Kirpik uzant\u0131lar\u0131 g\u00fcvenlidir ve alerjik reaksiyonlara neden olmaz, ancak kirpik uzant\u0131lar\u0131, kullan\u0131lan malzemelere kar\u015f\u0131 bireysel ho\u015fg\u00f6r\u00fcs\u00fczl\u00fc\u011f\u00fc olan ki\u015filer i\u00e7in \u00f6nerilmez, ki bu \u00e7ok nadirdir. Kronik, akut veya viral g\u00f6z hastal\u0131klar\u0131 olan ki\u015filer i\u00e7in de \u00f6nerilmez.<\/p>\n\n<\/div>\n<\/div>\n<div id=\"faq-question-1685007561290\" class=\"rank-math-list-item\">\n<h3 class=\"rank-math-question \">Kirpiklerimi ara vermeden uzatabilir miyim?<\/h3>\n<div class=\"rank-math-answer \">\n\n<p>Yapay kirpiklerin boyutunun do\u011fru se\u00e7ilmesi ve uzatma tekni\u011fine uyulmas\u0131, i\u015flemin do\u011fal kirpiklere zarar vermeden, yani kirpiklerin yenilenme d\u00f6ng\u00fcs\u00fcn\u00fc kesintiye u\u011fratmadan yap\u0131lmas\u0131n\u0131 sa\u011flar. Bu, tekrar tekrar kirpik uzatma yapman\u0131n m\u00fcmk\u00fcn oldu\u011fu anlam\u0131na gelir. Kirpikler zarar g\u00f6rd\u00fc\u011f\u00fcnde ara vermek mant\u0131kl\u0131d\u0131r. Bu durumda, tamamen yenilenmelerini beklemek daha iyidir (yakla\u015f\u0131k 3 ay), bu s\u00fcre zarf\u0131nda kirpiklerin b\u00fcy\u00fcmesi ve g\u00fc\u00e7lendirilmesi i\u00e7in \u00fcr\u00fcnler kullanmak m\u00fcmk\u00fcnd\u00fcr.<\/p>\n\n<\/div>\n<\/div>\n<div id=\"faq-question-1685007598307\" class=\"rank-math-list-item\">\n<h3 class=\"rank-math-question \">Kirpik uzatma yapt\u0131rmak ac\u0131 verir mi?<\/h3>\n<div class=\"rank-math-answer \">\n\n<p>Hay\u0131r, kirpik uzatma i\u015flemi tamamen a\u011fr\u0131s\u0131z ve g\u00fcvenlidir. Yapay kirpikler do\u011fal kirpiklerin \u00fczerine k\u00fc\u00e7\u00fck bir mesafe ile yerle\u015ftirilir, b\u00f6ylece i\u015flem s\u0131ras\u0131nda veya sonras\u0131nda kirpiklerinizi hissetmezsiniz.<\/p>\n\n<\/div>\n<\/div>\n<div id=\"faq-question-1685007627392\" class=\"rank-math-list-item\">\n<h3 class=\"rank-math-question \">Kirpik uzatma do\u011fal kirpiklerime zarar verir mi?<\/h3>\n<div class=\"rank-math-answer \">\n\n<p>Kirpik uzatma i\u015flemi do\u011fru ve teknolojiye tam uygun olarak yap\u0131ld\u0131\u011f\u0131 s\u00fcrece kirpiklere zararl\u0131 de\u011fildir. Uzatma kirpikleri, kendi kirpiklerinizin uzunlu\u011funa ve kal\u0131nl\u0131\u011f\u0131na g\u00f6re se\u00e7ilir.<\/p>\n\n<\/div>\n<\/div>\n<div id=\"faq-question-1685007656902\" class=\"rank-math-list-item\">\n<h3 class=\"rank-math-question \">Kirpik uzatma ile kontakt lens takabilir miyim?<\/h3>\n<div class=\"rank-math-answer \">\n\n<p>Kirpik uzatma kontakt lens kullan\u0131m\u0131n\u0131 etkilemez. Kirpikler lensleri \u00e7\u0131karman\u0131z\u0131 ve takman\u0131z\u0131 engellemez ve t\u0131pk\u0131 lensler gibi kirpikleri g\u00f6z\u00fcn\u00fczde hissetmezsiniz.<\/p>\n\n<\/div>\n<\/div>\n<\/div>\n<\/div>\n<p><\/p>\n\n<h3 class=\"wp-block-heading\">Herhangi bir sorunuz olmas\u0131 durumunda hemen bizimle ileti\u015fime ge\u00e7in!<\/h3>\n","protected":false},"excerpt":{"rendered":"<p>Kirpik uzatma sentetik k\u0131llar\u0131 \u00f6zel bir yap\u0131\u015ft\u0131r\u0131c\u0131 ile birbirine yap\u0131\u015ft\u0131rarak do\u011fal kirpikleri uzatmak ve b\u00fcy\u00fctmek i\u00e7in yap\u0131lan kozmetik bir i\u015flemdir. [&hellip;]<\/p>\n","protected":false},"author":4,"featured_media":92169,"parent":0,"menu_order":0,"comment_status":"closed","ping_status":"closed","template":"","meta":{"site-sidebar-layout":"default","site-content-layout":"","ast-site-content-layout":"default","site-content-style":"default","site-sidebar-style":"default","ast-global-header-display":"","ast-banner-title-visibility":"","ast-main-header-display":"","ast-hfb-above-header-display":"","ast-hfb-below-header-display":"","ast-hfb-mobile-header-display":"","site-post-title":"","ast-breadcrumbs-content":"","ast-featured-img":"","footer-sml-layout":"","ast-disable-related-posts":"","theme-transparent-header-meta":"","adv-header-id-meta":"","stick-header-meta":"","header-above-stick-meta":"","header-main-stick-meta":"","header-below-stick-meta":"","astra-migrate-meta-layouts":"default","ast-page-background-enabled":"default","ast-page-background-meta":{"desktop":{"background-color":"var(--ast-global-color-4)","background-image":"","background-repeat":"repeat","background-position":"center center","background-size":"auto","background-attachment":"scroll","background-type":"","background-media":"","overlay-type":"","overlay-color":"","overlay-opacity":"","overlay-gradient":""},"tablet":{"background-color":"","background-image":"","background-repeat":"repeat","background-position":"center center","background-size":"auto","background-attachment":"scroll","background-type":"","background-media":"","overlay-type":"","overlay-color":"","overlay-opacity":"","overlay-gradient":""},"mobile":{"background-color":"","background-image":"","background-repeat":"repeat","background-position":"center center","background-size":"auto","background-attachment":"scroll","background-type":"","background-media":"","overlay-type":"","overlay-color":"","overlay-opacity":"","overlay-gradient":""}},"ast-content-background-meta":{"desktop":{"background-color":"var(--ast-global-color-5)","background-image":"","background-repeat":"repeat","background-position":"center center","background-size":"auto","background-attachment":"scroll","background-type":"","background-media":"","overlay-type":"","overlay-color":"","overlay-opacity":"","overlay-gradient":""},"tablet":{"background-color":"var(--ast-global-color-5)","background-image":"","background-repeat":"repeat","background-position":"center center","background-size":"auto","background-attachment":"scroll","background-type":"","background-media":"","overlay-type":"","overlay-color":"","overlay-opacity":"","overlay-gradient":""},"mobile":{"background-color":"var(--ast-global-color-5)","background-image":"","background-repeat":"repeat","background-position":"center center","background-size":"auto","background-attachment":"scroll","background-type":"","background-media":"","overlay-type":"","overlay-color":"","overlay-opacity":"","overlay-gradient":""}},"footnotes":""},"class_list":["post-146769","page","type-page","status-publish","has-post-thumbnail","hentry"],"_links":{"self":[{"href":"https:\/\/medclinics.com\/tr\/wp-json\/wp\/v2\/pages\/146769","targetHints":{"allow":["GET"]}}],"collection":[{"href":"https:\/\/medclinics.com\/tr\/wp-json\/wp\/v2\/pages"}],"about":[{"href":"https:\/\/medclinics.com\/tr\/wp-json\/wp\/v2\/types\/page"}],"author":[{"embeddable":true,"href":"https:\/\/medclinics.com\/tr\/wp-json\/wp\/v2\/users\/4"}],"replies":[{"embeddable":true,"href":"https:\/\/medclinics.com\/tr\/wp-json\/wp\/v2\/comments?post=146769"}],"version-history":[{"count":0,"href":"https:\/\/medclinics.com\/tr\/wp-json\/wp\/v2\/pages\/146769\/revisions"}],"wp:featuredmedia":[{"embeddable":true,"href":"https:\/\/medclinics.com\/tr\/wp-json\/wp\/v2\/media\/92169"}],"wp:attachment":[{"href":"https:\/\/medclinics.com\/tr\/wp-json\/wp\/v2\/media?parent=146769"}],"curies":[{"name":"wp","href":"https:\/\/api.w.org\/{rel}","templated":true}]}}