{"id":146719,"date":"2023-05-22T08:44:17","date_gmt":"2023-05-22T05:44:17","guid":{"rendered":"https:\/\/medclinics.com\/rejeneratif-tipta-kok-hucre-tedavisi\/"},"modified":"2025-01-24T21:43:45","modified_gmt":"2025-01-24T18:43:45","slug":"rejeneratif-tipta-kok-hucre-tedavisi","status":"publish","type":"page","link":"https:\/\/medclinics.com\/tr\/rejeneratif-tipta-kok-hucre-tedavisi\/","title":{"rendered":"Rejeneratif T\u0131pta K\u00f6k H\u00fccre Tedavisi"},"content":{"rendered":"\n<h2 class=\"wp-block-heading\">T\u0131bbi tedaviler alan\u0131nda devrim niteli\u011finde bir at\u0131l\u0131m ar\u0131yorsan\u0131z, Rejeneratif T\u0131pta K\u00f6k H\u00fccre Tedavisi b\u00fcy\u00fck umut vaat ediyor.<\/h2>\n\n<p>K\u00f6k h\u00fccre tedavisi alan\u0131ndaki ara\u015ft\u0131rmalar halen devam etmekle birlikte, bu devrim niteli\u011findeki tedavi rejeneratif t\u0131p alan\u0131nda \u015fimdiden \u00f6nemli ad\u0131mlar atmaya ba\u015flam\u0131\u015ft\u0131r.<\/p>\n\n<p>K\u00f6k h\u00fccre tedavisi, hastan\u0131n kendi v\u00fccudundan veya bir don\u00f6rden k\u00f6k h\u00fccrelerin \u00e7\u0131kar\u0131lmas\u0131n\u0131 ve safla\u015ft\u0131r\u0131lmas\u0131n\u0131 i\u00e7erir. Bu g\u00fc\u00e7l\u00fc h\u00fccreler daha sonra hasarl\u0131 dokular\u0131, organlar\u0131 veya h\u00fccreleri onarmak amac\u0131yla etkilenen b\u00f6lgeye nakledilir.<\/p>\n\n<p>K\u00f6k h\u00fccre tedavisinin potansiyeli, l\u00f6semi, omurilik yaralanmalar\u0131, diyabet, multipl skleroz, Parkinson hastal\u0131\u011f\u0131 ve lupus dahil ancak bunlarla s\u0131n\u0131rl\u0131 olmamak \u00fczere \u00e7ok \u00e7e\u015fitli hastal\u0131k ve durumlar\u0131 kapsamaktad\u0131r.<\/p>\n\n<p>Bu rahats\u0131zl\u0131klar\u0131n temel nedenlerini hedef alma kabiliyetiyle <a href=\"https:\/\/en.wikipedia.org\/wiki\/Stem_cell\" target=\"_blank\" rel=\"noreferrer noopener\">k\u00f6k h\u00fccre tedavisi<\/a>, t\u0131bbi tedavilerin manzaras\u0131n\u0131 d\u00f6n\u00fc\u015ft\u00fcrmek ve iyile\u015fme ve iyile\u015fme ihtiyac\u0131 olan say\u0131s\u0131z ki\u015fiye umut sunmak i\u00e7in b\u00fcy\u00fck umut vaat ediyor.<\/p>\n\n<h3 class=\"wp-block-heading\"><a href=\"https:\/\/medclinics.com\/tr\/stem-cell-therapy-2\/\" target=\"_blank\" rel=\"noreferrer noopener\">K\u00f6k h\u00fccre tedavisi<\/a> hakk\u0131nda bilmeniz gereken her \u015fey burada, sadece <a href=\"#requestform\">bizimle ileti\u015fime<\/a> ge\u00e7in!<\/h3>\n\n<figure class=\"wp-block-image size-full\"><img fetchpriority=\"high\" decoding=\"async\" width=\"960\" height=\"540\" class=\"wp-image-97456\" src=\"https:\/\/medclinics.com\/wp-content\/uploads\/2023\/07\/stem-cell-therapy-in-regenerative-medicine-near-me-1.jpg\" alt=\"Yak&#x131;n&#x131;mdaki Rejeneratif T&#x131;pta K&#xF6;k H&#xFC;cre Tedavisi\" srcset=\"https:\/\/medclinics.com\/wp-content\/uploads\/2023\/07\/stem-cell-therapy-in-regenerative-medicine-near-me-1.jpg 960w, https:\/\/medclinics.com\/wp-content\/uploads\/2023\/07\/stem-cell-therapy-in-regenerative-medicine-near-me-1-500x281.jpg 500w, https:\/\/medclinics.com\/wp-content\/uploads\/2023\/07\/stem-cell-therapy-in-regenerative-medicine-near-me-1-768x432.jpg 768w, https:\/\/medclinics.com\/wp-content\/uploads\/2023\/07\/stem-cell-therapy-in-regenerative-medicine-near-me-1-24x14.jpg 24w, https:\/\/medclinics.com\/wp-content\/uploads\/2023\/07\/stem-cell-therapy-in-regenerative-medicine-near-me-1-36x20.jpg 36w, https:\/\/medclinics.com\/wp-content\/uploads\/2023\/07\/stem-cell-therapy-in-regenerative-medicine-near-me-1-48x27.jpg 48w\" sizes=\"(max-width: 960px) 100vw, 960px\" \/><\/figure>\n\n<h2 class=\"wp-block-heading\">SSS<\/h2>\n<div id=\"rank-math-faq\" class=\"rank-math-block\">\n<div class=\"rank-math-list \">\n<div id=\"faq-question-1685003707204\" class=\"rank-math-list-item\">\n<h3 class=\"rank-math-question \">Rejeneratif t\u0131pta k\u00f6k h\u00fccre tedavisi nedir?<\/h3>\n<div class=\"rank-math-answer \">\n\n<p>Rejeneratif t\u0131pta k\u00f6k h\u00fccre tedavisi, doku onar\u0131m\u0131n\u0131 ve rejenerasyonunu desteklemek i\u00e7in k\u00f6k h\u00fccreleri kullan\u0131r. Hastadan veya bir don\u00f6rden elde edilen k\u00f6k h\u00fccreler hasarl\u0131 dokulara veya organlara nakledilir. \u0130yile\u015fme s\u00fcrecine yard\u0131mc\u0131 olarak \u00e7e\u015fitli h\u00fccre tiplerine farkl\u0131la\u015fma yetene\u011fine sahiptirler. Rejeneratif t\u0131pta k\u00f6k h\u00fccre tedavisi, yaralanmalar\u0131n, dejeneratif hastal\u0131klar\u0131n, otoimm\u00fcn bozukluklar\u0131n ve organ hasarlar\u0131n\u0131n tedavisinde umut vaat etmektedir. Devam eden ara\u015ft\u0131rmalar, k\u00f6k h\u00fccrelerin terap\u00f6tik potansiyelini art\u0131rmay\u0131 ve rejeneratif t\u0131p alan\u0131ndaki uygulamalar\u0131n\u0131 geni\u015fletmeyi ama\u00e7lamaktad\u0131r.<\/p>\n\n<\/div>\n<\/div>\n<div id=\"faq-question-1685003892451\" class=\"rank-math-list-item\">\n<h3 class=\"rank-math-question \">Rejeneratif t\u0131pta k\u00f6k h\u00fccre tedavisi nas\u0131l \u00e7al\u0131\u015f\u0131r?<\/h3>\n<div class=\"rank-math-answer \">\n\n<p>Rejeneratif t\u0131pta k\u00f6k h\u00fccre tedavisi, v\u00fccutta doku onar\u0131m\u0131n\u0131 ve rejenerasyonunu kolayla\u015ft\u0131rmak i\u00e7in k\u00f6k h\u00fccrelerin benzersiz \u00f6zelliklerini kullanarak \u00e7al\u0131\u015f\u0131r. S\u00fcre\u00e7, hastadan veya bir don\u00f6rden kemik ili\u011fi, ya\u011f dokusu veya embriyonik doku gibi kaynaklardan k\u00f6k h\u00fccrelerin elde edilmesini i\u00e7erir. K\u00f6k h\u00fccreler hasat edildikten sonra, kalitelerini sa\u011flamak ve safs\u0131zl\u0131klar\u0131n\u0131 gidermek i\u00e7in dikkatlice i\u015flenir ve safla\u015ft\u0131r\u0131l\u0131r. Daha sonra enjeksiyonlar, inf\u00fczyonlar veya cerrahi prosed\u00fcrler yoluyla v\u00fccudun hedeflenen b\u00f6lgesine nakledilirler. K\u00f6k h\u00fccreler nakledildikten sonra, hasarl\u0131 veya etkilenmi\u015f b\u00f6lgeye g\u00f6\u00e7 etme konusunda ola\u011fan\u00fcst\u00fc bir yetene\u011fe sahiptir. Burada, belirli h\u00fccre tiplerine farkl\u0131la\u015fabilir ve mevcut dokuyla b\u00fct\u00fcnle\u015febilirler. Bu s\u00fcre\u00e7 yeni h\u00fccrelerin b\u00fcy\u00fcmesini uyar\u0131r, doku onar\u0131m\u0131n\u0131 destekler ve iltihaplanmay\u0131 azalt\u0131r. Nakledilen k\u00f6k h\u00fccrelerin rejeneratif etkileri, i\u015flevselli\u011fi geri kazanmaya, genel durumu iyile\u015ftirmeye ve v\u00fccudun do\u011fal iyile\u015fme s\u00fcre\u00e7lerini desteklemeye yard\u0131mc\u0131 olur. K\u00f6k h\u00fccre tedavisinde devam eden ara\u015ft\u0131rma ve geli\u015fmeler, teknikleri iyile\u015ftirmeye ve sonu\u00e7lar\u0131 optimize etmeye devam ederek rejeneratif t\u0131p olanaklar\u0131n\u0131 geni\u015fletmektedir.<\/p>\n\n<\/div>\n<\/div>\n<\/div>\n<\/div>\n<p>\u00a0<\/p>\n\n<h3 class=\"wp-block-heading\">Herhangi bir sorunuz olmas\u0131 durumunda hemen bizimle ileti\u015fime ge\u00e7in!<\/h3>\n","protected":false},"excerpt":{"rendered":"<p>T\u0131bbi tedaviler alan\u0131nda devrim niteli\u011finde bir at\u0131l\u0131m ar\u0131yorsan\u0131z, Rejeneratif T\u0131pta K\u00f6k H\u00fccre Tedavisi b\u00fcy\u00fck umut vaat ediyor. K\u00f6k h\u00fccre tedavisi [&hellip;]<\/p>\n","protected":false},"author":4,"featured_media":91998,"parent":0,"menu_order":0,"comment_status":"closed","ping_status":"closed","template":"","meta":{"site-sidebar-layout":"default","site-content-layout":"","ast-site-content-layout":"default","site-content-style":"default","site-sidebar-style":"default","ast-global-header-display":"","ast-banner-title-visibility":"","ast-main-header-display":"","ast-hfb-above-header-display":"","ast-hfb-below-header-display":"","ast-hfb-mobile-header-display":"","site-post-title":"","ast-breadcrumbs-content":"","ast-featured-img":"","footer-sml-layout":"","ast-disable-related-posts":"","theme-transparent-header-meta":"","adv-header-id-meta":"","stick-header-meta":"","header-above-stick-meta":"","header-main-stick-meta":"","header-below-stick-meta":"","astra-migrate-meta-layouts":"default","ast-page-background-enabled":"default","ast-page-background-meta":{"desktop":{"background-color":"var(--ast-global-color-4)","background-image":"","background-repeat":"repeat","background-position":"center center","background-size":"auto","background-attachment":"scroll","background-type":"","background-media":"","overlay-type":"","overlay-color":"","overlay-opacity":"","overlay-gradient":""},"tablet":{"background-color":"","background-image":"","background-repeat":"repeat","background-position":"center center","background-size":"auto","background-attachment":"scroll","background-type":"","background-media":"","overlay-type":"","overlay-color":"","overlay-opacity":"","overlay-gradient":""},"mobile":{"background-color":"","background-image":"","background-repeat":"repeat","background-position":"center center","background-size":"auto","background-attachment":"scroll","background-type":"","background-media":"","overlay-type":"","overlay-color":"","overlay-opacity":"","overlay-gradient":""}},"ast-content-background-meta":{"desktop":{"background-color":"var(--ast-global-color-5)","background-image":"","background-repeat":"repeat","background-position":"center center","background-size":"auto","background-attachment":"scroll","background-type":"","background-media":"","overlay-type":"","overlay-color":"","overlay-opacity":"","overlay-gradient":""},"tablet":{"background-color":"var(--ast-global-color-5)","background-image":"","background-repeat":"repeat","background-position":"center center","background-size":"auto","background-attachment":"scroll","background-type":"","background-media":"","overlay-type":"","overlay-color":"","overlay-opacity":"","overlay-gradient":""},"mobile":{"background-color":"var(--ast-global-color-5)","background-image":"","background-repeat":"repeat","background-position":"center center","background-size":"auto","background-attachment":"scroll","background-type":"","background-media":"","overlay-type":"","overlay-color":"","overlay-opacity":"","overlay-gradient":""}},"footnotes":""},"class_list":["post-146719","page","type-page","status-publish","has-post-thumbnail","hentry"],"_links":{"self":[{"href":"https:\/\/medclinics.com\/tr\/wp-json\/wp\/v2\/pages\/146719","targetHints":{"allow":["GET"]}}],"collection":[{"href":"https:\/\/medclinics.com\/tr\/wp-json\/wp\/v2\/pages"}],"about":[{"href":"https:\/\/medclinics.com\/tr\/wp-json\/wp\/v2\/types\/page"}],"author":[{"embeddable":true,"href":"https:\/\/medclinics.com\/tr\/wp-json\/wp\/v2\/users\/4"}],"replies":[{"embeddable":true,"href":"https:\/\/medclinics.com\/tr\/wp-json\/wp\/v2\/comments?post=146719"}],"version-history":[{"count":0,"href":"https:\/\/medclinics.com\/tr\/wp-json\/wp\/v2\/pages\/146719\/revisions"}],"wp:featuredmedia":[{"embeddable":true,"href":"https:\/\/medclinics.com\/tr\/wp-json\/wp\/v2\/media\/91998"}],"wp:attachment":[{"href":"https:\/\/medclinics.com\/tr\/wp-json\/wp\/v2\/media?parent=146719"}],"curies":[{"name":"wp","href":"https:\/\/api.w.org\/{rel}","templated":true}]}}