{"id":146707,"date":"2023-05-23T08:24:33","date_gmt":"2023-05-23T05:24:33","guid":{"rendered":"https:\/\/medclinics.com\/kozmetikte-kok-hucre-tedavisi\/"},"modified":"2025-01-03T01:51:48","modified_gmt":"2025-01-02T22:51:48","slug":"kozmetikte-kok-hucre-tedavisi","status":"publish","type":"page","link":"https:\/\/medclinics.com\/tr\/kozmetikte-kok-hucre-tedavisi\/","title":{"rendered":"Kozmetikte K\u00f6k H\u00fccre Tedavisi"},"content":{"rendered":"\n<h2 class=\"wp-block-heading\">Kozmetikte K\u00f6k H\u00fccre Tedavisinin s\u0131n\u0131rs\u0131z olanaklar\u0131n\u0131 ar\u0131yorsan\u0131z, do\u011fru ellerdesiniz.<\/h2>\n\n<p>Kozmetikte k\u00f6k h\u00fccre tedavisi, cildin nemini, tonunu ve elastikiyetini artt\u0131rmak i\u00e7in dikkate de\u011fer bir \u00e7\u00f6z\u00fcm sunar. K\u00f6k h\u00fccrelerin rejeneratif \u00f6zelliklerinden yararlanan bu son teknoloji terapi, ya\u015flanan veya hasar g\u00f6rm\u00fc\u015f cildi canland\u0131rabilir, nemi yenileyebilir ve esnek ve \u0131\u015f\u0131lt\u0131l\u0131 bir cildi te\u015fvik edebilir.  <\/p>\n\n<p>Ayr\u0131ca, <a href=\"https:\/\/en.wikipedia.org\/wiki\/Stem_cell\" target=\"_blank\" rel=\"noreferrer noopener\">k\u00f6k h\u00fccreler<\/a> kolajen ve elastin \u00fcretimini uyararak daha gen\u00e7 ve esnek bir g\u00f6r\u00fcn\u00fcm i\u00e7in cilt tonunu ve s\u0131k\u0131l\u0131\u011f\u0131n\u0131 iyile\u015ftirir. Ke\u015ffedilmeyi bekleyen kullan\u0131lmam\u0131\u015f potansiyelleriyle kozmetikte k\u00f6k h\u00fccre tedavisi, d\u00f6n\u00fc\u015ft\u00fcr\u00fcc\u00fc ilerlemelerin \u00f6n\u00fcn\u00fc a\u00e7\u0131yor.<\/p>\n\n<p>Ara\u015ft\u0131rmac\u0131lar t\u00fcm faydalar\u0131 ortaya \u00e7\u0131karmaya devam ettik\u00e7e, kozmetikte k\u00f6k h\u00fccre tedavisinin olanaklar\u0131 s\u0131n\u0131rs\u0131zd\u0131r. Bu inan\u0131lmaz at\u0131l\u0131m\u0131 kucaklay\u0131n ve \u00f6n\u00fcm\u00fczdeki ola\u011fan\u00fcst\u00fc geli\u015fmeler i\u00e7in uzmanlar\u0131m\u0131za dan\u0131\u015fmay\u0131 unutmay\u0131n!<\/p>\n\n<h3 class=\"wp-block-heading\"><a href=\"https:\/\/medclinics.com\/tr\/stem-cell-therapy-2\/\" target=\"_blank\" rel=\"noreferrer noopener\">K\u00f6k h\u00fccre tedavisi<\/a> hakk\u0131nda bilmeniz gereken her \u015fey burada, hemen <a href=\"#requestform\">bizimle ileti\u015fime<\/a> ge\u00e7in!<\/h3>\n\n<figure class=\"wp-block-image size-full\"><img fetchpriority=\"high\" decoding=\"async\" width=\"960\" height=\"540\" src=\"https:\/\/medclinics.com\/wp-content\/uploads\/2023\/07\/stem-cell-therapy-in-cosmetics-near-me.jpg\" alt=\"Yak&#x131;n&#x131;mdaki Kozmetikte K&#xF6;k H&#xFC;cre Tedavisi\" class=\"wp-image-97414\" srcset=\"https:\/\/medclinics.com\/wp-content\/uploads\/2023\/07\/stem-cell-therapy-in-cosmetics-near-me.jpg 960w, https:\/\/medclinics.com\/wp-content\/uploads\/2023\/07\/stem-cell-therapy-in-cosmetics-near-me-500x281.jpg 500w, https:\/\/medclinics.com\/wp-content\/uploads\/2023\/07\/stem-cell-therapy-in-cosmetics-near-me-768x432.jpg 768w, https:\/\/medclinics.com\/wp-content\/uploads\/2023\/07\/stem-cell-therapy-in-cosmetics-near-me-24x14.jpg 24w, https:\/\/medclinics.com\/wp-content\/uploads\/2023\/07\/stem-cell-therapy-in-cosmetics-near-me-36x20.jpg 36w, https:\/\/medclinics.com\/wp-content\/uploads\/2023\/07\/stem-cell-therapy-in-cosmetics-near-me-48x27.jpg 48w\" sizes=\"(max-width: 960px) 100vw, 960px\" \/><\/figure>\n\n<h2 class=\"wp-block-heading\">SSS  <\/h2>\n<div id=\"rank-math-faq\" class=\"rank-math-block\">\n<div class=\"rank-math-list \">\n<div id=\"faq-question-1685002520472\" class=\"rank-math-list-item\">\n<h3 class=\"rank-math-question \">K\u00f6k h\u00fccreler kozmetikte kullan\u0131l\u0131yor mu?<\/h3>\n<div class=\"rank-math-answer \">\n\n<p>Evet, k\u00f6k h\u00fccreler ger\u00e7ekten de kozmetikte kullan\u0131l\u0131yor. K\u00f6k h\u00fccre teknolojisi, potansiyel rejeneratif \u00f6zellikleri nedeniyle kozmetik end\u00fcstrisinde dikkat \u00e7ekmi\u015ftir. Elma, \u00fcz\u00fcm veya edelweiss gibi kaynaklardan elde edilen bitki bazl\u0131 k\u00f6k h\u00fccreler cilt bak\u0131m \u00fcr\u00fcnlerinde yayg\u0131n olarak kullan\u0131lmaktad\u0131r. Bu k\u00f6k h\u00fccrelerin antioksidan \u00f6zelliklere sahip oldu\u011funa ve cildi \u00e7evresel hasarlardan koruma ve onarma yetene\u011fine sahip oldu\u011funa inan\u0131lmaktad\u0131r. \u00dcreticiler, k\u00f6k h\u00fccreleri kozmetik form\u00fclasyonlara dahil ederek kolajen \u00fcretimini te\u015fvik etmeyi, ince \u00e7izgilerin ve k\u0131r\u0131\u015f\u0131kl\u0131klar\u0131n g\u00f6r\u00fcn\u00fcm\u00fcn\u00fc azaltmay\u0131 ve cildin genel dokusunu ve tonunu iyile\u015ftirmeyi ama\u00e7lamaktad\u0131r.<\/p>\n\n<\/div>\n<\/div>\n<div id=\"faq-question-1685002653278\" class=\"rank-math-list-item\">\n<h3 class=\"rank-math-question \">K\u00f6k h\u00fccre cilt bak\u0131m\u0131 i\u00e7in g\u00fcvenli midir?<\/h3>\n<div class=\"rank-math-answer \">\n\n<p>Cilt bak\u0131m\u0131nda k\u00f6k h\u00fccre kullan\u0131m\u0131n\u0131n g\u00fcvenli\u011fi halen ara\u015ft\u0131r\u0131lmaktad\u0131r. Cilt bak\u0131m \u00fcr\u00fcnlerinde kullan\u0131lan bitki bazl\u0131 k\u00f6k h\u00fccrelerin genellikle g\u00fcvenli oldu\u011fu d\u00fc\u015f\u00fcn\u00fclmektedir, ancak insan kaynakl\u0131 k\u00f6k h\u00fccreler gibi di\u011fer k\u00f6k h\u00fccre t\u00fcrlerinin g\u00fcvenli\u011fi hala ara\u015ft\u0131r\u0131lmaktad\u0131r. D\u00fczenleyici kurumlar kozmetik \u00fcreticileri taraf\u0131ndan yap\u0131lan iddialar\u0131 izler ve g\u00fcvenlik testinden ge\u00e7mi\u015f ve y\u00f6nergeleri kar\u015f\u0131layan \u00fcr\u00fcnleri aramak \u00f6nemlidir.  <\/p>\n\n<\/div>\n<\/div>\n<\/div>\n<\/div>\n<p><\/p>\n\n<h3 class=\"wp-block-heading\">Herhangi bir sorunuz olmas\u0131 durumunda hemen bizimle ileti\u015fime ge\u00e7in!<\/h3>\n","protected":false},"excerpt":{"rendered":"<p>Kozmetikte K\u00f6k H\u00fccre Tedavisinin s\u0131n\u0131rs\u0131z olanaklar\u0131n\u0131 ar\u0131yorsan\u0131z, do\u011fru ellerdesiniz. Kozmetikte k\u00f6k h\u00fccre tedavisi, cildin nemini, tonunu ve elastikiyetini artt\u0131rmak i\u00e7in [&hellip;]<\/p>\n","protected":false},"author":4,"featured_media":91967,"parent":0,"menu_order":0,"comment_status":"closed","ping_status":"closed","template":"","meta":{"site-sidebar-layout":"default","site-content-layout":"","ast-site-content-layout":"default","site-content-style":"default","site-sidebar-style":"default","ast-global-header-display":"","ast-banner-title-visibility":"","ast-main-header-display":"","ast-hfb-above-header-display":"","ast-hfb-below-header-display":"","ast-hfb-mobile-header-display":"","site-post-title":"","ast-breadcrumbs-content":"","ast-featured-img":"","footer-sml-layout":"","ast-disable-related-posts":"","theme-transparent-header-meta":"","adv-header-id-meta":"","stick-header-meta":"","header-above-stick-meta":"","header-main-stick-meta":"","header-below-stick-meta":"","astra-migrate-meta-layouts":"default","ast-page-background-enabled":"default","ast-page-background-meta":{"desktop":{"background-color":"var(--ast-global-color-4)","background-image":"","background-repeat":"repeat","background-position":"center center","background-size":"auto","background-attachment":"scroll","background-type":"","background-media":"","overlay-type":"","overlay-color":"","overlay-opacity":"","overlay-gradient":""},"tablet":{"background-color":"","background-image":"","background-repeat":"repeat","background-position":"center center","background-size":"auto","background-attachment":"scroll","background-type":"","background-media":"","overlay-type":"","overlay-color":"","overlay-opacity":"","overlay-gradient":""},"mobile":{"background-color":"","background-image":"","background-repeat":"repeat","background-position":"center center","background-size":"auto","background-attachment":"scroll","background-type":"","background-media":"","overlay-type":"","overlay-color":"","overlay-opacity":"","overlay-gradient":""}},"ast-content-background-meta":{"desktop":{"background-color":"var(--ast-global-color-5)","background-image":"","background-repeat":"repeat","background-position":"center center","background-size":"auto","background-attachment":"scroll","background-type":"","background-media":"","overlay-type":"","overlay-color":"","overlay-opacity":"","overlay-gradient":""},"tablet":{"background-color":"var(--ast-global-color-5)","background-image":"","background-repeat":"repeat","background-position":"center center","background-size":"auto","background-attachment":"scroll","background-type":"","background-media":"","overlay-type":"","overlay-color":"","overlay-opacity":"","overlay-gradient":""},"mobile":{"background-color":"var(--ast-global-color-5)","background-image":"","background-repeat":"repeat","background-position":"center center","background-size":"auto","background-attachment":"scroll","background-type":"","background-media":"","overlay-type":"","overlay-color":"","overlay-opacity":"","overlay-gradient":""}},"footnotes":""},"class_list":["post-146707","page","type-page","status-publish","has-post-thumbnail","hentry"],"_links":{"self":[{"href":"https:\/\/medclinics.com\/tr\/wp-json\/wp\/v2\/pages\/146707","targetHints":{"allow":["GET"]}}],"collection":[{"href":"https:\/\/medclinics.com\/tr\/wp-json\/wp\/v2\/pages"}],"about":[{"href":"https:\/\/medclinics.com\/tr\/wp-json\/wp\/v2\/types\/page"}],"author":[{"embeddable":true,"href":"https:\/\/medclinics.com\/tr\/wp-json\/wp\/v2\/users\/4"}],"replies":[{"embeddable":true,"href":"https:\/\/medclinics.com\/tr\/wp-json\/wp\/v2\/comments?post=146707"}],"version-history":[{"count":0,"href":"https:\/\/medclinics.com\/tr\/wp-json\/wp\/v2\/pages\/146707\/revisions"}],"wp:featuredmedia":[{"embeddable":true,"href":"https:\/\/medclinics.com\/tr\/wp-json\/wp\/v2\/media\/91967"}],"wp:attachment":[{"href":"https:\/\/medclinics.com\/tr\/wp-json\/wp\/v2\/media?parent=146707"}],"curies":[{"name":"wp","href":"https:\/\/api.w.org\/{rel}","templated":true}]}}