{"id":146693,"date":"2023-05-23T07:38:19","date_gmt":"2023-05-23T04:38:19","guid":{"rendered":"https:\/\/medclinics.com\/intratubal-gamet-transferi-gift\/"},"modified":"2025-01-02T16:34:57","modified_gmt":"2025-01-02T13:34:57","slug":"intratubal-gamet-transferi-gift","status":"publish","type":"page","link":"https:\/\/medclinics.com\/tr\/intratubal-gamet-transferi-gift\/","title":{"rendered":"\u0130ntratubal gamet transferi (GIFT)"},"content":{"rendered":"\n<h2 class=\"wp-block-heading\">GIFT hakk\u0131nda bilmeniz gereken her \u015fey hakk\u0131nda bilgi i\u00e7in okumaya devam edin.<\/h2>\n\n<p>GIFT, intratubal gamet transferinin k\u0131saltmas\u0131d\u0131r. Bu, tohumlama ve <a href=\"https:\/\/en.wikipedia.org\/wiki\/In_vitro_fertilisation\" target=\"_blank\" rel=\"noreferrer noopener\">t\u00fcp<\/a> bebek uygulamalar\u0131n\u0131n bir kar\u0131\u015f\u0131m\u0131d\u0131r.<\/p>\n\n<p>Bu y\u00f6ntem genellikle k\u0131s\u0131rl\u0131\u011f\u0131n nedeni belirlenemedi\u011finde kullan\u0131l\u0131r. Bu y\u00f6ntem, endometriuma benzer doku rahim d\u0131\u015f\u0131na yerle\u015fmi\u015fse de uygundur.<\/p>\n\n<p>Kad\u0131n\u0131n yumurtlamas\u0131 da hormonlar yard\u0131m\u0131yla burada tetiklenir.<br\/>Erkek partnerden sperm al\u0131n\u0131r.<br\/>Daha sonra sperm ve yumurtalar ayr\u0131 ayr\u0131 fallop t\u00fcp\u00fcne aktar\u0131l\u0131r.<br\/>Yumurtalar\u0131n as\u0131l d\u00f6llenmesi fallop t\u00fcplerinde ger\u00e7ekle\u015fir. Yumurta daha sonra do\u011fal olarak rahme g\u00f6\u00e7 eder ve orada yuva yapar.<\/p>\n\n<p><strong>Ba\u015far\u0131 oran\u0131 yakla\u015f\u0131k %20&#8217;dir.<\/strong><\/p>\n\n<h3 class=\"wp-block-heading\">Bak\u0131m sonras\u0131 ve iyile\u015fme s\u00fcreci de dahil olmak \u00fczere <a href=\"https:\/\/medclinics.com\/tr\/tup-bebek-2\/\" target=\"_blank\" rel=\"noreferrer noopener\">t\u00fcp<\/a> bebek hakk\u0131nda bilmeniz gereken her \u015fey veya <a href=\"#requestform\">bizimle ileti\u015fime<\/a> ge\u00e7in!<\/h3>\n\n<figure class=\"wp-block-image size-full\"><img fetchpriority=\"high\" decoding=\"async\" width=\"960\" height=\"540\" src=\"https:\/\/medclinics.com\/wp-content\/uploads\/2023\/07\/intratubal-gamete-transfer-near-me.jpg\" alt=\"Yak&#x131;n&#x131;mdaki &#x130;ntratubal Gamet Transferi (GIFT) &#x130;stanbul\" class=\"wp-image-97432\" srcset=\"https:\/\/medclinics.com\/wp-content\/uploads\/2023\/07\/intratubal-gamete-transfer-near-me.jpg 960w, https:\/\/medclinics.com\/wp-content\/uploads\/2023\/07\/intratubal-gamete-transfer-near-me-500x281.jpg 500w, https:\/\/medclinics.com\/wp-content\/uploads\/2023\/07\/intratubal-gamete-transfer-near-me-768x432.jpg 768w, https:\/\/medclinics.com\/wp-content\/uploads\/2023\/07\/intratubal-gamete-transfer-near-me-24x14.jpg 24w, https:\/\/medclinics.com\/wp-content\/uploads\/2023\/07\/intratubal-gamete-transfer-near-me-36x20.jpg 36w, https:\/\/medclinics.com\/wp-content\/uploads\/2023\/07\/intratubal-gamete-transfer-near-me-48x27.jpg 48w\" sizes=\"(max-width: 960px) 100vw, 960px\" \/><\/figure>\n\n<h2 class=\"wp-block-heading\">SSS<\/h2>\n<div id=\"rank-math-faq\" class=\"rank-math-block\">\n<div class=\"rank-math-list \">\n<div id=\"faq-question-1684999618844\" class=\"rank-math-list-item\">\n<h3 class=\"rank-math-question \">Gamet transferi nedir?<\/h3>\n<div class=\"rank-math-answer \">\n\n<p>Gamet transferi, \u00fcreme amac\u0131yla yumurta veya spermin bir bireyden di\u011ferine aktar\u0131lmas\u0131 s\u00fcrecini ifade eder. D\u00f6llenmeyi ve gebeli\u011fi kolayla\u015ft\u0131rmak i\u00e7in yard\u0131mc\u0131 \u00fcreme teknolojilerinde yayg\u0131n olarak kullan\u0131l\u0131r. Oosit transferi yumurtalar\u0131n ba\u015fka bir kad\u0131n\u0131n rahmine aktar\u0131lmas\u0131n\u0131 i\u00e7erirken, sperm transferi spermin d\u00f6llenme veya yard\u0131mc\u0131 \u00fcreme prosed\u00fcrleri i\u00e7in bir al\u0131c\u0131ya aktar\u0131lmas\u0131n\u0131 i\u00e7erir. Bu teknikler, k\u0131s\u0131rl\u0131k veya \u00fcreme sorunlar\u0131yla kar\u015f\u0131 kar\u015f\u0131ya olan bireyler ve \u00e7iftler i\u00e7in se\u00e7enekler sunmaktad\u0131r.<\/p>\n\n<\/div>\n<\/div>\n<div id=\"faq-question-1684999620877\" class=\"rank-math-list-item\">\n<h3 class=\"rank-math-question \">Gamet intrafallopian transferi (GIFT) nedir?<\/h3>\n<div class=\"rank-math-answer \">\n\n<p>Gamet intrafallopian transferi, hem yumurta hem de spermin fallop t\u00fcplerine transferini i\u00e7eren ve d\u00f6llenmenin kad\u0131n\u0131n v\u00fccudunda do\u011fal olarak ger\u00e7ekle\u015fmesine izin veren bir do\u011furganl\u0131k tedavisi tekni\u011fidir. D\u00f6llenmenin v\u00fccut d\u0131\u015f\u0131nda bir laboratuvar ortam\u0131nda ger\u00e7ekle\u015fti\u011fi in vitro fertilizasyona (IVF) bir alternatiftir.<\/p>\n\n<\/div>\n<\/div>\n<div id=\"faq-question-1684999746357\" class=\"rank-math-list-item\">\n<h3 class=\"rank-math-question \">GIFT ile IVF aras\u0131nda ne fark var?<\/h3>\n<div class=\"rank-math-answer \">\n\n<p>GIFT ve IVF&#8217;in her ikisi de do\u011furganl\u0131k tedavisi se\u00e7enekleridir, ancak d\u00f6llenmenin nas\u0131l ve nerede ger\u00e7ekle\u015fti\u011fi konusunda farkl\u0131l\u0131k g\u00f6sterirler. GIFT&#8217;te yumurta ve sperm bir laboratuvar kab\u0131nda birle\u015ftirilir ve daha sonra kad\u0131n\u0131n fallop t\u00fcplerine aktar\u0131larak d\u00f6llenmenin v\u00fccut i\u00e7inde do\u011fal olarak ger\u00e7ekle\u015fmesi sa\u011flan\u0131r. \u00d6te yandan IVF, yumurtalar\u0131n laboratuvar ortam\u0131nda sperm ile d\u00f6llenmesini ve ard\u0131ndan elde edilen embriyolar\u0131n kad\u0131n\u0131n rahmine transfer edilmeden \u00f6nce k\u00fclt\u00fcrlenmesini i\u00e7erir. GIFT, normal sperm fonksiyonu ve a\u00e7\u0131k fallop t\u00fcpleri olan \u00e7iftler i\u00e7in uygunken, IVF, t\u0131kal\u0131 fallop t\u00fcpleri, d\u00fc\u015f\u00fck sperm say\u0131s\u0131 veya ileri anne ya\u015f\u0131 dahil olmak \u00fczere \u00e7e\u015fitli do\u011furganl\u0131k sorunlar\u0131 i\u00e7in daha \u00e7ok y\u00f6nl\u00fc bir se\u00e7enektir. GIFT ve IVF aras\u0131ndaki se\u00e7im, bireysel ko\u015fullara ve bir do\u011furganl\u0131k uzman\u0131n\u0131n tavsiyelerine ba\u011fl\u0131d\u0131r.<\/p>\n\n<\/div>\n<\/div>\n<\/div>\n<\/div>\n<p>\u00a0<\/p>\n\n<h3 class=\"wp-block-heading\">Herhangi bir sorunuz olmas\u0131 durumunda hemen bizimle ileti\u015fime ge\u00e7in!<\/h3>\n","protected":false},"excerpt":{"rendered":"<p>GIFT hakk\u0131nda bilmeniz gereken her \u015fey hakk\u0131nda bilgi i\u00e7in okumaya devam edin. GIFT, intratubal gamet transferinin k\u0131saltmas\u0131d\u0131r. Bu, tohumlama ve [&hellip;]<\/p>\n","protected":false},"author":4,"featured_media":91627,"parent":0,"menu_order":0,"comment_status":"closed","ping_status":"closed","template":"","meta":{"site-sidebar-layout":"default","site-content-layout":"","ast-site-content-layout":"default","site-content-style":"default","site-sidebar-style":"default","ast-global-header-display":"","ast-banner-title-visibility":"","ast-main-header-display":"","ast-hfb-above-header-display":"","ast-hfb-below-header-display":"","ast-hfb-mobile-header-display":"","site-post-title":"","ast-breadcrumbs-content":"","ast-featured-img":"","footer-sml-layout":"","ast-disable-related-posts":"","theme-transparent-header-meta":"","adv-header-id-meta":"","stick-header-meta":"","header-above-stick-meta":"","header-main-stick-meta":"","header-below-stick-meta":"","astra-migrate-meta-layouts":"default","ast-page-background-enabled":"default","ast-page-background-meta":{"desktop":{"background-color":"var(--ast-global-color-4)","background-image":"","background-repeat":"repeat","background-position":"center center","background-size":"auto","background-attachment":"scroll","background-type":"","background-media":"","overlay-type":"","overlay-color":"","overlay-opacity":"","overlay-gradient":""},"tablet":{"background-color":"","background-image":"","background-repeat":"repeat","background-position":"center center","background-size":"auto","background-attachment":"scroll","background-type":"","background-media":"","overlay-type":"","overlay-color":"","overlay-opacity":"","overlay-gradient":""},"mobile":{"background-color":"","background-image":"","background-repeat":"repeat","background-position":"center center","background-size":"auto","background-attachment":"scroll","background-type":"","background-media":"","overlay-type":"","overlay-color":"","overlay-opacity":"","overlay-gradient":""}},"ast-content-background-meta":{"desktop":{"background-color":"var(--ast-global-color-5)","background-image":"","background-repeat":"repeat","background-position":"center center","background-size":"auto","background-attachment":"scroll","background-type":"","background-media":"","overlay-type":"","overlay-color":"","overlay-opacity":"","overlay-gradient":""},"tablet":{"background-color":"var(--ast-global-color-5)","background-image":"","background-repeat":"repeat","background-position":"center center","background-size":"auto","background-attachment":"scroll","background-type":"","background-media":"","overlay-type":"","overlay-color":"","overlay-opacity":"","overlay-gradient":""},"mobile":{"background-color":"var(--ast-global-color-5)","background-image":"","background-repeat":"repeat","background-position":"center center","background-size":"auto","background-attachment":"scroll","background-type":"","background-media":"","overlay-type":"","overlay-color":"","overlay-opacity":"","overlay-gradient":""}},"footnotes":""},"class_list":["post-146693","page","type-page","status-publish","has-post-thumbnail","hentry"],"_links":{"self":[{"href":"https:\/\/medclinics.com\/tr\/wp-json\/wp\/v2\/pages\/146693","targetHints":{"allow":["GET"]}}],"collection":[{"href":"https:\/\/medclinics.com\/tr\/wp-json\/wp\/v2\/pages"}],"about":[{"href":"https:\/\/medclinics.com\/tr\/wp-json\/wp\/v2\/types\/page"}],"author":[{"embeddable":true,"href":"https:\/\/medclinics.com\/tr\/wp-json\/wp\/v2\/users\/4"}],"replies":[{"embeddable":true,"href":"https:\/\/medclinics.com\/tr\/wp-json\/wp\/v2\/comments?post=146693"}],"version-history":[{"count":0,"href":"https:\/\/medclinics.com\/tr\/wp-json\/wp\/v2\/pages\/146693\/revisions"}],"wp:featuredmedia":[{"embeddable":true,"href":"https:\/\/medclinics.com\/tr\/wp-json\/wp\/v2\/media\/91627"}],"wp:attachment":[{"href":"https:\/\/medclinics.com\/tr\/wp-json\/wp\/v2\/media?parent=146693"}],"curies":[{"name":"wp","href":"https:\/\/api.w.org\/{rel}","templated":true}]}}