{"id":146683,"date":"2023-05-21T07:19:26","date_gmt":"2023-05-21T04:19:26","guid":{"rendered":"https:\/\/medclinics.com\/intrasitoplazmik-sperm-enjeksiyonu-icsi\/"},"modified":"2025-01-02T16:34:51","modified_gmt":"2025-01-02T13:34:51","slug":"intrasitoplazmik-sperm-enjeksiyonu-icsi","status":"publish","type":"page","link":"https:\/\/medclinics.com\/tr\/intrasitoplazmik-sperm-enjeksiyonu-icsi\/","title":{"rendered":"\u0130ntrasitoplazmik Sperm Enjeksiyonu (ICSI)"},"content":{"rendered":"\n<h2 class=\"wp-block-heading\">\u0130ntrasitoplazmik Sperm Enjeksiyonu ile ilgili her \u015fey burada.<\/h2>\n\n<p>Bu y\u00f6ntem IVF&#8217;nin bir \u00e7e\u015fidi olarak kabul edilir. Yumurta ve sperm h\u00fccreleri her iki partnerden toplan\u0131r ve d\u00f6llenme laboratuvar ko\u015fullar\u0131nda bir test t\u00fcp\u00fcnde ger\u00e7ekle\u015fir.<\/p>\n\n<p>Tek fark yumurtan\u0131n d\u00f6llenme y\u00f6ntemidir.<\/p>\n\n<p>Bu durumda kad\u0131n da ayn\u0131 hormon tedavisi ile tedaviye haz\u0131rlan\u0131r.<br\/>Partnerin spermi ya ejak\u00fclattan ya da cerrahi olarak testislerden veya epididimden toplan\u0131r.<\/p>\n\n<p>Daha sonra bir sperm h\u00fccresi laboratuvar ko\u015fullar\u0131nda do\u011frudan kad\u0131n\u0131n yumurtas\u0131na enjekte edilir.<\/p>\n\n<p>16 ila 20 saat sonra <a href=\"https:\/\/en.wikipedia.org\/wiki\/In_vitro_fertilisation\" target=\"_blank\" rel=\"noopener\">d\u00f6llenmenin<\/a> ger\u00e7ekle\u015fip ger\u00e7ekle\u015fmedi\u011fini g\u00f6rmek m\u00fcmk\u00fcnd\u00fcr.<\/p>\n\n<p>Bu y\u00f6ntem esas olarak erke\u011fin ejak\u00fclat\u0131nda \u00e7ok az sperm h\u00fccresi oldu\u011funda veya yeterince hareketli olmad\u0131klar\u0131nda kullan\u0131l\u0131r. D\u00f6llenme, fallop t\u00fcplerinin hastal\u0131kl\u0131 olmas\u0131 durumunda da bu y\u00f6ntemle ger\u00e7ekle\u015ftirilebilir.<\/p>\n\n<p><strong>ICSI&#8217;nin ba\u015far\u0131 oran\u0131 yakla\u015f\u0131k %25&#8217;tir.<\/strong><\/p>\n\n<h3 class=\"wp-block-heading\">Fiyat, bak\u0131m sonras\u0131 ve iyile\u015fme s\u00fcreci de dahil olmak \u00fczere <a href=\"https:\/\/medclinics.com\/ivf-in-vitro-fertilisation-2\/\" target=\"_blank\" rel=\"noreferrer noopener\">t\u00fcp<\/a> bebek hakk\u0131nda bilmeniz gereken her \u015fey veya <a href=\"#requestform\">bizimle ileti\u015fime<\/a> ge\u00e7in!<\/h3>\n\n<figure class=\"wp-block-image size-full\"><img fetchpriority=\"high\" decoding=\"async\" width=\"960\" height=\"540\" src=\"https:\/\/medclinics.com\/wp-content\/uploads\/2023\/07\/intracytoplasmic-sperm-injection-icsi-near-me-in-istanbul.jpg\" alt=\"&#x130;ntrasitoplazmik Sperm Enjeksiyonu (ICSI) &#x130;stanbul T&#xFC;rkiye\" class=\"wp-image-97472\" srcset=\"https:\/\/medclinics.com\/wp-content\/uploads\/2023\/07\/intracytoplasmic-sperm-injection-icsi-near-me-in-istanbul.jpg 960w, https:\/\/medclinics.com\/wp-content\/uploads\/2023\/07\/intracytoplasmic-sperm-injection-icsi-near-me-in-istanbul-500x281.jpg 500w, https:\/\/medclinics.com\/wp-content\/uploads\/2023\/07\/intracytoplasmic-sperm-injection-icsi-near-me-in-istanbul-768x432.jpg 768w, https:\/\/medclinics.com\/wp-content\/uploads\/2023\/07\/intracytoplasmic-sperm-injection-icsi-near-me-in-istanbul-24x14.jpg 24w, https:\/\/medclinics.com\/wp-content\/uploads\/2023\/07\/intracytoplasmic-sperm-injection-icsi-near-me-in-istanbul-36x20.jpg 36w, https:\/\/medclinics.com\/wp-content\/uploads\/2023\/07\/intracytoplasmic-sperm-injection-icsi-near-me-in-istanbul-48x27.jpg 48w\" sizes=\"(max-width: 960px) 100vw, 960px\" \/><\/figure>\n\n<h2 class=\"wp-block-heading\">SSS<\/h2>\n<div id=\"rank-math-faq\" class=\"rank-math-block\">\n<div class=\"rank-math-list \">\n<div id=\"faq-question-1684998543223\" class=\"rank-math-list-item\">\n<h3 class=\"rank-math-question \">ICSI gebeli\u011fi nedir?<\/h3>\n<div class=\"rank-math-answer \">\n\n<p>ICSI gebeli\u011fi, intrasitoplazmik sperm enjeksiyonu prosed\u00fcr\u00fcn\u00fcn bir sonucu olarak ortaya \u00e7\u0131kan bir gebeli\u011fi ifade eder. Yard\u0131mc\u0131 \u00fcreme tekniklerinde, \u00f6zellikle \u015fiddetli erkek k\u0131s\u0131rl\u0131\u011f\u0131 vakalar\u0131nda yayg\u0131n olarak kullan\u0131l\u0131r. \u0130\u015flem s\u0131ras\u0131nda tek bir sperm se\u00e7ilir ve do\u011frudan yumurtaya enjekte edilerek ba\u015far\u0131l\u0131 d\u00f6llenme \u015fans\u0131 art\u0131r\u0131l\u0131r.<\/p>\n\n<\/div>\n<\/div>\n<div id=\"faq-question-1684998539975\" class=\"rank-math-list-item\">\n<h3 class=\"rank-math-question \">ICSI nas\u0131l yap\u0131l\u0131r?<\/h3>\n<div class=\"rank-math-answer \">\n\n<p>ICSI, erkek infertilitesini ele almak i\u00e7in in vitro fertilizasyon (IVF) ile birlikte kullan\u0131lan bir prosed\u00fcrd\u00fcr. \u0130lk olarak, minimal invaziv bir prosed\u00fcrle kad\u0131n\u0131n yumurtal\u0131klar\u0131ndan yumurta al\u0131n\u0131r. Bu s\u0131rada erkek partner, canl\u0131 sperm elde etmek i\u00e7in laboratuvarda i\u015flenen bir semen \u00f6rne\u011fi sa\u011flar. Bu y\u00f6ntemde, tek bir sa\u011fl\u0131kl\u0131 sperm se\u00e7ilir ve ince bir i\u011fne kullan\u0131larak hareketsiz hale getirilir. Sperm daha sonra d\u00f6llenmenin \u00f6n\u00fcndeki engelleri atlayarak do\u011frudan yumurtan\u0131n sitoplazmas\u0131na enjekte edilir. Enjeksiyondan sonra yumurtalar d\u00f6llenme a\u00e7\u0131s\u0131ndan izlenir ve elde edilen embriyolar birka\u00e7 g\u00fcn boyunca laboratuvarda k\u00fclt\u00fcrlenir. Son olarak, bir veya daha fazla y\u00fcksek kaliteli embriyo kad\u0131n\u0131n rahmine transfer edilir. \u00d6zellikle d\u00fc\u015f\u00fck sperm say\u0131s\u0131 veya d\u00fc\u015f\u00fck sperm kalitesi gibi ciddi erkek k\u0131s\u0131rl\u0131\u011f\u0131 sorunlar\u0131 i\u00e7in faydal\u0131d\u0131r, \u00e7\u00fcnk\u00fc minimum sperm ile ba\u015far\u0131l\u0131 d\u00f6llenmeye izin verir.<\/p>\n\n<\/div>\n<\/div>\n<div id=\"faq-question-1684998682015\" class=\"rank-math-list-item\">\n<h3 class=\"rank-math-question \">ICSI, IVF&#8217;den daha m\u0131 ba\u015far\u0131l\u0131d\u0131r?<\/h3>\n<div class=\"rank-math-answer \">\n\n<p>Ba\u015far\u0131s\u0131, k\u0131s\u0131rl\u0131\u011f\u0131n nedeni ve \u00e7iftin genel \u00fcreme sa\u011fl\u0131\u011f\u0131 dahil olmak \u00fczere \u00e7e\u015fitli fakt\u00f6rlere ba\u011fl\u0131d\u0131r. ICSI \u015fiddetli erkek infertilitesinde olduk\u00e7a etkili olabilirken, kad\u0131n partnerin \u00fcreme sa\u011fl\u0131\u011f\u0131 normal oldu\u011funda IVF ve ICSI&#8217;nin ba\u015far\u0131 oranlar\u0131 genellikle kar\u015f\u0131la\u015ft\u0131r\u0131labilir.<\/p>\n\n<\/div>\n<\/div>\n<\/div>\n<\/div>\n<p>\u00a0<\/p>\n\n<h3 class=\"wp-block-heading\">Herhangi bir sorunuz olmas\u0131 durumunda hemen bizimle ileti\u015fime ge\u00e7in!<\/h3>\n","protected":false},"excerpt":{"rendered":"<p>\u0130ntrasitoplazmik Sperm Enjeksiyonu ile ilgili her \u015fey burada. Bu y\u00f6ntem IVF&#8217;nin bir \u00e7e\u015fidi olarak kabul edilir. Yumurta ve sperm h\u00fccreleri [&hellip;]<\/p>\n","protected":false},"author":4,"featured_media":91612,"parent":0,"menu_order":0,"comment_status":"closed","ping_status":"closed","template":"","meta":{"site-sidebar-layout":"default","site-content-layout":"","ast-site-content-layout":"default","site-content-style":"default","site-sidebar-style":"default","ast-global-header-display":"","ast-banner-title-visibility":"","ast-main-header-display":"","ast-hfb-above-header-display":"","ast-hfb-below-header-display":"","ast-hfb-mobile-header-display":"","site-post-title":"","ast-breadcrumbs-content":"","ast-featured-img":"","footer-sml-layout":"","ast-disable-related-posts":"","theme-transparent-header-meta":"","adv-header-id-meta":"","stick-header-meta":"","header-above-stick-meta":"","header-main-stick-meta":"","header-below-stick-meta":"","astra-migrate-meta-layouts":"default","ast-page-background-enabled":"default","ast-page-background-meta":{"desktop":{"background-color":"var(--ast-global-color-4)","background-image":"","background-repeat":"repeat","background-position":"center center","background-size":"auto","background-attachment":"scroll","background-type":"","background-media":"","overlay-type":"","overlay-color":"","overlay-opacity":"","overlay-gradient":""},"tablet":{"background-color":"","background-image":"","background-repeat":"repeat","background-position":"center center","background-size":"auto","background-attachment":"scroll","background-type":"","background-media":"","overlay-type":"","overlay-color":"","overlay-opacity":"","overlay-gradient":""},"mobile":{"background-color":"","background-image":"","background-repeat":"repeat","background-position":"center center","background-size":"auto","background-attachment":"scroll","background-type":"","background-media":"","overlay-type":"","overlay-color":"","overlay-opacity":"","overlay-gradient":""}},"ast-content-background-meta":{"desktop":{"background-color":"var(--ast-global-color-5)","background-image":"","background-repeat":"repeat","background-position":"center center","background-size":"auto","background-attachment":"scroll","background-type":"","background-media":"","overlay-type":"","overlay-color":"","overlay-opacity":"","overlay-gradient":""},"tablet":{"background-color":"var(--ast-global-color-5)","background-image":"","background-repeat":"repeat","background-position":"center center","background-size":"auto","background-attachment":"scroll","background-type":"","background-media":"","overlay-type":"","overlay-color":"","overlay-opacity":"","overlay-gradient":""},"mobile":{"background-color":"var(--ast-global-color-5)","background-image":"","background-repeat":"repeat","background-position":"center center","background-size":"auto","background-attachment":"scroll","background-type":"","background-media":"","overlay-type":"","overlay-color":"","overlay-opacity":"","overlay-gradient":""}},"footnotes":""},"class_list":["post-146683","page","type-page","status-publish","has-post-thumbnail","hentry"],"_links":{"self":[{"href":"https:\/\/medclinics.com\/tr\/wp-json\/wp\/v2\/pages\/146683","targetHints":{"allow":["GET"]}}],"collection":[{"href":"https:\/\/medclinics.com\/tr\/wp-json\/wp\/v2\/pages"}],"about":[{"href":"https:\/\/medclinics.com\/tr\/wp-json\/wp\/v2\/types\/page"}],"author":[{"embeddable":true,"href":"https:\/\/medclinics.com\/tr\/wp-json\/wp\/v2\/users\/4"}],"replies":[{"embeddable":true,"href":"https:\/\/medclinics.com\/tr\/wp-json\/wp\/v2\/comments?post=146683"}],"version-history":[{"count":0,"href":"https:\/\/medclinics.com\/tr\/wp-json\/wp\/v2\/pages\/146683\/revisions"}],"wp:featuredmedia":[{"embeddable":true,"href":"https:\/\/medclinics.com\/tr\/wp-json\/wp\/v2\/media\/91612"}],"wp:attachment":[{"href":"https:\/\/medclinics.com\/tr\/wp-json\/wp\/v2\/media?parent=146683"}],"curies":[{"name":"wp","href":"https:\/\/api.w.org\/{rel}","templated":true}]}}