{"id":146669,"date":"2023-05-23T07:00:06","date_gmt":"2023-05-23T04:00:06","guid":{"rendered":"https:\/\/medclinics.com\/tup-bebek-2\/"},"modified":"2025-01-02T16:35:10","modified_gmt":"2025-01-02T13:35:10","slug":"tup-bebek-2","status":"publish","type":"page","link":"https:\/\/medclinics.com\/tr\/tup-bebek-2\/","title":{"rendered":"T\u00dcP BEBEK"},"content":{"rendered":"\n<h2 class=\"wp-block-heading\">En iyi bilinen ve en \u00e7ok tart\u0131\u015f\u0131lan suni d\u00f6llenme y\u00f6ntemi IVF, yani in vitro fertilizasyondur.<\/h2>\n\n<p>Burada d\u00f6llenme v\u00fccut d\u0131\u015f\u0131nda, laboratuvarda \u00f6zel bir test t\u00fcp\u00fcnde ger\u00e7ekle\u015fir.<\/p>\n\n<p>\u00d6ncesinde kad\u0131n, \u00f6nce yumurtlaman\u0131n bask\u0131land\u0131\u011f\u0131 ve 14 g\u00fcn sonra tekrar uyar\u0131ld\u0131\u011f\u0131 hormon tedavisine tabi tutulmal\u0131d\u0131r. Bu, birka\u00e7 yumurtan\u0131n olgunla\u015fmas\u0131n\u0131 sa\u011flamak i\u00e7indir.<br\/>Bu s\u00fcre zarf\u0131nda kan de\u011ferleri ve yumurtalar\u0131n geli\u015fimi d\u00fczenli olarak ultrasonla izlenir.<\/p>\n\n<p>Yumurtlama hormonlar\u0131n verilmesiyle tetiklenir. Yumurtalar daha sonra kad\u0131n\u0131n vajinas\u0131ndan al\u0131n\u0131r. Bu prosed\u00fcr ayakta tedavi baz\u0131nda ger\u00e7ekle\u015ftirilir.<\/p>\n\n<p>E\u015fin spermleri, yumurtalarla birlikte besin sol\u00fcsyonu i\u00e7eren bir test t\u00fcp\u00fcne yerle\u015ftirilir. <a href=\"https:\/\/de.wikipedia.org\/wiki\/In-vitro-Fertilisation\" target=\"_blank\" rel=\"noopener\">D\u00f6llenmenin<\/a> ba\u015far\u0131l\u0131 olup olmad\u0131\u011f\u0131n\u0131 g\u00f6rmek i\u00e7in yakla\u015f\u0131k 16 ila 20 saat beklemek gerekir.<\/p>\n\n<p>D\u00f6llenmi\u015f embriyolar, yumurtalar al\u0131nd\u0131ktan 3 ila 5 g\u00fcn sonra vajina yoluyla rahme transfer edilir. Ayn\u0131 anda ka\u00e7 embriyonun transfer edilebilece\u011fi kanunla d\u00fczenlenmi\u015ftir.<\/p>\n\n<p>Embriyo rahme yerle\u015fti\u011finde kad\u0131n hamile kal\u0131r. Bu, embriyo transferinden 14 g\u00fcn sonra kandaki gebelik hormonu HCG \u00f6l\u00e7\u00fclerek belirlenebilir.<\/p>\n\n<p>Bir ay sonra ultrason muayenesi yap\u0131l\u0131r. Bu, embriyonun canl\u0131 olup olmad\u0131\u011f\u0131n\u0131 ve tek veya \u00e7o\u011ful gebelik olup olmad\u0131\u011f\u0131n\u0131 kontrol etmek i\u00e7indir.<\/p>\n\n<p><strong>T\u00fcp bebek tedavisinin ba\u015far\u0131 oran\u0131 %30-40&#8217;t\u0131r.<\/strong><\/p>\n\n<h3 class=\"wp-block-heading\"><a href=\"https:\/\/medclinics.com\/ivf-in-vitro-fertilisation-2\/\" target=\"_blank\" rel=\"noreferrer noopener\">T\u00fcp<\/a> bebek hakk\u0131nda bilmeniz gereken her \u015fey burada, hemen <a href=\"#requestform\">bize ula\u015f\u0131n<\/a>!<\/h3>\n\n<figure class=\"wp-block-image size-full\"><img fetchpriority=\"high\" decoding=\"async\" width=\"960\" height=\"540\" src=\"https:\/\/medclinics.com\/wp-content\/uploads\/2023\/07\/ivf-in-vitro-fertilisation-near-me-in-istanbul-1.jpg\" alt=\"T&#xFC;p Bebek \/ Yak&#x131;n&#x131;mdaki T&#xFC;p Bebek &#x130;stanbul T&#xFC;rkiye\" class=\"wp-image-97480\" srcset=\"https:\/\/medclinics.com\/wp-content\/uploads\/2023\/07\/ivf-in-vitro-fertilisation-near-me-in-istanbul-1.jpg 960w, https:\/\/medclinics.com\/wp-content\/uploads\/2023\/07\/ivf-in-vitro-fertilisation-near-me-in-istanbul-1-500x281.jpg 500w, https:\/\/medclinics.com\/wp-content\/uploads\/2023\/07\/ivf-in-vitro-fertilisation-near-me-in-istanbul-1-768x432.jpg 768w, https:\/\/medclinics.com\/wp-content\/uploads\/2023\/07\/ivf-in-vitro-fertilisation-near-me-in-istanbul-1-24x14.jpg 24w, https:\/\/medclinics.com\/wp-content\/uploads\/2023\/07\/ivf-in-vitro-fertilisation-near-me-in-istanbul-1-36x20.jpg 36w, https:\/\/medclinics.com\/wp-content\/uploads\/2023\/07\/ivf-in-vitro-fertilisation-near-me-in-istanbul-1-48x27.jpg 48w\" sizes=\"(max-width: 960px) 100vw, 960px\" \/><\/figure>\n\n<h2 class=\"wp-block-heading\">SSS<\/h2>\n<div id=\"rank-math-faq\" class=\"rank-math-block\">\n<div class=\"rank-math-list \">\n<div id=\"faq-question-1684996659059\" class=\"rank-math-list-item\">\n<h3 class=\"rank-math-question \">T\u00fcp bebek i\u015fe yarar m\u0131?<\/h3>\n<div class=\"rank-math-answer \">\n\n<p>\u0130n vitro fertilizasyonun ba\u015far\u0131s\u0131, kad\u0131n\u0131n ya\u015f\u0131, yumurta ve sperm kalitesi, infertilitenin alt\u0131nda yatan neden ve fertilite klini\u011finin uzmanl\u0131\u011f\u0131 dahil olmak \u00fczere \u00e7e\u015fitli fakt\u00f6rlere ba\u011fl\u0131 olarak de\u011fi\u015febilir. Bir\u00e7ok \u00e7iftin gebe kalmas\u0131na yard\u0131mc\u0131 olsa da, ba\u015far\u0131n\u0131n garantisi olmad\u0131\u011f\u0131n\u0131 unutmamak \u00f6nemlidir. IVF&#8217;nin ortalama ba\u015far\u0131 oran\u0131 b\u00fcy\u00fck \u00f6l\u00e7\u00fcde de\u011fi\u015fir ve kad\u0131n\u0131n ya\u015f\u0131 ve \u00f6nceki IVF d\u00f6ng\u00fclerinin say\u0131s\u0131 gibi fakt\u00f6rlerden etkilenir. Gen\u00e7 kad\u0131nlar genellikle ya\u015fl\u0131 kad\u0131nlara g\u00f6re daha y\u00fcksek ba\u015far\u0131 oranlar\u0131na sahiptir \u00e7\u00fcnk\u00fc yumurtalar\u0131n\u0131n kalitesi tipik olarak daha iyidir. \u00dcreme teknolojileri ve tekniklerindeki geli\u015fmeler y\u0131llar i\u00e7inde ba\u015far\u0131 oranlar\u0131n\u0131 art\u0131rm\u0131\u015ft\u0131r. Bununla birlikte, ba\u015far\u0131s\u0131n\u0131n garanti edilmedi\u011fini ve ba\u015far\u0131l\u0131 bir sonu\u00e7 i\u00e7in birden fazla denemenin gerekli olabilece\u011fini anlamak \u00e7ok \u00f6nemlidir.<\/p>\n\n<\/div>\n<\/div>\n<div id=\"faq-question-1684997161248\" class=\"rank-math-list-item\">\n<h3 class=\"rank-math-question \">T\u00fcp bebek g\u00fcvenli mi?<\/h3>\n<div class=\"rank-math-answer \">\n\n<p>Genel olarak, in vitro fertilizasyon (IVF) g\u00fcvenli ve k\u00f6kl\u00fc bir t\u0131bbi prosed\u00fcr olarak kabul edilir. Bununla birlikte, her t\u0131bbi m\u00fcdahalede oldu\u011fu gibi, fark\u0131nda olunmas\u0131 gereken potansiyel riskler ve dikkat edilmesi gereken hususlar vard\u0131r. Bireysel ko\u015fullar\u0131n\u0131za g\u00f6re potansiyel riskler ve faydalar hakk\u0131nda nitelikli bir do\u011furganl\u0131k uzman\u0131na dan\u0131\u015fman\u0131z \u00f6nemlidir.<\/p>\n\n<\/div>\n<\/div>\n<div id=\"faq-question-1684997648315\" class=\"rank-math-list-item\">\n<h3 class=\"rank-math-question \">Kimler IVF i\u00e7in uygun de\u011fildir?<\/h3>\n<div class=\"rank-math-answer \">\n\n<p>IVF, belirli fakt\u00f6rler veya ko\u015fullar etkinli\u011fini etkileyebilece\u011finden veya ek riskler olu\u015fturabilece\u011finden herkes i\u00e7in uygun olmayabilir. Tipik olarak 40&#8217;\u0131n \u00fczerinde olan ileri ya\u015f, yumurtal\u0131k rezervinin azalmas\u0131 ve d\u00fc\u015f\u00fck kaliteli yumurtalar nedeniyle ba\u015far\u0131 oranlar\u0131n\u0131 d\u00fc\u015f\u00fcrebilir. Ciddi yumurtal\u0131k fonksiyon bozuklu\u011fu veya \u00e7ok d\u00fc\u015f\u00fck yumurta rezervleri IVF&#8217;yi imkans\u0131z hale getirebilir ve don\u00f6r yumurtalar\u0131n\u0131n de\u011ferlendirilmesini gerektirebilir. Erkek fakt\u00f6rl\u00fc infertilitenin ciddi vakalar\u0131nda, ICSI veya sperm alma prosed\u00fcrleri gibi ek teknikler gerekli olabilir. Rahimdeki b\u00fcy\u00fck fibroidler veya malformasyonlar gibi yap\u0131sal anormallikler IVF ba\u015far\u0131s\u0131n\u0131 engelleyebilir ve cerrahi d\u00fczeltme gerektirebilir. Kontrols\u00fcz diyabet, ciddi kalp veya b\u00f6brek hastal\u0131\u011f\u0131 veya aktif kanser gibi baz\u0131 t\u0131bbi durumlar IVF&#8217;yi uygunsuz veya riskli hale getirebilir. Endometriozis veya pelvik inflamatuar hastal\u0131k gibi tedavi edilmemi\u015f \u00fcreme bozukluklar\u0131, IVF d\u00fc\u015f\u00fcn\u00fclmeden \u00f6nce y\u00f6netilmeli veya tedavi edilmelidir.<\/p>\n\n<\/div>\n<\/div>\n<\/div>\n<\/div>\n<p>\u00a0<\/p>\n\n<h3 class=\"wp-block-heading\">Herhangi bir sorunuz olmas\u0131 durumunda hemen bizimle ileti\u015fime ge\u00e7in!<\/h3>\n","protected":false},"excerpt":{"rendered":"<p>En iyi bilinen ve en \u00e7ok tart\u0131\u015f\u0131lan suni d\u00f6llenme y\u00f6ntemi IVF, yani in vitro fertilizasyondur. Burada d\u00f6llenme v\u00fccut d\u0131\u015f\u0131nda, laboratuvarda [&hellip;]<\/p>\n","protected":false},"author":4,"featured_media":91656,"parent":0,"menu_order":0,"comment_status":"closed","ping_status":"closed","template":"","meta":{"site-sidebar-layout":"default","site-content-layout":"","ast-site-content-layout":"default","site-content-style":"default","site-sidebar-style":"default","ast-global-header-display":"","ast-banner-title-visibility":"","ast-main-header-display":"","ast-hfb-above-header-display":"","ast-hfb-below-header-display":"","ast-hfb-mobile-header-display":"","site-post-title":"","ast-breadcrumbs-content":"","ast-featured-img":"","footer-sml-layout":"","ast-disable-related-posts":"","theme-transparent-header-meta":"","adv-header-id-meta":"","stick-header-meta":"","header-above-stick-meta":"","header-main-stick-meta":"","header-below-stick-meta":"","astra-migrate-meta-layouts":"default","ast-page-background-enabled":"default","ast-page-background-meta":{"desktop":{"background-color":"var(--ast-global-color-4)","background-image":"","background-repeat":"repeat","background-position":"center center","background-size":"auto","background-attachment":"scroll","background-type":"","background-media":"","overlay-type":"","overlay-color":"","overlay-opacity":"","overlay-gradient":""},"tablet":{"background-color":"","background-image":"","background-repeat":"repeat","background-position":"center center","background-size":"auto","background-attachment":"scroll","background-type":"","background-media":"","overlay-type":"","overlay-color":"","overlay-opacity":"","overlay-gradient":""},"mobile":{"background-color":"","background-image":"","background-repeat":"repeat","background-position":"center center","background-size":"auto","background-attachment":"scroll","background-type":"","background-media":"","overlay-type":"","overlay-color":"","overlay-opacity":"","overlay-gradient":""}},"ast-content-background-meta":{"desktop":{"background-color":"var(--ast-global-color-5)","background-image":"","background-repeat":"repeat","background-position":"center center","background-size":"auto","background-attachment":"scroll","background-type":"","background-media":"","overlay-type":"","overlay-color":"","overlay-opacity":"","overlay-gradient":""},"tablet":{"background-color":"var(--ast-global-color-5)","background-image":"","background-repeat":"repeat","background-position":"center center","background-size":"auto","background-attachment":"scroll","background-type":"","background-media":"","overlay-type":"","overlay-color":"","overlay-opacity":"","overlay-gradient":""},"mobile":{"background-color":"var(--ast-global-color-5)","background-image":"","background-repeat":"repeat","background-position":"center center","background-size":"auto","background-attachment":"scroll","background-type":"","background-media":"","overlay-type":"","overlay-color":"","overlay-opacity":"","overlay-gradient":""}},"footnotes":""},"class_list":["post-146669","page","type-page","status-publish","has-post-thumbnail","hentry"],"_links":{"self":[{"href":"https:\/\/medclinics.com\/tr\/wp-json\/wp\/v2\/pages\/146669","targetHints":{"allow":["GET"]}}],"collection":[{"href":"https:\/\/medclinics.com\/tr\/wp-json\/wp\/v2\/pages"}],"about":[{"href":"https:\/\/medclinics.com\/tr\/wp-json\/wp\/v2\/types\/page"}],"author":[{"embeddable":true,"href":"https:\/\/medclinics.com\/tr\/wp-json\/wp\/v2\/users\/4"}],"replies":[{"embeddable":true,"href":"https:\/\/medclinics.com\/tr\/wp-json\/wp\/v2\/comments?post=146669"}],"version-history":[{"count":0,"href":"https:\/\/medclinics.com\/tr\/wp-json\/wp\/v2\/pages\/146669\/revisions"}],"wp:featuredmedia":[{"embeddable":true,"href":"https:\/\/medclinics.com\/tr\/wp-json\/wp\/v2\/media\/91656"}],"wp:attachment":[{"href":"https:\/\/medclinics.com\/tr\/wp-json\/wp\/v2\/media?parent=146669"}],"curies":[{"name":"wp","href":"https:\/\/api.w.org\/{rel}","templated":true}]}}