{"id":146659,"date":"2023-05-24T14:05:29","date_gmt":"2023-05-24T11:05:29","guid":{"rendered":"https:\/\/medclinics.com\/kirisiklik-tedavisi-2\/"},"modified":"2024-04-08T15:42:35","modified_gmt":"2024-04-08T12:42:35","slug":"kirisiklik-tedavisi-2","status":"publish","type":"page","link":"https:\/\/medclinics.com\/tr\/kirisiklik-tedavisi-2\/","title":{"rendered":"K\u0131r\u0131\u015f\u0131kl\u0131k Tedavisi"},"content":{"rendered":"\n<h2 class=\"wp-block-heading\">Cildinizdeki o sinir bozucu k\u0131r\u0131\u015f\u0131kl\u0131klar\u0131 g\u00f6rmekten s\u0131k\u0131ld\u0131n\u0131z m\u0131? Ya\u015flanman\u0131n sizi en iyi \u015fekilde etkilemesine izin vermeyin, K\u0131r\u0131\u015f\u0131kl\u0131k Tedavisini deneyin.<\/h2>\n\n<p>K\u0131r\u0131\u015f\u0131kl\u0131k tedavisi i\u00e7in bu \u00e7izgileri ve k\u0131r\u0131\u015f\u0131kl\u0131klar\u0131 azaltmaya veya ortadan kald\u0131rmaya yard\u0131mc\u0131 olabilecek \u00e7e\u015fitli y\u00f6ntemler ve prosed\u00fcrler mevcuttur. K\u0131r\u0131\u015f\u0131kl\u0131klar\u0131n g\u00f6r\u00fcn\u00fcm\u00fcn\u00fc iyile\u015ftirmek i\u00e7in topikal kremler, losyonlar, retinol, hyaluronik asit veya peptid i\u00e7eren serumlar gibi cerrahi olmayan se\u00e7eneklere sahipsiniz.  <\/p>\n\n<p>Ayr\u0131ca kas gev\u015fetici enjeksiyonlar ve <a href=\"https:\/\/en.wikipedia.org\/wiki\/Injectable_filler\" target=\"_blank\" data-type=\"URL\" data-id=\"https:\/\/en.wikipedia.org\/wiki\/Injectable_filler\" rel=\"noreferrer noopener\">dermal dolgu maddeleri<\/a> gibi y\u00fcz kaslar\u0131n\u0131 ge\u00e7ici olarak gev\u015feten veya k\u0131r\u0131\u015f\u0131k alanlar\u0131 d\u00fczeltmek i\u00e7in hacim kazand\u0131ran kozmetik tedaviler de vard\u0131r.<\/p>\n\n<p>Daha kal\u0131c\u0131 bir \u00e7\u00f6z\u00fcm i\u00e7in cerrahi se\u00e7enekler aras\u0131nda y\u00fcz germe, ka\u015f kald\u0131rma ve g\u00f6z kapa\u011f\u0131 ameliyat\u0131 yer al\u0131r; bu ameliyatlarda fazla deri \u00e7\u0131kar\u0131l\u0131rken alttaki dokular s\u0131k\u0131la\u015ft\u0131r\u0131larak daha p\u00fcr\u00fczs\u00fcz g\u00f6r\u00fcn\u00fcml\u00fc sonu\u00e7lar elde edilir.<\/p>\n\n<p>Hangi t\u00fcr k\u0131r\u0131\u015f\u0131kl\u0131k tedavisinin \u00f6zel ihtiya\u00e7lar\u0131n\u0131za ve hedeflerinize uygun oldu\u011funa karar vermeden \u00f6nce dermatoloji alan\u0131nda uzmanla\u015fm\u0131\u015f nitelikli sa\u011fl\u0131k profesyonellerine dan\u0131\u015fman\u0131z \u00e7ok \u00f6nemlidir. \u00d6yleyse daha gen\u00e7 g\u00f6r\u00fcnen bir cilt hemen elinizin alt\u0131ndayken neden daha fazla bekleyesiniz ki?<\/p>\n\n<h3 class=\"wp-block-heading\">Fiyat, bak\u0131m sonras\u0131 ve iyile\u015fme s\u00fcreci dahil olmak \u00fczere <a href=\"https:\/\/medclinics.com\/tr\/guzellik\/\" target=\"_blank\" rel=\"noreferrer noopener\">g\u00fczellik tedavisi<\/a> hakk\u0131nda bilmeniz gereken her \u015fey veya <a href=\"#requestform\">bizimle ileti\u015fime<\/a> ge\u00e7in!<\/h3>\n\n<h3 class=\"wp-block-heading\">SSS<\/h3>\n<div id=\"rank-math-faq\" class=\"rank-math-block\">\n<div class=\"rank-math-list \">\n<div id=\"faq-question-1684936742413\" class=\"rank-math-list-item\">\n<h3 class=\"rank-math-question \">Y\u00fcz\u00fcmdeki k\u0131r\u0131\u015f\u0131kl\u0131klar\u0131 nas\u0131l azaltabilirim?<\/h3>\n<div class=\"rank-math-answer \">\n\n<p>Y\u00fczdeki k\u0131r\u0131\u015f\u0131kl\u0131klar\u0131n azalt\u0131lmas\u0131, uygun cilt bak\u0131m\u0131, sa\u011fl\u0131kl\u0131 ya\u015fam tarz\u0131 al\u0131\u015fkanl\u0131klar\u0131 ve potansiyel olarak profesyonel tedavileri birle\u015ftiren kapsaml\u0131 bir yakla\u015f\u0131m gerektirir. K\u0131r\u0131\u015f\u0131kl\u0131klar\u0131 en aza indirmek i\u00e7in cildinizi g\u00fcne\u015ften korumak, temizlik, nemlendirme ve faydal\u0131 i\u00e7erikli \u00fcr\u00fcnler kullanmay\u0131 i\u00e7eren tutarl\u0131 bir cilt bak\u0131m rutini uygulamak \u00e7ok \u00f6nemlidir. Hidrasyonun s\u00fcrd\u00fcr\u00fclmesi, dengeli bir diyetin benimsenmesi, sigara ve a\u015f\u0131r\u0131 alkol t\u00fcketiminden ka\u00e7\u0131n\u0131lmas\u0131, yeterli uykunun al\u0131nmas\u0131 ve stresin y\u00f6netilmesi cilt sa\u011fl\u0131\u011f\u0131n\u0131n geli\u015ftirilmesi ve k\u0131r\u0131\u015f\u0131kl\u0131k olu\u015fumunun azalt\u0131lmas\u0131 i\u00e7in gereklidir. Ayr\u0131ca, topikal tedaviler ve kimyasal peeling, mikrodermabrazyon, lazer terapisi veya kas gev\u015feticiler veya dermal dolgu maddeleri gibi enjekte edilebilir maddeler gibi profesyonel m\u00fcdahaleleri g\u00f6z \u00f6n\u00fcnde bulundurmak k\u0131r\u0131\u015f\u0131kl\u0131klar\u0131n giderilmesine yard\u0131mc\u0131 olabilir. K\u0131r\u0131\u015f\u0131kl\u0131k tedaviniz i\u00e7in bir cilt bak\u0131m uzman\u0131na dan\u0131\u015fmak, \u00f6zel ihtiya\u00e7lar\u0131n\u0131za ve hedeflerinize g\u00f6re ki\u015fiselle\u015ftirilmi\u015f rehberlik sa\u011flayabilir.<\/p>\n\n<\/div>\n<\/div>\n<div id=\"faq-question-1684936840379\" class=\"rank-math-list-item\">\n<h3 class=\"rank-math-question \">K\u0131r\u0131\u015f\u0131kl\u0131klar gider mi?<\/h3>\n<div class=\"rank-math-answer \">\n\n<p>K\u0131r\u0131\u015f\u0131kl\u0131klar ya\u015flanma s\u00fcrecinin do\u011fal bir par\u00e7as\u0131d\u0131r ve tamamen yok olmalar\u0131 m\u00fcmk\u00fcn olmasa da, \u00e7e\u015fitli tedaviler ve cilt bak\u0131m\u0131 uygulamalar\u0131 g\u00f6r\u00fcn\u00fcmlerini en aza indirmeye yard\u0131mc\u0131 olabilir. Tutarl\u0131 bir cilt bak\u0131m rutini benimseyerek, cildinizi g\u00fcne\u015ften koruyarak ve dermal dolgular veya kas gev\u015fetici gibi k\u0131r\u0131\u015f\u0131kl\u0131k tedavisi i\u00e7in profesyonel tedavileri g\u00f6z \u00f6n\u00fcnde bulundurarak k\u0131r\u0131\u015f\u0131kl\u0131klar\u0131n g\u00f6r\u00fcn\u00fcrl\u00fc\u011f\u00fcn\u00fc azaltabilir ve daha gen\u00e7 bir g\u00f6r\u00fcn\u00fcm elde edebilirsiniz. Bununla birlikte, bireysel sonu\u00e7lar cilt tipi, k\u0131r\u0131\u015f\u0131kl\u0131klar\u0131n \u015fiddeti ve genel cilt sa\u011fl\u0131\u011f\u0131 gibi fakt\u00f6rlere ba\u011fl\u0131 olarak de\u011fi\u015febilece\u011finden, ger\u00e7ek\u00e7i beklentilere sahip olmak \u00f6nemlidir. Sa\u011fl\u0131kl\u0131 al\u0131\u015fkanl\u0131klar\u0131 benimsemenin ve proaktif ad\u0131mlar atman\u0131n k\u0131r\u0131\u015f\u0131kl\u0131klar\u0131n g\u00f6r\u00fcn\u00fcm\u00fcn\u00fc iyile\u015ftirmeye yard\u0131mc\u0131 olabilece\u011fini ve genel cilt canl\u0131l\u0131\u011f\u0131na katk\u0131da bulunabilece\u011fini unutmay\u0131n.<\/p>\n\n<\/div>\n<\/div>\n<div id=\"faq-question-1684936908330\" class=\"rank-math-list-item\">\n<h3 class=\"rank-math-question \">Y\u00fcz\u00fcm neden bu kadar h\u0131zl\u0131 k\u0131r\u0131\u015f\u0131yor?<\/h3>\n<div class=\"rank-math-answer \">\n\n<p>Y\u00fcz k\u0131r\u0131\u015f\u0131kl\u0131klar\u0131n\u0131n ortaya \u00e7\u0131kma ve ilerleme h\u0131z\u0131 \u00e7e\u015fitli fakt\u00f6rlerden etkilenebilir. Ya\u015flanma, ciltte kolajen ve elastin kayb\u0131na yol a\u00e7arak k\u0131r\u0131\u015f\u0131kl\u0131klar\u0131n olu\u015fumuna katk\u0131da bulunan do\u011fal bir s\u00fcre\u00e7tir. Ancak a\u015f\u0131r\u0131 g\u00fcne\u015fe maruz kalma, sigara i\u00e7me, k\u00f6t\u00fc beslenme ve yetersiz uyku gibi baz\u0131 ya\u015fam tarz\u0131 se\u00e7imleri bu s\u00fcreci h\u0131zland\u0131rabilir. Ayr\u0131ca, cilt tipi ve kal\u0131nl\u0131\u011f\u0131ndaki genetik ve bireysel farkl\u0131l\u0131klar da k\u0131r\u0131\u015f\u0131kl\u0131klar\u0131n ne kadar h\u0131zl\u0131 geli\u015fti\u011fi konusunda rol oynar. \u00c7evresel fakt\u00f6rler ve tekrarlayan y\u00fcz ifadeleri de k\u0131r\u0131\u015f\u0131kl\u0131k olu\u015fumuna katk\u0131da bulunabilir. K\u0131r\u0131\u015f\u0131kl\u0131klar\u0131n ilerlemesini yava\u015flatmak i\u00e7in kapsaml\u0131 bir cilt bak\u0131m rutini benimsemek, cildi g\u00fcne\u015ften korumak, sa\u011fl\u0131kl\u0131 bir ya\u015fam tarz\u0131 s\u00fcrd\u00fcrmek ve istenirse k\u0131r\u0131\u015f\u0131kl\u0131k tedavisi i\u00e7in profesyonel tedavileri d\u00fc\u015f\u00fcnmek \u00f6nemlidir.  <\/p>\n\n<\/div>\n<\/div>\n<\/div>\n<\/div>\n<p><\/p>\n\n<h3 class=\"wp-block-heading\">Herhangi bir sorunuz olmas\u0131 durumunda hemen bizimle ileti\u015fime ge\u00e7in!<\/h3>\n","protected":false},"excerpt":{"rendered":"<p>Cildinizdeki o sinir bozucu k\u0131r\u0131\u015f\u0131kl\u0131klar\u0131 g\u00f6rmekten s\u0131k\u0131ld\u0131n\u0131z m\u0131? Ya\u015flanman\u0131n sizi en iyi \u015fekilde etkilemesine izin vermeyin, K\u0131r\u0131\u015f\u0131kl\u0131k Tedavisini deneyin. K\u0131r\u0131\u015f\u0131kl\u0131k [&hellip;]<\/p>\n","protected":false},"author":4,"featured_media":93033,"parent":0,"menu_order":0,"comment_status":"closed","ping_status":"closed","template":"","meta":{"site-sidebar-layout":"default","site-content-layout":"","ast-site-content-layout":"default","site-content-style":"default","site-sidebar-style":"default","ast-global-header-display":"","ast-banner-title-visibility":"","ast-main-header-display":"","ast-hfb-above-header-display":"","ast-hfb-below-header-display":"","ast-hfb-mobile-header-display":"","site-post-title":"","ast-breadcrumbs-content":"","ast-featured-img":"","footer-sml-layout":"","ast-disable-related-posts":"","theme-transparent-header-meta":"","adv-header-id-meta":"","stick-header-meta":"","header-above-stick-meta":"","header-main-stick-meta":"","header-below-stick-meta":"","astra-migrate-meta-layouts":"default","ast-page-background-enabled":"default","ast-page-background-meta":{"desktop":{"background-color":"var(--ast-global-color-4)","background-image":"","background-repeat":"repeat","background-position":"center center","background-size":"auto","background-attachment":"scroll","background-type":"","background-media":"","overlay-type":"","overlay-color":"","overlay-opacity":"","overlay-gradient":""},"tablet":{"background-color":"","background-image":"","background-repeat":"repeat","background-position":"center center","background-size":"auto","background-attachment":"scroll","background-type":"","background-media":"","overlay-type":"","overlay-color":"","overlay-opacity":"","overlay-gradient":""},"mobile":{"background-color":"","background-image":"","background-repeat":"repeat","background-position":"center center","background-size":"auto","background-attachment":"scroll","background-type":"","background-media":"","overlay-type":"","overlay-color":"","overlay-opacity":"","overlay-gradient":""}},"ast-content-background-meta":{"desktop":{"background-color":"var(--ast-global-color-5)","background-image":"","background-repeat":"repeat","background-position":"center center","background-size":"auto","background-attachment":"scroll","background-type":"","background-media":"","overlay-type":"","overlay-color":"","overlay-opacity":"","overlay-gradient":""},"tablet":{"background-color":"var(--ast-global-color-5)","background-image":"","background-repeat":"repeat","background-position":"center center","background-size":"auto","background-attachment":"scroll","background-type":"","background-media":"","overlay-type":"","overlay-color":"","overlay-opacity":"","overlay-gradient":""},"mobile":{"background-color":"var(--ast-global-color-5)","background-image":"","background-repeat":"repeat","background-position":"center center","background-size":"auto","background-attachment":"scroll","background-type":"","background-media":"","overlay-type":"","overlay-color":"","overlay-opacity":"","overlay-gradient":""}},"footnotes":""},"class_list":["post-146659","page","type-page","status-publish","has-post-thumbnail","hentry"],"_links":{"self":[{"href":"https:\/\/medclinics.com\/tr\/wp-json\/wp\/v2\/pages\/146659","targetHints":{"allow":["GET"]}}],"collection":[{"href":"https:\/\/medclinics.com\/tr\/wp-json\/wp\/v2\/pages"}],"about":[{"href":"https:\/\/medclinics.com\/tr\/wp-json\/wp\/v2\/types\/page"}],"author":[{"embeddable":true,"href":"https:\/\/medclinics.com\/tr\/wp-json\/wp\/v2\/users\/4"}],"replies":[{"embeddable":true,"href":"https:\/\/medclinics.com\/tr\/wp-json\/wp\/v2\/comments?post=146659"}],"version-history":[{"count":0,"href":"https:\/\/medclinics.com\/tr\/wp-json\/wp\/v2\/pages\/146659\/revisions"}],"wp:featuredmedia":[{"embeddable":true,"href":"https:\/\/medclinics.com\/tr\/wp-json\/wp\/v2\/media\/93033"}],"wp:attachment":[{"href":"https:\/\/medclinics.com\/tr\/wp-json\/wp\/v2\/media?parent=146659"}],"curies":[{"name":"wp","href":"https:\/\/api.w.org\/{rel}","templated":true}]}}