{"id":146649,"date":"2023-05-24T13:54:12","date_gmt":"2023-05-24T10:54:12","guid":{"rendered":"https:\/\/medclinics.com\/goz-alti-dolgulari\/"},"modified":"2024-04-04T19:21:26","modified_gmt":"2024-04-04T16:21:26","slug":"goz-alti-dolgulari","status":"publish","type":"page","link":"https:\/\/medclinics.com\/tr\/goz-alti-dolgulari\/","title":{"rendered":"G\u00f6z Alt\u0131 Dolgular\u0131"},"content":{"rendered":"\n<h2 class=\"wp-block-heading\">Aynaya bak\u0131p g\u00f6zlerinizin alt\u0131nda koyu halkalar, ince \u00e7izgiler veya torbalar g\u00f6rmekten s\u0131k\u0131ld\u0131n\u0131z m\u0131? G\u00f6z alt\u0131 dolgular\u0131, hacmi geri kazanmak ve daha gen\u00e7 bir g\u00f6r\u00fcn\u00fcm elde etmek i\u00e7in ihtiyac\u0131n\u0131z olan \u015fey olabilir.  <\/h2>\n\n<p>G\u00f6z alt\u0131 dolgusu tedavisi, g\u00f6zlerinizin alt\u0131ndaki \u00e7ukur b\u00f6lgeye hyaluronik asit (HA) dolgusu enjekte edilmesini i\u00e7erir. HA dolgular\u0131n\u0131n faydalar\u0131 \u00e7oktur &#8211; nemi \u00e7ekerek tedavi edilen b\u00f6lgeleri dolgunla\u015ft\u0131r\u0131rken <a href=\"https:\/\/en.wikipedia.org\/wiki\/Wrinkle\" target=\"_blank\" rel=\"noreferrer noopener\">k\u0131r\u0131\u015f\u0131kl\u0131klar\u0131<\/a> ve di\u011fer ya\u015flanma belirtilerini azalt\u0131rlar. Bu 15-30 dakikal\u0131k h\u0131zl\u0131 prosed\u00fcr s\u0131ras\u0131nda, deneyimli bir sa\u011fl\u0131k uzman\u0131 bir i\u011fne veya kan\u00fcl kullanarak k\u00fc\u00e7\u00fck miktarlarda dolgu maddesini dikkatlice enjekte edecektir.<\/p>\n\n<p>Sonras\u0131nda hafif \u015fi\u015flik veya morarma normaldir ancak buz torbas\u0131 gibi re\u00e7etesiz sat\u0131lan a\u011fr\u0131 kesicilerle kolayca kontrol alt\u0131na al\u0131nabilir. Sonu\u00e7lar\u0131 hemen g\u00f6receksiniz; ancak ba\u015flang\u0131\u00e7taki \u015fi\u015fliklerin tamamen inmesi ve b\u00f6ylece son pozisyonun m\u00fckemmel bir \u015fekilde yerle\u015fmesi birka\u00e7 g\u00fcn s\u00fcrebilir!<\/p>\n\n<p>Sadece bu tedavileri kimin yapt\u0131\u011f\u0131 de\u011fil, ayn\u0131 zamanda hassas do\u011fas\u0131 nedeniyle gereken hassas uzmanl\u0131k da \u00f6nemlidir! Bu t\u00fcr prosed\u00fcrler i\u00e7in yeterince nitelikli ve sayg\u0131n birini se\u00e7erken ak\u0131ll\u0131ca se\u00e7im yap\u0131n, \u00e7\u00fcnk\u00fc burada kalite g\u00fcvence standartlar\u0131ndan hi\u00e7bir \u015fekilde \u00f6d\u00fcn vermeden ba\u015ftan sona istenen sonu\u00e7lar\u0131 elde etmek i\u00e7in at\u0131lan her ad\u0131mda m\u00fckemmeliyet\u00e7ilikten ba\u015fka yer kalmaz &#8211; bize g\u00fcvenin!<\/p>\n\n<h2 class=\"wp-block-heading\">Fiyat ve daha fazlas\u0131 dahil olmak \u00fczere <a href=\"https:\/\/medclinics.com\/tr\/guzellik\/\" target=\"_blank\" rel=\"noreferrer noopener\">g\u00fczellik bak\u0131m\u0131<\/a> hakk\u0131nda bilmeniz gereken her \u015fey, <a href=\"#requestform\">bize ula\u015f\u0131n<\/a>!<\/h2>\n\n<h3 class=\"wp-block-heading\">SSS<\/h3>\n<div id=\"rank-math-faq\" class=\"rank-math-block\">\n<div class=\"rank-math-list \">\n<div id=\"faq-question-1684936085941\" class=\"rank-math-list-item\">\n<h3 class=\"rank-math-question \">G\u00f6z alt\u0131 dolgusu nedir?<\/h3>\n<div class=\"rank-math-answer \">\n\n<p>G\u00f6z alt\u0131 dolgular\u0131, g\u00f6zlerin alt\u0131ndaki b\u00f6lgeye hyaluronik asit bazl\u0131 bir dermal dolgu maddesi enjekte edilmesini i\u00e7eren kozmetik bir tedavidir. \u00c7ukurlar, koyu halkalar ve g\u00f6z alt\u0131 torbalar\u0131 gibi endi\u015felerin giderilmesine yard\u0131mc\u0131 olarak daha gen\u00e7 ve tazelenmi\u015f bir g\u00f6r\u00fcn\u00fcm sa\u011flar. Dolgu maddesi kaybedilen hacmi geri kazand\u0131r\u0131r, cilt dokusunu iyile\u015ftirir ve g\u00f6lgelerin veya torbalar\u0131n g\u00f6r\u00fcn\u00fcrl\u00fc\u011f\u00fcn\u00fc azaltarak g\u00f6z alt\u0131 b\u00f6lgesine gen\u00e7le\u015ftirilmi\u015f bir g\u00f6r\u00fcn\u00fcm sa\u011flar. G\u00fcvenli ve etkili sonu\u00e7lar elde etmek i\u00e7in nitelikli bir profesyonelden tedavi almak \u00f6nemlidir.<\/p>\n\n<\/div>\n<\/div>\n<div id=\"faq-question-1684936081677\" class=\"rank-math-list-item\">\n<h3 class=\"rank-math-question \">G\u00f6z alt\u0131 dolgular\u0131 g\u00fcvenli midir?<\/h3>\n<div class=\"rank-math-answer \">\n\n<p>G\u00f6zya\u015f\u0131 \u00e7ukuru dolgular\u0131 olarak da bilinen g\u00f6z alt\u0131 dolgular\u0131, nitelikli ve deneyimli bir sa\u011fl\u0131k uzman\u0131 taraf\u0131ndan yap\u0131ld\u0131\u011f\u0131nda g\u00f6z alt\u0131ndaki \u00e7ukurlar\u0131 veya koyu halkalar\u0131 gidermek i\u00e7in g\u00fcvenli bir se\u00e7enek olabilir. Bununla birlikte, her kozmetik prosed\u00fcrde oldu\u011fu gibi, ak\u0131lda tutulmas\u0131 gereken potansiyel riskler ve hususlar vard\u0131r. Y\u00fcz anatomisinde uzmanl\u0131\u011fa sahip ve g\u00f6z alt\u0131 b\u00f6lgesinin inceliklerini anlayan sayg\u0131n ve yetenekli bir enjekt\u00f6r se\u00e7mek \u00f6nemlidir. Uygun hijyen protokollerinin izlenmesi ve y\u00fcksek kaliteli, onayl\u0131 dolgu \u00fcr\u00fcnlerinin kullan\u0131lmas\u0131, g\u00fcvenli\u011fi sa\u011flamak i\u00e7in esast\u0131r. G\u00f6z alt\u0131 dolgular\u0131 genellikle iyi tolere edilse de morarma, \u015fi\u015fme veya k\u0131zar\u0131kl\u0131k gibi ge\u00e7ici yan etkilerin g\u00f6r\u00fclme potansiyeli vard\u0131r. Nadir ancak daha ciddi komplikasyonlar aras\u0131nda enfeksiyon veya vask\u00fcler sorunlar yer alabilir. Bireysel endi\u015feleri tart\u0131\u015fmak, tedaviye uygunlu\u011fu de\u011ferlendirmek ve ger\u00e7ek\u00e7i beklentiler belirlemek i\u00e7in bir sa\u011fl\u0131k uzman\u0131na \u00f6nceden dan\u0131\u015fmak \u015fartt\u0131r. Uygun \u00f6nlemler al\u0131n\u0131rsa ve tedavi kalifiye bir profesyonel taraf\u0131ndan ger\u00e7ekle\u015ftirilirse, g\u00f6z alt\u0131 dolgular\u0131 g\u00f6z alt\u0131 b\u00f6lgesinin g\u00f6r\u00fcn\u00fcm\u00fcn\u00fc iyile\u015ftirmek i\u00e7in g\u00fcvenli ve etkili bir se\u00e7enek olabilir.<\/p>\n\n<\/div>\n<\/div>\n<div id=\"faq-question-1684936285061\" class=\"rank-math-list-item\">\n<h3 class=\"rank-math-question \">G\u00f6z alt\u0131 dolgular\u0131 buna de\u011fer mi?<\/h3>\n<div class=\"rank-math-answer \">\n\n<p>G\u00f6z alt\u0131 dolgular\u0131n\u0131n de\u011feri nihayetinde bireysel hedeflerinize, endi\u015felerinize ve beklentilerinize ba\u011fl\u0131d\u0131r. G\u00f6z alt\u0131 dolgular\u0131, \u00e7ukurlar\u0131, koyu halkalar\u0131 veya g\u00f6z alt\u0131 torbalar\u0131n\u0131 gidermek ve daha gen\u00e7 bir g\u00f6r\u00fcn\u00fcm elde etmek isteyen bireyler i\u00e7in de\u011ferli bir se\u00e7enek olabilir. Kaybedilen hacmi geri kazand\u0131rmaya, cilt dokusunu iyile\u015ftirmeye ve g\u00f6z alt\u0131 b\u00f6lgesine tazelenmi\u015f bir g\u00f6r\u00fcn\u00fcm sa\u011flamaya yard\u0131mc\u0131 olabilirler.<\/p>\n\n<\/div>\n<\/div>\n<div id=\"faq-question-1684936286744\" class=\"rank-math-list-item\">\n<h3 class=\"rank-math-question \">G\u00f6z alt\u0131 dolgular\u0131 k\u0131r\u0131\u015f\u0131kl\u0131klara neden olabilir mi?<\/h3>\n<div class=\"rank-math-answer \">\n\n<p>G\u00f6z alt\u0131 dolgular\u0131, kalifiye bir sa\u011fl\u0131k uzman\u0131 taraf\u0131ndan do\u011fru \u015fekilde uyguland\u0131\u011f\u0131nda tipik olarak k\u0131r\u0131\u015f\u0131kl\u0131klara neden olmaz. Asl\u0131nda, g\u00f6z alt\u0131 dolgular\u0131 hacim kazand\u0131rarak ve g\u00f6z alt\u0131 b\u00f6lgesini p\u00fcr\u00fczs\u00fczle\u015ftirerek k\u0131r\u0131\u015f\u0131kl\u0131klar\u0131n veya ince \u00e7izgilerin g\u00f6r\u00fcn\u00fcm\u00fcn\u00fc azaltmaya yard\u0131mc\u0131 olabilir. G\u00f6z alt\u0131 tedavileri i\u00e7in kullan\u0131lan hyaluronik asit bazl\u0131 dolgular, cildi dolgunla\u015ft\u0131rmak ve nemlendirmek, dokusunu iyile\u015ftirmek ve k\u0131r\u0131\u015f\u0131kl\u0131klar\u0131n g\u00f6r\u00fcn\u00fcrl\u00fc\u011f\u00fcn\u00fc en aza indirmek i\u00e7in tasarlanm\u0131\u015ft\u0131r.<\/p>\n\n<\/div>\n<\/div>\n<\/div>\n<\/div>\n<p><\/p>\n\n<h3 class=\"wp-block-heading\">Herhangi bir sorunuz olmas\u0131 durumunda hemen bizimle ileti\u015fime ge\u00e7in!<\/h3>\n","protected":false},"excerpt":{"rendered":"<p>Aynaya bak\u0131p g\u00f6zlerinizin alt\u0131nda koyu halkalar, ince \u00e7izgiler veya torbalar g\u00f6rmekten s\u0131k\u0131ld\u0131n\u0131z m\u0131? G\u00f6z alt\u0131 dolgular\u0131, hacmi geri kazanmak ve [&hellip;]<\/p>\n","protected":false},"author":4,"featured_media":93019,"parent":0,"menu_order":0,"comment_status":"closed","ping_status":"closed","template":"","meta":{"site-sidebar-layout":"default","site-content-layout":"","ast-site-content-layout":"default","site-content-style":"default","site-sidebar-style":"default","ast-global-header-display":"","ast-banner-title-visibility":"","ast-main-header-display":"","ast-hfb-above-header-display":"","ast-hfb-below-header-display":"","ast-hfb-mobile-header-display":"","site-post-title":"","ast-breadcrumbs-content":"","ast-featured-img":"","footer-sml-layout":"","ast-disable-related-posts":"","theme-transparent-header-meta":"","adv-header-id-meta":"","stick-header-meta":"","header-above-stick-meta":"","header-main-stick-meta":"","header-below-stick-meta":"","astra-migrate-meta-layouts":"default","ast-page-background-enabled":"default","ast-page-background-meta":{"desktop":{"background-color":"var(--ast-global-color-4)","background-image":"","background-repeat":"repeat","background-position":"center center","background-size":"auto","background-attachment":"scroll","background-type":"","background-media":"","overlay-type":"","overlay-color":"","overlay-opacity":"","overlay-gradient":""},"tablet":{"background-color":"","background-image":"","background-repeat":"repeat","background-position":"center center","background-size":"auto","background-attachment":"scroll","background-type":"","background-media":"","overlay-type":"","overlay-color":"","overlay-opacity":"","overlay-gradient":""},"mobile":{"background-color":"","background-image":"","background-repeat":"repeat","background-position":"center center","background-size":"auto","background-attachment":"scroll","background-type":"","background-media":"","overlay-type":"","overlay-color":"","overlay-opacity":"","overlay-gradient":""}},"ast-content-background-meta":{"desktop":{"background-color":"var(--ast-global-color-5)","background-image":"","background-repeat":"repeat","background-position":"center center","background-size":"auto","background-attachment":"scroll","background-type":"","background-media":"","overlay-type":"","overlay-color":"","overlay-opacity":"","overlay-gradient":""},"tablet":{"background-color":"var(--ast-global-color-5)","background-image":"","background-repeat":"repeat","background-position":"center center","background-size":"auto","background-attachment":"scroll","background-type":"","background-media":"","overlay-type":"","overlay-color":"","overlay-opacity":"","overlay-gradient":""},"mobile":{"background-color":"var(--ast-global-color-5)","background-image":"","background-repeat":"repeat","background-position":"center center","background-size":"auto","background-attachment":"scroll","background-type":"","background-media":"","overlay-type":"","overlay-color":"","overlay-opacity":"","overlay-gradient":""}},"footnotes":""},"class_list":["post-146649","page","type-page","status-publish","has-post-thumbnail","hentry"],"_links":{"self":[{"href":"https:\/\/medclinics.com\/tr\/wp-json\/wp\/v2\/pages\/146649","targetHints":{"allow":["GET"]}}],"collection":[{"href":"https:\/\/medclinics.com\/tr\/wp-json\/wp\/v2\/pages"}],"about":[{"href":"https:\/\/medclinics.com\/tr\/wp-json\/wp\/v2\/types\/page"}],"author":[{"embeddable":true,"href":"https:\/\/medclinics.com\/tr\/wp-json\/wp\/v2\/users\/4"}],"replies":[{"embeddable":true,"href":"https:\/\/medclinics.com\/tr\/wp-json\/wp\/v2\/comments?post=146649"}],"version-history":[{"count":0,"href":"https:\/\/medclinics.com\/tr\/wp-json\/wp\/v2\/pages\/146649\/revisions"}],"wp:featuredmedia":[{"embeddable":true,"href":"https:\/\/medclinics.com\/tr\/wp-json\/wp\/v2\/media\/93019"}],"wp:attachment":[{"href":"https:\/\/medclinics.com\/tr\/wp-json\/wp\/v2\/media?parent=146649"}],"curies":[{"name":"wp","href":"https:\/\/api.w.org\/{rel}","templated":true}]}}