{"id":146637,"date":"2023-05-24T13:42:41","date_gmt":"2023-05-24T13:42:41","guid":{"rendered":"https:\/\/medclinics.com\/yara-mezoterapisi\/"},"modified":"2024-04-01T16:22:02","modified_gmt":"2024-04-01T13:22:02","slug":"yara-mezoterapisi","status":"publish","type":"page","link":"https:\/\/medclinics.com\/tr\/yara-mezoterapisi\/","title":{"rendered":"Yara Mezoterapisi"},"content":{"rendered":"\n<h2 class=\"wp-block-heading\">Yara izlerinin g\u00f6r\u00fcn\u00fcm\u00fcn\u00fc azaltmak m\u0131 istiyorsunuz? Yara Mezoterapisi tam da ihtiyac\u0131n\u0131z olan \u015fey olabilir!<\/h2>\n\n<p>Bu yenilik\u00e7i kozmetik prosed\u00fcr, cildinizin mezoderm tabakas\u0131na vitaminler, mineraller, enzimler ve di\u011fer maddelerin \u00f6zelle\u015ftirilmi\u015f bir kar\u0131\u015f\u0131m\u0131n\u0131n enjekte edilmesini i\u00e7erir. Yara <a href=\"https:\/\/en.wikipedia.org\/wiki\/Mesotherapy\" target=\"_blank\" rel=\"noreferrer noopener\">mezoterapisi<\/a>, kolajen \u00fcretimini ve h\u00fccre yenilenmesini te\u015fvik ederken genel cilt sa\u011fl\u0131\u011f\u0131n\u0131 da geli\u015ftirerek inat\u00e7\u0131 yara izlerinin bile g\u00f6r\u00fcn\u00fcm\u00fcn\u00fc iyile\u015ftirmeye yard\u0131mc\u0131 olabilir.<\/p>\n\n<p>E\u011fitimli bir t\u0131p uzman\u0131 veya dermatolog ile tedavi seanslar\u0131 s\u0131ras\u0131nda, bireysel ihtiya\u00e7lara ba\u011fl\u0131 olarak gerekti\u011finde birden fazla zaman aral\u0131\u011f\u0131nda enjeksiyonlar i\u00e7in ince i\u011fneler kullan\u0131larak &#8211; di\u011ferleri aras\u0131nda hyaluronik asit peptidleri b\u00fcy\u00fcme fakt\u00f6rleri vitaminleri dahil &#8211; hastalar yara izlerini azaltmada harika sonu\u00e7lar g\u00f6rd\u00fcler!<\/p>\n\n<p>T\u00fcm tiplerin veya \u015fiddetlerin e\u015fit derecede iyi yan\u0131t vermedi\u011fini unutmay\u0131n; bu tekni\u011fin size en uygun olup olmad\u0131\u011f\u0131na karar vermeden \u00f6nce benzersiz durumunuzu de\u011ferlendirecek bir uzmana dan\u0131\u015fman\u0131z \u00f6nemlidir. G\u00f6ze ho\u015f g\u00f6r\u00fcnmeyen izlerin \u00f6zg\u00fcveninizi daha fazla engellemesine izin vermeyin &#8211; bug\u00fcn yara mezoterapisini deneyin!<\/p>\n\n<h3 class=\"wp-block-heading\">Bak\u0131m sonras\u0131, iyile\u015fme s\u00fcreci ve daha fazlas\u0131 dahil olmak \u00fczere <a href=\"https:\/\/medclinics.com\/tr\/guzellik\/\" target=\"_blank\" rel=\"noreferrer noopener\">g\u00fczellik tedavisi<\/a> hakk\u0131nda bilmeniz gereken her \u015fey burada, <a href=\"#requestform\">bizimle ileti\u015fime<\/a> ge\u00e7in!<\/h3>\n\n<h3 class=\"wp-block-heading\">SSS<\/h3>\n<div id=\"rank-math-faq\" class=\"rank-math-block\">\n<div class=\"rank-math-list \">\n<div id=\"faq-question-1684935536581\" class=\"rank-math-list-item\">\n<h3 class=\"rank-math-question \">Mezoterapi y\u00fcz i\u00e7in g\u00fcvenli midir?<\/h3>\n<div class=\"rank-math-answer \">\n\n<p>Y\u00fcz i\u00e7in mezoterapi, nitelikli ve deneyimli bir sa\u011fl\u0131k uzman\u0131 taraf\u0131ndan uyguland\u0131\u011f\u0131nda g\u00fcvenli kabul edilebilir. Prosed\u00fcr, belirli cilt sorunlar\u0131n\u0131 gidermek i\u00e7in cilde \u00f6zelle\u015ftirilmi\u015f bir vitamin, mineral, amino asit ve di\u011fer madde kar\u0131\u015f\u0131m\u0131n\u0131n enjekte edilmesini i\u00e7erir.<\/p>\n\n<\/div>\n<\/div>\n<div id=\"faq-question-1684935615740\" class=\"rank-math-list-item\">\n<h3 class=\"rank-math-question \">Mezoterapi y\u00fcz i\u00e7in ne yapar?<\/h3>\n<div class=\"rank-math-answer \">\n\n<p>Y\u00fcz i\u00e7in mezoterapi, vitaminler, mineraller, amino asitler, hyaluronik asit ve di\u011fer maddelerden olu\u015fan \u00f6zelle\u015ftirilmi\u015f bir kar\u0131\u015f\u0131m\u0131n cilde enjekte edilmesini i\u00e7eren kozmetik bir prosed\u00fcrd\u00fcr. Mezoterapinin amac\u0131, \u00e7e\u015fitli cilt sorunlar\u0131n\u0131 ele almak ve y\u00fcz\u00fcn genel g\u00f6r\u00fcn\u00fcm\u00fcn\u00fc iyile\u015ftirmektir.<\/p>\n\n<\/div>\n<\/div>\n<div id=\"faq-question-1684935616789\" class=\"rank-math-list-item\">\n<h3 class=\"rank-math-question \">Mezoterapi g\u00fcvenli midir?<\/h3>\n<div class=\"rank-math-answer \">\n\n<p>Nitelikli ve deneyimli bir sa\u011fl\u0131k uzman\u0131 taraf\u0131ndan uyguland\u0131\u011f\u0131nda, mezoterapi, ayn\u0131 zamanda skar mezoterapisi genellikle g\u00fcvenli kabul edilir. Bununla birlikte, her t\u0131bbi prosed\u00fcrde oldu\u011fu gibi, fark\u0131nda olunmas\u0131 gereken potansiyel riskler ve yan etkiler vard\u0131r.<\/p>\n\n<\/div>\n<\/div>\n<\/div>\n<\/div>\n<p><\/p>\n\n<h3 class=\"wp-block-heading\">Herhangi bir sorunuz olmas\u0131 durumunda hemen bizimle ileti\u015fime ge\u00e7in!<\/h3>\n","protected":false},"excerpt":{"rendered":"<p>Yara izlerinin g\u00f6r\u00fcn\u00fcm\u00fcn\u00fc azaltmak m\u0131 istiyorsunuz? Yara Mezoterapisi tam da ihtiyac\u0131n\u0131z olan \u015fey olabilir! Bu yenilik\u00e7i kozmetik prosed\u00fcr, cildinizin mezoderm [&hellip;]<\/p>\n","protected":false},"author":4,"featured_media":93005,"parent":0,"menu_order":0,"comment_status":"closed","ping_status":"closed","template":"","meta":{"site-sidebar-layout":"default","site-content-layout":"","ast-site-content-layout":"default","site-content-style":"default","site-sidebar-style":"default","ast-global-header-display":"","ast-banner-title-visibility":"","ast-main-header-display":"","ast-hfb-above-header-display":"","ast-hfb-below-header-display":"","ast-hfb-mobile-header-display":"","site-post-title":"","ast-breadcrumbs-content":"","ast-featured-img":"","footer-sml-layout":"","ast-disable-related-posts":"","theme-transparent-header-meta":"","adv-header-id-meta":"","stick-header-meta":"","header-above-stick-meta":"","header-main-stick-meta":"","header-below-stick-meta":"","astra-migrate-meta-layouts":"default","ast-page-background-enabled":"default","ast-page-background-meta":{"desktop":{"background-color":"var(--ast-global-color-4)","background-image":"","background-repeat":"repeat","background-position":"center center","background-size":"auto","background-attachment":"scroll","background-type":"","background-media":"","overlay-type":"","overlay-color":"","overlay-opacity":"","overlay-gradient":""},"tablet":{"background-color":"","background-image":"","background-repeat":"repeat","background-position":"center center","background-size":"auto","background-attachment":"scroll","background-type":"","background-media":"","overlay-type":"","overlay-color":"","overlay-opacity":"","overlay-gradient":""},"mobile":{"background-color":"","background-image":"","background-repeat":"repeat","background-position":"center center","background-size":"auto","background-attachment":"scroll","background-type":"","background-media":"","overlay-type":"","overlay-color":"","overlay-opacity":"","overlay-gradient":""}},"ast-content-background-meta":{"desktop":{"background-color":"var(--ast-global-color-5)","background-image":"","background-repeat":"repeat","background-position":"center center","background-size":"auto","background-attachment":"scroll","background-type":"","background-media":"","overlay-type":"","overlay-color":"","overlay-opacity":"","overlay-gradient":""},"tablet":{"background-color":"var(--ast-global-color-5)","background-image":"","background-repeat":"repeat","background-position":"center center","background-size":"auto","background-attachment":"scroll","background-type":"","background-media":"","overlay-type":"","overlay-color":"","overlay-opacity":"","overlay-gradient":""},"mobile":{"background-color":"var(--ast-global-color-5)","background-image":"","background-repeat":"repeat","background-position":"center center","background-size":"auto","background-attachment":"scroll","background-type":"","background-media":"","overlay-type":"","overlay-color":"","overlay-opacity":"","overlay-gradient":""}},"footnotes":""},"class_list":["post-146637","page","type-page","status-publish","has-post-thumbnail","hentry"],"_links":{"self":[{"href":"https:\/\/medclinics.com\/tr\/wp-json\/wp\/v2\/pages\/146637","targetHints":{"allow":["GET"]}}],"collection":[{"href":"https:\/\/medclinics.com\/tr\/wp-json\/wp\/v2\/pages"}],"about":[{"href":"https:\/\/medclinics.com\/tr\/wp-json\/wp\/v2\/types\/page"}],"author":[{"embeddable":true,"href":"https:\/\/medclinics.com\/tr\/wp-json\/wp\/v2\/users\/4"}],"replies":[{"embeddable":true,"href":"https:\/\/medclinics.com\/tr\/wp-json\/wp\/v2\/comments?post=146637"}],"version-history":[{"count":0,"href":"https:\/\/medclinics.com\/tr\/wp-json\/wp\/v2\/pages\/146637\/revisions"}],"wp:featuredmedia":[{"embeddable":true,"href":"https:\/\/medclinics.com\/tr\/wp-json\/wp\/v2\/media\/93005"}],"wp:attachment":[{"href":"https:\/\/medclinics.com\/tr\/wp-json\/wp\/v2\/media?parent=146637"}],"curies":[{"name":"wp","href":"https:\/\/api.w.org\/{rel}","templated":true}]}}