{"id":146623,"date":"2023-05-24T13:33:21","date_gmt":"2023-05-24T10:33:21","guid":{"rendered":"https:\/\/medclinics.com\/plazma-tedavisi-2\/"},"modified":"2024-04-01T16:03:41","modified_gmt":"2024-04-01T13:03:41","slug":"plazma-tedavisi-2","status":"publish","type":"page","link":"https:\/\/medclinics.com\/tr\/plazma-tedavisi-2\/","title":{"rendered":"Plazma Tedavisi"},"content":{"rendered":"\n<h2 class=\"wp-block-heading\">Kronik a\u011fr\u0131n\u0131n sizi daha fazla geride tutmas\u0131na izin vermeyin. Plazma Tedavisini bug\u00fcn deneyin!<\/h2>\n\n<p>Kronik a\u011fr\u0131larla veya \u00e7irkin cilt sorunlar\u0131yla u\u011fra\u015fmaktan b\u0131kt\u0131n\u0131z m\u0131? \u0130yile\u015fmeyi ve doku rejenerasyonunu desteklemek i\u00e7in v\u00fccudunuzun kendi trombositlerini kullanan devrim niteli\u011findeki t\u0131bbi prosed\u00fcr olan plazma tedavisinden ba\u015fkas\u0131na bakmay\u0131n.<\/p>\n\n<p>Santrif\u00fcjleme ad\u0131 verilen basit bir i\u015flem s\u0131ras\u0131nda, kan\u0131n\u0131zdan al\u0131nan k\u00fc\u00e7\u00fck bir \u00f6rnek, plazma ile birlikte konsantre trombositleri \u00e7\u0131karmak i\u00e7in i\u015flenir. Bu g\u00fc\u00e7l\u00fc kombinasyon daha sonra eklemler, tendonlar, kaslar gibi hedeflenen b\u00f6lgelere ve hatta y\u00fczdeki kozmetik ama\u00e7lar i\u00e7in enjekte edilir.<\/p>\n\n<p>Bu <a href=\"https:\/\/en.wikipedia.org\/wiki\/Platelet-rich_plasma\" target=\"_blank\" rel=\"noreferrer noopener\">Trombositten Zengin Plazmadaki<\/a> b\u00fcy\u00fcme fakt\u00f6rleri ve proteinler doku onar\u0131m\u0131n\u0131 uyarmaya yard\u0131mc\u0131 olurken enflamasyonu azaltarak yeni h\u00fccre b\u00fcy\u00fcmesini te\u015fvik eder. Ortopedi ve dermatoloji de dahil olmak \u00fczere \u00e7e\u015fitli alanlardaki uygulamalarla; osteoartrit, tendinit ve ba\u011f yaralanmalar\u0131n\u0131n yan\u0131 s\u0131ra k\u0131r\u0131\u015f\u0131kl\u0131klar\u0131 ve yara izlerini iyile\u015ftiren y\u00fcz gen\u00e7le\u015ftirme tedavilerinin yan\u0131 s\u0131ra sa\u00e7 restorasyon prosed\u00fcrlerinde de ba\u015far\u0131yla kullan\u0131lm\u0131\u015ft\u0131r!<\/p>\n\n<h3 class=\"wp-block-heading\">Fiyat ve daha fazlas\u0131 dahil olmak \u00fczere <a href=\"https:\/\/medclinics.com\/tr\/guzellik\/\" target=\"_blank\" rel=\"noreferrer noopener\">g\u00fczellik bak\u0131m\u0131<\/a> hakk\u0131nda bilmeniz gereken her \u015fey, \u015fimdi <a href=\"#requestform\">bize ula\u015f\u0131n<\/a>!<\/h3>\n\n<h3 class=\"wp-block-heading\">SSS<\/h3>\n<div id=\"rank-math-faq\" class=\"rank-math-block\">\n<div class=\"rank-math-list \">\n<div id=\"faq-question-1684934878835\" class=\"rank-math-list-item\">\n<h3 class=\"rank-math-question \">Plazma tedavisi sa\u00e7 uzamas\u0131na yard\u0131mc\u0131 olur mu?<\/h3>\n<div class=\"rank-math-answer \">\n\n<p>Sa\u00e7lar i\u00e7in trombosit a\u00e7\u0131s\u0131ndan zengin plazma (PRP) tedavisi, sa\u00e7 b\u00fcy\u00fcmesini te\u015fvik etmede ve sa\u00e7 yo\u011funlu\u011funu iyile\u015ftirmede umut verici sonu\u00e7lar g\u00f6stermi\u015ftir. Hastadan az miktarda kan al\u0131nmas\u0131n\u0131, trombositten zengin plazmay\u0131 ay\u0131rmak i\u00e7in i\u015flenmesini ve ard\u0131ndan konsantre plazman\u0131n kafa derisine enjekte edilmesini i\u00e7erir.<\/p>\n\n<\/div>\n<\/div>\n<div id=\"faq-question-1684934871151\" class=\"rank-math-list-item\">\n<h3 class=\"rank-math-question \">Plazma tedavisi sa\u00e7a iyi gelir mi?<\/h3>\n<div class=\"rank-math-answer \">\n\n<p>Evet, plazma tedavisi sa\u00e7lar i\u00e7in faydal\u0131 olabilir.<\/p>\n\n<\/div>\n<\/div>\n<div id=\"faq-question-1684934961677\" class=\"rank-math-list-item\">\n<h3 class=\"rank-math-question \">Plazma tedavisi i\u015fe yarar m\u0131?<\/h3>\n<div class=\"rank-math-answer \">\n\n<p>Evet, plazma tedavisi, \u00f6zellikle trombosit a\u00e7\u0131s\u0131ndan zengin plazma (PRP) tedavisi, baz\u0131 durumlarda sa\u00e7 b\u00fcy\u00fcmesini te\u015fvik etmede ve sa\u00e7 yo\u011funlu\u011funu iyile\u015ftirmede etkili oldu\u011funu g\u00f6stermi\u015ftir. Ancak, bireysel sonu\u00e7lar de\u011fi\u015fiklik g\u00f6sterebilir. Bu tedavinin sa\u00e7 sorunlar\u0131n\u0131za uygun olup olmad\u0131\u011f\u0131n\u0131 belirlemek i\u00e7in kalifiye bir sa\u011fl\u0131k uzman\u0131na dan\u0131\u015fman\u0131z \u00f6nerilir.<\/p>\n\n<\/div>\n<\/div>\n<div id=\"faq-question-1684935038005\" class=\"rank-math-list-item\">\n<h3 class=\"rank-math-question \">PRP sa\u00e7 b\u00fcy\u00fcmesi i\u00e7in buna de\u011fer mi?<\/h3>\n<div class=\"rank-math-answer \">\n\n<p>Sa\u00e7 b\u00fcy\u00fcmesi i\u00e7in PRP tedavisinin de\u011feri, bireysel fakt\u00f6rlere ve beklentilere ba\u011fl\u0131 olarak de\u011fi\u015fir. Bu tedavinin \u00f6zel ihtiya\u00e7lar\u0131n\u0131za uygun olup olmad\u0131\u011f\u0131n\u0131 belirlemek i\u00e7in sa\u00e7 restorasyonu konusunda uzmanla\u015fm\u0131\u015f bir sa\u011fl\u0131k uzman\u0131na dan\u0131\u015fman\u0131z \u00f6nerilir.<\/p>\n\n<\/div>\n<\/div>\n<\/div>\n<\/div>\n<p><\/p>\n\n<h3 class=\"wp-block-heading\">Herhangi bir sorunuz olmas\u0131 durumunda hemen bizimle ileti\u015fime ge\u00e7in!<\/h3>\n","protected":false},"excerpt":{"rendered":"<p>Kronik a\u011fr\u0131n\u0131n sizi daha fazla geride tutmas\u0131na izin vermeyin. Plazma Tedavisini bug\u00fcn deneyin! Kronik a\u011fr\u0131larla veya \u00e7irkin cilt sorunlar\u0131yla u\u011fra\u015fmaktan [&hellip;]<\/p>\n","protected":false},"author":4,"featured_media":52953,"parent":0,"menu_order":0,"comment_status":"closed","ping_status":"closed","template":"","meta":{"site-sidebar-layout":"default","site-content-layout":"","ast-site-content-layout":"default","site-content-style":"default","site-sidebar-style":"default","ast-global-header-display":"","ast-banner-title-visibility":"","ast-main-header-display":"","ast-hfb-above-header-display":"","ast-hfb-below-header-display":"","ast-hfb-mobile-header-display":"","site-post-title":"","ast-breadcrumbs-content":"","ast-featured-img":"","footer-sml-layout":"","ast-disable-related-posts":"","theme-transparent-header-meta":"","adv-header-id-meta":"","stick-header-meta":"","header-above-stick-meta":"","header-main-stick-meta":"","header-below-stick-meta":"","astra-migrate-meta-layouts":"default","ast-page-background-enabled":"default","ast-page-background-meta":{"desktop":{"background-color":"var(--ast-global-color-4)","background-image":"","background-repeat":"repeat","background-position":"center center","background-size":"auto","background-attachment":"scroll","background-type":"","background-media":"","overlay-type":"","overlay-color":"","overlay-opacity":"","overlay-gradient":""},"tablet":{"background-color":"","background-image":"","background-repeat":"repeat","background-position":"center center","background-size":"auto","background-attachment":"scroll","background-type":"","background-media":"","overlay-type":"","overlay-color":"","overlay-opacity":"","overlay-gradient":""},"mobile":{"background-color":"","background-image":"","background-repeat":"repeat","background-position":"center center","background-size":"auto","background-attachment":"scroll","background-type":"","background-media":"","overlay-type":"","overlay-color":"","overlay-opacity":"","overlay-gradient":""}},"ast-content-background-meta":{"desktop":{"background-color":"var(--ast-global-color-5)","background-image":"","background-repeat":"repeat","background-position":"center center","background-size":"auto","background-attachment":"scroll","background-type":"","background-media":"","overlay-type":"","overlay-color":"","overlay-opacity":"","overlay-gradient":""},"tablet":{"background-color":"var(--ast-global-color-5)","background-image":"","background-repeat":"repeat","background-position":"center center","background-size":"auto","background-attachment":"scroll","background-type":"","background-media":"","overlay-type":"","overlay-color":"","overlay-opacity":"","overlay-gradient":""},"mobile":{"background-color":"var(--ast-global-color-5)","background-image":"","background-repeat":"repeat","background-position":"center center","background-size":"auto","background-attachment":"scroll","background-type":"","background-media":"","overlay-type":"","overlay-color":"","overlay-opacity":"","overlay-gradient":""}},"footnotes":""},"class_list":["post-146623","page","type-page","status-publish","has-post-thumbnail","hentry"],"_links":{"self":[{"href":"https:\/\/medclinics.com\/tr\/wp-json\/wp\/v2\/pages\/146623","targetHints":{"allow":["GET"]}}],"collection":[{"href":"https:\/\/medclinics.com\/tr\/wp-json\/wp\/v2\/pages"}],"about":[{"href":"https:\/\/medclinics.com\/tr\/wp-json\/wp\/v2\/types\/page"}],"author":[{"embeddable":true,"href":"https:\/\/medclinics.com\/tr\/wp-json\/wp\/v2\/users\/4"}],"replies":[{"embeddable":true,"href":"https:\/\/medclinics.com\/tr\/wp-json\/wp\/v2\/comments?post=146623"}],"version-history":[{"count":0,"href":"https:\/\/medclinics.com\/tr\/wp-json\/wp\/v2\/pages\/146623\/revisions"}],"wp:featuredmedia":[{"embeddable":true,"href":"https:\/\/medclinics.com\/tr\/wp-json\/wp\/v2\/media\/52953"}],"wp:attachment":[{"href":"https:\/\/medclinics.com\/tr\/wp-json\/wp\/v2\/media?parent=146623"}],"curies":[{"name":"wp","href":"https:\/\/api.w.org\/{rel}","templated":true}]}}