{"id":146611,"date":"2023-05-24T13:17:52","date_gmt":"2023-05-24T10:17:52","guid":{"rendered":"https:\/\/medclinics.com\/burun-dolgulari\/"},"modified":"2024-04-14T23:04:57","modified_gmt":"2024-04-14T20:04:57","slug":"burun-dolgulari","status":"publish","type":"page","link":"https:\/\/medclinics.com\/tr\/burun-dolgulari\/","title":{"rendered":"Burun Dolgular\u0131"},"content":{"rendered":"\n<h2 class=\"wp-block-heading\">Burnunuzun \u015feklinden veya g\u00f6r\u00fcn\u00fcm\u00fcnden memnun de\u011fil misiniz?<\/h2>\n\n<h3 class=\"wp-block-heading\">Burun dolgusu olarak da bilinen ameliyats\u0131z burun esteti\u011fini d\u00fc\u015f\u00fcn\u00fcn!<\/h3>\n\n<p>Bu kozmetik prosed\u00fcr, \u015feklini de\u011fi\u015ftirmek ve genel g\u00f6r\u00fcn\u00fcm\u00fcn\u00fc iyile\u015ftirmek i\u00e7in burna hyaluronik asitten yap\u0131lm\u0131\u015f dermal dolgu maddelerinin enjekte edilmesini i\u00e7erir.<\/p>\n\n<p>Minimum rahats\u0131zl\u0131k i\u00e7in lokal anestezi veya uyu\u015fturucu krem kullan\u0131larak kalifiye bir t\u0131p uzman\u0131 taraf\u0131ndan ger\u00e7ekle\u015ftirilen bu 15-30 dakikal\u0131k prosed\u00fcr, \u015fi\u015flikler, asimetri, burun u\u00e7lar\u0131n\u0131n kald\u0131r\u0131lmas\u0131 ve \u00e7\u00f6k\u00fck alanlara hacim kazand\u0131r\u0131lmas\u0131 gibi \u00e7e\u015fitli endi\u015feleri giderebilir.<\/p>\n\n<p>Sonu\u00e7lar an\u0131nda! Tedaviden hemen sonra, bireysel fakt\u00f6rlere ba\u011fl\u0131 olarak alt\u0131 ay ila iki y\u0131l aras\u0131nda s\u00fcren de\u011fi\u015fiklikler g\u00f6receksiniz. Burun dolgusu ge\u00e7ici olarak kabul edilir, \u00e7\u00fcnk\u00fc zaman i\u00e7inde yava\u015f yava\u015f par\u00e7alan\u0131r ve gerekirse ek enjeksiyonlara izin verir veya ameliyat gibi di\u011fer se\u00e7enekler daha fazla ara\u015ft\u0131r\u0131lmal\u0131d\u0131r.<\/p>\n\n<p>G\u00f6r\u00fcn\u00fc\u015f\u00fcn\u00fczden memnun olmaman\u0131z\u0131n sizi daha fazla engellemesine izin vermeyin &#8211; ameliyats\u0131z burun esteti\u011fini bug\u00fcn d\u00fc\u015f\u00fcn\u00fcn!<\/p>\n\n<figure class=\"wp-block-image size-full\"><img fetchpriority=\"high\" decoding=\"async\" width=\"780\" height=\"488\" src=\"https:\/\/medclinics.com\/wp-content\/uploads\/2024\/04\/nose-filler-beauty-salon-turkey.jpg\" alt=\"Burun Dolgusu G&#xFC;zellik Salonu T&#xFC;rkiye &#x130;stanbul\" class=\"wp-image-161573\" srcset=\"https:\/\/medclinics.com\/wp-content\/uploads\/2024\/04\/nose-filler-beauty-salon-turkey.jpg 780w, https:\/\/medclinics.com\/wp-content\/uploads\/2024\/04\/nose-filler-beauty-salon-turkey-300x188.jpg 300w, https:\/\/medclinics.com\/wp-content\/uploads\/2024\/04\/nose-filler-beauty-salon-turkey-768x480.jpg 768w\" sizes=\"(max-width: 780px) 100vw, 780px\" \/><\/figure>\n\n<h3 class=\"wp-block-heading\">Fiyat, bak\u0131m sonras\u0131 ve iyile\u015fme s\u00fcreci de dahil olmak \u00fczere <a href=\"https:\/\/medclinics.com\/tr\/guzellik\/\" target=\"_blank\" rel=\"noreferrer noopener\">g\u00fczellik tedavisi<\/a> hakk\u0131nda bilmeniz gereken her \u015fey burada, \u015fimdi <a href=\"#requestform\">bizimle ileti\u015fime<\/a> ge\u00e7in!<\/h3>\n\n<h3 class=\"wp-block-heading\">SSS<\/h3>\n<div id=\"rank-math-faq\" class=\"rank-math-block\">\n<div class=\"rank-math-list \">\n<div id=\"faq-question-1684933972371\" class=\"rank-math-list-item\">\n<h3 class=\"rank-math-question \">Burun dolgusu nas\u0131l \u00e7al\u0131\u015f\u0131r?<\/h3>\n<div class=\"rank-math-answer \">\n\n<p>Dermal dolgular olarak da bilinen burun dolgular\u0131, hacim ekleyerek ve burnu yeniden \u015fekillendirerek \u00e7al\u0131\u015f\u0131r. Dolgu maddeleri tipik olarak v\u00fccutta do\u011fal olarak bulunan bir madde olan hyaluronik asit i\u00e7erir. Prosed\u00fcr s\u0131ras\u0131nda dolgu maddesi, konturlar\u0131 yumu\u015fatmak, k\u00fc\u00e7\u00fck kusurlar\u0131 d\u00fczeltmek ve genel g\u00f6r\u00fcn\u00fcm\u00fc iyile\u015ftirmek i\u00e7in burnun belirli b\u00f6lgelerine enjekte edilir. Dolgu maddesi hacim ve yap\u0131 kazand\u0131rarak daha dengeli ve estetik a\u00e7\u0131dan ho\u015f bir burun \u015fekli elde edilmesini sa\u011flar. Burun dolgular\u0131n\u0131n etkileri hemen g\u00f6r\u00fcl\u00fcr ve sonu\u00e7lar kullan\u0131lan dolgu t\u00fcr\u00fcne ve bireysel fakt\u00f6rlere ba\u011fl\u0131 olarak birka\u00e7 aydan bir y\u0131la kadar s\u00fcrebilir.<\/p>\n\n<\/div>\n<\/div>\n<div id=\"faq-question-1684933938508\" class=\"rank-math-list-item\">\n<h3 class=\"rank-math-question \">Burun dolgular\u0131 g\u00fcvenli midir?<\/h3>\n<div class=\"rank-math-answer \">\n\n<p>Kalifiye bir profesyonel taraf\u0131ndan uyguland\u0131\u011f\u0131nda, burun dolgular\u0131 genellikle g\u00fcvenli kabul edilir. Bununla birlikte, her t\u0131bbi prosed\u00fcrde oldu\u011fu gibi, fark\u0131nda olunmas\u0131 gereken potansiyel riskler ve yan etkiler vard\u0131r. Bunlar ge\u00e7ici \u015fi\u015flik, k\u0131zar\u0131kl\u0131k, morarma ve rahats\u0131zl\u0131\u011f\u0131 i\u00e7erebilir.  <\/p>\n\n<\/div>\n<\/div>\n<div id=\"faq-question-1684934082824\" class=\"rank-math-list-item\">\n<h3 class=\"rank-math-question \">Burun dolgusu kal\u0131c\u0131 m\u0131d\u0131r?<\/h3>\n<div class=\"rank-math-answer \">\n\n<p>Burun dolgular\u0131n\u0131n etkileri ge\u00e7icidir ve sonu\u00e7lar\u0131n s\u00fcresi kullan\u0131lan dolgu t\u00fcr\u00fc, bireysel metabolizma ve ya\u015fam tarz\u0131 al\u0131\u015fkanl\u0131klar\u0131 gibi fakt\u00f6rlere ba\u011fl\u0131 olarak de\u011fi\u015febilir. Genellikle burun dolgular\u0131 birka\u00e7 aydan bir y\u0131la kadar veya daha uzun s\u00fcre dayanabilir. Zamanla dolgu maddesi yava\u015f yava\u015f par\u00e7alan\u0131r ve v\u00fccut taraf\u0131ndan do\u011fal olarak emilir. \u0130stenilen sonu\u00e7lar\u0131 korumak i\u00e7in tedavilerin tekrarlanmas\u0131 veya r\u00f6tu\u015flar gerekebilir.<\/p>\n\n<\/div>\n<\/div>\n<div id=\"faq-question-1684934083903\" class=\"rank-math-list-item\">\n<h3 class=\"rank-math-question \">Burun dolgusu buna de\u011fer mi?<\/h3>\n<div class=\"rank-math-answer \">\n\n<p>Burun dolgusunun buna de\u011fip de\u011fmeyece\u011fi, bireysel tercihlere ve hedeflere dayanan \u00f6znel bir karard\u0131r. Burun dolgular\u0131, burun g\u00f6r\u00fcn\u00fcm\u00fcn\u00fc iyile\u015ftirmek, k\u00fc\u00e7\u00fck kusurlar\u0131 gidermek ve daha dengeli bir g\u00f6r\u00fcn\u00fcm elde etmek i\u00e7in cerrahi olmayan bir se\u00e7enek olabilir. Bununla birlikte, maliyet, sonu\u00e7lar\u0131n ge\u00e7ici niteli\u011fi ve olas\u0131 riskler veya yan etkiler gibi fakt\u00f6rleri g\u00f6z \u00f6n\u00fcnde bulundurmak \u00f6nemlidir. Nitelikli bir sa\u011fl\u0131k uzman\u0131na dan\u0131\u015fmak, burun dolgular\u0131n\u0131n beklentilerinize uygun olup olmad\u0131\u011f\u0131n\u0131 ve istedi\u011finiz sonu\u00e7 i\u00e7in takip etmeye de\u011fer olup olmad\u0131\u011f\u0131n\u0131 belirlemenize yard\u0131mc\u0131 olabilir.<\/p>\n\n<\/div>\n<\/div>\n<div id=\"faq-question-1684934211227\" class=\"rank-math-list-item\">\n<h3 class=\"rank-math-question \">Burun dolgusu ac\u0131 verir mi?<\/h3>\n<div class=\"rank-math-answer \">\n\n<p>Burun dolgusu i\u015flemi s\u0131ras\u0131nda ya\u015fanan rahats\u0131zl\u0131k seviyesi ki\u015fiden ki\u015fiye de\u011fi\u015febilir. Bununla birlikte, bir\u00e7ok ki\u015fi tedavi s\u0131ras\u0131nda minimal a\u011fr\u0131 veya rahats\u0131zl\u0131k bildirmektedir. \u0130\u015flemden \u00f6nce, olas\u0131 rahats\u0131zl\u0131klar\u0131 en aza indirmeye yard\u0131mc\u0131 olmak i\u00e7in buruna topikal bir uyu\u015fturucu krem veya lokal anestezi uygulanabilir. Ek olarak, \u00e7o\u011fu burun dolgusu, enjeksiyon i\u015flemi s\u0131ras\u0131nda konforu daha da art\u0131rabilen bir uyu\u015fturucu madde olan lidokain i\u00e7erir. Baz\u0131 ki\u015filer enjeksiyonlar s\u0131ras\u0131nda hafif bir s\u0131k\u0131\u015fma veya bas\u0131n\u00e7 hissi duyabilirken, genellikle iyi tolere edilir.<\/p>\n\n<\/div>\n<\/div>\n<\/div>\n<\/div>\n<h3 class=\"wp-block-heading\">Herhangi bir sorunuz olmas\u0131 durumunda hemen bizimle ileti\u015fime ge\u00e7in!<\/h3>\n","protected":false},"excerpt":{"rendered":"<p>Burnunuzun \u015feklinden veya g\u00f6r\u00fcn\u00fcm\u00fcnden memnun de\u011fil misiniz? Burun dolgusu olarak da bilinen ameliyats\u0131z burun esteti\u011fini d\u00fc\u015f\u00fcn\u00fcn! Bu kozmetik prosed\u00fcr, \u015feklini [&hellip;]<\/p>\n","protected":false},"author":4,"featured_media":161579,"parent":0,"menu_order":0,"comment_status":"closed","ping_status":"closed","template":"","meta":{"site-sidebar-layout":"default","site-content-layout":"","ast-site-content-layout":"default","site-content-style":"default","site-sidebar-style":"default","ast-global-header-display":"","ast-banner-title-visibility":"","ast-main-header-display":"","ast-hfb-above-header-display":"","ast-hfb-below-header-display":"","ast-hfb-mobile-header-display":"","site-post-title":"","ast-breadcrumbs-content":"","ast-featured-img":"","footer-sml-layout":"","ast-disable-related-posts":"","theme-transparent-header-meta":"","adv-header-id-meta":"","stick-header-meta":"","header-above-stick-meta":"","header-main-stick-meta":"","header-below-stick-meta":"","astra-migrate-meta-layouts":"default","ast-page-background-enabled":"default","ast-page-background-meta":{"desktop":{"background-color":"var(--ast-global-color-4)","background-image":"","background-repeat":"repeat","background-position":"center center","background-size":"auto","background-attachment":"scroll","background-type":"","background-media":"","overlay-type":"","overlay-color":"","overlay-opacity":"","overlay-gradient":""},"tablet":{"background-color":"","background-image":"","background-repeat":"repeat","background-position":"center center","background-size":"auto","background-attachment":"scroll","background-type":"","background-media":"","overlay-type":"","overlay-color":"","overlay-opacity":"","overlay-gradient":""},"mobile":{"background-color":"","background-image":"","background-repeat":"repeat","background-position":"center center","background-size":"auto","background-attachment":"scroll","background-type":"","background-media":"","overlay-type":"","overlay-color":"","overlay-opacity":"","overlay-gradient":""}},"ast-content-background-meta":{"desktop":{"background-color":"var(--ast-global-color-5)","background-image":"","background-repeat":"repeat","background-position":"center center","background-size":"auto","background-attachment":"scroll","background-type":"","background-media":"","overlay-type":"","overlay-color":"","overlay-opacity":"","overlay-gradient":""},"tablet":{"background-color":"var(--ast-global-color-5)","background-image":"","background-repeat":"repeat","background-position":"center center","background-size":"auto","background-attachment":"scroll","background-type":"","background-media":"","overlay-type":"","overlay-color":"","overlay-opacity":"","overlay-gradient":""},"mobile":{"background-color":"var(--ast-global-color-5)","background-image":"","background-repeat":"repeat","background-position":"center center","background-size":"auto","background-attachment":"scroll","background-type":"","background-media":"","overlay-type":"","overlay-color":"","overlay-opacity":"","overlay-gradient":""}},"footnotes":""},"class_list":["post-146611","page","type-page","status-publish","has-post-thumbnail","hentry"],"_links":{"self":[{"href":"https:\/\/medclinics.com\/tr\/wp-json\/wp\/v2\/pages\/146611","targetHints":{"allow":["GET"]}}],"collection":[{"href":"https:\/\/medclinics.com\/tr\/wp-json\/wp\/v2\/pages"}],"about":[{"href":"https:\/\/medclinics.com\/tr\/wp-json\/wp\/v2\/types\/page"}],"author":[{"embeddable":true,"href":"https:\/\/medclinics.com\/tr\/wp-json\/wp\/v2\/users\/4"}],"replies":[{"embeddable":true,"href":"https:\/\/medclinics.com\/tr\/wp-json\/wp\/v2\/comments?post=146611"}],"version-history":[{"count":0,"href":"https:\/\/medclinics.com\/tr\/wp-json\/wp\/v2\/pages\/146611\/revisions"}],"wp:featuredmedia":[{"embeddable":true,"href":"https:\/\/medclinics.com\/tr\/wp-json\/wp\/v2\/media\/161579"}],"wp:attachment":[{"href":"https:\/\/medclinics.com\/tr\/wp-json\/wp\/v2\/media?parent=146611"}],"curies":[{"name":"wp","href":"https:\/\/api.w.org\/{rel}","templated":true}]}}