{"id":146591,"date":"2023-05-24T13:05:30","date_gmt":"2023-05-24T13:05:30","guid":{"rendered":"https:\/\/medclinics.com\/morpheus8-2\/"},"modified":"2024-04-04T19:32:33","modified_gmt":"2024-04-04T16:32:33","slug":"morpheus8-2","status":"publish","type":"page","link":"https:\/\/medclinics.com\/tr\/morpheus8-2\/","title":{"rendered":"Morpheus8"},"content":{"rendered":"\n<h2 class=\"wp-block-heading\">Morpheus 8 teknolojisi ile h\u0131zl\u0131 bir \u015fekilde g\u00f6r\u00fclen uzun s\u00fcreli iyile\u015ftirmeler istiyorsan\u0131z bug\u00fcn teredd\u00fct etmeyin!<\/h2>\n\n<p>Morpheus8, ciltlerini d\u00f6n\u00fc\u015ft\u00fcrebilecek minimal invaziv bir <a href=\"https:\/\/en.wikipedia.org\/wiki\/Aesthetic_medicine\" target=\"_blank\" rel=\"noreferrer noopener\">kozmetik<\/a> tedavi arayanlar i\u00e7in nihai \u00e7\u00f6z\u00fcmd\u00fcr. Bu devrim niteli\u011findeki prosed\u00fcr, k\u0131r\u0131\u015f\u0131kl\u0131klar, ince \u00e7izgiler, akne izleri, hiperpigmentasyon ve cilt sarkmas\u0131 gibi yayg\u0131n sorunlar\u0131 ele almak i\u00e7in mikroi\u011fneleme ile radyofrekans (RF) enerjisini birle\u015ftirir.<\/p>\n\n<p>Morpheus8 cihaz\u0131, RF enerjisini daha derin doku katmanlar\u0131na iletirken cildinizde mikro kanallar olu\u015fturmak i\u00e7in k\u00fc\u00e7\u00fck mikroi\u011fneler kullan\u0131r. Sonu\u00e7 mu? Kolajen \u00fcretimi ve yeniden \u015fekillenmesi artar, bu da daha s\u0131k\u0131 ve gen\u00e7le\u015fmi\u015f g\u00f6r\u00fcnen bir cilde yol a\u00e7ar &#8211; gen\u00e7 ve tazelenmi\u015f g\u00f6r\u00fcnmenizi sa\u011flar!<\/p>\n\n<p>Bu tedavinin en \u00f6nemli avantajlar\u0131ndan biri ki\u015fiselle\u015ftirilebilir olmas\u0131d\u0131r; uzmanlar\u0131m\u0131z kullan\u0131lan i\u011fnelerin derinli\u011fini ve yo\u011funluk seviyelerini her hastan\u0131n kendine \u00f6zg\u00fc ihtiya\u00e7lar\u0131na veya \u00f6zel durumlar\u0131na g\u00f6re ayarlayacakt\u0131r.<\/p>\n\n<p>Bir ba\u015fka faydas\u0131: yeni elastin liflerini de uyar\u0131r! Y\u00fcz\/boyun\/kol\/uyluk gibi \u00e7ok y\u00f6nl\u00fc b\u00f6lgelerde uygulanabilir &#8211; neden daha fazla bekleyesiniz ki?<\/p>\n\n<p>Minimal kesinti s\u00fcresi, \u00e7o\u011fu ki\u015finin tedaviyi ald\u0131ktan k\u0131sa bir s\u00fcre sonra, hastalar\u0131n kendileri taraf\u0131ndan belirlenen istenen sonu\u00e7 hedeflerine ba\u011fl\u0131 olarak birka\u00e7 seansta kademeli sonu\u00e7lar\u0131n al\u0131nd\u0131\u011f\u0131n\u0131 g\u00f6rmeden \u00f6nce di\u011fer prosed\u00fcrler gibi haftalar \/ aylar yerine sadece g\u00fcnler s\u00fcren tedavi sonras\u0131 d\u00f6nemde \u00f6nemli bir rahats\u0131zl\u0131k ya\u015famadan normal aktivitelerine devam edebilecekleri anlam\u0131na gelir.<\/p>\n\n<h3 class=\"wp-block-heading\">Fiyat, bak\u0131m sonras\u0131 ve iyile\u015fme s\u00fcreci de dahil olmak \u00fczere <a href=\"https:\/\/medclinics.com\/tr\/guzellik\/\" target=\"_blank\" rel=\"noreferrer noopener\">g\u00fczellik tedavisi<\/a> hakk\u0131nda bilmeniz gereken her \u015fey burada, <a href=\"#requestform\">bizimle ileti\u015fime<\/a> ge\u00e7in!<\/h3>\n\n<h3 class=\"wp-block-heading\">SSS<\/h3>\n<div id=\"rank-math-faq\" class=\"rank-math-block\">\n<div class=\"rank-math-list \">\n<div id=\"faq-question-1684933255901\" class=\"rank-math-list-item\">\n<h3 class=\"rank-math-question \">Morpheus8 nas\u0131l \u00e7al\u0131\u015f\u0131r?<\/h3>\n<div class=\"rank-math-answer \">\n\n<p>Morpheus8, kolajen \u00fcretimini uyarmak ve cildi yeniden \u015fekillendirmek i\u00e7in mikroi\u011fneleme ve radyofrekans (RF) enerjisini birle\u015ftiren son teknoloji bir cilt gen\u00e7le\u015ftirme tedavisidir. Prosed\u00fcr, RF enerjisi verirken ciltte mikro kanallar olu\u015fturan k\u00fc\u00e7\u00fck i\u011fnelere sahip bir el cihaz\u0131n\u0131 i\u00e7erir. Bu ikili etki, cildin daha derin katmanlar\u0131nda kontroll\u00fc bir termal hasar\u0131 tetikleyerek yeni kolajen ve elastin \u00fcretimini te\u015fvik eder. Bu da zamanla daha s\u0131k\u0131, daha p\u00fcr\u00fczs\u00fcz ve daha gen\u00e7 g\u00f6r\u00fcnen bir ciltle sonu\u00e7lan\u0131r. Morpheus8 k\u0131r\u0131\u015f\u0131kl\u0131klar, akne izleri ve cilt gev\u015fekli\u011fi gibi \u00e7e\u015fitli sorunlar\u0131 gidermek i\u00e7in uyarlanabilir ve ki\u015fiselle\u015ftirilmi\u015f tedavi i\u00e7in \u00f6zelle\u015ftirilebilir derinlik ve enerji seviyeleri sunar.<\/p>\n\n<\/div>\n<\/div>\n<div id=\"faq-question-1684933389832\" class=\"rank-math-list-item\">\n<h3 class=\"rank-math-question \">Morpheus8 g\u00fcvenli mi?<\/h3>\n<div class=\"rank-math-answer \">\n\n<p>Morpheus8, kalifiye ve deneyimli bir sa\u011fl\u0131k uzman\u0131 taraf\u0131ndan uyguland\u0131\u011f\u0131nda genellikle g\u00fcvenli kabul edilir. Cildi gen\u00e7le\u015ftirmek i\u00e7in mikroi\u011fneleme ve radyofrekans (RF) enerjisini birle\u015ftiren FDA onayl\u0131 bir prosed\u00fcrd\u00fcr. Bununla birlikte, her kozmetik prosed\u00fcrde oldu\u011fu gibi, fark\u0131nda olunmas\u0131 gereken potansiyel riskler ve yan etkiler vard\u0131r. Bunlar, tedavi edilen b\u00f6lgede ge\u00e7ici k\u0131zar\u0131kl\u0131k, \u015fi\u015fme, morarma ve hafif rahats\u0131zl\u0131k i\u00e7erebilir. Nadir durumlarda enfeksiyon veya cilt tahri\u015fi riski olabilir.<\/p>\n\n<\/div>\n<\/div>\n<div id=\"faq-question-1684933317297\" class=\"rank-math-list-item\">\n<h3 class=\"rank-math-question \">Morpheus8 buna de\u011fer mi?<\/h3>\n<div class=\"rank-math-answer \">\n\n<p>Morpheus8&#8217;in sizin i\u00e7in de\u011ferli olup olmad\u0131\u011f\u0131na karar vermek, bireysel ihtiya\u00e7lar\u0131n\u0131za ve beklentilerinize ba\u011fl\u0131d\u0131r. Bu yenilik\u00e7i cilt gen\u00e7le\u015ftirme tedavisi, \u00e7e\u015fitli cilt sorunlar\u0131n\u0131n iyile\u015ftirilmesinde umut verici sonu\u00e7lar g\u00f6stermi\u015ftir. \u00d6zellikle k\u0131r\u0131\u015f\u0131kl\u0131klar\u0131, akne izlerini ve cilt gev\u015fekli\u011fini gidermek isteyenler i\u00e7in faydal\u0131 olabilir. Bununla birlikte, tedavinin de\u011feri \u00f6zneldir ve istedi\u011finiz sonu\u00e7lar b\u00fct\u00e7eniz ve prosed\u00fcre girme iste\u011finiz gibi fakt\u00f6rlere ba\u011fl\u0131d\u0131r. Morpheus8&#8217;in buna de\u011fip de\u011fmeyece\u011fini belirlemek i\u00e7in kalifiye bir sa\u011fl\u0131k uzman\u0131na dan\u0131\u015fman\u0131z tavsiye edilir. Cilt durumunuzu de\u011ferlendirebilir, hedeflerinizi tart\u0131\u015fabilir ve size ki\u015fiselle\u015ftirilmi\u015f \u00f6neriler sunabilirler. Potansiyel faydalar\u0131, maliyetleri ve ilgili kesinti s\u00fcrelerini tam olarak anlayarak, Morpheus8&#8217;in beklentilerinizle uyumlu olup olmad\u0131\u011f\u0131 ve cilt gen\u00e7le\u015ftirme yolculu\u011funuz i\u00e7in takip etmeye de\u011fer olup olmad\u0131\u011f\u0131 konusunda bilin\u00e7li bir karar verebilirsiniz.<\/p>\n\n<\/div>\n<\/div>\n<div id=\"faq-question-1684933441203\" class=\"rank-math-list-item\">\n<h3 class=\"rank-math-question \">Morpheus8 ne kadar s\u00fcr\u00fcyor?<\/h3>\n<div class=\"rank-math-answer \">\n\n<p>Morpheus8 sonu\u00e7lar\u0131n\u0131n s\u00fcresi, bireysel cilt \u00f6zellikleri, ya\u015f, ya\u015fam tarz\u0131 ve uygun cilt bak\u0131m\u0131 gibi \u00e7e\u015fitli fakt\u00f6rlere ba\u011fl\u0131 olarak tipik olarak 9 ay ila 2 y\u0131l aras\u0131nda de\u011fi\u015febilir. Baz\u0131 bireyler daha uzun s\u00fcreli sonu\u00e7lar deneyimleyebilse de, etkilerin uzun \u00f6m\u00fcrl\u00fcl\u00fc\u011f\u00fcn\u00fcn ki\u015fiden ki\u015fiye de\u011fi\u015febilece\u011fini unutmamak \u00f6nemlidir.<\/p>\n\n<\/div>\n<\/div>\n<\/div>\n<\/div>\n<p><\/p>\n\n<h3 class=\"wp-block-heading\">Herhangi bir sorunuz olmas\u0131 durumunda hemen bizimle ileti\u015fime ge\u00e7in!<\/h3>\n","protected":false},"excerpt":{"rendered":"<p>Morpheus 8 teknolojisi ile h\u0131zl\u0131 bir \u015fekilde g\u00f6r\u00fclen uzun s\u00fcreli iyile\u015ftirmeler istiyorsan\u0131z bug\u00fcn teredd\u00fct etmeyin! Morpheus8, ciltlerini d\u00f6n\u00fc\u015ft\u00fcrebilecek minimal invaziv [&hellip;]<\/p>\n","protected":false},"author":4,"featured_media":98793,"parent":0,"menu_order":0,"comment_status":"closed","ping_status":"closed","template":"","meta":{"site-sidebar-layout":"default","site-content-layout":"","ast-site-content-layout":"default","site-content-style":"default","site-sidebar-style":"default","ast-global-header-display":"","ast-banner-title-visibility":"","ast-main-header-display":"","ast-hfb-above-header-display":"","ast-hfb-below-header-display":"","ast-hfb-mobile-header-display":"","site-post-title":"","ast-breadcrumbs-content":"","ast-featured-img":"","footer-sml-layout":"","ast-disable-related-posts":"","theme-transparent-header-meta":"","adv-header-id-meta":"","stick-header-meta":"","header-above-stick-meta":"","header-main-stick-meta":"","header-below-stick-meta":"","astra-migrate-meta-layouts":"default","ast-page-background-enabled":"default","ast-page-background-meta":{"desktop":{"background-color":"var(--ast-global-color-4)","background-image":"","background-repeat":"repeat","background-position":"center center","background-size":"auto","background-attachment":"scroll","background-type":"","background-media":"","overlay-type":"","overlay-color":"","overlay-opacity":"","overlay-gradient":""},"tablet":{"background-color":"","background-image":"","background-repeat":"repeat","background-position":"center center","background-size":"auto","background-attachment":"scroll","background-type":"","background-media":"","overlay-type":"","overlay-color":"","overlay-opacity":"","overlay-gradient":""},"mobile":{"background-color":"","background-image":"","background-repeat":"repeat","background-position":"center center","background-size":"auto","background-attachment":"scroll","background-type":"","background-media":"","overlay-type":"","overlay-color":"","overlay-opacity":"","overlay-gradient":""}},"ast-content-background-meta":{"desktop":{"background-color":"var(--ast-global-color-5)","background-image":"","background-repeat":"repeat","background-position":"center center","background-size":"auto","background-attachment":"scroll","background-type":"","background-media":"","overlay-type":"","overlay-color":"","overlay-opacity":"","overlay-gradient":""},"tablet":{"background-color":"var(--ast-global-color-5)","background-image":"","background-repeat":"repeat","background-position":"center center","background-size":"auto","background-attachment":"scroll","background-type":"","background-media":"","overlay-type":"","overlay-color":"","overlay-opacity":"","overlay-gradient":""},"mobile":{"background-color":"var(--ast-global-color-5)","background-image":"","background-repeat":"repeat","background-position":"center center","background-size":"auto","background-attachment":"scroll","background-type":"","background-media":"","overlay-type":"","overlay-color":"","overlay-opacity":"","overlay-gradient":""}},"footnotes":""},"class_list":["post-146591","page","type-page","status-publish","has-post-thumbnail","hentry"],"_links":{"self":[{"href":"https:\/\/medclinics.com\/tr\/wp-json\/wp\/v2\/pages\/146591","targetHints":{"allow":["GET"]}}],"collection":[{"href":"https:\/\/medclinics.com\/tr\/wp-json\/wp\/v2\/pages"}],"about":[{"href":"https:\/\/medclinics.com\/tr\/wp-json\/wp\/v2\/types\/page"}],"author":[{"embeddable":true,"href":"https:\/\/medclinics.com\/tr\/wp-json\/wp\/v2\/users\/4"}],"replies":[{"embeddable":true,"href":"https:\/\/medclinics.com\/tr\/wp-json\/wp\/v2\/comments?post=146591"}],"version-history":[{"count":0,"href":"https:\/\/medclinics.com\/tr\/wp-json\/wp\/v2\/pages\/146591\/revisions"}],"wp:featuredmedia":[{"embeddable":true,"href":"https:\/\/medclinics.com\/tr\/wp-json\/wp\/v2\/media\/98793"}],"wp:attachment":[{"href":"https:\/\/medclinics.com\/tr\/wp-json\/wp\/v2\/media?parent=146591"}],"curies":[{"name":"wp","href":"https:\/\/api.w.org\/{rel}","templated":true}]}}