{"id":146587,"date":"2023-05-24T12:54:53","date_gmt":"2023-05-24T09:54:53","guid":{"rendered":"https:\/\/medclinics.com\/lumecca-5\/"},"modified":"2024-04-04T19:32:40","modified_gmt":"2024-04-04T16:32:40","slug":"lumecca-5","status":"publish","type":"page","link":"https:\/\/medclinics.com\/tr\/lumecca-5\/","title":{"rendered":"Lumecca"},"content":{"rendered":"\n<h2 class=\"wp-block-heading\">Cildinizi gen\u00e7le\u015ftirmek veya pigmentasyon d\u00fczensizliklerinin g\u00f6r\u00fcn\u00fcm\u00fcn\u00fc azaltmak istiyorsan\u0131z, Lumecca tam da ihtiyac\u0131n\u0131z olan \u015fey olabilir!<\/h2>\n\n<p>Lumecca, \u00e7e\u015fitli cilt sorunlar\u0131n\u0131 ele alabilen ola\u011fan\u00fcst\u00fc bir <a href=\"https:\/\/en.wikipedia.org\/wiki\/Intense_pulsed_light\" target=\"_blank\" rel=\"noreferrer noopener\">yo\u011fun at\u0131ml\u0131 \u0131\u015f\u0131k<\/a> (IPL) tedavisi y\u00f6ntemidir. Bu non-invaziv prosed\u00fcr, belirli cilt ko\u015fullar\u0131n\u0131 etkili bir \u015fekilde hedeflemek i\u00e7in geni\u015f spektrumlu \u0131\u015f\u0131\u011f\u0131n y\u00fcksek yo\u011funluklu darbelerini kullan\u0131r, bu da onu parlak ve gen\u00e7 g\u00f6r\u00fcn\u00fcml\u00fc bir cilt arayanlar i\u00e7in pop\u00fcler bir se\u00e7im haline getirir.<\/p>\n\n<p>Bu el cihaz\u0131yla yap\u0131lan bir seans s\u0131ras\u0131nda, y\u00fcz\u00fcn\u00fczde veya v\u00fccudunuzda hedeflenen b\u00f6lgelere \u0131\u015f\u0131k fla\u015flar\u0131 yaymak, h\u00fccrelere derinlemesine n\u00fcfuz edecek ve burada \u0131s\u0131narak zaman i\u00e7inde kademeli olarak par\u00e7alanmalar\u0131na neden olacak; do\u011fal iyile\u015fme tepkilerini uyararak tedavi edilen b\u00f6lgelerde daha iyi sonu\u00e7lara yol a\u00e7acakt\u0131r.<\/p>\n\n<p>Baz\u0131 ki\u015filer tek bir tedaviden sonra istedikleri sonuca ula\u015fabilirken, di\u011ferlerinin bireysel ihtiya\u00e7lara ba\u011fl\u0131 olarak birka\u00e7 hafta arayla birden fazla seansa ihtiya\u00e7 duyabilece\u011fini ve bu durumun, her bir ki\u015finin benzersiz gereksinimlerine g\u00f6re \u00f6zel olarak uyarlanm\u0131\u015f uygun planlar\u0131 \u00f6nermeden \u00f6nce riskleri ve faydalar\u0131 de\u011ferlendirebilecek nitelikli profesyoneller taraf\u0131ndan her zaman \u00f6nceden tart\u0131\u015f\u0131lmas\u0131 gerekti\u011fini unutmamak \u00f6nemlidir!<\/p>\n\n<h3 class=\"wp-block-heading\">Fiyat, bak\u0131m sonras\u0131 ve iyile\u015fme s\u00fcreci dahil olmak \u00fczere <a href=\"https:\/\/medclinics.com\/tr\/guzellik\/\" target=\"_blank\" rel=\"noreferrer noopener\">g\u00fczellik tedavisi<\/a> hakk\u0131nda bilmeniz gereken her \u015fey veya <a href=\"#requestform\">bizimle ileti\u015fime<\/a> ge\u00e7in!<\/h3>\n\n<h3 class=\"wp-block-heading\">SSS<\/h3>\n<div id=\"rank-math-faq\" class=\"rank-math-block\">\n<div class=\"rank-math-list \">\n<div id=\"faq-question-1684932444387\" class=\"rank-math-list-item\">\n<h3 class=\"rank-math-question \">Lumecca g\u00fcvenli mi?<\/h3>\n<div class=\"rank-math-answer \">\n\n<p>Yo\u011fun darbeli \u0131\u015f\u0131k (IPL) tedavisi olan Lumecca, kalifiye bir profesyonel taraf\u0131ndan uyguland\u0131\u011f\u0131nda genellikle g\u00fcvenli kabul edilir. Yayg\u0131n yan etkiler aras\u0131nda ge\u00e7ici k\u0131zar\u0131kl\u0131k, \u015fi\u015fme veya hafif rahats\u0131zl\u0131k yer al\u0131r ve bunlar genellikle birka\u00e7 g\u00fcn i\u00e7inde azal\u0131r. Ciddi komplikasyonlar nadirdir ancak yan\u0131klar veya cilt pigmentasyonunda de\u011fi\u015fiklikler i\u00e7erebilir.<\/p>\n\n<\/div>\n<\/div>\n<div id=\"faq-question-1684932547476\" class=\"rank-math-list-item\">\n<h3 class=\"rank-math-question \">Lumecca kal\u0131c\u0131 m\u0131?<\/h3>\n<div class=\"rank-math-answer \">\n\n<p>Lumecca kal\u0131c\u0131 bir tedavi olarak kabul edilmez. Cildin g\u00f6r\u00fcn\u00fcm\u00fcnde \u00f6nemli iyile\u015fmeler sa\u011flayabilirken, sonu\u00e7lar\u0131n uzun \u00f6m\u00fcrl\u00fcl\u00fc\u011f\u00fc ki\u015fiden ki\u015fiye de\u011fi\u015febilir. Bireysel cilt \u00f6zellikleri, ya\u015fam tarz\u0131 se\u00e7imleri ve s\u00fcrekli g\u00fcne\u015fe maruz kalma gibi fakt\u00f6rler Lumecca&#8217;n\u0131n sonu\u00e7lar\u0131n\u0131n ne kadar s\u00fcrece\u011fini etkileyebilir. Lumecca, g\u00fcne\u015f hasar\u0131, ya\u015fl\u0131l\u0131k lekeleri, vask\u00fcler lezyonlar ve e\u015fit olmayan cilt tonu gibi endi\u015feleri gidermeye yard\u0131mc\u0131 olabilir. Bununla birlikte, g\u00fcne\u015fe maruz kalma, ya\u015flanma veya ya\u015fam tarz\u0131 al\u0131\u015fkanl\u0131klar\u0131 gibi fakt\u00f6rler nedeniyle zamanla yeni cilt hasar\u0131 veya renk de\u011fi\u015fikli\u011fi meydana gelebilir. Sonu\u00e7lar\u0131 korumak ve Lumecca&#8217;n\u0131n faydalar\u0131n\u0131 en \u00fcst d\u00fczeye \u00e7\u0131karmak i\u00e7in uygun bir cilt bak\u0131m rutini uygulamak, cildi g\u00fcne\u015ften korumak ve sa\u011fl\u0131k uzman\u0131n\u0131z taraf\u0131ndan \u00f6nerilen bak\u0131m tedavilerini dikkate almak \u00f6nemlidir.<\/p>\n\n<\/div>\n<\/div>\n<div id=\"faq-question-1684932548821\" class=\"rank-math-list-item\">\n<h3 class=\"rank-math-question \">Lumecca sonu\u00e7lar\u0131 ne kadar s\u00fcrer?<\/h3>\n<div class=\"rank-math-answer \">\n\n<p>Ortalama olarak, Lumecca&#8217;n\u0131n sonu\u00e7lar\u0131 birka\u00e7 aydan bir y\u0131la kadar veya daha fazla s\u00fcrebilir. Ancak, bireysel deneyimlerin farkl\u0131l\u0131k g\u00f6sterebilece\u011fini unutmamak \u00f6nemlidir. Cilt tipi, ya\u015fam tarz\u0131 se\u00e7imleri ve s\u00fcrekli g\u00fcne\u015fe maruz kalma gibi fakt\u00f6rler sonu\u00e7lar\u0131n uzun \u00f6m\u00fcrl\u00fc olmas\u0131n\u0131 etkileyebilir.<\/p>\n\n<\/div>\n<\/div>\n<div id=\"faq-question-1684932825426\" class=\"rank-math-list-item\">\n<h3 class=\"rank-math-question \">Lumecca&#8217;dan sonra cilde ne olur?<\/h3>\n<div class=\"rank-math-answer \">\n\n<p>Bir Lumecca tedavisi g\u00f6rd\u00fckten sonra, cilt \u00fczerinde baz\u0131 ani ve m\u00fcteakip etkiler bekleyebilirsiniz. \u0130\u015flemden hemen sonra, tedavi edilen b\u00f6lgede ge\u00e7ici k\u0131zar\u0131kl\u0131k yayg\u0131nd\u0131r ve tipik olarak birka\u00e7 saat ila birka\u00e7 g\u00fcn i\u00e7inde azal\u0131r. Takip eden g\u00fcnlerde, hedeflenen pigmentli lezyonlar\u0131n par\u00e7aland\u0131\u011f\u0131n\u0131 g\u00f6steren, tedavi edilen b\u00f6lgelerde koyula\u015fma fark edebilirsiniz. Cilt do\u011fal bir pul pul d\u00f6k\u00fclme s\u00fcrecine girdi\u011finden ciltte pullanma veya d\u00f6k\u00fclme meydana gelebilir. Bu s\u00fcre zarf\u0131nda cildi toplamaktan veya ka\u015f\u0131maktan ka\u00e7\u0131nmak \u00f6nemlidir. G\u00fcne\u015f hasar\u0131 ve ya\u015fl\u0131l\u0131k lekeleri gibi hedeflenen cilt sorunlar\u0131nda, tedaviyi takip eden haftalarda kademeli iyile\u015fmeler g\u00f6zlemlenebilir ve bu da daha e\u015fit ve gen\u00e7le\u015fmi\u015f bir cilt ile sonu\u00e7lan\u0131r.<\/p>\n\n<\/div>\n<\/div>\n<\/div>\n<\/div>\n<p><\/p>\n\n<h3 class=\"wp-block-heading\">Herhangi bir sorunuz olmas\u0131 durumunda hemen bizimle ileti\u015fime ge\u00e7in!<\/h3>\n","protected":false},"excerpt":{"rendered":"<p>Cildinizi gen\u00e7le\u015ftirmek veya pigmentasyon d\u00fczensizliklerinin g\u00f6r\u00fcn\u00fcm\u00fcn\u00fc azaltmak istiyorsan\u0131z, Lumecca tam da ihtiyac\u0131n\u0131z olan \u015fey olabilir! Lumecca, \u00e7e\u015fitli cilt sorunlar\u0131n\u0131 ele [&hellip;]<\/p>\n","protected":false},"author":4,"featured_media":92920,"parent":0,"menu_order":0,"comment_status":"closed","ping_status":"closed","template":"","meta":{"site-sidebar-layout":"default","site-content-layout":"","ast-site-content-layout":"default","site-content-style":"default","site-sidebar-style":"default","ast-global-header-display":"","ast-banner-title-visibility":"","ast-main-header-display":"","ast-hfb-above-header-display":"","ast-hfb-below-header-display":"","ast-hfb-mobile-header-display":"","site-post-title":"","ast-breadcrumbs-content":"","ast-featured-img":"","footer-sml-layout":"","ast-disable-related-posts":"","theme-transparent-header-meta":"","adv-header-id-meta":"","stick-header-meta":"","header-above-stick-meta":"","header-main-stick-meta":"","header-below-stick-meta":"","astra-migrate-meta-layouts":"default","ast-page-background-enabled":"default","ast-page-background-meta":{"desktop":{"background-color":"var(--ast-global-color-4)","background-image":"","background-repeat":"repeat","background-position":"center center","background-size":"auto","background-attachment":"scroll","background-type":"","background-media":"","overlay-type":"","overlay-color":"","overlay-opacity":"","overlay-gradient":""},"tablet":{"background-color":"","background-image":"","background-repeat":"repeat","background-position":"center center","background-size":"auto","background-attachment":"scroll","background-type":"","background-media":"","overlay-type":"","overlay-color":"","overlay-opacity":"","overlay-gradient":""},"mobile":{"background-color":"","background-image":"","background-repeat":"repeat","background-position":"center center","background-size":"auto","background-attachment":"scroll","background-type":"","background-media":"","overlay-type":"","overlay-color":"","overlay-opacity":"","overlay-gradient":""}},"ast-content-background-meta":{"desktop":{"background-color":"var(--ast-global-color-5)","background-image":"","background-repeat":"repeat","background-position":"center center","background-size":"auto","background-attachment":"scroll","background-type":"","background-media":"","overlay-type":"","overlay-color":"","overlay-opacity":"","overlay-gradient":""},"tablet":{"background-color":"var(--ast-global-color-5)","background-image":"","background-repeat":"repeat","background-position":"center center","background-size":"auto","background-attachment":"scroll","background-type":"","background-media":"","overlay-type":"","overlay-color":"","overlay-opacity":"","overlay-gradient":""},"mobile":{"background-color":"var(--ast-global-color-5)","background-image":"","background-repeat":"repeat","background-position":"center center","background-size":"auto","background-attachment":"scroll","background-type":"","background-media":"","overlay-type":"","overlay-color":"","overlay-opacity":"","overlay-gradient":""}},"footnotes":""},"class_list":["post-146587","page","type-page","status-publish","has-post-thumbnail","hentry"],"_links":{"self":[{"href":"https:\/\/medclinics.com\/tr\/wp-json\/wp\/v2\/pages\/146587","targetHints":{"allow":["GET"]}}],"collection":[{"href":"https:\/\/medclinics.com\/tr\/wp-json\/wp\/v2\/pages"}],"about":[{"href":"https:\/\/medclinics.com\/tr\/wp-json\/wp\/v2\/types\/page"}],"author":[{"embeddable":true,"href":"https:\/\/medclinics.com\/tr\/wp-json\/wp\/v2\/users\/4"}],"replies":[{"embeddable":true,"href":"https:\/\/medclinics.com\/tr\/wp-json\/wp\/v2\/comments?post=146587"}],"version-history":[{"count":0,"href":"https:\/\/medclinics.com\/tr\/wp-json\/wp\/v2\/pages\/146587\/revisions"}],"wp:featuredmedia":[{"embeddable":true,"href":"https:\/\/medclinics.com\/tr\/wp-json\/wp\/v2\/media\/92920"}],"wp:attachment":[{"href":"https:\/\/medclinics.com\/tr\/wp-json\/wp\/v2\/media?parent=146587"}],"curies":[{"name":"wp","href":"https:\/\/api.w.org\/{rel}","templated":true}]}}