{"id":146575,"date":"2023-05-24T12:42:23","date_gmt":"2023-05-24T09:42:23","guid":{"rendered":"https:\/\/medclinics.com\/lipoliz-tedavileri\/"},"modified":"2024-04-01T15:28:19","modified_gmt":"2024-04-01T12:28:19","slug":"lipoliz-tedavileri","status":"publish","type":"page","link":"https:\/\/medclinics.com\/tr\/lipoliz-tedavileri\/","title":{"rendered":"Lipoliz Tedavileri"},"content":{"rendered":"\n<h2 class=\"wp-block-heading\">Diyet ve egzersize ra\u011fmen belirli b\u00f6lgelerdeki inat\u00e7\u0131 ya\u011flardan kurtulmakta zorlan\u0131yor musunuz? Lipoliz tedavileri sizin i\u00e7in \u00e7\u00f6z\u00fcm olabilir.<\/h2>\n\n<p>Bu t\u0131bbi veya kozmetik prosed\u00fcrler, genellikle geleneksel kilo verme y\u00f6ntemlerine diren\u00e7li olabilen lokalize ya\u011f birikintilerini hedef almak i\u00e7in tasarlanm\u0131\u015ft\u0131r.<\/p>\n\n<p>Her biri kendine \u00f6zg\u00fc bir yakla\u015f\u0131ma sahip olan \u00e7e\u015fitli <a href=\"https:\/\/en.wikipedia.org\/wiki\/Lipolysis\" target=\"_blank\" rel=\"noreferrer noopener\">lipoliz<\/a> tedavileri mevcuttur. Enjeksiyon lipolizi, zaman i\u00e7inde ya\u011f h\u00fccrelerini par\u00e7alayan maddelerin do\u011frudan ya\u011f dokusuna enjekte edilmesini i\u00e7erir. Lazer lipoliz, istenmeyen ya\u011flar\u0131 s\u0131v\u0131la\u015ft\u0131rmak ve k\u00fc\u00e7\u00fck bir kesi yoluyla veya v\u00fccut taraf\u0131ndan do\u011fal olarak ortadan kald\u0131rmak i\u00e7in lazer enerjisi kullan\u0131r. Ultrason lipoliz, ultrason dalgalar\u0131n\u0131 kullanarak hedeflenen ya\u011f h\u00fccrelerini bozar, b\u00f6ylece metabolize edilmeden ve sisteminizden at\u0131lmadan \u00f6nce par\u00e7alan\u0131r ve i\u00e7eriklerini serbest b\u0131rak\u0131rlar.<\/p>\n\n<p>Bu etkili tedavi se\u00e7eneklerini genel bir kilo verme stratejisi olarak kar\u0131\u015ft\u0131rmamak, bunun yerine v\u00fccudunuzun belirli b\u00f6lgelerini estetik olarak \u015fekillendirmeyi ve gerekti\u011finde fazla ya\u011flar\u0131 azaltmay\u0131 ama\u00e7layan kapsaml\u0131 bir plan\u0131n par\u00e7as\u0131 olarak d\u00fc\u015f\u00fcnmek \u00f6nemlidir. Bu t\u00fcr prosed\u00fcrlerin, bireysel ihtiya\u00e7lara en uygun olup olmad\u0131\u011f\u0131n\u0131 belirleyecek olan sa\u011fl\u0131k hizmeti sa\u011flay\u0131c\u0131lar\u0131na dan\u0131\u015f\u0131ld\u0131ktan sonra yaln\u0131zca kalifiye profesyoneller taraf\u0131ndan uygulanmas\u0131 \u015fiddetle tavsiye edilir!<\/p>\n\n<h3 class=\"wp-block-heading\">Fiyat ve daha fazlas\u0131 dahil olmak \u00fczere <a href=\"https:\/\/medclinics.com\/tr\/guzellik\/\" target=\"_blank\" rel=\"noreferrer noopener\">g\u00fczellik bak\u0131m\u0131<\/a> hakk\u0131nda bilmeniz gereken her \u015fey burada, <a href=\"#requestform\">bizimle ileti\u015fime<\/a> ge\u00e7in!<\/h3>\n\n<h2 class=\"wp-block-heading\">SSS <\/h2>\n<div id=\"rank-math-faq\" class=\"rank-math-block\">\n<div class=\"rank-math-list \">\n<div id=\"faq-question-1684931785598\" class=\"rank-math-list-item\">\n<h3 class=\"rank-math-question \">Lipoliz nedir?<\/h3>\n<div class=\"rank-math-answer \">\n\n<p>Lokalize ya\u011f birikintilerini eritmek ve azaltmak i\u00e7in v\u00fccudun belirli b\u00f6lgelerine bir \u00e7\u00f6zeltinin enjekte edilmesini i\u00e7eren kozmetik bir tedavidir. Sol\u00fcsyon tipik olarak ya\u011f h\u00fccrelerini par\u00e7alamak i\u00e7in \u00e7al\u0131\u015fan fosfatidilkolin ve deoksikolik asit gibi maddeler i\u00e7erir. Prosed\u00fcr genellikle kar\u0131n, uyluk, kal\u00e7a ve \u00e7ene gibi b\u00f6lgeleri hedef almak i\u00e7in kullan\u0131l\u0131r. Lipoliz enjeksiyonlar\u0131, inat\u00e7\u0131 ya\u011f ceplerinin g\u00f6r\u00fcn\u00fcm\u00fcn\u00fc azaltarak v\u00fccudu \u015fekillendirmeyi ve \u015fekillendirmeyi ama\u00e7lamaktad\u0131r.  <\/p>\n\n<\/div>\n<\/div>\n<div id=\"faq-question-1684931739942\" class=\"rank-math-list-item\">\n<h3 class=\"rank-math-question \">Lipoliz enjeksiyonlar\u0131 g\u00fcvenli midir?<\/h3>\n<div class=\"rank-math-answer \">\n\n<p>Lipoliz veya ya\u011f eritici enjeksiyonlar, kalifiye bir profesyonel taraf\u0131ndan yap\u0131ld\u0131\u011f\u0131nda g\u00fcvenli olabilir. Bununla birlikte, ge\u00e7ici \u015fi\u015flik, morarma ve enfeksiyon veya cilt d\u00fczensizlikleri gibi nadir komplikasyonlar da dahil olmak \u00fczere potansiyel riskler ve yan etkiler vard\u0131r. Sayg\u0131n bir sa\u011flay\u0131c\u0131 se\u00e7mek ve i\u015flemden \u00f6nce herhangi bir t\u0131bbi durumu veya alerjiyi a\u00e7\u0131klamak \u00f6nemlidir.<\/p>\n\n<\/div>\n<\/div>\n<div id=\"faq-question-1684931856598\" class=\"rank-math-list-item\">\n<h3 class=\"rank-math-question \">Lipoliz nas\u0131l \u00e7al\u0131\u015f\u0131r?<\/h3>\n<div class=\"rank-math-answer \">\n\n<p>Ya\u011f h\u00fccrelerini par\u00e7alamak ve \u00e7\u00f6zmek i\u00e7in v\u00fccudun belirli b\u00f6lgelerine bir \u00e7\u00f6zelti enjekte ederek \u00e7al\u0131\u015f\u0131r. \u00c7\u00f6zelti, ya\u011f h\u00fccresi zarlar\u0131n\u0131 bozarak depolanm\u0131\u015f ya\u011flar\u0131 serbest b\u0131rakmalar\u0131na neden olur. Serbest kalan bu ya\u011f daha sonra metabolize edilir ve v\u00fccuttan at\u0131l\u0131r. Sonu\u00e7, tedavi edilen b\u00f6lgede daha ince ve daha konturlu bir g\u00f6r\u00fcn\u00fcmd\u00fcr. Lipolizin etkinli\u011fini ve uzun vadeli sonu\u00e7lar\u0131n\u0131 en \u00fcst d\u00fczeye \u00e7\u0131karmak i\u00e7in sa\u011fl\u0131kl\u0131 bir ya\u015fam tarz\u0131 s\u00fcrd\u00fcrmek \u00f6nemlidir.<\/p>\n\n<\/div>\n<\/div>\n<div id=\"faq-question-1684931955241\" class=\"rank-math-list-item\">\n<h3 class=\"rank-math-question \">Lipoliz kal\u0131c\u0131 m\u0131d\u0131r?<\/h3>\n<div class=\"rank-math-answer \">\n\n<p>Lipoliz tedavileri genellikle yar\u0131 kal\u0131c\u0131 olarak kabul edilir. Prosed\u00fcr, hedeflenen b\u00f6lgedeki ya\u011f h\u00fccrelerini par\u00e7alayarak ve ortadan kald\u0131rarak \u00e7al\u0131\u015f\u0131r. Bu ya\u011f h\u00fccreleri al\u0131nd\u0131ktan sonra tipik olarak yeniden olu\u015fmaz veya geri gelmezler. Bununla birlikte, ki\u015finin gelecekte kilo almas\u0131 durumunda v\u00fccutta yeni ya\u011f h\u00fccrelerinin olu\u015fmaya devam edebilece\u011fini unutmamak \u00f6nemlidir. Sonu\u00e7lar\u0131 korumak i\u00e7in, tedavi edilen b\u00f6lgelerde yeni ya\u011f birikimini \u00f6nlemek amac\u0131yla d\u00fczenli egzersiz ve dengeli beslenme de dahil olmak \u00fczere sa\u011fl\u0131kl\u0131 bir ya\u015fam tarz\u0131 benimsemek \u00f6nemlidir. Ayr\u0131ca, bireysel sonu\u00e7lar de\u011fi\u015fiklik g\u00f6sterebilir ve istenen sonuca ula\u015fmak i\u00e7in birden fazla tedavi seans\u0131 gerekebilir.<\/p>\n\n<\/div>\n<\/div>\n<\/div>\n<\/div>\n<p><\/p>\n\n<h3 class=\"wp-block-heading\">Herhangi bir sorunuz olmas\u0131 durumunda hemen bizimle ileti\u015fime ge\u00e7in!<\/h3>\n","protected":false},"excerpt":{"rendered":"<p>Diyet ve egzersize ra\u011fmen belirli b\u00f6lgelerdeki inat\u00e7\u0131 ya\u011flardan kurtulmakta zorlan\u0131yor musunuz? Lipoliz tedavileri sizin i\u00e7in \u00e7\u00f6z\u00fcm olabilir. Bu t\u0131bbi veya [&hellip;]<\/p>\n","protected":false},"author":4,"featured_media":92906,"parent":0,"menu_order":0,"comment_status":"closed","ping_status":"closed","template":"","meta":{"site-sidebar-layout":"default","site-content-layout":"","ast-site-content-layout":"default","site-content-style":"default","site-sidebar-style":"default","ast-global-header-display":"","ast-banner-title-visibility":"","ast-main-header-display":"","ast-hfb-above-header-display":"","ast-hfb-below-header-display":"","ast-hfb-mobile-header-display":"","site-post-title":"","ast-breadcrumbs-content":"","ast-featured-img":"","footer-sml-layout":"","ast-disable-related-posts":"","theme-transparent-header-meta":"","adv-header-id-meta":"","stick-header-meta":"","header-above-stick-meta":"","header-main-stick-meta":"","header-below-stick-meta":"","astra-migrate-meta-layouts":"default","ast-page-background-enabled":"default","ast-page-background-meta":{"desktop":{"background-color":"var(--ast-global-color-4)","background-image":"","background-repeat":"repeat","background-position":"center center","background-size":"auto","background-attachment":"scroll","background-type":"","background-media":"","overlay-type":"","overlay-color":"","overlay-opacity":"","overlay-gradient":""},"tablet":{"background-color":"","background-image":"","background-repeat":"repeat","background-position":"center center","background-size":"auto","background-attachment":"scroll","background-type":"","background-media":"","overlay-type":"","overlay-color":"","overlay-opacity":"","overlay-gradient":""},"mobile":{"background-color":"","background-image":"","background-repeat":"repeat","background-position":"center center","background-size":"auto","background-attachment":"scroll","background-type":"","background-media":"","overlay-type":"","overlay-color":"","overlay-opacity":"","overlay-gradient":""}},"ast-content-background-meta":{"desktop":{"background-color":"var(--ast-global-color-5)","background-image":"","background-repeat":"repeat","background-position":"center center","background-size":"auto","background-attachment":"scroll","background-type":"","background-media":"","overlay-type":"","overlay-color":"","overlay-opacity":"","overlay-gradient":""},"tablet":{"background-color":"var(--ast-global-color-5)","background-image":"","background-repeat":"repeat","background-position":"center center","background-size":"auto","background-attachment":"scroll","background-type":"","background-media":"","overlay-type":"","overlay-color":"","overlay-opacity":"","overlay-gradient":""},"mobile":{"background-color":"var(--ast-global-color-5)","background-image":"","background-repeat":"repeat","background-position":"center center","background-size":"auto","background-attachment":"scroll","background-type":"","background-media":"","overlay-type":"","overlay-color":"","overlay-opacity":"","overlay-gradient":""}},"footnotes":""},"class_list":["post-146575","page","type-page","status-publish","has-post-thumbnail","hentry"],"_links":{"self":[{"href":"https:\/\/medclinics.com\/tr\/wp-json\/wp\/v2\/pages\/146575","targetHints":{"allow":["GET"]}}],"collection":[{"href":"https:\/\/medclinics.com\/tr\/wp-json\/wp\/v2\/pages"}],"about":[{"href":"https:\/\/medclinics.com\/tr\/wp-json\/wp\/v2\/types\/page"}],"author":[{"embeddable":true,"href":"https:\/\/medclinics.com\/tr\/wp-json\/wp\/v2\/users\/4"}],"replies":[{"embeddable":true,"href":"https:\/\/medclinics.com\/tr\/wp-json\/wp\/v2\/comments?post=146575"}],"version-history":[{"count":0,"href":"https:\/\/medclinics.com\/tr\/wp-json\/wp\/v2\/pages\/146575\/revisions"}],"wp:featuredmedia":[{"embeddable":true,"href":"https:\/\/medclinics.com\/tr\/wp-json\/wp\/v2\/media\/92906"}],"wp:attachment":[{"href":"https:\/\/medclinics.com\/tr\/wp-json\/wp\/v2\/media?parent=146575"}],"curies":[{"name":"wp","href":"https:\/\/api.w.org\/{rel}","templated":true}]}}