{"id":146565,"date":"2023-05-24T12:30:12","date_gmt":"2023-05-24T09:30:12","guid":{"rendered":"https:\/\/medclinics.com\/dudak-mezoterapisi\/"},"modified":"2024-04-01T15:28:19","modified_gmt":"2024-04-01T12:28:19","slug":"dudak-mezoterapisi","status":"publish","type":"page","link":"https:\/\/medclinics.com\/tr\/dudak-mezoterapisi\/","title":{"rendered":"Dudak Mezoterapisi"},"content":{"rendered":"\n<h2 class=\"wp-block-heading\">Sizi ya\u015f\u0131n\u0131zdan daha b\u00fcy\u00fck g\u00f6steren ince ve cans\u0131z dudaklardan s\u0131k\u0131ld\u0131n\u0131z m\u0131? Dudak Mezoterapisi daha dolgun, daha gen\u00e7 bir dudak elde etmek i\u00e7in \u00e7\u00f6z\u00fcmd\u00fcr.<\/h2>\n\n<p>Bu kozmetik prosed\u00fcr, dudaklar\u0131n \u015feklini, hacmini ve dokusunu geli\u015ftirmek i\u00e7in vitaminler, mineraller, amino asitler ve di\u011fer maddelerden olu\u015fan \u00f6zenle haz\u0131rlanm\u0131\u015f bir kar\u0131\u015f\u0131m\u0131n do\u011frudan dudak b\u00f6lgesine enjekte edilmesini i\u00e7erir.<\/p>\n\n<p>Her enjeksiyonda kullan\u0131lan bile\u015fenler, deneyimli bir uygulay\u0131c\u0131 taraf\u0131ndan belirlenen \u00f6zel ihtiya\u00e7lar\u0131n\u0131z\u0131 kar\u015f\u0131layacak \u015fekilde uyarlan\u0131r. Hyaluronik asit dolgunlu\u011fu desteklerken nemlendirir; <a href=\"https:\/\/en.wikipedia.org\/wiki\/Antioxidant\" target=\"_blank\" data-type=\"URL\" data-id=\"https:\/\/en.wikipedia.org\/wiki\/Antioxidant\" rel=\"noreferrer noopener\">antioksidanlar<\/a> cilt sa\u011fl\u0131\u011f\u0131n\u0131 destekleyerek tatl\u0131 g\u00f6r\u00fcn\u00fcml\u00fc dudaklar sa\u011flar!<\/p>\n\n<p>Dudak mezoterapisi, genel anestezi olmadan ayakta tedavi edilen bir seansta tamamlanabilir! Tedavi ba\u015flamadan \u00f6nce topikal bir uyu\u015fturma maddesi uygulanabilir, b\u00f6ylece herhangi bir rahats\u0131zl\u0131k en iyi ihtimalle minimum d\u00fczeyde olacakt\u0131r &#8211; istenen sonuca ba\u011fl\u0131 olarak birden fazla seans gerekli olmakla birlikte seans ba\u015f\u0131na 30 dakika-1 saat sonra sadece \u00e7arp\u0131c\u0131 sonu\u00e7lar b\u0131rakacakt\u0131r.<\/p>\n\n<p>Tedavi sonras\u0131 sa\u011flanan bak\u0131m talimatlar\u0131, ge\u00e7ici \u015fi\u015flik veya morarma gibi yan etkileri en aza indirerek uygun iyile\u015fmeyi sa\u011flar, bu da tamamland\u0131ktan sonraki g\u00fcnler i\u00e7inde \u00e7\u00f6z\u00fclmelidir, ancak bu t\u00fcr bir kozmetik geli\u015ftirmeyi d\u00fc\u015f\u00fcn\u00fcrken her zaman optimum ba\u015far\u0131 i\u00e7in ne gerekti\u011fini anlayan nitelikli uygulay\u0131c\u0131lara dan\u0131\u015f\u0131n.<\/p>\n\n<p>Daha dolgun g\u00f6r\u00fcnen tatl\u0131 dudaklarla \u00f6zg\u00fcveni geri getirmeye nas\u0131l yard\u0131mc\u0131 olabilece\u011fimiz konusunda bug\u00fcn bize dan\u0131\u015f\u0131n!<\/p>\n\n<h3 class=\"wp-block-heading\">Fiyat, bak\u0131m sonras\u0131 ve iyile\u015fme s\u00fcreci dahil olmak \u00fczere <a href=\"https:\/\/medclinics.com\/tr\/guzellik\/\" target=\"_blank\" rel=\"noreferrer noopener\">g\u00fczellik tedavisi<\/a> hakk\u0131nda bilmeniz gereken her \u015fey veya <a href=\"#requestform\">bizimle ileti\u015fime<\/a> ge\u00e7in!<\/h3>\n\n<h2 class=\"wp-block-heading\">SSS <\/h2>\n<div id=\"rank-math-faq\" class=\"rank-math-block\">\n<div class=\"rank-math-list \">\n<div id=\"faq-question-1684930699023\" class=\"rank-math-list-item\">\n<h3 class=\"rank-math-question \">Dudak mezoterapisi nedir?<\/h3>\n<div class=\"rank-math-answer \">\n\n<p>Dudak mezoterapisi, g\u00f6r\u00fcn\u00fcmlerini iyile\u015ftirmek i\u00e7in dudaklara vitamin, mineral ve di\u011fer maddelerden olu\u015fan bir kar\u0131\u015f\u0131m\u0131n enjekte edilmesini i\u00e7eren kozmetik bir prosed\u00fcrd\u00fcr. Tedavi dudaklar\u0131 nemlendirmeyi, dolgunla\u015ft\u0131rmay\u0131 ve gen\u00e7le\u015ftirmeyi, ince \u00e7izgilerin ve k\u0131r\u0131\u015f\u0131kl\u0131klar\u0131n g\u00f6r\u00fcn\u00fcm\u00fcn\u00fc azaltmay\u0131 ama\u00e7lar. Optimal sonu\u00e7lar i\u00e7in genellikle birden fazla seans \u00f6nerilir.<\/p>\n\n<\/div>\n<\/div>\n<div id=\"faq-question-1684930941350\" class=\"rank-math-list-item\">\n<h3 class=\"rank-math-question \">Dudak mezoterapisi g\u00fcvenli midir?<\/h3>\n<div class=\"rank-math-answer \">\n\n<p>Kalifiye bir profesyonel taraf\u0131ndan uyguland\u0131\u011f\u0131nda, dudak mezoterapisi genellikle g\u00fcvenli kabul edilir. \u015ei\u015fme veya morarma gibi ge\u00e7ici yan etkiler ortaya \u00e7\u0131kabilir, ancak bunlar genellikle birka\u00e7 g\u00fcn i\u00e7inde d\u00fczelir. Sayg\u0131n bir sa\u011flay\u0131c\u0131 se\u00e7mek ve i\u015flemden \u00f6nce herhangi bir t\u0131bbi durumu veya alerjiyi a\u00e7\u0131klamak \u00f6nemlidir.<\/p>\n\n<\/div>\n<\/div>\n<div id=\"faq-question-1684931037154\" class=\"rank-math-list-item\">\n<h3 class=\"rank-math-question \">Dudak enjeksiyonlar\u0131n\u0131n riskleri nelerdir?<\/h3>\n<div class=\"rank-math-answer \">\n\n<p>Dudak enjeksiyonlar\u0131 genellikle g\u00fcvenli olmakla birlikte, birka\u00e7 potansiyel risk ve yan etki ta\u015f\u0131r. Bunlar, yayg\u0131n olan ve birka\u00e7 g\u00fcn i\u00e7inde azalan ge\u00e7ici \u015fi\u015flik ve morarmay\u0131 i\u00e7erir. Dolgu maddelerine kar\u015f\u0131 alerjik reaksiyonlar nadir olmakla birlikte m\u00fcmk\u00fcnd\u00fcr, bu nedenle bilinen alerjilerin a\u00e7\u0131klanmas\u0131 \u00f6nemlidir. Ayr\u0131ca k\u00fc\u00e7\u00fck bir enfeksiyon, asimetri veya e\u015fit olmayan sonu\u00e7 riski de vard\u0131r. Nadir durumlarda, genellikle ek tedavilerle \u00e7\u00f6z\u00fclebilen nod\u00fcller veya yumrular olu\u015fabilir. Vask\u00fcler komplikasyonlar, son derece nadir olmakla birlikte, bir olas\u0131l\u0131kt\u0131r. Riskleri en aza indirmek i\u00e7in, sayg\u0131n bir sa\u011flay\u0131c\u0131 se\u00e7mek ve bak\u0131m sonras\u0131 talimatlar\u0131n\u0131 takip etmek \u00e7ok \u00f6nemlidir.<\/p>\n\n<\/div>\n<\/div>\n<div id=\"faq-question-1684931116410\" class=\"rank-math-list-item\">\n<h3 class=\"rank-math-question \">Mezoterapi yanl\u0131\u015f gidebilir mi?<\/h3>\n<div class=\"rank-math-answer \">\n\n<p>Komplikasyon riskini art\u0131rabilecek fakt\u00f6rler aras\u0131nda yanl\u0131\u015f uygulama, steril olmayan ekipman veya madde kullan\u0131m\u0131 veya enjekte edilen maddelere kar\u015f\u0131 alerjik reaksiyonlar yer almaktad\u0131r. Olumsuz etki riskini en aza indirmek i\u00e7in, uygun protokolleri izleyen ve steril teknikler kullanan nitelikli ve deneyimli bir sa\u011fl\u0131k uzman\u0131n\u0131n se\u00e7ilmesi \u00f6nemlidir.<\/p>\n\n<\/div>\n<\/div>\n<\/div>\n<\/div>\n<p><\/p>\n\n<h3 class=\"wp-block-heading\">Herhangi bir sorunuz olmas\u0131 durumunda hemen bizimle ileti\u015fime ge\u00e7in!<\/h3>\n","protected":false},"excerpt":{"rendered":"<p>Sizi ya\u015f\u0131n\u0131zdan daha b\u00fcy\u00fck g\u00f6steren ince ve cans\u0131z dudaklardan s\u0131k\u0131ld\u0131n\u0131z m\u0131? Dudak Mezoterapisi daha dolgun, daha gen\u00e7 bir dudak elde [&hellip;]<\/p>\n","protected":false},"author":4,"featured_media":92892,"parent":0,"menu_order":0,"comment_status":"closed","ping_status":"closed","template":"","meta":{"site-sidebar-layout":"default","site-content-layout":"","ast-site-content-layout":"default","site-content-style":"default","site-sidebar-style":"default","ast-global-header-display":"","ast-banner-title-visibility":"","ast-main-header-display":"","ast-hfb-above-header-display":"","ast-hfb-below-header-display":"","ast-hfb-mobile-header-display":"","site-post-title":"","ast-breadcrumbs-content":"","ast-featured-img":"","footer-sml-layout":"","ast-disable-related-posts":"","theme-transparent-header-meta":"","adv-header-id-meta":"","stick-header-meta":"","header-above-stick-meta":"","header-main-stick-meta":"","header-below-stick-meta":"","astra-migrate-meta-layouts":"default","ast-page-background-enabled":"default","ast-page-background-meta":{"desktop":{"background-color":"var(--ast-global-color-4)","background-image":"","background-repeat":"repeat","background-position":"center center","background-size":"auto","background-attachment":"scroll","background-type":"","background-media":"","overlay-type":"","overlay-color":"","overlay-opacity":"","overlay-gradient":""},"tablet":{"background-color":"","background-image":"","background-repeat":"repeat","background-position":"center center","background-size":"auto","background-attachment":"scroll","background-type":"","background-media":"","overlay-type":"","overlay-color":"","overlay-opacity":"","overlay-gradient":""},"mobile":{"background-color":"","background-image":"","background-repeat":"repeat","background-position":"center center","background-size":"auto","background-attachment":"scroll","background-type":"","background-media":"","overlay-type":"","overlay-color":"","overlay-opacity":"","overlay-gradient":""}},"ast-content-background-meta":{"desktop":{"background-color":"var(--ast-global-color-5)","background-image":"","background-repeat":"repeat","background-position":"center center","background-size":"auto","background-attachment":"scroll","background-type":"","background-media":"","overlay-type":"","overlay-color":"","overlay-opacity":"","overlay-gradient":""},"tablet":{"background-color":"var(--ast-global-color-5)","background-image":"","background-repeat":"repeat","background-position":"center center","background-size":"auto","background-attachment":"scroll","background-type":"","background-media":"","overlay-type":"","overlay-color":"","overlay-opacity":"","overlay-gradient":""},"mobile":{"background-color":"var(--ast-global-color-5)","background-image":"","background-repeat":"repeat","background-position":"center center","background-size":"auto","background-attachment":"scroll","background-type":"","background-media":"","overlay-type":"","overlay-color":"","overlay-opacity":"","overlay-gradient":""}},"footnotes":""},"class_list":["post-146565","page","type-page","status-publish","has-post-thumbnail","hentry"],"_links":{"self":[{"href":"https:\/\/medclinics.com\/tr\/wp-json\/wp\/v2\/pages\/146565","targetHints":{"allow":["GET"]}}],"collection":[{"href":"https:\/\/medclinics.com\/tr\/wp-json\/wp\/v2\/pages"}],"about":[{"href":"https:\/\/medclinics.com\/tr\/wp-json\/wp\/v2\/types\/page"}],"author":[{"embeddable":true,"href":"https:\/\/medclinics.com\/tr\/wp-json\/wp\/v2\/users\/4"}],"replies":[{"embeddable":true,"href":"https:\/\/medclinics.com\/tr\/wp-json\/wp\/v2\/comments?post=146565"}],"version-history":[{"count":0,"href":"https:\/\/medclinics.com\/tr\/wp-json\/wp\/v2\/pages\/146565\/revisions"}],"wp:featuredmedia":[{"embeddable":true,"href":"https:\/\/medclinics.com\/tr\/wp-json\/wp\/v2\/media\/92892"}],"wp:attachment":[{"href":"https:\/\/medclinics.com\/tr\/wp-json\/wp\/v2\/media?parent=146565"}],"curies":[{"name":"wp","href":"https:\/\/api.w.org\/{rel}","templated":true}]}}