{"id":146553,"date":"2023-05-24T12:15:13","date_gmt":"2023-05-24T09:15:13","guid":{"rendered":"https:\/\/medclinics.com\/dudak-dolgulari\/"},"modified":"2024-04-04T19:21:39","modified_gmt":"2024-04-04T16:21:39","slug":"dudak-dolgulari","status":"publish","type":"page","link":"https:\/\/medclinics.com\/tr\/dudak-dolgulari\/","title":{"rendered":"Dudak Dolgular\u0131"},"content":{"rendered":"\n<h2 class=\"wp-block-heading\">Dudaklar\u0131n g\u00f6r\u00fcn\u00fcm\u00fcn\u00fc iyile\u015ftirmek ve daha do\u011fal bir g\u00f6r\u00fcn\u00fcm elde etmek i\u00e7in bir yol ar\u0131yorsan\u0131z, Dudak Dolgular\u0131 harika bir \u00e7\u00f6z\u00fcm olabilir.<\/h2>\n\n<p>Dudak dolgular\u0131, hacim ve \u015fekil kazand\u0131rarak dudaklar\u0131n\u0131n g\u00f6r\u00fcn\u00fcm\u00fcn\u00fc iyile\u015ftirmek isteyenler i\u00e7in m\u00fckemmel bir kozmetik se\u00e7enektir. Bu prosed\u00fcrler tipik olarak v\u00fccudumuzda bulunan ve cildin nemini ve elastikiyetini korumaya yard\u0131mc\u0131 olan do\u011fal bir madde olan hyaluronik asit kullan\u0131m\u0131n\u0131 i\u00e7erir.<\/p>\n\n<p>\u0130\u015flem, istenen etkiyi elde etmenize yard\u0131mc\u0131 olabilecek e\u011fitimli t\u0131p uzmanlar\u0131n\u0131n hassasiyetiyle dudaklar\u0131n\u0131z\u0131n belirli b\u00f6lgelerine <a href=\"https:\/\/en.wikipedia.org\/wiki\/Injectable_filler\" target=\"_blank\" rel=\"noreferrer noopener\">dolgu maddesi enjekte<\/a> edilmesini i\u00e7erir. Daha dolgun, daha dolgun g\u00f6r\u00fcn\u00fcml\u00fc dudaklar\u0131n yan\u0131 s\u0131ra dudak s\u0131n\u0131rlar\u0131n\u0131 belirlemek veya a\u011f\u0131z b\u00f6lgenizdeki ince \u00e7izgileri azaltmak istiyorsan\u0131z bu tedavi m\u00fckemmeldir.<\/p>\n\n<p>Ge\u00e7ici olmakla birlikte, bu tedaviler nispeten h\u0131zl\u0131 (15-30 dakika) olan ek bak\u0131m seanslar\u0131 gerektirmeden \u00f6nce birka\u00e7 ay s\u00fcrer. Bu s\u00fcre zarf\u0131nda hafif bir rahats\u0131zl\u0131k hissedebilirsiniz, ancak a\u011fr\u0131 seviyelerini m\u00fcmk\u00fcn oldu\u011funca en aza indirmek i\u00e7in topikal \/ enjekte edilebilir anestezi se\u00e7enekleri mevcuttur.<\/p>\n\n<p>\u0130\u011fnelerin v\u00fccuda girdi\u011fi her prosed\u00fcrde oldu\u011fu gibi \u015fi\u015fme, morarma, k\u0131zar\u0131kl\u0131k, ge\u00e7ici asimetri gibi potansiyel riskler vard\u0131r; ancak enfeksiyon, alerjik reaksiyonlar, vask\u00fcler sorunlar gibi ciddi komplikasyonlar genel olarak nadir g\u00f6r\u00fclen olaylar olmaya devam etmektedir ve bu da her zaman \u00f6nceden dudak dolgusu prosed\u00fcrlerini uygulama konusunda deneyimli nitelikli t\u0131p uzmanlar\u0131na dan\u0131\u015fmay\u0131 \u00f6nemli k\u0131lmaktad\u0131r.<\/p>\n\n<h3 class=\"wp-block-heading\">Fiyat, bak\u0131m sonras\u0131 ve iyile\u015fme s\u00fcreci dahil olmak \u00fczere <a href=\"https:\/\/medclinics.com\/tr\/guzellik\/\" target=\"_blank\" rel=\"noreferrer noopener\">g\u00fczellik tedavisi<\/a> hakk\u0131nda bilmeniz gereken her \u015fey veya <a href=\"#requestform\">bizimle ileti\u015fime<\/a> ge\u00e7in!<\/h3>\n\n<h2 class=\"wp-block-heading\">SSS <\/h2>\n<div id=\"rank-math-faq\" class=\"rank-math-block\">\n<div class=\"rank-math-list \">\n<div id=\"faq-question-1684929939394\" class=\"rank-math-list-item\">\n<h3 class=\"rank-math-question \">Dudak dolgusu enjeksiyonlar\u0131 a\u011fr\u0131l\u0131 m\u0131d\u0131r?<\/h3>\n<div class=\"rank-math-answer \">\n\n<p>Dudak dolgusu enjeksiyonlar\u0131 bir miktar rahats\u0131zl\u0131\u011fa neden olabilse de, sa\u011fl\u0131k uzmanlar\u0131 genellikle a\u011fr\u0131y\u0131 en aza indirmek i\u00e7in uyu\u015fturucu kremler ve lokal anestezi gibi teknikler kullan\u0131r. Rahats\u0131zl\u0131k seviyesi ki\u015fiden ki\u015fiye de\u011fi\u015fir, ancak genellikle tolere edilebilir ve ge\u00e7icidir. Endi\u015felerinizi \u00f6nceden sa\u011fl\u0131k uzman\u0131n\u0131zla g\u00f6r\u00fc\u015fmeniz, i\u015flem s\u0131ras\u0131nda rahat olman\u0131z\u0131 sa\u011flamaya yard\u0131mc\u0131 olabilir.<\/p>\n\n<\/div>\n<\/div>\n<div id=\"faq-question-1684930064994\" class=\"rank-math-list-item\">\n<h3 class=\"rank-math-question \">Dudak dolgular\u0131 g\u00fcvenli midir?<\/h3>\n<div class=\"rank-math-answer \">\n\n<p>Hyaluronik asit i\u00e7eren dudak dolgusu enjeksiyonlar\u0131, deneyimli bir sa\u011fl\u0131k uzman\u0131 taraf\u0131ndan yap\u0131ld\u0131\u011f\u0131nda genellikle g\u00fcvenli kabul edilir. Bununla birlikte, ge\u00e7ici \u015fi\u015flik, morarma veya nadir g\u00f6r\u00fclen sorunlar gibi d\u00fc\u015f\u00fcn\u00fclmesi gereken riskler ve yan etkiler vard\u0131r. Tedaviden \u00f6nce, g\u00fcvenilir bir uzman se\u00e7mek ve herhangi bir t\u0131bbi endi\u015feyi veya alerjiyi a\u00e7\u0131klamak \u00f6nemlidir.<\/p>\n\n<\/div>\n<\/div>\n<div id=\"faq-question-1684930245700\" class=\"rank-math-list-item\">\n<h3 class=\"rank-math-question \">Dudak dolgusu kal\u0131c\u0131 m\u0131d\u0131r?<\/h3>\n<div class=\"rank-math-answer \">\n\n<p>Dudak dolgusu enjeksiyonlar\u0131n\u0131n etkileri tipik olarak birka\u00e7 ay s\u00fcrer ve sonu\u00e7lar kullan\u0131lan dolgu maddesi t\u00fcr\u00fc, bireysel metabolizma ve ya\u015fam tarz\u0131 fakt\u00f6rleri gibi fakt\u00f6rlere ba\u011fl\u0131 olarak de\u011fi\u015fir. \u0130stenen sonu\u00e7lar\u0131 korumak i\u00e7in genellikle takip tedavileri \u00f6nerilir. Ticari bir sa\u011flay\u0131c\u0131 olarak, dudak hacmini ve \u015feklini geli\u015ftirmek i\u00e7in dudak dolgusu tedavileri sunuyoruz ve tercihlerinize g\u00f6re \u00f6zelle\u015ftirilebilen do\u011fal g\u00f6r\u00fcn\u00fcml\u00fc sonu\u00e7lar sa\u011fl\u0131yoruz. Deneyimli profesyonellerimiz s\u00fcre\u00e7 boyunca size rehberlik edebilir ve istedi\u011finiz dudak geli\u015ftirme hedeflerine ula\u015fman\u0131za yard\u0131mc\u0131 olabilir.<\/p>\n\n<\/div>\n<\/div>\n<div id=\"faq-question-1684930382950\" class=\"rank-math-list-item\">\n<h3 class=\"rank-math-question \">Dudak dolgusu ne kadar s\u00fcrer?<\/h3>\n<div class=\"rank-math-answer \">\n\n<p>Dudak dolgusu enjeksiyonlar\u0131 tipik olarak 6 ila 12 ay aras\u0131nda s\u00fcrer, ancak bireysel sonu\u00e7lar de\u011fi\u015febilir. \u0130stenen sonu\u00e7lar\u0131 korumak i\u00e7in d\u00fczenli r\u00f6tu\u015f tedavileri \u00f6nerilir.<\/p>\n\n<\/div>\n<\/div>\n<\/div>\n<\/div>\n<p><\/p>\n\n<h3 class=\"wp-block-heading\">Herhangi bir sorunuz olmas\u0131 durumunda hemen bizimle ileti\u015fime ge\u00e7in!<\/h3>\n","protected":false},"excerpt":{"rendered":"<p>Dudaklar\u0131n g\u00f6r\u00fcn\u00fcm\u00fcn\u00fc iyile\u015ftirmek ve daha do\u011fal bir g\u00f6r\u00fcn\u00fcm elde etmek i\u00e7in bir yol ar\u0131yorsan\u0131z, Dudak Dolgular\u0131 harika bir \u00e7\u00f6z\u00fcm olabilir. [&hellip;]<\/p>\n","protected":false},"author":4,"featured_media":92875,"parent":0,"menu_order":0,"comment_status":"closed","ping_status":"closed","template":"","meta":{"site-sidebar-layout":"default","site-content-layout":"","ast-site-content-layout":"default","site-content-style":"default","site-sidebar-style":"default","ast-global-header-display":"","ast-banner-title-visibility":"","ast-main-header-display":"","ast-hfb-above-header-display":"","ast-hfb-below-header-display":"","ast-hfb-mobile-header-display":"","site-post-title":"","ast-breadcrumbs-content":"","ast-featured-img":"","footer-sml-layout":"","ast-disable-related-posts":"","theme-transparent-header-meta":"","adv-header-id-meta":"","stick-header-meta":"","header-above-stick-meta":"","header-main-stick-meta":"","header-below-stick-meta":"","astra-migrate-meta-layouts":"default","ast-page-background-enabled":"default","ast-page-background-meta":{"desktop":{"background-color":"var(--ast-global-color-4)","background-image":"","background-repeat":"repeat","background-position":"center center","background-size":"auto","background-attachment":"scroll","background-type":"","background-media":"","overlay-type":"","overlay-color":"","overlay-opacity":"","overlay-gradient":""},"tablet":{"background-color":"","background-image":"","background-repeat":"repeat","background-position":"center center","background-size":"auto","background-attachment":"scroll","background-type":"","background-media":"","overlay-type":"","overlay-color":"","overlay-opacity":"","overlay-gradient":""},"mobile":{"background-color":"","background-image":"","background-repeat":"repeat","background-position":"center center","background-size":"auto","background-attachment":"scroll","background-type":"","background-media":"","overlay-type":"","overlay-color":"","overlay-opacity":"","overlay-gradient":""}},"ast-content-background-meta":{"desktop":{"background-color":"var(--ast-global-color-5)","background-image":"","background-repeat":"repeat","background-position":"center center","background-size":"auto","background-attachment":"scroll","background-type":"","background-media":"","overlay-type":"","overlay-color":"","overlay-opacity":"","overlay-gradient":""},"tablet":{"background-color":"var(--ast-global-color-5)","background-image":"","background-repeat":"repeat","background-position":"center center","background-size":"auto","background-attachment":"scroll","background-type":"","background-media":"","overlay-type":"","overlay-color":"","overlay-opacity":"","overlay-gradient":""},"mobile":{"background-color":"var(--ast-global-color-5)","background-image":"","background-repeat":"repeat","background-position":"center center","background-size":"auto","background-attachment":"scroll","background-type":"","background-media":"","overlay-type":"","overlay-color":"","overlay-opacity":"","overlay-gradient":""}},"footnotes":""},"class_list":["post-146553","page","type-page","status-publish","has-post-thumbnail","hentry"],"_links":{"self":[{"href":"https:\/\/medclinics.com\/tr\/wp-json\/wp\/v2\/pages\/146553","targetHints":{"allow":["GET"]}}],"collection":[{"href":"https:\/\/medclinics.com\/tr\/wp-json\/wp\/v2\/pages"}],"about":[{"href":"https:\/\/medclinics.com\/tr\/wp-json\/wp\/v2\/types\/page"}],"author":[{"embeddable":true,"href":"https:\/\/medclinics.com\/tr\/wp-json\/wp\/v2\/users\/4"}],"replies":[{"embeddable":true,"href":"https:\/\/medclinics.com\/tr\/wp-json\/wp\/v2\/comments?post=146553"}],"version-history":[{"count":0,"href":"https:\/\/medclinics.com\/tr\/wp-json\/wp\/v2\/pages\/146553\/revisions"}],"wp:featuredmedia":[{"embeddable":true,"href":"https:\/\/medclinics.com\/tr\/wp-json\/wp\/v2\/media\/92875"}],"wp:attachment":[{"href":"https:\/\/medclinics.com\/tr\/wp-json\/wp\/v2\/media?parent=146553"}],"curies":[{"name":"wp","href":"https:\/\/api.w.org\/{rel}","templated":true}]}}