{"id":146541,"date":"2023-05-24T11:57:47","date_gmt":"2023-05-24T08:57:47","guid":{"rendered":"https:\/\/medclinics.com\/cene-lipolizi\/"},"modified":"2024-04-01T15:18:34","modified_gmt":"2024-04-01T12:18:34","slug":"cene-lipolizi","status":"publish","type":"page","link":"https:\/\/medclinics.com\/tr\/cene-lipolizi\/","title":{"rendered":"\u00c7ene Lipolizi"},"content":{"rendered":"\n<h2 class=\"wp-block-heading\">\u00c7ene hatt\u0131n\u0131z\u0131n g\u00f6r\u00fcn\u00fcm\u00fcn\u00fc bozan fazla ya\u011f birikintilerinden b\u0131kt\u0131n\u0131z m\u0131? \u00c7ene Lipolizinden ba\u015fkas\u0131na bakmay\u0131n.<\/h2>\n\n<p>\u00c7ene hatt\u0131 \u015fekillendirme veya liposuction olarak da bilinen \u00e7ene lipolizi, y\u00fcz hatlar\u0131n\u0131z\u0131 m\u00fckemmel bir \u015fekilde \u015fekillendirebilen ve \u015fekillendirebilen minimal invaziv bir kozmetik prosed\u00fcrd\u00fcr. Bu teknik, \u00f6zel aletlerin hedeflenen b\u00f6lgedeki inat\u00e7\u0131 ya\u011f ceplerini par\u00e7alamas\u0131n\u0131 ve \u00e7\u0131karmas\u0131n\u0131 i\u00e7erir.<\/p>\n\n<p>\u00c7ene lipolizi i\u015flemi basittir: kulak memesi arkas\u0131 veya \u00e7ene alt\u0131 gibi g\u00f6ze \u00e7arpmayan yerlerin yak\u0131n\u0131nda yap\u0131lan k\u00fc\u00e7\u00fck bir kesi ile, istenmeyen ya\u011f dokusunu nazik\u00e7e emmek i\u00e7in bu a\u00e7\u0131kl\u0131klara ince kan\u00fcller yerle\u015ftirilir. \u0130leri geri hareket, vakum benzeri cihazlar kullan\u0131larak kolayca \u00e7\u0131kar\u0131lmas\u0131 i\u00e7in h\u00fccreleri gev\u015fetir.<\/p>\n\n<p>\u00c7ene lipolizi, daha invaziv cerrahi prosed\u00fcrlere k\u0131yasla h\u0131zl\u0131 iyile\u015fme s\u00fcreleri sunarken, ki\u015finin do\u011fal kemik yap\u0131s\u0131n\u0131 tan\u0131mlamak ve rafine etmek gibi \u00e7arp\u0131c\u0131 sonu\u00e7lar sa\u011flayarak estetik a\u00e7\u0131dan ho\u015f bir g\u00f6r\u00fcn\u00fcm kazand\u0131r\u0131r. Bu sadece g\u00fczelli\u011fi art\u0131rd\u0131\u011f\u0131 i\u00e7in de\u011fil, ayn\u0131 zamanda \u00f6zg\u00fcveni geli\u015ftirdi\u011fi i\u00e7in de \u00f6nemlidir!<\/p>\n\n<p>\u00c7ene Lipolizinin <a href=\"https:\/\/en.wikipedia.org\/wiki\/Weight_loss\" target=\"_blank\" rel=\"noreferrer noopener\">kilo<\/a> verme ama\u00e7l\u0131 olmamas\u0131na ra\u011fmen; daha ziyade diyet\/egzersiz \u00e7abalar\u0131na kar\u015f\u0131 diren\u00e7li olduklar\u0131 belirli b\u00f6lgelerdeki lokalize ya\u011flar\u0131 ortadan kald\u0131rarak y\u00fcz hatlar\u0131n\u0131 geli\u015ftirmeye odakland\u0131\u011f\u0131 unutulmamal\u0131d\u0131r &#8211; bu da cilt elastikiyeti ve genel sa\u011fl\u0131k durumu iyi olanlar\u0131 ideal adaylar haline getirmektedir!<\/p>\n\n<h3 class=\"wp-block-heading\"><a href=\"https:\/\/medclinics.com\/tr\/guzellik\/\" target=\"_blank\" rel=\"noreferrer noopener\">G\u00fczellik bak\u0131m\u0131<\/a> hakk\u0131nda bilmeniz gereken her \u015fey burada, \u015fimdi <a href=\"#requestform\">bize ula\u015f\u0131n<\/a>!<\/h3>\n\n<h2 class=\"wp-block-heading\">SSS <\/h2>\n<div id=\"rank-math-faq\" class=\"rank-math-block\">\n<div class=\"rank-math-list \">\n<div id=\"faq-question-1684925595609\" class=\"rank-math-list-item\">\n<h3 class=\"rank-math-question \">Lipoliz tedavisi nedir?<\/h3>\n<div class=\"rank-math-answer \">\n\n<p>Enjeksiyon lipoliz veya lipodissolve olarak da bilinen lipoliz tedavisi, v\u00fccudun belirli b\u00f6lgelerindeki lokalize ya\u011f birikintilerini azaltmak i\u00e7in tasarlanm\u0131\u015f cerrahi olmayan bir kozmetik prosed\u00fcrd\u00fcr. Hedeflenen ya\u011f h\u00fccrelerine \u00f6zel bir sol\u00fcsyon enjekte edilmesini i\u00e7erir. Sol\u00fcsyon tipik olarak ya\u011f h\u00fccrelerini par\u00e7alad\u0131\u011f\u0131na inan\u0131lan fosfatidilkolin (PC) ve deoksikolat (DC) gibi maddelerin bir kombinasyonunu i\u00e7erir.<br \/>Enjekte edilen sol\u00fcsyon ya\u011f h\u00fccresi membranlar\u0131n\u0131 bozarak ya\u011f h\u00fccrelerinin i\u00e7eriklerini serbest b\u0131rakmas\u0131na neden olur. Zamanla v\u00fccut sal\u0131nan bu ya\u011f\u0131 metabolize eder ve ortadan kald\u0131r\u0131r. Lipoliz tedavisi \u00f6ncelikle v\u00fccut \u015fekillendirme ve diyet ve egzersize iyi yan\u0131t vermeyen inat\u00e7\u0131 ya\u011f ceplerinin g\u00f6r\u00fcn\u00fcm\u00fcn\u00fc azaltmak i\u00e7in kullan\u0131l\u0131r.<\/p>\n\n<\/div>\n<\/div>\n<div id=\"faq-question-1684925709876\" class=\"rank-math-list-item\">\n<h3 class=\"rank-math-question \">\u00c7ene zay\u0131flatma enjeksiyonlar\u0131 ne kadar s\u00fcrer?<\/h3>\n<div class=\"rank-math-answer \">\n\n<p>\u00c7ene inceltme enjeksiyonlar\u0131 genellikle 3 ila 6 ay aras\u0131nda s\u00fcrer, ancak bireysel sonu\u00e7lar de\u011fi\u015febilir. \u0130stenen sonu\u00e7lar\u0131 korumak i\u00e7in genellikle takip tedavileri \u00f6nerilir. \u00d6zel ihtiya\u00e7lar\u0131n\u0131za g\u00f6re ki\u015fiselle\u015ftirilmi\u015f tavsiyeler i\u00e7in nitelikli bir profesyonele dan\u0131\u015fman\u0131z \u00f6nemlidir.<\/p>\n\n<\/div>\n<\/div>\n<div id=\"faq-question-1684925780086\" class=\"rank-math-list-item\">\n<h3 class=\"rank-math-question \">Ya\u011f eritme enjeksiyonlar\u0131 \u00e7enede i\u015fe yarar m\u0131?<\/h3>\n<div class=\"rank-math-answer \">\n\n<p>Evet, ya\u011f eritici enjeksiyonlar \u00e7ene b\u00f6lgesindeki fazla ya\u011f\u0131 hedeflemek ve azaltmak i\u00e7in kullan\u0131labilir. Bu enjeksiyonlar tipik olarak ya\u011f h\u00fccrelerini par\u00e7alamak ve yok etmek i\u00e7in hedeflenen b\u00f6lgeye enjekte edilen deoksikolik asit ad\u0131 verilen bir madde i\u00e7erir.<br \/>Nitelikli bir sa\u011fl\u0131k uzman\u0131 taraf\u0131ndan do\u011fru \u015fekilde uyguland\u0131\u011f\u0131nda, ya\u011f \u00e7\u00f6z\u00fcc\u00fc enjeksiyonlar g\u0131d\u0131 veya \u00e7ene \u00e7izgisi boyunca fazla ya\u011f g\u00f6r\u00fcn\u00fcm\u00fcn\u00fc azaltmada etkili olabilir. Deoksikolik asit, ya\u011f h\u00fccresi membranlar\u0131n\u0131 bozarak ya\u011f h\u00fccrelerinin v\u00fccudun do\u011fal s\u00fcre\u00e7leri taraf\u0131ndan kademeli olarak par\u00e7alanmas\u0131na ve ortadan kald\u0131r\u0131lmas\u0131na yol a\u00e7ar.<\/p>\n\n<\/div>\n<\/div>\n<\/div>\n<\/div>\n<p><\/p>\n\n<h3 class=\"wp-block-heading\">Herhangi bir sorunuz olmas\u0131 durumunda hemen bizimle ileti\u015fime ge\u00e7in!<\/h3>\n","protected":false},"excerpt":{"rendered":"<p>\u00c7ene hatt\u0131n\u0131z\u0131n g\u00f6r\u00fcn\u00fcm\u00fcn\u00fc bozan fazla ya\u011f birikintilerinden b\u0131kt\u0131n\u0131z m\u0131? \u00c7ene Lipolizinden ba\u015fkas\u0131na bakmay\u0131n. \u00c7ene hatt\u0131 \u015fekillendirme veya liposuction olarak da [&hellip;]<\/p>\n","protected":false},"author":4,"featured_media":92861,"parent":0,"menu_order":0,"comment_status":"closed","ping_status":"closed","template":"","meta":{"site-sidebar-layout":"default","site-content-layout":"","ast-site-content-layout":"default","site-content-style":"default","site-sidebar-style":"default","ast-global-header-display":"","ast-banner-title-visibility":"","ast-main-header-display":"","ast-hfb-above-header-display":"","ast-hfb-below-header-display":"","ast-hfb-mobile-header-display":"","site-post-title":"","ast-breadcrumbs-content":"","ast-featured-img":"","footer-sml-layout":"","ast-disable-related-posts":"","theme-transparent-header-meta":"","adv-header-id-meta":"","stick-header-meta":"","header-above-stick-meta":"","header-main-stick-meta":"","header-below-stick-meta":"","astra-migrate-meta-layouts":"default","ast-page-background-enabled":"default","ast-page-background-meta":{"desktop":{"background-color":"var(--ast-global-color-4)","background-image":"","background-repeat":"repeat","background-position":"center center","background-size":"auto","background-attachment":"scroll","background-type":"","background-media":"","overlay-type":"","overlay-color":"","overlay-opacity":"","overlay-gradient":""},"tablet":{"background-color":"","background-image":"","background-repeat":"repeat","background-position":"center center","background-size":"auto","background-attachment":"scroll","background-type":"","background-media":"","overlay-type":"","overlay-color":"","overlay-opacity":"","overlay-gradient":""},"mobile":{"background-color":"","background-image":"","background-repeat":"repeat","background-position":"center center","background-size":"auto","background-attachment":"scroll","background-type":"","background-media":"","overlay-type":"","overlay-color":"","overlay-opacity":"","overlay-gradient":""}},"ast-content-background-meta":{"desktop":{"background-color":"var(--ast-global-color-5)","background-image":"","background-repeat":"repeat","background-position":"center center","background-size":"auto","background-attachment":"scroll","background-type":"","background-media":"","overlay-type":"","overlay-color":"","overlay-opacity":"","overlay-gradient":""},"tablet":{"background-color":"var(--ast-global-color-5)","background-image":"","background-repeat":"repeat","background-position":"center center","background-size":"auto","background-attachment":"scroll","background-type":"","background-media":"","overlay-type":"","overlay-color":"","overlay-opacity":"","overlay-gradient":""},"mobile":{"background-color":"var(--ast-global-color-5)","background-image":"","background-repeat":"repeat","background-position":"center center","background-size":"auto","background-attachment":"scroll","background-type":"","background-media":"","overlay-type":"","overlay-color":"","overlay-opacity":"","overlay-gradient":""}},"footnotes":""},"class_list":["post-146541","page","type-page","status-publish","has-post-thumbnail","hentry"],"_links":{"self":[{"href":"https:\/\/medclinics.com\/tr\/wp-json\/wp\/v2\/pages\/146541","targetHints":{"allow":["GET"]}}],"collection":[{"href":"https:\/\/medclinics.com\/tr\/wp-json\/wp\/v2\/pages"}],"about":[{"href":"https:\/\/medclinics.com\/tr\/wp-json\/wp\/v2\/types\/page"}],"author":[{"embeddable":true,"href":"https:\/\/medclinics.com\/tr\/wp-json\/wp\/v2\/users\/4"}],"replies":[{"embeddable":true,"href":"https:\/\/medclinics.com\/tr\/wp-json\/wp\/v2\/comments?post=146541"}],"version-history":[{"count":0,"href":"https:\/\/medclinics.com\/tr\/wp-json\/wp\/v2\/pages\/146541\/revisions"}],"wp:featuredmedia":[{"embeddable":true,"href":"https:\/\/medclinics.com\/tr\/wp-json\/wp\/v2\/media\/92861"}],"wp:attachment":[{"href":"https:\/\/medclinics.com\/tr\/wp-json\/wp\/v2\/media?parent=146541"}],"curies":[{"name":"wp","href":"https:\/\/api.w.org\/{rel}","templated":true}]}}