{"id":146527,"date":"2023-05-24T10:42:18","date_gmt":"2023-05-24T10:42:18","guid":{"rendered":"https:\/\/medclinics.com\/hydrafacial-tedavisi\/"},"modified":"2024-04-04T19:32:45","modified_gmt":"2024-04-04T16:32:45","slug":"hydrafacial-tedavisi","status":"publish","type":"page","link":"https:\/\/medclinics.com\/tr\/hydrafacial-tedavisi\/","title":{"rendered":"Hydrafacial Tedavisi"},"content":{"rendered":"\n<h2 class=\"wp-block-heading\">Kendinizi daha gen\u00e7 hissetmenin bir yolunu ar\u0131yorsan\u0131z, Hydrafacial Tedavisi m\u00fckemmel bir \u00e7\u00f6z\u00fcm olabilir.<\/h2>\n\n<p><a href=\"https:\/\/istanbul-tourist-information.com\/en\/beauty-salon-treatments\/\" target=\"_blank\" rel=\"noreferrer noopener\">Hydrafacial tedavisi<\/a>, invaziv prosed\u00fcrlere maruz kalmadan cildinin g\u00f6r\u00fcn\u00fcm\u00fcn\u00fc ve sa\u011fl\u0131\u011f\u0131n\u0131 iyile\u015ftirmek isteyenler i\u00e7in nihai \u00e7\u00f6z\u00fcmd\u00fcr. Bu non-invaziv y\u00fcz bak\u0131m\u0131, temizlik, peeling, ekstraksiyon, nemlendirme ve antioksidan korumay\u0131 tek seansta birle\u015ftirir.<\/p>\n\n<p>Vakum benzeri emme teknolojisi ile g\u00f6zeneklerdeki kirleri \u00e7\u0131kar\u0131rken \u00f6l\u00fc cilt h\u00fccrelerini nazik\u00e7e temizleyen \u00f6zel bir cihaz kullanarak; bu yenilik\u00e7i prosed\u00fcr cildinize antioksidanlar peptidler ve hyaluronik asit gibi besleyici bile\u015fenler sa\u011flayarak gen\u00e7 bir parlakl\u0131k kazand\u0131r\u0131r.<\/p>\n\n<p>\u0130nce \u00e7izgiler k\u0131r\u0131\u015f\u0131kl\u0131klar d\u00fczensiz ton dokusu s\u0131k\u0131\u015f\u0131k g\u00f6zenekler siyah noktalar ya\u011fl\u0131 akneye e\u011filimli kuru nemsiz hiperpigmentasyon g\u00fcne\u015f hasar\u0131 gibi \u00e7e\u015fitli endi\u015feleri ele alan t\u00fcm cilt tipleri i\u00e7in uygundur &#8211; sadece bir seanstan sonra g\u00f6zle g\u00f6r\u00fcl\u00fcr sonu\u00e7larla birka\u00e7 seansta uygulanabilir!<\/p>\n\n<p>Bu nazik i\u015flem hi\u00e7bir kesinti gerektirmez ve her randevunun hemen ard\u0131ndan normal aktivitelerinize devam etmenizi sa\u011flar! Ancak bireysel sonu\u00e7lar farkl\u0131l\u0131k g\u00f6sterebilir, bu nedenle \u00f6nceden nitelikli cilt bak\u0131m uzmanlar\u0131na veya dermatologlara dan\u0131\u015fman\u0131z\u0131 \u00f6neririz.  <\/p>\n\n<h3 class=\"wp-block-heading\">Bak\u0131m sonras\u0131 ve iyile\u015fme s\u00fcreci de dahil olmak \u00fczere <a href=\"https:\/\/medclinics.com\/tr\/guzellik\/\" target=\"_blank\" rel=\"noreferrer noopener\">g\u00fczellik tedavisi<\/a> hakk\u0131nda bilmeniz gereken her \u015fey veya <a href=\"#requestform\">bizimle ileti\u015fime<\/a> ge\u00e7in!<\/h3>\n\n<h2 class=\"wp-block-heading\">SSS <\/h2>\n<div id=\"rank-math-faq\" class=\"rank-math-block\">\n<div class=\"rank-math-list \">\n<div id=\"faq-question-1684924402238\" class=\"rank-math-list-item\">\n<h3 class=\"rank-math-question \">Hydrafacial ne kadar s\u00fcrer?<\/h3>\n<div class=\"rank-math-answer \">\n\n<p>Hydrafacial tedavisi genellikle 30 dakika ile 1 saat aras\u0131nda s\u00fcrer. S\u00fcre, \u00f6zel tedavi plan\u0131na, tedavi edilen b\u00f6lgelere ve dahil edilen ek hizmetlere ba\u011fl\u0131 olarak de\u011fi\u015febilir. Etkiler ve faydalar birka\u00e7 hafta s\u00fcrebilir, ancak optimum sonu\u00e7lar\u0131 korumak i\u00e7in d\u00fczenli tedaviler \u00f6nerilir. Cilt sa\u011fl\u0131\u011f\u0131 ve g\u00f6r\u00fcn\u00fcm\u00fcnde uzun vadeli iyile\u015fme i\u00e7in tedavilerin s\u00fcreklili\u011fi ve takibi \u00e7ok \u00f6nemlidir. \u00d6zel ihtiya\u00e7lar\u0131n\u0131za y\u00f6nelik en iyi tedavi plan\u0131n\u0131 belirlemek i\u00e7in lisansl\u0131 bir estetisyen veya cilt bak\u0131m uzman\u0131na dan\u0131\u015fmak en iyisidir.<\/p>\n\n<\/div>\n<\/div>\n<div id=\"faq-question-1684924464809\" class=\"rank-math-list-item\">\n<h3 class=\"rank-math-question \">Hydrafacials akneye iyi gelir mi?<\/h3>\n<div class=\"rank-math-answer \">\n\n<p>Hydrafacials akneye e\u011filimli cilde sahip bireyler i\u00e7in faydal\u0131 bir tedavi olabilir. Cildi temizleme, peeling, ekstraksiyon ve beslemeden olu\u015fan \u00e7ok ad\u0131ml\u0131 s\u00fcre\u00e7, aknenin alt\u0131nda yatan nedenlerin ele al\u0131nmas\u0131na yard\u0131mc\u0131 olabilir. Cildi derinlemesine temizleyerek ve fazla ya\u011f\u0131, kiri ve bakterileri gidererek, t\u0131kanm\u0131\u015f g\u00f6zenekleri en aza indirebilir ve akne patlamalar\u0131n\u0131 azaltabilir. Eksfoliasyon ad\u0131m\u0131 h\u00fccre d\u00f6n\u00fc\u015f\u00fcm\u00fcn\u00fc destekler ve akne izlerini ve d\u00fczensiz dokuyu d\u00fczeltir. Nazik \u00e7\u0131karma i\u015flemi, cilt travmas\u0131na neden olmadan siyah nokta ve beyaz noktalar\u0131n giderilmesine yard\u0131mc\u0131 olur. Ayr\u0131ca, tedavi s\u0131ras\u0131nda nemlendirici ve besleyici serumlar\u0131n inf\u00fczyonu nem seviyelerini dengelemeye, iyile\u015fmeyi te\u015fvik etmeye ve genel cilt sa\u011fl\u0131\u011f\u0131n\u0131 desteklemeye yard\u0131mc\u0131 olur.<\/p>\n\n<\/div>\n<\/div>\n<div id=\"faq-question-1684924551755\" class=\"rank-math-list-item\">\n<h3 class=\"rank-math-question \">Hangi Hydrafacial t\u00fcr\u00fc en iyisidir?<\/h3>\n<div class=\"rank-math-answer \">\n\n<p>En iyi hidrafasiyal tedavi t\u00fcr\u00fc, bireysel cilt endi\u015felerine ve hedeflerine ba\u011fl\u0131 olarak de\u011fi\u015fir. \u00d6zel ihtiya\u00e7lara g\u00f6re uyarlanabilen bir dizi se\u00e7enek sunar. Ayr\u0131ca, B\u00fcy\u00fcme Fakt\u00f6rleri i\u00e7eren Hydrafacial, kolajen \u00fcretimini uyarabilir ve cildin canl\u0131l\u0131\u011f\u0131n\u0131 art\u0131rabilir. Sizin i\u00e7in en iyi hydrafacial t\u00fcr\u00fcn\u00fc belirlemek i\u00e7in bir cilt bak\u0131m uzman\u0131na dan\u0131\u015fman\u0131z \u00f6nerilir.<\/p>\n\n<\/div>\n<\/div>\n<div id=\"faq-question-1684924582308\" class=\"rank-math-list-item\">\n<h3 class=\"rank-math-question \">Hydrafacials g\u00fcvenli midir?<\/h3>\n<div class=\"rank-math-answer \">\n\n<p>Evet, HydraFacials e\u011fitimli profesyoneller taraf\u0131ndan uyguland\u0131\u011f\u0131nda genellikle g\u00fcvenli kabul edilir. Kullan\u0131lan ekipman ve \u00fcr\u00fcnlerin y\u00fcksek kalitede oldu\u011fundan ve uygun \u015fekilde sterilize edildi\u011finden emin olmak \u00f6nemlidir. Bireysel tepkiler de\u011fi\u015febilir, ancak herhangi bir potansiyel yan etki genellikle hafif ve ge\u00e7icidir. G\u00fcvenli\u011fi ve etkinli\u011fi sa\u011flamak i\u00e7in, tedavinin uygun protokolleri takip eden lisansl\u0131 bir profesyonel taraf\u0131ndan yap\u0131lmas\u0131 tavsiye edilir.<\/p>\n\n<\/div>\n<\/div>\n<\/div>\n<\/div>\n<p><\/p>\n\n<h3 class=\"wp-block-heading\">Herhangi bir sorunuz olmas\u0131 durumunda hemen bizimle ileti\u015fime ge\u00e7in!<\/h3>\n","protected":false},"excerpt":{"rendered":"<p>Kendinizi daha gen\u00e7 hissetmenin bir yolunu ar\u0131yorsan\u0131z, Hydrafacial Tedavisi m\u00fckemmel bir \u00e7\u00f6z\u00fcm olabilir. Hydrafacial tedavisi, invaziv prosed\u00fcrlere maruz kalmadan cildinin [&hellip;]<\/p>\n","protected":false},"author":4,"featured_media":92832,"parent":0,"menu_order":0,"comment_status":"closed","ping_status":"closed","template":"","meta":{"site-sidebar-layout":"default","site-content-layout":"","ast-site-content-layout":"default","site-content-style":"default","site-sidebar-style":"default","ast-global-header-display":"","ast-banner-title-visibility":"","ast-main-header-display":"","ast-hfb-above-header-display":"","ast-hfb-below-header-display":"","ast-hfb-mobile-header-display":"","site-post-title":"","ast-breadcrumbs-content":"","ast-featured-img":"","footer-sml-layout":"","ast-disable-related-posts":"","theme-transparent-header-meta":"","adv-header-id-meta":"","stick-header-meta":"","header-above-stick-meta":"","header-main-stick-meta":"","header-below-stick-meta":"","astra-migrate-meta-layouts":"default","ast-page-background-enabled":"default","ast-page-background-meta":{"desktop":{"background-color":"var(--ast-global-color-4)","background-image":"","background-repeat":"repeat","background-position":"center center","background-size":"auto","background-attachment":"scroll","background-type":"","background-media":"","overlay-type":"","overlay-color":"","overlay-opacity":"","overlay-gradient":""},"tablet":{"background-color":"","background-image":"","background-repeat":"repeat","background-position":"center center","background-size":"auto","background-attachment":"scroll","background-type":"","background-media":"","overlay-type":"","overlay-color":"","overlay-opacity":"","overlay-gradient":""},"mobile":{"background-color":"","background-image":"","background-repeat":"repeat","background-position":"center center","background-size":"auto","background-attachment":"scroll","background-type":"","background-media":"","overlay-type":"","overlay-color":"","overlay-opacity":"","overlay-gradient":""}},"ast-content-background-meta":{"desktop":{"background-color":"var(--ast-global-color-5)","background-image":"","background-repeat":"repeat","background-position":"center center","background-size":"auto","background-attachment":"scroll","background-type":"","background-media":"","overlay-type":"","overlay-color":"","overlay-opacity":"","overlay-gradient":""},"tablet":{"background-color":"var(--ast-global-color-5)","background-image":"","background-repeat":"repeat","background-position":"center center","background-size":"auto","background-attachment":"scroll","background-type":"","background-media":"","overlay-type":"","overlay-color":"","overlay-opacity":"","overlay-gradient":""},"mobile":{"background-color":"var(--ast-global-color-5)","background-image":"","background-repeat":"repeat","background-position":"center center","background-size":"auto","background-attachment":"scroll","background-type":"","background-media":"","overlay-type":"","overlay-color":"","overlay-opacity":"","overlay-gradient":""}},"footnotes":""},"class_list":["post-146527","page","type-page","status-publish","has-post-thumbnail","hentry"],"_links":{"self":[{"href":"https:\/\/medclinics.com\/tr\/wp-json\/wp\/v2\/pages\/146527","targetHints":{"allow":["GET"]}}],"collection":[{"href":"https:\/\/medclinics.com\/tr\/wp-json\/wp\/v2\/pages"}],"about":[{"href":"https:\/\/medclinics.com\/tr\/wp-json\/wp\/v2\/types\/page"}],"author":[{"embeddable":true,"href":"https:\/\/medclinics.com\/tr\/wp-json\/wp\/v2\/users\/4"}],"replies":[{"embeddable":true,"href":"https:\/\/medclinics.com\/tr\/wp-json\/wp\/v2\/comments?post=146527"}],"version-history":[{"count":0,"href":"https:\/\/medclinics.com\/tr\/wp-json\/wp\/v2\/pages\/146527\/revisions"}],"wp:featuredmedia":[{"embeddable":true,"href":"https:\/\/medclinics.com\/tr\/wp-json\/wp\/v2\/media\/92832"}],"wp:attachment":[{"href":"https:\/\/medclinics.com\/tr\/wp-json\/wp\/v2\/media?parent=146527"}],"curies":[{"name":"wp","href":"https:\/\/api.w.org\/{rel}","templated":true}]}}