{"id":146515,"date":"2023-07-24T09:06:17","date_gmt":"2023-07-24T06:06:17","guid":{"rendered":"https:\/\/medclinics.com\/vucut-kitle-indeksi-vki\/"},"modified":"2025-01-25T14:29:56","modified_gmt":"2025-01-25T11:29:56","slug":"vucut-kitle-indeksi-vki","status":"publish","type":"page","link":"https:\/\/medclinics.com\/tr\/vucut-kitle-indeksi-vki\/","title":{"rendered":"V\u00fccut Kitle \u0130ndeksi (VK\u0130)"},"content":{"rendered":"\n<h2 class=\"wp-block-heading\">VK\u0130 de\u011ferinizi hesaplamak ideal kilonuza ula\u015fman\u0131n ilk ad\u0131m\u0131d\u0131r!<\/h2>\n\n<p><a href=\"https:\/\/en.wikipedia.org\/wiki\/Body_mass_index\" target=\"_blank\" rel=\"noreferrer noopener\">V\u00fccut Kitle \u0130ndeksi (VK\u0130<\/a> ), boyunuza g\u00f6re kilonuzu de\u011ferlendirmek i\u00e7in de\u011ferli bir ara\u00e7t\u0131r. Genel sa\u011fl\u0131\u011f\u0131n\u0131z hakk\u0131nda bilgi verir ve sizi dengeli ve tatmin edici bir ya\u015fam tarz\u0131na y\u00f6nlendirmeye yard\u0131mc\u0131 olabilir. VK\u0130&#8217;nin ne oldu\u011funu, nas\u0131l hesapland\u0131\u011f\u0131n\u0131 ve sa\u011fl\u0131\u011f\u0131n\u0131z\u0131 iyile\u015ftirmek i\u00e7in nas\u0131l kullanabilece\u011finizi tart\u0131\u015fal\u0131m.<\/p>\n\n<ul class=\"wp-block-list\">\n<li>Kilogram cinsinden a\u011f\u0131rl\u0131\u011f\u0131n\u0131z\u0131n metre cinsinden boyunuzun karesine b\u00f6l\u00fcnmesiyle hesaplan\u0131r.<\/li>\n\n\n\n<li>Kilo durumunuzu s\u0131n\u0131fland\u0131rmaya yard\u0131mc\u0131 olan zay\u0131f, normal kilolu, a\u015f\u0131r\u0131 kilolu ve obez dahil olmak \u00fczere bir dizi kategori sa\u011flar.<\/li>\n<\/ul>\n\n<p>\u0130\u015fte VK\u0130&#8217;yi nas\u0131l hesaplayaca\u011f\u0131n\u0131z:<\/p>\n\n<ul class=\"wp-block-list\">\n<li><strong>Kilonuzu \u00f6l\u00e7\u00fcn: <\/strong>Kilonuzu do\u011fru bir \u015fekilde \u00f6l\u00e7mek i\u00e7in bir tart\u0131 kullan\u0131n. Hesaplama i\u00e7in a\u011f\u0131rl\u0131\u011f\u0131 kilogram (kg) cinsinden kaydedin.<\/li>\n\n\n\n<li><strong>Boyunuzu \u00f6l\u00e7\u00fcn: <\/strong>Boyunuzu metre (m) cinsinden \u00f6l\u00e7mek i\u00e7in bir \u00f6l\u00e7\u00fcm band\u0131 veya bir boy \u00f6l\u00e7e\u011fi kullan\u0131n. Boyunuzu santimetre (cm) cinsinden biliyorsan\u0131z, metreye d\u00f6n\u00fc\u015ft\u00fcrmek i\u00e7in 100&#8217;e b\u00f6l\u00fcn.<\/li>\n\n\n\n<li><strong>Boyunuzun karesini al\u0131n:<\/strong> Kare de\u011ferini elde etmek i\u00e7in boy \u00f6l\u00e7\u00fcm\u00fcn\u00fcz\u00fc kendisiyle \u00e7arp\u0131n. Bu ad\u0131m VK\u0130 hesaplamas\u0131 i\u00e7in gereklidir.<\/li>\n\n\n\n<li><strong>VK\u0130 de\u011ferinizi hesaplay\u0131n:<\/strong> Kilonuzu kilogram cinsinden boyunuzun metre cinsinden karesine b\u00f6l\u00fcn. Form\u00fcl \u015fu \u015fekildedir: VK\u0130 = a\u011f\u0131rl\u0131k (kg) \/ <sup>boy2<\/sup> (<sup>m2<\/sup>)<\/li>\n<\/ul>\n\n<figure class=\"wp-block-image size-full\"><img fetchpriority=\"high\" decoding=\"async\" width=\"960\" height=\"540\" src=\"https:\/\/medclinics.com\/wp-content\/uploads\/2023\/07\/body-mass-index-bmi-near-me.jpg\" alt=\"&#x130;stanbul'da Beden Kitle &#x130;ndeksi \/ VK&#x130; Hesaplamalar&#x131;\" class=\"wp-image-97816\" srcset=\"https:\/\/medclinics.com\/wp-content\/uploads\/2023\/07\/body-mass-index-bmi-near-me.jpg 960w, https:\/\/medclinics.com\/wp-content\/uploads\/2023\/07\/body-mass-index-bmi-near-me-500x281.jpg 500w, https:\/\/medclinics.com\/wp-content\/uploads\/2023\/07\/body-mass-index-bmi-near-me-768x432.jpg 768w, https:\/\/medclinics.com\/wp-content\/uploads\/2023\/07\/body-mass-index-bmi-near-me-24x14.jpg 24w, https:\/\/medclinics.com\/wp-content\/uploads\/2023\/07\/body-mass-index-bmi-near-me-36x20.jpg 36w, https:\/\/medclinics.com\/wp-content\/uploads\/2023\/07\/body-mass-index-bmi-near-me-48x27.jpg 48w\" sizes=\"(max-width: 960px) 100vw, 960px\" \/><\/figure>\n\n<p>\u00d6rnek Hesaplama: Diyelim ki a\u011f\u0131rl\u0131\u011f\u0131n\u0131z 80 kilogram (kg) ve boyunuz 1,70 metre (m).<\/p>\n\n<p>V\u00fccut Kitle \u0130ndeksi (VK\u0130) = 80 kg \/ (1,70 m x 1,70 m) = 80 kg \/ 2,89<sup>m2<\/sup> \u2248 27,68<\/p>\n\n<p><\/p>\n\n<ul class=\"wp-block-list\">\n<li>Zay\u0131fl\u0131k: VK\u0130 18,5&#8217;in alt\u0131nda<\/li>\n\n\n\n<li>Normal kilo: VK\u0130 18,5 ile 24,9 aras\u0131nda<\/li>\n\n\n\n<li>A\u015f\u0131r\u0131 kilolu: VK\u0130 25 ile 29,9 aras\u0131nda<\/li>\n\n\n\n<li>Obez: VK\u0130 30 veya daha y\u00fcksek<\/li>\n<\/ul>\n\n<p><\/p>\n\n<h3 class=\"wp-block-heading\"><a href=\"https:\/\/medclinics.com\/tr\/obesity-treatment-2\/\" target=\"_blank\" rel=\"noreferrer noopener\">Obezite tedavisi<\/a> hakk\u0131nda fiyat ve daha fazlas\u0131 dahil <a href=\"https:\/\/medclinics.com\/tr\/obesity-treatment\/\" target=\"_blank\" rel=\"noreferrer noopener\">olmak <\/a> \u00fczere<a href=\"https:\/\/medclinics.com\/tr\/obesity-treatment-2\/\" target=\"_blank\" rel=\"noreferrer noopener\">bilmeniz<\/a> gereken her \u015fey burada, \u015fimdi <a href=\"#requestform\">bizimle ileti\u015fime ge\u00e7in<\/a>!<\/h3>\n\n<h2 class=\"wp-block-heading\">SSS<\/h2>\n<div id=\"rank-math-faq\" class=\"rank-math-block\">\n<div class=\"rank-math-list \">\n<div id=\"faq-question-1684918733545\" class=\"rank-math-list-item\">\n<h3 class=\"rank-math-question \">V\u00fccut kitle indeksi neden \u00f6nemlidir?<\/h3>\n<div class=\"rank-math-answer \">\n\n<p>V\u00fccut Kitle \u0130ndeksi (VK\u0130) bir sa\u011fl\u0131k g\u00f6stergesi ve tarama arac\u0131 olarak b\u00fcy\u00fck \u00f6nem ta\u015f\u0131maktad\u0131r. Kilo durumunun de\u011ferlendirilmesine ve kalp hastal\u0131\u011f\u0131, diyabet ve baz\u0131 kanserler gibi durumlarla ili\u015fkili potansiyel sa\u011fl\u0131k risklerinin belirlenmesine yard\u0131mc\u0131 olur. Bir bireyin sa\u011fl\u0131kl\u0131 bir kilo aral\u0131\u011f\u0131nda m\u0131 yoksa zay\u0131f, a\u015f\u0131r\u0131 kilolu veya obez mi oldu\u011funa dair genel bir g\u00f6sterge sa\u011flayarak, BMI kilo y\u00f6netimi hedeflerinin belirlenmesine rehberlik eder. Ayn\u0131 zamanda halk sa\u011fl\u0131\u011f\u0131n\u0131n izlenmesini sa\u011flayarak politika yap\u0131c\u0131lar\u0131n kilo ile ilgili sorunlar\u0131 n\u00fcfus d\u00fczeyinde ele almas\u0131na olanak tan\u0131r. Ayr\u0131ca, VK\u0130 ara\u015ft\u0131rma ve epidemiyolojide de\u011ferlidir ve kilo, sa\u011fl\u0131k sonu\u00e7lar\u0131 ve \u00e7e\u015fitli fakt\u00f6rler aras\u0131ndaki ili\u015fkilerin incelenmesini kolayla\u015ft\u0131r\u0131r. VK\u0130&#8217;nin v\u00fccut kompozisyonundaki farkl\u0131l\u0131klar\u0131 hesaba katmamas\u0131 gibi s\u0131n\u0131rlamalar\u0131 olsa da, sa\u011fl\u0131k uzmanlar\u0131na dan\u0131\u015fmak ki\u015fiye \u00f6zel tavsiyeler ve kapsaml\u0131 bir de\u011ferlendirme sa\u011flayabilir.<\/p>\n\n<\/div>\n<\/div>\n<div id=\"faq-question-1684918735614\" class=\"rank-math-list-item\">\n<h3 class=\"rank-math-question \">BMI yararl\u0131 bir sa\u011fl\u0131k \u00f6l\u00e7\u00fct\u00fc m\u00fcd\u00fcr?<\/h3>\n<div class=\"rank-math-answer \">\n\n<p>V\u00fccut Kitle \u0130ndeksinin (VK\u0130) bir sa\u011fl\u0131k \u00f6l\u00e7\u00fct\u00fc olarak kullan\u0131\u015fl\u0131l\u0131\u011f\u0131 s\u00fcregelen bir tart\u0131\u015fma konusudur ve belirli s\u0131n\u0131rlamalar\u0131 vard\u0131r. BMI, kilo durumunu ve kilo ile ili\u015fkili durumlarla ilgili potansiyel sa\u011fl\u0131k risklerini de\u011ferlendirmek i\u00e7in basit ve h\u0131zl\u0131 bir yol sa\u011flarken, kas k\u00fctlesi, v\u00fccut bile\u015fimi veya ya\u011f da\u011f\u0131l\u0131m\u0131 gibi fakt\u00f6rleri dikkate almaz.<\/p>\n\n<\/div>\n<\/div>\n<div id=\"faq-question-1684918736566\" class=\"rank-math-list-item\">\n<h3 class=\"rank-math-question \">V\u00fccut kitle indeksi nas\u0131l hesaplan\u0131r?<\/h3>\n<div class=\"rank-math-answer \">\n\n<p>VK\u0130, bir ki\u015finin kilogram cinsinden a\u011f\u0131rl\u0131\u011f\u0131n\u0131n metre cinsinden boyunun karesine b\u00f6l\u00fcnmesiyle hesaplan\u0131r.<\/p>\n\n<\/div>\n<\/div>\n<div id=\"faq-question-1684918737595\" class=\"rank-math-list-item\">\n<h3 class=\"rank-math-question \">V\u00fccut kitle endeksi do\u011fru mu?<\/h3>\n<div class=\"rank-math-answer \">\n\n<p>V\u00fccut Kitle \u0130ndeksinin (VK\u0130) bir sa\u011fl\u0131k \u00f6l\u00e7\u00fct\u00fc olarak do\u011frulu\u011fu tart\u0131\u015fmal\u0131d\u0131r. BMI, kilo durumunun genel bir de\u011ferlendirmesini sa\u011flamakla birlikte, s\u0131n\u0131rlamalar\u0131 vard\u0131r ve bir bireyin genel sa\u011fl\u0131\u011f\u0131n\u0131 do\u011fru bir \u015fekilde yans\u0131tmayabilir. VK\u0130 kas k\u00fctlesi, v\u00fccut kompozisyonu veya ya\u011f da\u011f\u0131l\u0131m\u0131 gibi fakt\u00f6rleri dikkate almaz. Sonu\u00e7 olarak, daha y\u00fcksek kas k\u00fctlesine veya daha yo\u011fun kemik yap\u0131s\u0131na sahip bireyler, a\u015f\u0131r\u0131 kilolu olmadan veya kilo ile ilgili sa\u011fl\u0131k sorunlar\u0131 riski ta\u015f\u0131madan daha y\u00fcksek bir VK\u0130&#8217;ye sahip olabilirler. Benzer \u015fekilde, normal bir VK\u0130&#8217;ye sahip bireyler yine de daha y\u00fcksek bir v\u00fccut ya\u011f y\u00fczdesine ve buna ba\u011fl\u0131 sa\u011fl\u0131k risklerine sahip olabilir. Daha do\u011fru bir sa\u011fl\u0131k de\u011ferlendirmesi elde etmek i\u00e7in, v\u00fccut kompozisyonu analizi ve ki\u015fiye \u00f6zel de\u011ferlendirmeler ve rehberlik sa\u011flayabilecek sa\u011fl\u0131k uzmanlar\u0131na dan\u0131\u015fma gibi ek \u00f6nlemlerin dikkate al\u0131nmas\u0131 \u00f6nerilir.<\/p>\n\n<\/div>\n<\/div>\n<\/div>\n<\/div>\n<p><\/p>\n\n<h3 class=\"wp-block-heading\">Herhangi bir sorunuz olmas\u0131 durumunda hemen bizimle ileti\u015fime ge\u00e7in!<\/h3>\n<\/p>\n","protected":false},"excerpt":{"rendered":"<p>VK\u0130 de\u011ferinizi hesaplamak ideal kilonuza ula\u015fman\u0131n ilk ad\u0131m\u0131d\u0131r! V\u00fccut Kitle \u0130ndeksi (VK\u0130 ), boyunuza g\u00f6re kilonuzu de\u011ferlendirmek i\u00e7in de\u011ferli bir [&hellip;]<\/p>\n","protected":false},"author":4,"featured_media":91533,"parent":0,"menu_order":0,"comment_status":"closed","ping_status":"closed","template":"","meta":{"site-sidebar-layout":"default","site-content-layout":"","ast-site-content-layout":"default","site-content-style":"default","site-sidebar-style":"default","ast-global-header-display":"","ast-banner-title-visibility":"","ast-main-header-display":"","ast-hfb-above-header-display":"","ast-hfb-below-header-display":"","ast-hfb-mobile-header-display":"","site-post-title":"","ast-breadcrumbs-content":"","ast-featured-img":"","footer-sml-layout":"","ast-disable-related-posts":"","theme-transparent-header-meta":"","adv-header-id-meta":"","stick-header-meta":"","header-above-stick-meta":"","header-main-stick-meta":"","header-below-stick-meta":"","astra-migrate-meta-layouts":"default","ast-page-background-enabled":"default","ast-page-background-meta":{"desktop":{"background-color":"var(--ast-global-color-4)","background-image":"","background-repeat":"repeat","background-position":"center center","background-size":"auto","background-attachment":"scroll","background-type":"","background-media":"","overlay-type":"","overlay-color":"","overlay-opacity":"","overlay-gradient":""},"tablet":{"background-color":"","background-image":"","background-repeat":"repeat","background-position":"center center","background-size":"auto","background-attachment":"scroll","background-type":"","background-media":"","overlay-type":"","overlay-color":"","overlay-opacity":"","overlay-gradient":""},"mobile":{"background-color":"","background-image":"","background-repeat":"repeat","background-position":"center center","background-size":"auto","background-attachment":"scroll","background-type":"","background-media":"","overlay-type":"","overlay-color":"","overlay-opacity":"","overlay-gradient":""}},"ast-content-background-meta":{"desktop":{"background-color":"var(--ast-global-color-5)","background-image":"","background-repeat":"repeat","background-position":"center center","background-size":"auto","background-attachment":"scroll","background-type":"","background-media":"","overlay-type":"","overlay-color":"","overlay-opacity":"","overlay-gradient":""},"tablet":{"background-color":"var(--ast-global-color-5)","background-image":"","background-repeat":"repeat","background-position":"center center","background-size":"auto","background-attachment":"scroll","background-type":"","background-media":"","overlay-type":"","overlay-color":"","overlay-opacity":"","overlay-gradient":""},"mobile":{"background-color":"var(--ast-global-color-5)","background-image":"","background-repeat":"repeat","background-position":"center center","background-size":"auto","background-attachment":"scroll","background-type":"","background-media":"","overlay-type":"","overlay-color":"","overlay-opacity":"","overlay-gradient":""}},"footnotes":""},"class_list":["post-146515","page","type-page","status-publish","has-post-thumbnail","hentry"],"_links":{"self":[{"href":"https:\/\/medclinics.com\/tr\/wp-json\/wp\/v2\/pages\/146515","targetHints":{"allow":["GET"]}}],"collection":[{"href":"https:\/\/medclinics.com\/tr\/wp-json\/wp\/v2\/pages"}],"about":[{"href":"https:\/\/medclinics.com\/tr\/wp-json\/wp\/v2\/types\/page"}],"author":[{"embeddable":true,"href":"https:\/\/medclinics.com\/tr\/wp-json\/wp\/v2\/users\/4"}],"replies":[{"embeddable":true,"href":"https:\/\/medclinics.com\/tr\/wp-json\/wp\/v2\/comments?post=146515"}],"version-history":[{"count":0,"href":"https:\/\/medclinics.com\/tr\/wp-json\/wp\/v2\/pages\/146515\/revisions"}],"wp:featuredmedia":[{"embeddable":true,"href":"https:\/\/medclinics.com\/tr\/wp-json\/wp\/v2\/media\/91533"}],"wp:attachment":[{"href":"https:\/\/medclinics.com\/tr\/wp-json\/wp\/v2\/media?parent=146515"}],"curies":[{"name":"wp","href":"https:\/\/api.w.org\/{rel}","templated":true}]}}