{"id":146503,"date":"2023-11-24T08:25:00","date_gmt":"2023-11-24T05:25:00","guid":{"rendered":"https:\/\/medclinics.com\/mide-bypasi\/"},"modified":"2025-02-04T14:39:29","modified_gmt":"2025-02-04T11:39:29","slug":"mide-bypasi","status":"publish","type":"page","link":"https:\/\/medclinics.com\/tr\/mide-bypasi\/","title":{"rendered":"Mide Bypas\u0131"},"content":{"rendered":"\n<h2 class=\"wp-block-heading\"><br\/>Gastrik Bypass Ameliyat\u0131 Hakk\u0131nda Bilmeniz Gereken Her \u015eey<\/h2>\n\n<p><br\/><strong><a href=\"https:\/\/pubmed.ncbi.nlm.nih.gov\/?term=gastric+bypass+surgery\" target=\"_blank\" rel=\"noreferrer noopener\">Gastrik Bypass Ameliyat\u0131<\/a><\/strong> bir t\u00fcr <strong><a href=\"https:\/\/pubmed.ncbi.nlm.nih.gov\/?term=weight+loss+treatment\" target=\"_blank\" rel=\"noreferrer noopener nofollow\">kilo verme tedavisidir<\/a><\/strong>. Prosed\u00fcr s\u0131ras\u0131nda doktorunuz midenizden k\u00fc\u00e7\u00fck bir kese olu\u015fturacakt\u0131r. Bu kese daha sonra ince ba\u011f\u0131rsa\u011f\u0131n\u0131z\u0131n bir k\u0131sm\u0131na ba\u011flan\u0131r. Sonu\u00e7 olarak, yemekler midenizin \u00e7o\u011fundan ve ince ba\u011f\u0131rsa\u011f\u0131n\u0131z\u0131n bir k\u0131sm\u0131ndan ge\u00e7er. Bu teknikle v\u00fccudunuz daha az enerji ve besin emer. Zamanla bu durum kilo kayb\u0131yla sonu\u00e7lan\u0131r.     <\/p>\n\n<p>Cerrahi tedavi, insanlar\u0131n \u00e7ok daha az yemesine izin verir. Daha k\u00fc\u00e7\u00fck mide kesesi h\u0131zla dolar ve ayr\u0131ca daha h\u0131zl\u0131 daha iyi hissedersiniz. Buna ek olarak, ameliyat a\u00e7l\u0131k hormonlar\u0131n\u0131 azalt\u0131r, b\u00f6ylece \u00e7ok daha az a\u00e7 hissedersiniz. Bu da kilo vermeyi daha az karma\u015f\u0131k hale getirir.   <\/p>\n\n<h2 class=\"wp-block-heading\">Gastrik Bypass Ameliyat\u0131 Ne Kadar S\u00fcrer?<\/h2>\n\n<p><br\/>Teknik genellikle <strong>1,5 ila 2 saat<\/strong> aras\u0131nda s\u00fcrer. \u00c7o\u011fu hasta cerrahi tedaviden sonra 2 ila d\u00f6rt g\u00fcn i\u00e7inde evine gidebilir. Her \u015feyin iyi bir \u015fekilde iyile\u015fti\u011finden emin olmak i\u00e7in dikkatle izleneceksiniz.  <\/p>\n\n<h2 class=\"wp-block-heading\">Gastrik Bypass Ameliyat\u0131ndan Sonra Ne Olur?<\/h2>\n\n<p><\/p>\n\n<p>Ameliyat\u0131n\u0131z bittikten sonra birka\u00e7 g\u00fcn hastanede kalacaks\u0131n\u0131z. Bu, klinik kurumunuza iyile\u015fmenizi izlemek i\u00e7in zaman verir. Ayr\u0131ca hemen s\u0131v\u0131 bir diyet plan\u0131na ba\u015flayacaks\u0131n\u0131z. Bu beslenme plan\u0131 karn\u0131n\u0131z\u0131n ve ba\u011f\u0131rsaklar\u0131n\u0131z\u0131n iyile\u015fmesini sa\u011flar.   <\/p>\n\n<p>\u0130yile\u015ftik\u00e7e, yava\u015f yava\u015f kolay yemekler eklemeye ba\u015flayacaks\u0131n\u0131z. Sonunda kat\u0131 g\u0131dalara ge\u00e7eceksiniz. Doktorunuz bu s\u00fcre\u00e7te size dikkatle rehberlik edecektir. Ama\u00e7, v\u00fccudunuzun de\u011fi\u015fikliklere iyi uyum sa\u011flad\u0131\u011f\u0131ndan emin olmakt\u0131r.   <\/p>\n\n<h2 class=\"wp-block-heading\">Gastrik Bypass ile Ne Kadar Kilo Verilebilir?<\/h2>\n\n<p><\/p>\n\n<p>Kaybetti\u011finiz kilo miktar\u0131 bir\u00e7ok unsura ba\u011fl\u0131d\u0131r. \u00c7o\u011fu insan cerrahi tedaviden sonraki ilk 12 ay i\u00e7inde fazla kilolar\u0131n\u0131n <strong>%60-70<\/strong> &#8216;ini kaybeder. Bunun sa\u011fl\u0131\u011f\u0131n\u0131z \u00fczerinde b\u00fcy\u00fck bir etkisi olmal\u0131d\u0131r. Bir\u00e7ok insan ayr\u0131ca <strong>diyabet<\/strong> ve<strong> kan bas\u0131nc\u0131<\/strong> gibi durumlarda iyile\u015fmeler g\u00f6rmektedir.   <\/p>\n\n<p>Gastrik Bypass Ameliyat\u0131 genellikle <strong><a href=\"https:\/\/medclinics.com\/tr\/vucut-kitle-indeksi-vki\/\" target=\"_blank\" rel=\"noreferrer noopener\">VK\u0130<\/a> 35 veya 40&#8217;\u0131n \u00fczerinde<\/strong> olan ki\u015filer i\u00e7in te\u015fvik edilir.<\/p>\n\n<h2 class=\"wp-block-heading\">Gastrik Bypass Ameliyat\u0131n\u0131 Kimler D\u00fc\u015f\u00fcnmeli?<\/h2>\n\n<p><\/p>\n\n<p><strong>Gastrik Bypass<\/strong>, diyet ve egzersizi denemi\u015f ancak ba\u015far\u0131l\u0131 olamam\u0131\u015f ki\u015filer i\u00e7in genellikle tatmin edici bir se\u00e7imdir. Ayr\u0131ca, kilo sorunlar\u0131 nedeniyle a\u015f\u0131r\u0131 sa\u011fl\u0131k sorunlar\u0131 olan insanlar i\u00e7in de harika bir olas\u0131l\u0131kt\u0131r. <strong>VK\u0130&#8217;niz 40&#8217;\u0131n \u00fczerinde<\/strong> veya <strong>35&#8217;in \u00fczerindeyse ve sa\u011fl\u0131k sorunlar\u0131n\u0131z<\/strong> varsa, bu cerrahi \u00e7\u00f6z\u00fcm muhtemelen sizin i\u00e7in do\u011frudur. Gastrik bypass\u0131n sizin i\u00e7in do\u011fru se\u00e7im olup olmad\u0131\u011f\u0131n\u0131 sa\u011fl\u0131k uzman\u0131n\u0131z belirleyecektir.   <\/p>\n\n<p>Ancak, bu cerrahi tedavinin k\u0131sa bir iyile\u015fme s\u00fcreci olmad\u0131\u011f\u0131n\u0131 unutmay\u0131n. Uzun s\u00fcreli bir \u00f6z disiplin gerektirir. Cerrahi tedaviden sonra, bir kilo verme plan\u0131n\u0131 incelemek ve enerjik bir \u015fekilde ya\u015famak istersiniz. Bu, kilo kayb\u0131n\u0131z\u0131 koruman\u0131n en \u00f6nemli bile\u015fenidir.   <\/p>\n\n<h2 class=\"wp-block-heading\">Gastrik Bypass Ameliyat\u0131n\u0131n Faydalar\u0131<\/h2>\n\n<p><\/p>\n\n<ul class=\"wp-block-list\">\n<li><strong>\u00d6nemli Kilo Kayb\u0131:<\/strong> \u00c7o\u011fu hasta ilk \u00fc\u00e7 y\u00fcz altm\u0131\u015f be\u015f g\u00fcn i\u00e7inde <strong>fazla kilo<\/strong> lar\u0131n\u0131n <strong>%60-70<\/strong> &#8216;ini kaybeder. Bu kilo kayb\u0131 sa\u011fl\u0131\u011f\u0131n\u0131z\u0131 iyile\u015ftirebilir ve ki\u015fisel imaj\u0131n\u0131z\u0131 geli\u015ftirebilir. <\/li>\n\n\n\n<li><strong>\u0130yile\u015ftirilmi\u015f Sa\u011fl\u0131k:<\/strong> Bir\u00e7ok insan <strong>tip 2 diyabet<\/strong>, <strong>uyku apnesi<\/strong> ve <strong>kan bas\u0131nc\u0131<\/strong> gibi durumlarda iyile\u015fmeler g\u00f6rmektedir. Kilo vermek ayr\u0131ca eklem a\u011fr\u0131lar\u0131n\u0131 ve koroner kalp hastal\u0131\u011f\u0131 riskini azaltabilir. <\/li>\n\n\n\n<li><strong>Daha \u0130yi Ya\u015fam Kalitesi:<\/strong> Kilo vermek daha fazla g\u00fc\u00e7, daha iyi hareket kabiliyeti ve kendinizi nas\u0131l hissetti\u011finizde modaya uygun bir geli\u015fme anlam\u0131na gelir. Ayr\u0131ca \u00f6zg\u00fcveninizin artmas\u0131n\u0131n da keyfini \u00e7\u0131karabilirsiniz. <\/li>\n\n\n\n<li><strong>Kan\u0131tlanm\u0131\u015f Sonu\u00e7lar:<\/strong> <strong>Gastrik Bypass<\/strong>, kilo kayb\u0131 cerrahi tedavisi i\u00e7in en ba\u015far\u0131l\u0131 sonu\u00e7lardan birine sahiptir. Onlarca y\u0131ld\u0131r kullan\u0131lmaktad\u0131r ve say\u0131s\u0131z insana yard\u0131mc\u0131 olmu\u015ftur. <\/li>\n<\/ul>\n\n<h2 class=\"wp-block-heading\"><br\/>\u0130yile\u015fme S\u00fcrecinde Sizi Neler Bekler?<\/h2>\n\n<p><br\/><strong>Gastrik bypass<\/strong> sonras\u0131 iyile\u015fme zaman alacakt\u0131r. \u0130\u015fte sizi bekleyenler: <\/p>\n\n<ul class=\"wp-block-list\">\n<li><strong>Hastanede Kalma:<\/strong> <strong>2 ila d\u00f6rt g\u00fcn<\/strong> boyunca hastanede kalacaks\u0131n\u0131z. Doktorunuz her \u015feyin yolunda gitti\u011finden emin olmak i\u00e7in sizi dikkatle izleyecektir. <\/li>\n\n\n\n<li><strong>\u0130lk Hafta:<\/strong> S\u0131v\u0131 a\u011f\u0131rl\u0131kl\u0131 bir zay\u0131flama plan\u0131 uygulayacaks\u0131n\u0131z. T\u0131bbi sa\u011fl\u0131k uzman\u0131n\u0131z bu a\u015famada size dikkatli bir \u015fekilde rehberlik edecektir. Yava\u015f yava\u015f hafif yiyecekler ve ard\u0131ndan kat\u0131 yiyecekler yiyebileceksiniz.  <\/li>\n\n\n\n<li><strong>1-3 Ay:<\/strong> Bu d\u00f6nemde kilo vermeye ba\u015flayacaks\u0131n\u0131z. \u00c7o\u011fu insan yakla\u015f\u0131k d\u00f6rt ila 6 hafta sonra i\u015fe ve d\u00fczenli spor aktivitelerine d\u00f6nebilir. Sa\u011fl\u0131k uzman\u0131n\u0131z sizi orta d\u00fczeyde egzersize ba\u015flaman\u0131z i\u00e7in te\u015fvik edecektir, ancak izin verilmeden \u00f6nce a\u011f\u0131r kald\u0131rmaktan uzak durun.  <\/li>\n\n\n\n<li><strong>3-6 Ay:<\/strong> Kullan\u0131m kayna\u011f\u0131 ile aylar ge\u00e7tik\u00e7e, kilo kayb\u0131n\u0131z devam edecektir. Bir\u00e7ok insan bu s\u00fcre zarf\u0131nda daha sa\u011fl\u0131kl\u0131 ve daha aktif olman\u0131n keyfini \u00e7\u0131kar\u0131r. Bilimsel sa\u011fl\u0131k uzman\u0131n\u0131zla birlikte d\u00fczenli g\u00f6zlem ziyaretleri, yolunuzda kalman\u0131za yard\u0131mc\u0131 olacakt\u0131r.  <\/li>\n\n\n\n<li><strong>Devam Eden Bak\u0131m:<\/strong> Kilo kayb\u0131n\u0131z\u0131 korumak i\u00e7in sa\u011fl\u0131kl\u0131 bir ya\u015fam tarz\u0131na ba\u011fl\u0131 kalmal\u0131s\u0131n\u0131z. Kilo verme program\u0131n\u0131z ve egzersiz i\u00e7in doktorunuzun talimatlar\u0131na uyun. \u0130htiyac\u0131n\u0131z olan vitaminleri ald\u0131\u011f\u0131n\u0131zdan emin olmak i\u00e7in vitamin ve besin takviyeleri de almak isteyebilirsiniz.  <\/li>\n<\/ul>\n\n<h2 class=\"wp-block-heading\"><br\/>Gastrik Bypass Ameliyat\u0131 Sizin \u0130\u00e7in Uygun mu?<\/h2>\n\n<p><\/p>\n\n<p>Kilo problemleri ve kiloya ba\u011fl\u0131 fitness sorunlar\u0131 ile m\u00fccadele ettiyseniz,<strong> <\/strong>gastrik bypass tedavisi muhtemelen cevapt\u0131r. Kilo vermek ve zindeli\u011finizi art\u0131rmak i\u00e7in etkili bir y\u00f6ntemdir. Ancak sihirli bir restorasyon de\u011fildir. Kal\u0131c\u0131 sonu\u00e7lar g\u00f6rmek i\u00e7in ya\u015fam tarz\u0131n\u0131zda uzun vadeli ayarlamalar yapman\u0131z gerekir.   <\/p>\n\n<p>Karar vermeden \u00f6nce doktorunuzla konu\u015fun. \u015eunlar\u0131 anlaman\u0131za izin vereceklerdir <strong> <\/strong>gastrik bypass ameliyat\u0131, sizin durumunuz i\u00e7in son derece iyi bir f\u0131rsatt\u0131r.<\/p>\n\n<h2 class=\"wp-block-heading\">Sonu\u00e7<\/h2>\n\n<p><\/p>\n\n<p><strong>Gastrik Bypass Ameliyat\u0131<\/strong>, son zamanlarda uygulanan en iyi kilo verme cerrahi tekniklerinden biridir. Sizin i\u00e7in uygunsa, m\u00fckemmel kilo vermenizi ve sa\u011fl\u0131\u011f\u0131n\u0131z\u0131 iyile\u015ftirmenizi sa\u011flayacakt\u0131r. VK\u0130&#8217;niz k\u0131rk\u0131n \u00fczerindeyse veya sa\u011fl\u0131k sorunlar\u0131n\u0131z varsa gastrik bypass muhtemelen sizin i\u00e7in do\u011fru se\u00e7imdir.  <\/p>\n\n<p>Cerrahi \u00e7\u00f6z\u00fcm, kilo verme hayallerinizi ger\u00e7ekle\u015ftirmenize yard\u0131mc\u0131 olacak bir ara\u00e7t\u0131r, ancak ba\u015far\u0131 kesinlikle sa\u011fl\u0131kl\u0131 bir ya\u015fam tarz\u0131na olan ba\u011fl\u0131l\u0131\u011f\u0131n\u0131za dayanmaktad\u0131r. Kilo verme yolculu\u011funuza ba\u015flamak i\u00e7in organize olduysan\u0131z, gastrik bypass ameliyat\u0131 ve fitness hayallerinizi ger\u00e7ekle\u015ftirmenize nas\u0131l olanak sa\u011flayaca\u011f\u0131 hakk\u0131nda daha fazla bilgi edinmek i\u00e7in bug\u00fcnlerde bizimle ileti\u015fime ge\u00e7in. <\/p>\n\n<h3 class=\"wp-block-heading\">\u0130yile\u015fme s\u00fcreci de dahil olmak \u00fczere <a href=\"https:\/\/medclinics.com\/tr\/obezite\/\" target=\"_blank\" rel=\"noreferrer noopener\">obezite tedavisi<\/a> hakk\u0131nda bilmeniz gereken her \u015fey veya daha fazlas\u0131 burada, <a href=\"#requestform\">bize ula\u015f\u0131n<\/a>!<\/h3>\n\n<figure class=\"wp-block-image size-full\"><img fetchpriority=\"high\" decoding=\"async\" width=\"960\" height=\"540\" src=\"https:\/\/medclinics.com\/wp-content\/uploads\/2023\/07\/gastric-bypass-near-me.jpg\" alt=\"Yak&#x131;n&#x131;mdaki Gastrik Bypass &#x130;stanbul T&#xFC;rkiye\" class=\"wp-image-97826\" srcset=\"https:\/\/medclinics.com\/wp-content\/uploads\/2023\/07\/gastric-bypass-near-me.jpg 960w, https:\/\/medclinics.com\/wp-content\/uploads\/2023\/07\/gastric-bypass-near-me-500x281.jpg 500w, https:\/\/medclinics.com\/wp-content\/uploads\/2023\/07\/gastric-bypass-near-me-768x432.jpg 768w, https:\/\/medclinics.com\/wp-content\/uploads\/2023\/07\/gastric-bypass-near-me-24x14.jpg 24w, https:\/\/medclinics.com\/wp-content\/uploads\/2023\/07\/gastric-bypass-near-me-36x20.jpg 36w, https:\/\/medclinics.com\/wp-content\/uploads\/2023\/07\/gastric-bypass-near-me-48x27.jpg 48w\" sizes=\"(max-width: 960px) 100vw, 960px\" \/><\/figure>\n\n<h2 class=\"wp-block-heading\">SSS<\/h2>\n<div id=\"rank-math-faq\" class=\"rank-math-block\">\n<div class=\"rank-math-list \">\n<div id=\"faq-question-1684916450872\" class=\"rank-math-list-item\">\n<h3 class=\"rank-math-question \">Gastrik bypass ameliyat\u0131 nedir?<\/h3>\n<div class=\"rank-math-answer \">\n\n<p>Gastrik bypass ameliyat\u0131, daha k\u00fc\u00e7\u00fck bir mide kesesi olu\u015fturmay\u0131 ve sindirim yolunu yeniden y\u00f6nlendirmeyi i\u00e7eren bir kilo verme prosed\u00fcr\u00fcd\u00fcr. Daha k\u00fc\u00e7\u00fck mide kesesi g\u0131da al\u0131m\u0131n\u0131 k\u0131s\u0131tlarken, yeniden y\u00f6nlendirilen ba\u011f\u0131rsaklar kalori ve besin emilimini azalt\u0131r. Bu cerrahi prosed\u00fcr tipik olarak minimal invaziv laparoskopik teknikler kullan\u0131larak ger\u00e7ekle\u015ftirilir ve daha k\u0131sa iyile\u015fme s\u00fcreleri sa\u011flar. Bununla birlikte, bu ameliyat, bireysel sa\u011fl\u0131k ko\u015fullar\u0131n\u0131n kapsaml\u0131 bir \u015fekilde de\u011ferlendirilmesinden ve bir sa\u011fl\u0131k uzman\u0131na dan\u0131\u015f\u0131ld\u0131ktan sonra dikkatlice d\u00fc\u015f\u00fcn\u00fclmesi gereken \u00f6nemli bir prosed\u00fcrd\u00fcr.<\/p>\n\n<\/div>\n<\/div>\n<div id=\"faq-question-1684916409121\" class=\"rank-math-list-item\">\n<h3 class=\"rank-math-question \">Gastrik bypass nas\u0131l yap\u0131l\u0131r?<\/h3>\n<div class=\"rank-math-answer \">\n\n<p>Gastrik bypass ameliyat\u0131, kilo vermeyi te\u015fvik etmek i\u00e7in sindirim sisteminin de\u011fi\u015ftirilmesini i\u00e7eren bir kilo verme prosed\u00fcr\u00fcd\u00fcr. Tipik olarak minimal invaziv laparoskopik teknikler kullan\u0131larak ger\u00e7ekle\u015ftirilen prosed\u00fcr, kar\u0131nda k\u00fc\u00e7\u00fck kesiler olu\u015fturulmas\u0131yla ba\u015flar. Cerrah daha sonra mideyi daha k\u00fc\u00e7\u00fck bir \u00fcst kese ve daha b\u00fcy\u00fck bir alt b\u00f6l\u00fcme ay\u0131r\u0131r. Daha sonra, ince ba\u011f\u0131rsa\u011f\u0131n bir k\u0131sm\u0131 yeniden y\u00f6nlendirilir ve sindirim sisteminin bir b\u00f6l\u00fcm\u00fcn\u00fc atlayarak yeni mide kesesine ba\u011flan\u0131r. Ba\u011f\u0131rsaklar\u0131n bu \u015fekilde yeniden y\u00f6nlendirilmesi, yiyeceklerin kalan mide ve \u00fcst ba\u011f\u0131rsa\u011f\u0131 atlamas\u0131n\u0131 sa\u011flar. Kesiler daha sonra kapat\u0131l\u0131r ve hastalar bir hastane odas\u0131na nakledilmeden veya taburcu edilmeden \u00f6nce bir iyile\u015fme alan\u0131nda izlenir. Gastrik bypass ameliyat\u0131 g\u0131da al\u0131m\u0131n\u0131 azalt\u0131r ve kalori emilimini de\u011fi\u015ftirerek kilo kayb\u0131na yol a\u00e7ar. Prosed\u00fcr\u00fcn \u00f6zellikleri, bireysel ko\u015fullara ve cerrahi tekniklere ba\u011fl\u0131 olarak de\u011fi\u015febilir.<\/p>\n\n<\/div>\n<\/div>\n<div id=\"faq-question-1684916556620\" class=\"rank-math-list-item\">\n<h3 class=\"rank-math-question \">Gastrik bypass g\u00fcvenli midir?<\/h3>\n<div class=\"rank-math-answer \">\n\n<p>Gastrik bypass ameliyat\u0131 genellikle g\u00fcvenli kabul edilir, ancak her cerrahi prosed\u00fcr gibi belirli riskler ta\u015f\u0131r. Gastrik bypass&#8217;\u0131n genel g\u00fcvenli\u011fi, hastan\u0131n genel sa\u011fl\u0131\u011f\u0131, cerrahi ekibin deneyimi ve uygun ameliyat sonras\u0131 bak\u0131m dahil olmak \u00fczere \u00e7e\u015fitli fakt\u00f6rlere ba\u011fl\u0131d\u0131r. Komplikasyonlar aras\u0131nda enfeksiyonlar, kanama, kan p\u0131ht\u0131lar\u0131, cerrahi ba\u011flant\u0131lardan s\u0131z\u0131nt\u0131lar ve beslenme yetersizlikleri yer alabilir. Bununla birlikte, ciddi komplikasyonlar nispeten nadirdir. Gastrik bypass ameliyat\u0131 olmay\u0131 d\u00fc\u015f\u00fcnen bireylerin, bireysel risklerini de\u011ferlendirebilecek ve uygun rehberlik sa\u011flayabilecek nitelikli bir sa\u011fl\u0131k uzman\u0131yla kapsaml\u0131 bir de\u011ferlendirme ve kons\u00fcltasyon yapmalar\u0131 \u00f6nemlidir.<\/p>\n\n<\/div>\n<\/div>\n<div id=\"faq-question-1684916557749\" class=\"rank-math-list-item\">\n<h3 class=\"rank-math-question \">Gastrik bypass geri d\u00f6nd\u00fcr\u00fclebilir mi?<\/h3>\n<div class=\"rank-math-answer \">\n\n<p>Gastrik bypass ameliyat\u0131 genellikle kal\u0131c\u0131 olarak kabul edilir ve kolayca geri d\u00f6nd\u00fcr\u00fclemez. Prosed\u00fcr, daha k\u00fc\u00e7\u00fck bir mide kesesi olu\u015fturulmas\u0131 ve ba\u011f\u0131rsaklar\u0131n yeniden y\u00f6nlendirilmesi de dahil olmak \u00fczere sindirim sistemi anatomisinde kal\u0131c\u0131 de\u011fi\u015fiklikler i\u00e7erir. Bu de\u011fi\u015fiklikleri tersine \u00e7evirmek karma\u015f\u0131kt\u0131r ve kendi risk ve komplikasyonlar\u0131n\u0131 ta\u015f\u0131r.<br \/>Baz\u0131 durumlarda, tersine \u00e7evirme veya revizyon ameliyat\u0131 olarak bilinen gastrik bypass&#8217;\u0131n tersine \u00e7evrilmesi d\u00fc\u015f\u00fcn\u00fclebilir. Bununla birlikte, genellikle ciddi komplikasyonlar veya dayan\u0131lmaz yan etkiler gibi belirli t\u0131bbi nedenlere ayr\u0131lm\u0131\u015ft\u0131r. Reversal cerrahi, her birey i\u00e7in uygun veya tavsiye edilebilir olmayabilece\u011finden dikkatli bir de\u011ferlendirme gerektiren karma\u015f\u0131k bir prosed\u00fcrd\u00fcr.<\/p>\n\n<\/div>\n<\/div>\n<\/div>\n<\/div>\n<h3 class=\"wp-block-heading\">Herhangi bir sorunuz olmas\u0131 durumunda hemen <a href=\"#requestform\">bizimle ileti\u015fime<\/a> ge\u00e7in!<\/h3>\n","protected":false},"excerpt":{"rendered":"<p>Gastrik Bypass Ameliyat\u0131 Hakk\u0131nda Bilmeniz Gereken Her \u015eey Gastrik Bypass Ameliyat\u0131 bir t\u00fcr kilo verme tedavisidir. Prosed\u00fcr s\u0131ras\u0131nda doktorunuz midenizden [&hellip;]<\/p>\n","protected":false},"author":4,"featured_media":91553,"parent":0,"menu_order":0,"comment_status":"closed","ping_status":"closed","template":"","meta":{"site-sidebar-layout":"default","site-content-layout":"","ast-site-content-layout":"default","site-content-style":"default","site-sidebar-style":"default","ast-global-header-display":"","ast-banner-title-visibility":"","ast-main-header-display":"","ast-hfb-above-header-display":"","ast-hfb-below-header-display":"","ast-hfb-mobile-header-display":"","site-post-title":"","ast-breadcrumbs-content":"","ast-featured-img":"","footer-sml-layout":"","ast-disable-related-posts":"","theme-transparent-header-meta":"","adv-header-id-meta":"","stick-header-meta":"","header-above-stick-meta":"","header-main-stick-meta":"","header-below-stick-meta":"","astra-migrate-meta-layouts":"default","ast-page-background-enabled":"default","ast-page-background-meta":{"desktop":{"background-color":"var(--ast-global-color-4)","background-image":"","background-repeat":"repeat","background-position":"center center","background-size":"auto","background-attachment":"scroll","background-type":"","background-media":"","overlay-type":"","overlay-color":"","overlay-opacity":"","overlay-gradient":""},"tablet":{"background-color":"","background-image":"","background-repeat":"repeat","background-position":"center center","background-size":"auto","background-attachment":"scroll","background-type":"","background-media":"","overlay-type":"","overlay-color":"","overlay-opacity":"","overlay-gradient":""},"mobile":{"background-color":"","background-image":"","background-repeat":"repeat","background-position":"center center","background-size":"auto","background-attachment":"scroll","background-type":"","background-media":"","overlay-type":"","overlay-color":"","overlay-opacity":"","overlay-gradient":""}},"ast-content-background-meta":{"desktop":{"background-color":"var(--ast-global-color-5)","background-image":"","background-repeat":"repeat","background-position":"center center","background-size":"auto","background-attachment":"scroll","background-type":"","background-media":"","overlay-type":"","overlay-color":"","overlay-opacity":"","overlay-gradient":""},"tablet":{"background-color":"var(--ast-global-color-5)","background-image":"","background-repeat":"repeat","background-position":"center center","background-size":"auto","background-attachment":"scroll","background-type":"","background-media":"","overlay-type":"","overlay-color":"","overlay-opacity":"","overlay-gradient":""},"mobile":{"background-color":"var(--ast-global-color-5)","background-image":"","background-repeat":"repeat","background-position":"center center","background-size":"auto","background-attachment":"scroll","background-type":"","background-media":"","overlay-type":"","overlay-color":"","overlay-opacity":"","overlay-gradient":""}},"footnotes":""},"class_list":["post-146503","page","type-page","status-publish","has-post-thumbnail","hentry"],"_links":{"self":[{"href":"https:\/\/medclinics.com\/tr\/wp-json\/wp\/v2\/pages\/146503","targetHints":{"allow":["GET"]}}],"collection":[{"href":"https:\/\/medclinics.com\/tr\/wp-json\/wp\/v2\/pages"}],"about":[{"href":"https:\/\/medclinics.com\/tr\/wp-json\/wp\/v2\/types\/page"}],"author":[{"embeddable":true,"href":"https:\/\/medclinics.com\/tr\/wp-json\/wp\/v2\/users\/4"}],"replies":[{"embeddable":true,"href":"https:\/\/medclinics.com\/tr\/wp-json\/wp\/v2\/comments?post=146503"}],"version-history":[{"count":0,"href":"https:\/\/medclinics.com\/tr\/wp-json\/wp\/v2\/pages\/146503\/revisions"}],"wp:featuredmedia":[{"embeddable":true,"href":"https:\/\/medclinics.com\/tr\/wp-json\/wp\/v2\/media\/91553"}],"wp:attachment":[{"href":"https:\/\/medclinics.com\/tr\/wp-json\/wp\/v2\/media?parent=146503"}],"curies":[{"name":"wp","href":"https:\/\/api.w.org\/{rel}","templated":true}]}}