{"id":146493,"date":"2023-05-24T08:14:56","date_gmt":"2023-05-24T05:14:56","guid":{"rendered":"https:\/\/medclinics.com\/mide-laparoskopik-cerrahisi\/"},"modified":"2025-01-25T14:30:48","modified_gmt":"2025-01-25T11:30:48","slug":"mide-laparoskopik-cerrahisi","status":"publish","type":"page","link":"https:\/\/medclinics.com\/tr\/mide-laparoskopik-cerrahisi\/","title":{"rendered":"Mide Laparoskopik Cerrahisi"},"content":{"rendered":"\n<h2 class=\"wp-block-heading\">Fit bir g\u00f6r\u00fcn\u00fcme kavu\u015fmak istiyorsan\u0131z, Gastrik Laparoskopik Cerrahi m\u00fckemmel bir \u00e7\u00f6z\u00fcm olabilir.<\/h2>\n\n<p>Midenin <a href=\"https:\/\/en.wikipedia.org\/wiki\/Laparoscopy\" target=\"_blank\" rel=\"noreferrer noopener nofollow\">laparoskopik<\/a> uygulamas\u0131, duvar\u0131n\u0131n emilemeyen cerrahi diki\u015flerle (\u00e7ok s\u0131ral\u0131 diki\u015f) enine y\u00f6nde dikilmesi veya \u00f6zel k\u00fc\u00e7\u00fck z\u0131mbalarla sabitlenmesi yoluyla bu organ\u0131n hacminin yapay olarak azalt\u0131lmas\u0131d\u0131r. Sonu\u00e7 olarak, daha k\u00fc\u00e7\u00fck \u00e7apl\u0131 bir mide t\u00fcp\u00fc olu\u015fur ve buna ba\u011fl\u0131 olarak b\u00fcy\u00fck miktarda g\u0131dan\u0131n emilmesi olas\u0131l\u0131\u011f\u0131 ortadan kalkar.<\/p>\n\n<p>Mide laparoskopik cerrahi operasyonu ayr\u0131ca mide duvar\u0131n\u0131n geni\u015fleme kabiliyetini s\u0131n\u0131rlar ve muhtemelen a\u00e7l\u0131k hissinden sorumlu belirli gastrointestinal hormonlar\u0131n \u00fcretimini azalt\u0131r.<\/p>\n\n<ul class=\"wp-block-list\">\n<li>\u00c7al\u0131\u015fma s\u00fcresi: 1-1,5 saat<\/li>\n\n\n\n<li>Hastanede kal\u0131\u015f s\u00fcresi: 2-4 g\u00fcn<\/li>\n\n\n\n<li>Fazla kilo kayb\u0131: %40-70<\/li>\n\n\n\n<li>V\u00fccut kitle indeksi 30&#8217;un \u00fczerinde olanlar i\u00e7in<\/li>\n\n\n\n<li>Olas\u0131 riskler: Bulant\u0131 ve\/veya kusma, Diki\u015flerin ayr\u0131lmas\u0131 veya ek ameliyat gerektiren s\u0131z\u0131nt\u0131lar, Kanama, Enfeksiyon, Ameliyat ve genel anestezi ile ili\u015fkili di\u011fer standart riskler<\/li>\n<\/ul>\n\n<h3 class=\"wp-block-heading\"><a href=\"https:\/\/medclinics.com\/tr\/obesity-treatment\/\" target=\"_blank\" rel=\"noreferrer noopener\">Obezite tedavisi<\/a> hakk\u0131nda fiyat ve daha fazlas\u0131 dahil olmak \u00fczere bilmeniz gereken her \u015fey i\u00e7in hemen <a href=\"#requestform\">bizimle ileti\u015fime<\/a> ge\u00e7in!<\/h3>\n\n<figure class=\"wp-block-image size-full\"><img fetchpriority=\"high\" decoding=\"async\" width=\"960\" height=\"540\" src=\"https:\/\/medclinics.com\/wp-content\/uploads\/2023\/07\/gastric-laparoscopic-surgery-near-me.jpg\" alt=\"Yak&#x131;n&#x131;mdaki Mide Laparoskopik Ameliyat&#x131; &#x130;stanbul T&#xFC;rkiye\" class=\"wp-image-97834\" srcset=\"https:\/\/medclinics.com\/wp-content\/uploads\/2023\/07\/gastric-laparoscopic-surgery-near-me.jpg 960w, https:\/\/medclinics.com\/wp-content\/uploads\/2023\/07\/gastric-laparoscopic-surgery-near-me-500x281.jpg 500w, https:\/\/medclinics.com\/wp-content\/uploads\/2023\/07\/gastric-laparoscopic-surgery-near-me-768x432.jpg 768w, https:\/\/medclinics.com\/wp-content\/uploads\/2023\/07\/gastric-laparoscopic-surgery-near-me-24x14.jpg 24w, https:\/\/medclinics.com\/wp-content\/uploads\/2023\/07\/gastric-laparoscopic-surgery-near-me-36x20.jpg 36w, https:\/\/medclinics.com\/wp-content\/uploads\/2023\/07\/gastric-laparoscopic-surgery-near-me-48x27.jpg 48w\" sizes=\"(max-width: 960px) 100vw, 960px\" \/><\/figure>\n\n<h2 class=\"wp-block-heading\">SSS<\/h2>\n<div id=\"rank-math-faq\" class=\"rank-math-block\">\n<div class=\"rank-math-list \">\n<div id=\"faq-question-1684915357055\" class=\"rank-math-list-item\">\n<h3 class=\"rank-math-question \">Laparoskopik cerrahinin uygulama alanlar\u0131 nelerdir?<\/h3>\n<div class=\"rank-math-answer \">\n\n<p>Minimal invaziv cerrahi olarak da bilinen laparoskopik cerrahi, farkl\u0131 t\u0131bbi uzmanl\u0131k alanlar\u0131nda geni\u015f bir uygulama alan\u0131na sahiptir. Safra kesesi ameliyat\u0131, f\u0131t\u0131k onar\u0131m\u0131, apendektomi, kilo kayb\u0131 i\u00e7in bariatrik cerrahi, jinekolojik ameliyatlar, kolorektal ameliyatlar, solid organ ameliyatlar\u0131 ve tan\u0131sal prosed\u00fcrler gibi prosed\u00fcrlerde yayg\u0131n olarak kullan\u0131lmaktad\u0131r. Safra kesesi ameliyat\u0131nda laparoskopi, safra kesesi ta\u015f\u0131 veya di\u011fer durumlarda safra kesesinin al\u0131nmas\u0131n\u0131 sa\u011flar. F\u0131t\u0131k onar\u0131m\u0131, farkl\u0131 f\u0131t\u0131k tipleri i\u00e7in laparoskopik teknikler kullan\u0131larak ger\u00e7ekle\u015ftirilebilir. Laparoskopik apendektomi, apandisin \u00e7\u0131kar\u0131lmas\u0131 i\u00e7in minimal invaziv bir yakla\u015f\u0131md\u0131r. Gastrik bypass ve sleeve gastrektomi gibi bariatrik ameliyatlarda kilo kayb\u0131 i\u00e7in laparoskopik teknikler kullan\u0131l\u0131r. Histerektomi, yumurtal\u0131k kisti \u00e7\u0131kar\u0131lmas\u0131 ve endometriozis tedavisi gibi jinekolojik prosed\u00fcrler laparoskopik yakla\u015f\u0131mlardan yararlan\u0131r. Laparoskopi ayr\u0131ca kolorektal ameliyatlarda, karaci\u011fer rezeksiyonu ve splenektomi gibi solid organ ameliyatlar\u0131nda ve abdominal ve pelvik de\u011ferlendirmeler i\u00e7in tan\u0131sal prosed\u00fcrlerde de uygulanmaktad\u0131r. Laparoskopik cerrahi, hastalara geleneksel a\u00e7\u0131k cerrahiye k\u0131yasla daha k\u00fc\u00e7\u00fck kesiler, daha az a\u011fr\u0131, daha k\u0131sa hastanede kal\u0131\u015f s\u00fcresi ve daha h\u0131zl\u0131 iyile\u015fme avantajlar\u0131 sunar. Laparoskopik cerrahinin spesifik uygulamas\u0131 hastan\u0131n durumuna, cerrah\u0131n uzmanl\u0131\u011f\u0131na ve bireysel de\u011ferlendirmelere ba\u011fl\u0131d\u0131r.<\/p>\n\n<\/div>\n<\/div>\n<div id=\"faq-question-1684915477961\" class=\"rank-math-list-item\">\n<h3 class=\"rank-math-question \">Mide laparoskopik cerrahisi nedir?<\/h3>\n<div class=\"rank-math-answer \">\n\n<p>Laparoskopik mide cerrahisi olarak da adland\u0131r\u0131lan gastrik laparoskopik cerrahi, mideyi i\u00e7eren cerrahi prosed\u00fcrlere minimal invaziv bir yakla\u015f\u0131md\u0131r. Kar\u0131nda \u00f6zel aletlerin ve bir laparoskopun yerle\u015ftirildi\u011fi k\u00fc\u00e7\u00fck kesiler kullan\u0131l\u0131r. Bir kamera ile donat\u0131lm\u0131\u015f laparoskop, ger\u00e7ek zamanl\u0131 g\u00f6r\u00fcnt\u00fcleri bir monit\u00f6re ileterek cerraha g\u00f6rsel rehberlik sa\u011flar. Gastrik bypass, t\u00fcp mide, mide band\u0131 ve mide rezeksiyonu dahil olmak \u00fczere \u00e7e\u015fitli mide rahats\u0131zl\u0131klar\u0131 laparoskopik tekniklerle tedavi edilebilir. Gastrik laparoskopik cerrahi, geleneksel a\u00e7\u0131k cerrahiye k\u0131yasla daha k\u00fc\u00e7\u00fck kesiler, daha az yara izi, daha az ameliyat sonras\u0131 a\u011fr\u0131, daha k\u0131sa hastanede kal\u0131\u015f s\u00fcresi ve daha h\u0131zl\u0131 iyile\u015fme gibi \u00e7e\u015fitli avantajlar sunar.<\/p>\n\n<\/div>\n<\/div>\n<div id=\"faq-question-1684915458245\" class=\"rank-math-list-item\">\n<h3 class=\"rank-math-question \">Mide i\u00e7in laparoskopi nas\u0131l yap\u0131l\u0131r?<\/h3>\n<div class=\"rank-math-answer \">\n\n<p>Genel anestezi alt\u0131nda ger\u00e7ekle\u015ftirilen mide laparoskopik cerrahisi, kar\u0131nda birka\u00e7 k\u00fc\u00e7\u00fck kesi yap\u0131lmas\u0131n\u0131 i\u00e7erir. Trokarlar veya uzun t\u00fcpler bu kesilerden sokularak cerrahi aletlere ve laparoskopa eri\u015fim sa\u011flan\u0131r. Daha sonra bir \u00e7al\u0131\u015fma alan\u0131 olu\u015fturmak i\u00e7in kar\u0131n i\u00e7ine karbondioksit gaz\u0131 verilir. Bir kamera ve \u0131\u015f\u0131k kayna\u011f\u0131 ile donat\u0131lm\u0131\u015f laparoskop, cerraha bir monit\u00f6rde g\u00f6rsel rehberlik sa\u011flar. Cerrah, \u00f6zel aletler kullanarak mide band\u0131, t\u00fcp mide ameliyat\u0131 veya gastrik bypass gibi uygulanan spesifik prosed\u00fcre g\u00f6re mideyi manip\u00fcle eder. Cerrahi ad\u0131mlar tamamland\u0131ktan sonra aletler ve trokarlar \u00e7\u0131kar\u0131l\u0131r ve kesiler kapat\u0131l\u0131r. Hastalar bir hastane odas\u0131na nakledilmeden veya taburcu edilmeden \u00f6nce bir iyile\u015fme alan\u0131nda izlenir. Gastrik laparoskopik cerrahi prosed\u00fcr\u00fcn\u00fcn kesin ayr\u0131nt\u0131lar\u0131, spesifik ameliyata ve cerrah\u0131n yakla\u015f\u0131m\u0131na ba\u011fl\u0131 olarak de\u011fi\u015febilir ve en uygun cerrahi plan\u0131n belirlenmesi i\u00e7in bireysel de\u011ferlendirmeler ve kons\u00fcltasyonlar \u00f6nemlidir.<\/p>\n\n<\/div>\n<\/div>\n<\/div>\n<\/div>\n<p>\u00a0<\/p>\n\n<h3 class=\"wp-block-heading\">Herhangi bir sorunuz olmas\u0131 durumunda hemen bizimle ileti\u015fime ge\u00e7in!<\/h3>\n","protected":false},"excerpt":{"rendered":"<p>Fit bir g\u00f6r\u00fcn\u00fcme kavu\u015fmak istiyorsan\u0131z, Gastrik Laparoskopik Cerrahi m\u00fckemmel bir \u00e7\u00f6z\u00fcm olabilir. Midenin laparoskopik uygulamas\u0131, duvar\u0131n\u0131n emilemeyen cerrahi diki\u015flerle (\u00e7ok [&hellip;]<\/p>\n","protected":false},"author":4,"featured_media":91567,"parent":0,"menu_order":0,"comment_status":"closed","ping_status":"closed","template":"","meta":{"site-sidebar-layout":"default","site-content-layout":"","ast-site-content-layout":"default","site-content-style":"default","site-sidebar-style":"default","ast-global-header-display":"","ast-banner-title-visibility":"","ast-main-header-display":"","ast-hfb-above-header-display":"","ast-hfb-below-header-display":"","ast-hfb-mobile-header-display":"","site-post-title":"","ast-breadcrumbs-content":"","ast-featured-img":"","footer-sml-layout":"","ast-disable-related-posts":"","theme-transparent-header-meta":"","adv-header-id-meta":"","stick-header-meta":"","header-above-stick-meta":"","header-main-stick-meta":"","header-below-stick-meta":"","astra-migrate-meta-layouts":"default","ast-page-background-enabled":"default","ast-page-background-meta":{"desktop":{"background-color":"var(--ast-global-color-4)","background-image":"","background-repeat":"repeat","background-position":"center center","background-size":"auto","background-attachment":"scroll","background-type":"","background-media":"","overlay-type":"","overlay-color":"","overlay-opacity":"","overlay-gradient":""},"tablet":{"background-color":"","background-image":"","background-repeat":"repeat","background-position":"center center","background-size":"auto","background-attachment":"scroll","background-type":"","background-media":"","overlay-type":"","overlay-color":"","overlay-opacity":"","overlay-gradient":""},"mobile":{"background-color":"","background-image":"","background-repeat":"repeat","background-position":"center center","background-size":"auto","background-attachment":"scroll","background-type":"","background-media":"","overlay-type":"","overlay-color":"","overlay-opacity":"","overlay-gradient":""}},"ast-content-background-meta":{"desktop":{"background-color":"var(--ast-global-color-5)","background-image":"","background-repeat":"repeat","background-position":"center center","background-size":"auto","background-attachment":"scroll","background-type":"","background-media":"","overlay-type":"","overlay-color":"","overlay-opacity":"","overlay-gradient":""},"tablet":{"background-color":"var(--ast-global-color-5)","background-image":"","background-repeat":"repeat","background-position":"center center","background-size":"auto","background-attachment":"scroll","background-type":"","background-media":"","overlay-type":"","overlay-color":"","overlay-opacity":"","overlay-gradient":""},"mobile":{"background-color":"var(--ast-global-color-5)","background-image":"","background-repeat":"repeat","background-position":"center center","background-size":"auto","background-attachment":"scroll","background-type":"","background-media":"","overlay-type":"","overlay-color":"","overlay-opacity":"","overlay-gradient":""}},"footnotes":""},"class_list":["post-146493","page","type-page","status-publish","has-post-thumbnail","hentry"],"_links":{"self":[{"href":"https:\/\/medclinics.com\/tr\/wp-json\/wp\/v2\/pages\/146493","targetHints":{"allow":["GET"]}}],"collection":[{"href":"https:\/\/medclinics.com\/tr\/wp-json\/wp\/v2\/pages"}],"about":[{"href":"https:\/\/medclinics.com\/tr\/wp-json\/wp\/v2\/types\/page"}],"author":[{"embeddable":true,"href":"https:\/\/medclinics.com\/tr\/wp-json\/wp\/v2\/users\/4"}],"replies":[{"embeddable":true,"href":"https:\/\/medclinics.com\/tr\/wp-json\/wp\/v2\/comments?post=146493"}],"version-history":[{"count":0,"href":"https:\/\/medclinics.com\/tr\/wp-json\/wp\/v2\/pages\/146493\/revisions"}],"wp:featuredmedia":[{"embeddable":true,"href":"https:\/\/medclinics.com\/tr\/wp-json\/wp\/v2\/media\/91567"}],"wp:attachment":[{"href":"https:\/\/medclinics.com\/tr\/wp-json\/wp\/v2\/media?parent=146493"}],"curies":[{"name":"wp","href":"https:\/\/api.w.org\/{rel}","templated":true}]}}