{"id":146479,"date":"2023-05-24T07:57:51","date_gmt":"2023-05-24T04:57:51","guid":{"rendered":"https:\/\/medclinics.com\/elipse-yutulabilir-mide-balonu\/"},"modified":"2025-01-02T14:43:00","modified_gmt":"2025-01-02T11:43:00","slug":"elipse-yutulabilir-mide-balonu","status":"publish","type":"page","link":"https:\/\/medclinics.com\/tr\/elipse-yutulabilir-mide-balonu\/","title":{"rendered":"Elipse Yutulabilir Mide Balonu"},"content":{"rendered":"\n<h2 class=\"wp-block-heading\">En sevdi\u011finiz g\u00f6r\u00fcn\u00fcme kavu\u015fmak istiyorsan\u0131z, Elipse Yutulabilir Mide Balonu m\u00fckemmel bir \u00e7\u00f6z\u00fcmd\u00fcr.<\/h2>\n\n<p><a href=\"https:\/\/en.wikipedia.org\/wiki\/Gastric_balloon\" target=\"_blank\" rel=\"noreferrer noopener nofollow\">Elipse yutulabilir mide balonu<\/a>, endoskopi ve\/veya yerle\u015ftirmek i\u00e7in herhangi bir ila\u00e7 gerektirmeyen bir kilo verme yard\u0131mc\u0131s\u0131 olarak bir t\u00fcr intragastrik balondur. Normal bir besin takviyesi kaps\u00fcl\u00fc b\u00fcy\u00fckl\u00fc\u011f\u00fcnde bir kaps\u00fcld\u00fcr ve az miktarda su ile yutulduktan sonra kaps\u00fcle ba\u011fl\u0131 ince bir kan\u00fcl arac\u0131l\u0131\u011f\u0131yla \u00f6zel bir salin sol\u00fcsyonu ile doldurulur.<\/p>\n\n<p>Geleneksel mide balonlar\u0131n\u0131n aksine, amac\u0131na hizmet ettikten sonra endoskopik olarak mideden \u00e7\u0131kar\u0131lmas\u0131 gerekmez. 4-6 ay sonra balon bo\u015falt\u0131l\u0131r ve v\u00fccudu do\u011fal yollarla terk eder.<\/p>\n\n<ul class=\"wp-block-list\">\n<li>\u00c7al\u0131\u015fma s\u00fcresi: 15-30 dakika<\/li>\n\n\n\n<li>Hastanede kal\u0131\u015f s\u00fcresi: birka\u00e7 saat<\/li>\n\n\n\n<li>Fazla kilo kayb\u0131: %40<\/li>\n\n\n\n<li>30-40 BMI aral\u0131\u011f\u0131nda olanlar i\u00e7in<\/li>\n\n\n\n<li>Olas\u0131 riskler: Bo\u011faz a\u011fr\u0131s\u0131, Refl\u00fc, Kar\u0131n a\u011fr\u0131s\u0131, Kar\u0131nda kramp, Bulant\u0131 ve kusma, A\u011f\u0131z kokusu, Daha nadir g\u00f6r\u00fclen baz\u0131 yan etkiler aras\u0131nda kanama, g\u00f6\u011f\u00fcs enfeksiyonu ve solunum komplikasyonlar\u0131 yer almaktad\u0131r.<\/li>\n<\/ul>\n\n<h2 class=\"wp-block-heading\"><a href=\"https:\/\/medclinics.com\/tr\/obesity-treatment\/\" target=\"_blank\" rel=\"noreferrer noopener\">Obezite tedavisi<\/a> hakk\u0131nda bilmeniz gereken her \u015fey burada, hemen <a href=\"#requestform\">bize ula\u015f\u0131n<\/a>!<\/h2>\n\n<figure class=\"wp-block-image size-full\"><img fetchpriority=\"high\" decoding=\"async\" width=\"960\" height=\"540\" src=\"https:\/\/medclinics.com\/wp-content\/uploads\/2023\/07\/elipse-swallowable-gastric-balloon-near-me.jpg\" alt=\"Elipse Yutulabilir Mide Balonu Yak&#x131;n&#x131;mdaki &#x130;stanbul T&#xFC;rkiye\" class=\"wp-image-97842\" srcset=\"https:\/\/medclinics.com\/wp-content\/uploads\/2023\/07\/elipse-swallowable-gastric-balloon-near-me.jpg 960w, https:\/\/medclinics.com\/wp-content\/uploads\/2023\/07\/elipse-swallowable-gastric-balloon-near-me-500x281.jpg 500w, https:\/\/medclinics.com\/wp-content\/uploads\/2023\/07\/elipse-swallowable-gastric-balloon-near-me-768x432.jpg 768w, https:\/\/medclinics.com\/wp-content\/uploads\/2023\/07\/elipse-swallowable-gastric-balloon-near-me-24x14.jpg 24w, https:\/\/medclinics.com\/wp-content\/uploads\/2023\/07\/elipse-swallowable-gastric-balloon-near-me-36x20.jpg 36w, https:\/\/medclinics.com\/wp-content\/uploads\/2023\/07\/elipse-swallowable-gastric-balloon-near-me-48x27.jpg 48w\" sizes=\"(max-width: 960px) 100vw, 960px\" \/><\/figure>\n\n<h2 class=\"wp-block-heading\">SSS<\/h2>\n<div id=\"rank-math-faq\" class=\"rank-math-block\">\n<div class=\"rank-math-list \">\n<div id=\"faq-question-1684914609944\" class=\"rank-math-list-item\">\n<h3 class=\"rank-math-question \">Mide balonu nedir?<\/h3>\n<div class=\"rank-math-answer \">\n\n<p>Mide balonu, s\u00f6nm\u00fc\u015f bir silikon balonun mideye yerle\u015ftirildi\u011fi ge\u00e7ici, cerrahi olmayan bir kilo verme prosed\u00fcr\u00fcd\u00fcr. Dolgunluk hissi yaratmak ve g\u0131da al\u0131m\u0131n\u0131 s\u0131n\u0131rlamak i\u00e7in salin sol\u00fcsyonu ile doldurulur. Balon \u00e7\u0131kar\u0131lmadan \u00f6nce yakla\u015f\u0131k alt\u0131 ay boyunca midede kal\u0131r. Porsiyon kontrol\u00fcne yard\u0131mc\u0131 olur ve kilo verme \u00e7abalar\u0131n\u0131 h\u0131zland\u0131rabilir, ancak ya\u015fam tarz\u0131 de\u011fi\u015fiklikleri ile birle\u015ftirilmelidir. Genel olarak g\u00fcvenli olmakla birlikte bulant\u0131, kar\u0131n rahats\u0131zl\u0131\u011f\u0131 ve nadir komplikasyonlar gibi potansiyel riskler vard\u0131r.<\/p>\n\n<\/div>\n<\/div>\n<div id=\"faq-question-1684914356701\" class=\"rank-math-list-item\">\n<h3 class=\"rank-math-question \">Mide balonu g\u00fcvenli midir?<\/h3>\n<div class=\"rank-math-answer \">\n\n<p>Mide balonu prosed\u00fcrleri genellikle g\u00fcvenli kabul edilir, ancak potansiyel risklerin ve komplikasyonlar\u0131n fark\u0131nda olmak \u00f6nemlidir. Cerrahi olmayan ve minimal invaziv bir yakla\u015f\u0131m olarak, geleneksel cerrahi m\u00fcdahalelere k\u0131yasla daha az risk ta\u015f\u0131rlar. Ancak bulant\u0131, kusma, kar\u0131n rahats\u0131zl\u0131\u011f\u0131, mide \u00fclseri, balon s\u00f6nmesi veya y\u0131rt\u0131lmas\u0131 ve nadiren t\u0131kanma veya delinme vakalar\u0131 gibi olas\u0131 riskler hala mevcuttur. Bariatrik prosed\u00fcrler konusunda uzmanla\u015fm\u0131\u015f nitelikli bir sa\u011fl\u0131k uzman\u0131 se\u00e7mek, g\u00fcvenli\u011fi sa\u011flamak i\u00e7in \u00e7ok \u00f6nemlidir.<\/p>\n\n<\/div>\n<\/div>\n<div id=\"faq-question-1684914339229\" class=\"rank-math-list-item\">\n<h3 class=\"rank-math-question \">Mide balonu buna de\u011fer mi?<\/h3>\n<div class=\"rank-math-answer \">\n\n<p>Mide balonu prosed\u00fcr\u00fcn\u00fcn de\u011feri, bireysel fakt\u00f6rlere ve hedeflere ba\u011fl\u0131d\u0131r. Kaybedecek \u00f6nemli miktarda kilosu olan ve di\u011fer kilo verme y\u00f6ntemleriyle ba\u015far\u0131s\u0131z giri\u015fimlerde bulunan ki\u015filer i\u00e7in dikkate de\u011fer olabilir. Cerrahi prosed\u00fcrlere k\u0131yasla daha az risk ve daha k\u0131sa iyile\u015fme s\u00fcresi ile cerrahi olmayan bir yakla\u015f\u0131m sunar. Bununla birlikte, etkinli\u011fi, kilo verme \u00e7abalar\u0131na yard\u0131mc\u0131 olacak bir ara\u00e7 olarak hizmet etti\u011fi i\u00e7in uzun vadeli ya\u015fam tarz\u0131 de\u011fi\u015fikliklerine ba\u011fl\u0131l\u0131\u011fa dayan\u0131r. Balonun ge\u00e7ici oldu\u011funu ve tipik olarak yakla\u015f\u0131k alt\u0131 ay gibi belirli bir s\u00fcre sonra \u00e7\u0131kar\u0131lmas\u0131 gerekti\u011fini unutmamak \u00f6nemlidir. Ya\u015fam tarz\u0131 de\u011fi\u015fikliklerine ba\u011fl\u0131l\u0131k, potansiyel faydalar ve ilgili maliyetlerin dikkate al\u0131nmas\u0131, bu tedavinin de\u011ferinin belirlenmesinde esast\u0131r.<\/p>\n\n<\/div>\n<\/div>\n<div id=\"faq-question-1684914702520\" class=\"rank-math-list-item\">\n<h3 class=\"rank-math-question \">Mide balonu etkili midir?<\/h3>\n<div class=\"rank-math-answer \">\n\n<p>Evet, mide balonlar\u0131 kilo kayb\u0131 i\u00e7in etkili olabilir. Bireylerin kilo verme yolculuklar\u0131na h\u0131zl\u0131 bir ba\u015flang\u0131\u00e7 yapmalar\u0131na yard\u0131mc\u0131 olabilecek ge\u00e7ici bir ara\u00e7 sa\u011flarlar. Dolgunluk hissi yaratarak ve porsiyon kontrol\u00fcn\u00fc te\u015fvik ederek, mide balonlar\u0131 kalori al\u0131m\u0131n\u0131 azaltmaya ve yerinde olduklar\u0131 s\u00fcre boyunca \u00f6nemli kilo kayb\u0131 sa\u011flamaya yard\u0131mc\u0131 olabilir.<\/p>\n\n<\/div>\n<\/div>\n<\/div>\n<\/div>\n<p>\u00a0<\/p>\n\n<h3 class=\"wp-block-heading\">Herhangi bir sorunuz olmas\u0131 durumunda hemen bizimle ileti\u015fime ge\u00e7in!<\/h3>\n","protected":false},"excerpt":{"rendered":"<p>En sevdi\u011finiz g\u00f6r\u00fcn\u00fcme kavu\u015fmak istiyorsan\u0131z, Elipse Yutulabilir Mide Balonu m\u00fckemmel bir \u00e7\u00f6z\u00fcmd\u00fcr. Elipse yutulabilir mide balonu, endoskopi ve\/veya yerle\u015ftirmek i\u00e7in [&hellip;]<\/p>\n","protected":false},"author":4,"featured_media":91775,"parent":0,"menu_order":0,"comment_status":"closed","ping_status":"closed","template":"","meta":{"site-sidebar-layout":"default","site-content-layout":"","ast-site-content-layout":"default","site-content-style":"default","site-sidebar-style":"default","ast-global-header-display":"","ast-banner-title-visibility":"","ast-main-header-display":"","ast-hfb-above-header-display":"","ast-hfb-below-header-display":"","ast-hfb-mobile-header-display":"","site-post-title":"","ast-breadcrumbs-content":"","ast-featured-img":"","footer-sml-layout":"","ast-disable-related-posts":"","theme-transparent-header-meta":"","adv-header-id-meta":"","stick-header-meta":"","header-above-stick-meta":"","header-main-stick-meta":"","header-below-stick-meta":"","astra-migrate-meta-layouts":"default","ast-page-background-enabled":"default","ast-page-background-meta":{"desktop":{"background-color":"var(--ast-global-color-4)","background-image":"","background-repeat":"repeat","background-position":"center center","background-size":"auto","background-attachment":"scroll","background-type":"","background-media":"","overlay-type":"","overlay-color":"","overlay-opacity":"","overlay-gradient":""},"tablet":{"background-color":"","background-image":"","background-repeat":"repeat","background-position":"center center","background-size":"auto","background-attachment":"scroll","background-type":"","background-media":"","overlay-type":"","overlay-color":"","overlay-opacity":"","overlay-gradient":""},"mobile":{"background-color":"","background-image":"","background-repeat":"repeat","background-position":"center center","background-size":"auto","background-attachment":"scroll","background-type":"","background-media":"","overlay-type":"","overlay-color":"","overlay-opacity":"","overlay-gradient":""}},"ast-content-background-meta":{"desktop":{"background-color":"var(--ast-global-color-5)","background-image":"","background-repeat":"repeat","background-position":"center center","background-size":"auto","background-attachment":"scroll","background-type":"","background-media":"","overlay-type":"","overlay-color":"","overlay-opacity":"","overlay-gradient":""},"tablet":{"background-color":"var(--ast-global-color-5)","background-image":"","background-repeat":"repeat","background-position":"center center","background-size":"auto","background-attachment":"scroll","background-type":"","background-media":"","overlay-type":"","overlay-color":"","overlay-opacity":"","overlay-gradient":""},"mobile":{"background-color":"var(--ast-global-color-5)","background-image":"","background-repeat":"repeat","background-position":"center center","background-size":"auto","background-attachment":"scroll","background-type":"","background-media":"","overlay-type":"","overlay-color":"","overlay-opacity":"","overlay-gradient":""}},"footnotes":""},"class_list":["post-146479","page","type-page","status-publish","has-post-thumbnail","hentry"],"_links":{"self":[{"href":"https:\/\/medclinics.com\/tr\/wp-json\/wp\/v2\/pages\/146479","targetHints":{"allow":["GET"]}}],"collection":[{"href":"https:\/\/medclinics.com\/tr\/wp-json\/wp\/v2\/pages"}],"about":[{"href":"https:\/\/medclinics.com\/tr\/wp-json\/wp\/v2\/types\/page"}],"author":[{"embeddable":true,"href":"https:\/\/medclinics.com\/tr\/wp-json\/wp\/v2\/users\/4"}],"replies":[{"embeddable":true,"href":"https:\/\/medclinics.com\/tr\/wp-json\/wp\/v2\/comments?post=146479"}],"version-history":[{"count":0,"href":"https:\/\/medclinics.com\/tr\/wp-json\/wp\/v2\/pages\/146479\/revisions"}],"wp:featuredmedia":[{"embeddable":true,"href":"https:\/\/medclinics.com\/tr\/wp-json\/wp\/v2\/media\/91775"}],"wp:attachment":[{"href":"https:\/\/medclinics.com\/tr\/wp-json\/wp\/v2\/media?parent=146479"}],"curies":[{"name":"wp","href":"https:\/\/api.w.org\/{rel}","templated":true}]}}