{"id":146465,"date":"2023-06-24T07:35:55","date_gmt":"2023-06-24T04:35:55","guid":{"rendered":"https:\/\/medclinics.com\/laparoskopik-ayarlanabilir-mide-bandi\/"},"modified":"2025-01-25T14:30:17","modified_gmt":"2025-01-25T11:30:17","slug":"laparoskopik-ayarlanabilir-mide-bandi","status":"publish","type":"page","link":"https:\/\/medclinics.com\/tr\/laparoskopik-ayarlanabilir-mide-bandi\/","title":{"rendered":"Laparoskopik Ayarlanabilir Mide Band\u0131"},"content":{"rendered":"\n<h2 class=\"wp-block-heading\">\u0130deal g\u00f6r\u00fcn\u00fcm\u00fcn\u00fcz\u00fc elde etmenin bir yolunu ar\u0131yorsan\u0131z, Laparoskopik Ayarlanabilir Mide Band\u0131 harika olabilir.<\/h2>\n\n<p><a href=\"https:\/\/en.wikipedia.org\/wiki\/Adjustable_gastric_band\" target=\"_blank\" rel=\"noreferrer noopener nofollow\">Laparoskopik ayarlanabilir gastrik bantlama, laparoskopik<\/a> olarak ger\u00e7ekle\u015ftirilen minimal invaziv bir operasyondur. Mide \u015feklinde tersine \u00e7evrilebilir bir de\u011fi\u015fiklik i\u00e7erir. Sonu\u00e7 olarak a\u011f\u0131rl\u0131kta \u00f6nemli bir azalma sa\u011flanm\u0131\u015ft\u0131r. Mide band\u0131 operasyonunda midenin \u00fcst k\u0131sm\u0131na silikon halka (bandaj) uygulan\u0131r.<\/p>\n\n<p>Sonu\u00e7 olarak mide kum saati \u015feklini al\u0131r. \u00dcst k\u0131sm\u0131n hacmi sadece 15-25 ml&#8217;dir ve midenin iki k\u0131sm\u0131 aras\u0131ndaki anastomoz boyutu yakla\u015f\u0131k 1 cm&#8217;dir. Bu ameliyat hastan\u0131n tek \u00f6\u011f\u00fcn hacmini b\u00fcy\u00fck \u00f6l\u00e7\u00fcde azalt\u0131r. B\u00f6ylece, \u00f6nemli \u00f6l\u00e7\u00fcde kilo kayb\u0131na yard\u0131mc\u0131 olur. Tokluk resept\u00f6rleri midenin \u00fcst k\u0131sm\u0131nda bulundu\u011fu i\u00e7in a\u00e7l\u0131k hissetmeniz daha az olas\u0131d\u0131r.<\/p>\n\n<ul class=\"wp-block-list\">\n<li>\u00c7al\u0131\u015fma s\u00fcresi: 1 saat<\/li>\n\n\n\n<li>Hastanede kal\u0131\u015f s\u00fcresi: 2-4 g\u00fcn<\/li>\n\n\n\n<li>Kilo kayb\u0131: 40-50%<\/li>\n\n\n\n<li>V\u00fccut kitle indeksi 40&#8217;\u0131n \u00fczerinde olanlar i\u00e7in<\/li>\n\n\n\n<li>Olas\u0131 riskler: \u0130\u00e7 kanama, Genel anesteziye kar\u015f\u0131 advers reaksiyonlar, Derin ven trombozu, Band\u0131n yerinden kaymas\u0131, S\u0131z\u0131nt\u0131<\/li>\n<\/ul>\n\n<h3 class=\"wp-block-heading\"><a href=\"https:\/\/medclinics.com\/tr\/obesity-treatment\/\" target=\"_blank\" rel=\"noreferrer noopener\">Obezite tedavisi<\/a> hakk\u0131nda fiyat, Obezite tedavisi sonras\u0131 bak\u0131m ve iyile\u015fme s\u00fcreci de dahil olmak \u00fczere bilmeniz gereken her \u015fey veya <a href=\"#requestform\">bizimle ileti\u015fime<\/a> ge\u00e7in!<\/h3>\n\n<figure class=\"wp-block-image size-full\"><img fetchpriority=\"high\" decoding=\"async\" width=\"960\" height=\"540\" src=\"https:\/\/medclinics.com\/wp-content\/uploads\/2023\/07\/laparoscopic-adjustable-gastric-banding-near-me.jpg\" alt=\"Yak&#x131;n&#x131;mdaki Laparoskopik Ayarlanabilir Mide Band&#x131;\" class=\"wp-image-97850\" srcset=\"https:\/\/medclinics.com\/wp-content\/uploads\/2023\/07\/laparoscopic-adjustable-gastric-banding-near-me.jpg 960w, https:\/\/medclinics.com\/wp-content\/uploads\/2023\/07\/laparoscopic-adjustable-gastric-banding-near-me-500x281.jpg 500w, https:\/\/medclinics.com\/wp-content\/uploads\/2023\/07\/laparoscopic-adjustable-gastric-banding-near-me-768x432.jpg 768w, https:\/\/medclinics.com\/wp-content\/uploads\/2023\/07\/laparoscopic-adjustable-gastric-banding-near-me-24x14.jpg 24w, https:\/\/medclinics.com\/wp-content\/uploads\/2023\/07\/laparoscopic-adjustable-gastric-banding-near-me-36x20.jpg 36w, https:\/\/medclinics.com\/wp-content\/uploads\/2023\/07\/laparoscopic-adjustable-gastric-banding-near-me-48x27.jpg 48w\" sizes=\"(max-width: 960px) 100vw, 960px\" \/><\/figure>\n\n<h2 class=\"wp-block-heading\">SSS<\/h2>\n<div id=\"rank-math-faq\" class=\"rank-math-block\">\n<div class=\"rank-math-list \">\n<div id=\"faq-question-1684912956995\" class=\"rank-math-list-item\">\n<h3 class=\"rank-math-question \">Laparoskopik ayarlanabilir gastrik bantlama nedir?<\/h3>\n<div class=\"rank-math-answer \">\n\n<p>Laparoskopik ayarlanabilir gastrik bantlama, midenin \u00fcst k\u0131sm\u0131na silikon bir bant yerle\u015ftirilerek k\u00fc\u00e7\u00fck bir kese olu\u015fturuldu\u011fu bir kilo verme ameliyat\u0131d\u0131r. Bant ayarlanabilir ve g\u0131da al\u0131m\u0131n\u0131 k\u0131s\u0131tlayarak kilo kayb\u0131n\u0131 destekler. Minimal invaziv teknikler kullan\u0131larak ger\u00e7ekle\u015ftirilir ve optimum sonu\u00e7lar i\u00e7in s\u00fcrekli izleme ve ayarlamalar gerektirir.<\/p>\n\n<\/div>\n<\/div>\n<div id=\"faq-question-1684913002647\" class=\"rank-math-list-item\">\n<h3 class=\"rank-math-question \">Laparoskopik ayarlanabilir gastrik band\u0131n avantajlar\u0131 nelerdir?<\/h3>\n<div class=\"rank-math-answer \">\n\n<p>Laparoskopik ayarlanabilir gastrik bantlama, bir kilo verme prosed\u00fcr\u00fc olarak \u00e7e\u015fitli avantajlar sunar. Minimal invazivdir, bu da daha k\u0131sa hastanede kal\u0131\u015f, daha az ameliyat sonras\u0131 a\u011fr\u0131 ve daha h\u0131zl\u0131 iyile\u015fme ile sonu\u00e7lan\u0131r. Mide band\u0131n\u0131n ayarlanabilir olmas\u0131, g\u0131da al\u0131m\u0131n\u0131n ki\u015fisel olarak k\u0131s\u0131tlanmas\u0131na ve ameliyat\u0131n potansiyel olarak tersine \u00e7evrilebilirli\u011fine olanak tan\u0131r. Kademeli kilo kayb\u0131 desteklenerek beslenme yetersizli\u011fi riski azalt\u0131l\u0131r. Daha invaziv prosed\u00fcrlerle kar\u015f\u0131la\u015ft\u0131r\u0131ld\u0131\u011f\u0131nda, laparoskopik ayarlanabilir gastrik bantlama daha d\u00fc\u015f\u00fck komplikasyon riskine sahiptir. Bununla birlikte, prosed\u00fcr\u00fcn ba\u015far\u0131s\u0131 hastan\u0131n ya\u015fam tarz\u0131 de\u011fi\u015fikliklerine ba\u011fl\u0131l\u0131\u011f\u0131na, d\u00fczenli takip ziyaretlerine ve sa\u011fl\u0131kl\u0131 bir ya\u015fam tarz\u0131na ba\u011fl\u0131 kalmas\u0131na ba\u011fl\u0131d\u0131r.<\/p>\n\n<\/div>\n<\/div>\n<div id=\"faq-question-1684913113716\" class=\"rank-math-list-item\">\n<h3 class=\"rank-math-question \">Laparoskopik ayarlanabilir gastrik band\u0131n dezavantajlar\u0131 nelerdir?<\/h3>\n<div class=\"rank-math-answer \">\n\n<p>Laparoskopik ayarlanabilir gastrik bantlama, faydalar sunarken, dikkate al\u0131nmas\u0131 gereken potansiyel dezavantajlara da sahiptir. \u0130lk olarak, gastrik bypass gibi di\u011fer kilo verme ameliyatlar\u0131na k\u0131yasla, gastrik bantlama ile elde edilen kilo kayb\u0131 daha yava\u015f olabilir. Bu sab\u0131r ve uzun vadeli ba\u011fl\u0131l\u0131k gerektirebilir. Ek olarak, mide band\u0131n\u0131n kendisiyle ilgili, band\u0131n kaymas\u0131 veya erozyonu gibi komplikasyonlar olabilir ve bu da ba\u015fka prosed\u00fcrler gerektirebilir. S\u00fcrekli izleme, ayarlamalar ve takip ziyaretlerine duyulan ihtiya\u00e7 baz\u0131 bireyler i\u00e7in k\u00fclfetli olabilir. Tatmin edici olmayan kilo kayb\u0131 veya yeniden kilo alma da bir olas\u0131l\u0131kt\u0131r ve sa\u011fl\u0131kl\u0131 bir ya\u015fam tarz\u0131na ba\u011fl\u0131 kalman\u0131n \u00f6nemini vurgular. Ayr\u0131ca, prosed\u00fcr\u00fcn k\u0131s\u0131tlay\u0131c\u0131 do\u011fas\u0131, belirli g\u0131dalar\u0131n t\u00fcketilmesinde ve yeterli beslenmede zorluklar yaratabilir, diyet de\u011fi\u015fiklikleri ve dikkatli besin takibi gerektirir.<\/p>\n\n<\/div>\n<\/div>\n<div id=\"faq-question-1684913564397\" class=\"rank-math-list-item\">\n<h3 class=\"rank-math-question \">Ayarlanabilir gastrik bantlama nas\u0131l \u00e7al\u0131\u015f\u0131r?<\/h3>\n<div class=\"rank-math-answer \">\n\n<p>Laparoskopik ayarlanabilir gastrik bantlama olarak da bilinen ayarlanabilir gastrik bantlama, midenin \u00fcst k\u0131sm\u0131na ayarlanabilir bir silikon bant yerle\u015ftirerek \u00e7al\u0131\u015f\u0131r. Bu, t\u00fcketilebilecek g\u0131da miktar\u0131n\u0131 k\u0131s\u0131tlayan k\u00fc\u00e7\u00fck bir kese olu\u015fturur. Band\u0131n bir eri\u015fim portu arac\u0131l\u0131\u011f\u0131yla s\u0131k\u0131lmas\u0131 veya gev\u015fetilmesiyle, k\u0131s\u0131tlama seviyesi bireysel ihtiya\u00e7lar\u0131 kar\u015f\u0131layacak \u015fekilde \u00f6zelle\u015ftirilebilir. Bant, tek seferde yenebilecek yiyecek miktar\u0131n\u0131 s\u0131n\u0131rlamakla kalmaz, ayn\u0131 zamanda sindirim s\u00fcrecini yava\u015flatarak bireylerin daha uzun s\u00fcre tok hissetmelerine yard\u0131mc\u0131 olur. Bu prosed\u00fcr\u00fcn avantajlar\u0131ndan biri, kilo verme s\u00fcrecine ba\u011fl\u0131 olarak de\u011fi\u015fikliklere izin veren ayarlanabilirli\u011fidir. Ayr\u0131ca, bant gerekti\u011finde \u00e7\u0131kar\u0131labilir veya revize edilebilir. Bununla birlikte, ayarlanabilir mide band\u0131n\u0131n etkinli\u011fi hastan\u0131n sa\u011fl\u0131kl\u0131 bir ya\u015fam tarz\u0131 benimsemeye olan ba\u011fl\u0131l\u0131\u011f\u0131na ba\u011fl\u0131d\u0131r ve ilerlemeyi izlemek ve gerekli ayarlamalar\u0131 yapmak i\u00e7in d\u00fczenli takip ziyaretleri gereklidir.<\/p>\n\n<\/div>\n<\/div>\n<\/div>\n<\/div>\n<p>\u00a0<\/p>\n\n<h3 class=\"wp-block-heading\">Herhangi bir sorunuz olmas\u0131 durumunda hemen bizimle ileti\u015fime ge\u00e7in!<\/h3>\n\n<p><\/p>\n","protected":false},"excerpt":{"rendered":"<p>\u0130deal g\u00f6r\u00fcn\u00fcm\u00fcn\u00fcz\u00fc elde etmenin bir yolunu ar\u0131yorsan\u0131z, Laparoskopik Ayarlanabilir Mide Band\u0131 harika olabilir. Laparoskopik ayarlanabilir gastrik bantlama, laparoskopik olarak ger\u00e7ekle\u015ftirilen [&hellip;]<\/p>\n","protected":false},"author":4,"featured_media":91694,"parent":0,"menu_order":0,"comment_status":"closed","ping_status":"closed","template":"","meta":{"site-sidebar-layout":"default","site-content-layout":"","ast-site-content-layout":"default","site-content-style":"default","site-sidebar-style":"default","ast-global-header-display":"","ast-banner-title-visibility":"","ast-main-header-display":"","ast-hfb-above-header-display":"","ast-hfb-below-header-display":"","ast-hfb-mobile-header-display":"","site-post-title":"","ast-breadcrumbs-content":"","ast-featured-img":"","footer-sml-layout":"","ast-disable-related-posts":"","theme-transparent-header-meta":"","adv-header-id-meta":"","stick-header-meta":"","header-above-stick-meta":"","header-main-stick-meta":"","header-below-stick-meta":"","astra-migrate-meta-layouts":"default","ast-page-background-enabled":"default","ast-page-background-meta":{"desktop":{"background-color":"var(--ast-global-color-4)","background-image":"","background-repeat":"repeat","background-position":"center center","background-size":"auto","background-attachment":"scroll","background-type":"","background-media":"","overlay-type":"","overlay-color":"","overlay-opacity":"","overlay-gradient":""},"tablet":{"background-color":"","background-image":"","background-repeat":"repeat","background-position":"center center","background-size":"auto","background-attachment":"scroll","background-type":"","background-media":"","overlay-type":"","overlay-color":"","overlay-opacity":"","overlay-gradient":""},"mobile":{"background-color":"","background-image":"","background-repeat":"repeat","background-position":"center center","background-size":"auto","background-attachment":"scroll","background-type":"","background-media":"","overlay-type":"","overlay-color":"","overlay-opacity":"","overlay-gradient":""}},"ast-content-background-meta":{"desktop":{"background-color":"var(--ast-global-color-5)","background-image":"","background-repeat":"repeat","background-position":"center center","background-size":"auto","background-attachment":"scroll","background-type":"","background-media":"","overlay-type":"","overlay-color":"","overlay-opacity":"","overlay-gradient":""},"tablet":{"background-color":"var(--ast-global-color-5)","background-image":"","background-repeat":"repeat","background-position":"center center","background-size":"auto","background-attachment":"scroll","background-type":"","background-media":"","overlay-type":"","overlay-color":"","overlay-opacity":"","overlay-gradient":""},"mobile":{"background-color":"var(--ast-global-color-5)","background-image":"","background-repeat":"repeat","background-position":"center center","background-size":"auto","background-attachment":"scroll","background-type":"","background-media":"","overlay-type":"","overlay-color":"","overlay-opacity":"","overlay-gradient":""}},"footnotes":""},"class_list":["post-146465","page","type-page","status-publish","has-post-thumbnail","hentry"],"_links":{"self":[{"href":"https:\/\/medclinics.com\/tr\/wp-json\/wp\/v2\/pages\/146465","targetHints":{"allow":["GET"]}}],"collection":[{"href":"https:\/\/medclinics.com\/tr\/wp-json\/wp\/v2\/pages"}],"about":[{"href":"https:\/\/medclinics.com\/tr\/wp-json\/wp\/v2\/types\/page"}],"author":[{"embeddable":true,"href":"https:\/\/medclinics.com\/tr\/wp-json\/wp\/v2\/users\/4"}],"replies":[{"embeddable":true,"href":"https:\/\/medclinics.com\/tr\/wp-json\/wp\/v2\/comments?post=146465"}],"version-history":[{"count":0,"href":"https:\/\/medclinics.com\/tr\/wp-json\/wp\/v2\/pages\/146465\/revisions"}],"wp:featuredmedia":[{"embeddable":true,"href":"https:\/\/medclinics.com\/tr\/wp-json\/wp\/v2\/media\/91694"}],"wp:attachment":[{"href":"https:\/\/medclinics.com\/tr\/wp-json\/wp\/v2\/media?parent=146465"}],"curies":[{"name":"wp","href":"https:\/\/api.w.org\/{rel}","templated":true}]}}